{"id":255,"date":"2024-08-15T15:57:26","date_gmt":"2024-08-15T18:57:26","guid":{"rendered":"https:\/\/wp.ufpel.edu.br\/maquinascorposegrafias\/?page_id=255"},"modified":"2024-08-15T15:58:09","modified_gmt":"2024-08-15T18:58:09","slug":"guilherme-ribeiro-correa","status":"publish","type":"page","link":"https:\/\/wp.ufpel.edu.br\/maquinascorposegrafias\/guilherme-ribeiro-correa\/","title":{"rendered":"GUILHERME RIBEIRO CORR\u00caA"},"content":{"rendered":"<p style=\"text-align: justify;\"><strong><img loading=\"lazy\" decoding=\"async\" class=\"alignright size-thumbnail wp-image-222\" src=\"https:\/\/wp.ufpel.edu.br\/maquinascorposegrafias\/files\/2024\/08\/20240207_084810-320x400-1-200x200.jpg\" alt=\"\" width=\"200\" height=\"200\" srcset=\"https:\/\/wp.ufpel.edu.br\/maquinascorposegrafias\/files\/2024\/08\/20240207_084810-320x400-1-200x200.jpg 200w, https:\/\/wp.ufpel.edu.br\/maquinascorposegrafias\/files\/2024\/08\/20240207_084810-320x400-1-100x100.jpg 100w\" sizes=\"auto, (max-width: 200px) 100vw, 200px\" \/><\/strong>\u00c9 docente do Centro de Desenvolvimento Tecnol\u00f3gico (CDTec) da Universidade Federal de Pelotas (UFPel), onde atua no Programa de P\u00f3s-Gradua\u00e7\u00e3o em Computa\u00e7\u00e3o (PPGC). \u00c9 doutor em Engenharia Electrot\u00e9cnica e de Computadores pela Universidade de Coimbra, Portugal, e Mestre em Ci\u00eancia da Computa\u00e7\u00e3o pela Universidade Federal do Rio Grande do Sul (UFRGS). \u00c9 bolsista de Produtividade em Pesquisa do CNPq N\u00edvel 2 (PQ-2) e pesquisador do <i>Video Technology Research Group <\/i>(ViTech) da UFPel, onde atua na \u00e1rea de processamento de sinais visuais, com foco principal\u00a0 no desenvolvimento de solu\u00e7\u00f5es de codifica\u00e7\u00e3o de v\u00eddeo de baixa complexidade. Seus t\u00f3picos de interesse em pesquisa incluem: processamento de sinais visuais, algoritmos e padr\u00f5es de codifica\u00e7\u00e3o de v\u00eddeo e intelig\u00eancia artificial e aprendizado de m\u00e1quina profundo para processamento de sinais visuais.<\/p>\n","protected":false},"excerpt":{"rendered":"<p>\u00c9 docente do Centro de Desenvolvimento Tecnol\u00f3gico (CDTec) da Universidade Federal de Pelotas (UFPel), onde atua no Programa de P\u00f3s-Gradua\u00e7\u00e3o em Computa\u00e7\u00e3o (PPGC). \u00c9 doutor em Engenharia Electrot\u00e9cnica e de Computadores pela Universidade de Coimbra, Portugal, e Mestre em Ci\u00eancia da Computa\u00e7\u00e3o pela Universidade Federal do Rio Grande do Sul (UFRGS). \u00c9 bolsista de Produtividade &hellip; <\/p>\n<p class=\"link-more\"><a href=\"https:\/\/wp.ufpel.edu.br\/maquinascorposegrafias\/guilherme-ribeiro-correa\/\" class=\"more-link\">Continue lendo<span class=\"screen-reader-text\"> &#8220;GUILHERME RIBEIRO CORR\u00caA&#8221;<\/span><\/a><\/p>\n","protected":false},"author":641,"featured_media":0,"parent":0,"menu_order":0,"comment_status":"closed","ping_status":"closed","template":"","meta":{"footnotes":""},"class_list":["post-255","page","type-page","status-publish","hentry"],"_links":{"self":[{"href":"https:\/\/wp.ufpel.edu.br\/maquinascorposegrafias\/wp-json\/wp\/v2\/pages\/255","targetHints":{"allow":["GET"]}}],"collection":[{"href":"https:\/\/wp.ufpel.edu.br\/maquinascorposegrafias\/wp-json\/wp\/v2\/pages"}],"about":[{"href":"https:\/\/wp.ufpel.edu.br\/maquinascorposegrafias\/wp-json\/wp\/v2\/types\/page"}],"author":[{"embeddable":true,"href":"https:\/\/wp.ufpel.edu.br\/maquinascorposegrafias\/wp-json\/wp\/v2\/users\/641"}],"replies":[{"embeddable":true,"href":"https:\/\/wp.ufpel.edu.br\/maquinascorposegrafias\/wp-json\/wp\/v2\/comments?post=255"}],"version-history":[{"count":1,"href":"https:\/\/wp.ufpel.edu.br\/maquinascorposegrafias\/wp-json\/wp\/v2\/pages\/255\/revisions"}],"predecessor-version":[{"id":256,"href":"https:\/\/wp.ufpel.edu.br\/maquinascorposegrafias\/wp-json\/wp\/v2\/pages\/255\/revisions\/256"}],"wp:attachment":[{"href":"https:\/\/wp.ufpel.edu.br\/maquinascorposegrafias\/wp-json\/wp\/v2\/media?parent=255"}],"curies":[{"name":"wp","href":"https:\/\/api.w.org\/{rel}","templated":true}]}}