{"id":252,"date":"2024-08-15T15:56:13","date_gmt":"2024-08-15T18:56:13","guid":{"rendered":"https:\/\/wp.ufpel.edu.br\/maquinascorposegrafias\/?page_id=252"},"modified":"2024-08-15T15:56:13","modified_gmt":"2024-08-15T18:56:13","slug":"debora-krischke-leitao","status":"publish","type":"page","link":"https:\/\/wp.ufpel.edu.br\/maquinascorposegrafias\/debora-krischke-leitao\/","title":{"rendered":"D\u00c9BORA KRISCHKE LEIT\u00c3O"},"content":{"rendered":"<p style=\"text-align: justify;\"><strong><img loading=\"lazy\" decoding=\"async\" class=\"alignright size-thumbnail wp-image-218\" src=\"https:\/\/wp.ufpel.edu.br\/maquinascorposegrafias\/files\/2024\/08\/Debora-200x200.jpg\" alt=\"\" width=\"200\" height=\"200\" srcset=\"https:\/\/wp.ufpel.edu.br\/maquinascorposegrafias\/files\/2024\/08\/Debora-200x200.jpg 200w, https:\/\/wp.ufpel.edu.br\/maquinascorposegrafias\/files\/2024\/08\/Debora-100x100.jpg 100w, https:\/\/wp.ufpel.edu.br\/maquinascorposegrafias\/files\/2024\/08\/Debora.jpg 400w\" sizes=\"auto, (max-width: 200px) 100vw, 200px\" \/><\/strong>\u00c9 doutora em antropologia social (Univerisdade Federal do Rio Grande do Sul, 2007) e professora do Departamento de Sociologia da Universit\u00e9 du Qu\u00e9bec \u00e0 Montr\u00e9al. Desde 2008 realiza pesquisas sobre tecnologias digitais, com foco nos temas das identidades, consumo e experimenta\u00e7\u00e3o de g\u00eanero e sexualidade, sobretudo tendo como campo emp\u00edrico mundos virtuais e videogames. Ela \u00e9 pesquisadora do Centre de recherche Cultures \u2013 Arts \u2013 Soci\u00e9t\u00e9s (CELAT) e do grupo de pesquisa sobre socializa\u00e7\u00e3o e comunica\u00e7\u00e3o em videogames (Homo Ludens, UQAM). Suas pesquisas em andamento s\u00e3o sobre os usos e a recep\u00e7\u00e3o de imagens feitas com intelig\u00eancia artificial generativa, assim como sobre as diferentes tecnologias mobilizadas nas pr\u00e1ticas de produ\u00e7\u00e3o de mem\u00f3rias familiares e constru\u00e7\u00f5es do passado.<\/p>\n","protected":false},"excerpt":{"rendered":"<p>\u00c9 doutora em antropologia social (Univerisdade Federal do Rio Grande do Sul, 2007) e professora do Departamento de Sociologia da Universit\u00e9 du Qu\u00e9bec \u00e0 Montr\u00e9al. Desde 2008 realiza pesquisas sobre tecnologias digitais, com foco nos temas das identidades, consumo e experimenta\u00e7\u00e3o de g\u00eanero e sexualidade, sobretudo tendo como campo emp\u00edrico mundos virtuais e videogames. Ela &hellip; <\/p>\n<p class=\"link-more\"><a href=\"https:\/\/wp.ufpel.edu.br\/maquinascorposegrafias\/debora-krischke-leitao\/\" class=\"more-link\">Continue lendo<span class=\"screen-reader-text\"> &#8220;D\u00c9BORA KRISCHKE LEIT\u00c3O&#8221;<\/span><\/a><\/p>\n","protected":false},"author":641,"featured_media":0,"parent":0,"menu_order":0,"comment_status":"closed","ping_status":"closed","template":"","meta":{"footnotes":""},"class_list":["post-252","page","type-page","status-publish","hentry"],"_links":{"self":[{"href":"https:\/\/wp.ufpel.edu.br\/maquinascorposegrafias\/wp-json\/wp\/v2\/pages\/252","targetHints":{"allow":["GET"]}}],"collection":[{"href":"https:\/\/wp.ufpel.edu.br\/maquinascorposegrafias\/wp-json\/wp\/v2\/pages"}],"about":[{"href":"https:\/\/wp.ufpel.edu.br\/maquinascorposegrafias\/wp-json\/wp\/v2\/types\/page"}],"author":[{"embeddable":true,"href":"https:\/\/wp.ufpel.edu.br\/maquinascorposegrafias\/wp-json\/wp\/v2\/users\/641"}],"replies":[{"embeddable":true,"href":"https:\/\/wp.ufpel.edu.br\/maquinascorposegrafias\/wp-json\/wp\/v2\/comments?post=252"}],"version-history":[{"count":1,"href":"https:\/\/wp.ufpel.edu.br\/maquinascorposegrafias\/wp-json\/wp\/v2\/pages\/252\/revisions"}],"predecessor-version":[{"id":253,"href":"https:\/\/wp.ufpel.edu.br\/maquinascorposegrafias\/wp-json\/wp\/v2\/pages\/252\/revisions\/253"}],"wp:attachment":[{"href":"https:\/\/wp.ufpel.edu.br\/maquinascorposegrafias\/wp-json\/wp\/v2\/media?parent=252"}],"curies":[{"name":"wp","href":"https:\/\/api.w.org\/{rel}","templated":true}]}}