{"id":243,"date":"2024-08-15T15:51:17","date_gmt":"2024-08-15T18:51:17","guid":{"rendered":"https:\/\/wp.ufpel.edu.br\/maquinascorposegrafias\/?page_id=243"},"modified":"2024-08-15T15:51:17","modified_gmt":"2024-08-15T18:51:17","slug":"alexsander-nakaoka-elias","status":"publish","type":"page","link":"https:\/\/wp.ufpel.edu.br\/maquinascorposegrafias\/alexsander-nakaoka-elias\/","title":{"rendered":"ALEXS\u00c2NDER NAKA\u00d3KA ELIAS"},"content":{"rendered":"<p style=\"text-align: justify;\"><b><img loading=\"lazy\" decoding=\"async\" class=\"alignright wp-image-215 size-thumbnail\" src=\"https:\/\/wp.ufpel.edu.br\/maquinascorposegrafias\/files\/2024\/08\/Alexsander-Nakaoka-Elias-200x200.jpeg\" alt=\"\" width=\"200\" height=\"200\" srcset=\"https:\/\/wp.ufpel.edu.br\/maquinascorposegrafias\/files\/2024\/08\/Alexsander-Nakaoka-Elias-200x200.jpeg 200w, https:\/\/wp.ufpel.edu.br\/maquinascorposegrafias\/files\/2024\/08\/Alexsander-Nakaoka-Elias-400x400.jpeg 400w, https:\/\/wp.ufpel.edu.br\/maquinascorposegrafias\/files\/2024\/08\/Alexsander-Nakaoka-Elias-768x768.jpeg 768w, https:\/\/wp.ufpel.edu.br\/maquinascorposegrafias\/files\/2024\/08\/Alexsander-Nakaoka-Elias-100x100.jpeg 100w, https:\/\/wp.ufpel.edu.br\/maquinascorposegrafias\/files\/2024\/08\/Alexsander-Nakaoka-Elias.jpeg 861w\" sizes=\"auto, (max-width: 200px) 100vw, 200px\" \/><\/b>Atualmente, realiza seu segundo est\u00e1gio de p\u00f3s-doutorado (com aux\u00edlio de bolsa Fapemig), vinculado ao NIISA-PPGDS\/Unimontes, onde tamb\u00e9m atua como docente colaborador. \u00c9 p\u00f3s-doutor (CNPq-PDJ) em Antropologia Social pelo NAVISUAL-PPGAS\/UFRGS, onde atuou como docente colaborador. \u00c9 jornalista, fot\u00f3grafo, produtor audiovisual e antrop\u00f3logo, graduado em Comunica\u00e7\u00e3o Social pela Ufes. Realizou mestrado em Fotografia e Cinema e doutorado em Antropologia Social, ambos pela Unicamp. Estuda temas relacionados com a Arte, a Imagem (Fotografia, Cinema, Desenho, V\u00eddeo, etc.), a Antropologia Visual e da Imagem, religi\u00e3o, simbolismo, rituais, narrativas visuais e verbais e cultura\/\u201ccultura\u201d japonesa. Seu foco volta-se para as rela\u00e7\u00f5es entre as no\u00e7\u00f5es e os conceitos de \u201cexperi\u00eancia\u201d e \u201cexperimenta\u00e7\u00e3o\u201d e nas reflex\u00f5es acerca das potencialidades da \u201cmontagem\u201d de \u201cgrafias\u201d como metodologia e epistemologia na confec\u00e7\u00e3o do saber etnogr\u00e1fico-antropol\u00f3gico. \u00c9 membro do NIISA\/Unimontes, do NAVISUAL\/UFRGS, do LA&#8217;GRIMA\/UNICAMP, do LEPPAIS\/UFPel e do NUPEPA\/USP. Autodeclarado pessoa amarela e recentemente diagnosticado dentro do Transtorno do Espectro Autista (TEA). Aprendiz de ourives, desde 2023.<\/p>\n","protected":false},"excerpt":{"rendered":"<p>Atualmente, realiza seu segundo est\u00e1gio de p\u00f3s-doutorado (com aux\u00edlio de bolsa Fapemig), vinculado ao NIISA-PPGDS\/Unimontes, onde tamb\u00e9m atua como docente colaborador. \u00c9 p\u00f3s-doutor (CNPq-PDJ) em Antropologia Social pelo NAVISUAL-PPGAS\/UFRGS, onde atuou como docente colaborador. \u00c9 jornalista, fot\u00f3grafo, produtor audiovisual e antrop\u00f3logo, graduado em Comunica\u00e7\u00e3o Social pela Ufes. Realizou mestrado em Fotografia e Cinema e doutorado &hellip; <\/p>\n<p class=\"link-more\"><a href=\"https:\/\/wp.ufpel.edu.br\/maquinascorposegrafias\/alexsander-nakaoka-elias\/\" class=\"more-link\">Continue lendo<span class=\"screen-reader-text\"> &#8220;ALEXS\u00c2NDER NAKA\u00d3KA ELIAS&#8221;<\/span><\/a><\/p>\n","protected":false},"author":641,"featured_media":0,"parent":0,"menu_order":0,"comment_status":"closed","ping_status":"closed","template":"","meta":{"footnotes":""},"class_list":["post-243","page","type-page","status-publish","hentry"],"_links":{"self":[{"href":"https:\/\/wp.ufpel.edu.br\/maquinascorposegrafias\/wp-json\/wp\/v2\/pages\/243","targetHints":{"allow":["GET"]}}],"collection":[{"href":"https:\/\/wp.ufpel.edu.br\/maquinascorposegrafias\/wp-json\/wp\/v2\/pages"}],"about":[{"href":"https:\/\/wp.ufpel.edu.br\/maquinascorposegrafias\/wp-json\/wp\/v2\/types\/page"}],"author":[{"embeddable":true,"href":"https:\/\/wp.ufpel.edu.br\/maquinascorposegrafias\/wp-json\/wp\/v2\/users\/641"}],"replies":[{"embeddable":true,"href":"https:\/\/wp.ufpel.edu.br\/maquinascorposegrafias\/wp-json\/wp\/v2\/comments?post=243"}],"version-history":[{"count":1,"href":"https:\/\/wp.ufpel.edu.br\/maquinascorposegrafias\/wp-json\/wp\/v2\/pages\/243\/revisions"}],"predecessor-version":[{"id":244,"href":"https:\/\/wp.ufpel.edu.br\/maquinascorposegrafias\/wp-json\/wp\/v2\/pages\/243\/revisions\/244"}],"wp:attachment":[{"href":"https:\/\/wp.ufpel.edu.br\/maquinascorposegrafias\/wp-json\/wp\/v2\/media?parent=243"}],"curies":[{"name":"wp","href":"https:\/\/api.w.org\/{rel}","templated":true}]}}