{"id":239,"date":"2024-08-15T15:49:29","date_gmt":"2024-08-15T18:49:29","guid":{"rendered":"https:\/\/wp.ufpel.edu.br\/maquinascorposegrafias\/?page_id=239"},"modified":"2024-08-15T15:49:29","modified_gmt":"2024-08-15T18:49:29","slug":"aina-azevedo","status":"publish","type":"page","link":"https:\/\/wp.ufpel.edu.br\/maquinascorposegrafias\/aina-azevedo\/","title":{"rendered":"Aina Azevedo"},"content":{"rendered":"<p style=\"text-align: justify;\"><b><img loading=\"lazy\" decoding=\"async\" class=\"alignright size-thumbnail wp-image-216\" src=\"https:\/\/wp.ufpel.edu.br\/maquinascorposegrafias\/files\/2024\/08\/AINA_Foto-perfil-200x200.jpg\" alt=\"\" width=\"200\" height=\"200\" srcset=\"https:\/\/wp.ufpel.edu.br\/maquinascorposegrafias\/files\/2024\/08\/AINA_Foto-perfil-200x200.jpg 200w, https:\/\/wp.ufpel.edu.br\/maquinascorposegrafias\/files\/2024\/08\/AINA_Foto-perfil-400x400.jpg 400w, https:\/\/wp.ufpel.edu.br\/maquinascorposegrafias\/files\/2024\/08\/AINA_Foto-perfil-1024x1024.jpg 1024w, https:\/\/wp.ufpel.edu.br\/maquinascorposegrafias\/files\/2024\/08\/AINA_Foto-perfil-768x768.jpg 768w, https:\/\/wp.ufpel.edu.br\/maquinascorposegrafias\/files\/2024\/08\/AINA_Foto-perfil-100x100.jpg 100w, https:\/\/wp.ufpel.edu.br\/maquinascorposegrafias\/files\/2024\/08\/AINA_Foto-perfil.jpg 1280w\" sizes=\"auto, (max-width: 200px) 100vw, 200px\" \/><\/b>\u00c9 doutora em Antropologia Social pela Universidade de Bras\u00edlia (UnB), professora da Universidade Federal da Para\u00edba (UFPB), coordenadora do Laborat\u00f3rio de Desenho e Antropologia (Labareda) e membro do Comit\u00ea de Antropologia Visual (CAV-ABA). Realizou p\u00f3s-doutorado na University of Aberdeen, na Esc\u00f3cia, em 2015, e no Im\u00e9ra-AMU, na Fran\u00e7a, em 2023-24. Seus principais interesses de pesquisa se situam na rela\u00e7\u00e3o entre desenho e antropologia, com publica\u00e7\u00f5es de ensaios gr\u00e1ficos, estudos sobre a hist\u00f3ria do desenho na antropologia e o desenvolvimento de oficinas de desenho.<\/p>\n","protected":false},"excerpt":{"rendered":"<p>\u00c9 doutora em Antropologia Social pela Universidade de Bras\u00edlia (UnB), professora da Universidade Federal da Para\u00edba (UFPB), coordenadora do Laborat\u00f3rio de Desenho e Antropologia (Labareda) e membro do Comit\u00ea de Antropologia Visual (CAV-ABA). Realizou p\u00f3s-doutorado na University of Aberdeen, na Esc\u00f3cia, em 2015, e no Im\u00e9ra-AMU, na Fran\u00e7a, em 2023-24. Seus principais interesses de pesquisa &hellip; <\/p>\n<p class=\"link-more\"><a href=\"https:\/\/wp.ufpel.edu.br\/maquinascorposegrafias\/aina-azevedo\/\" class=\"more-link\">Continue lendo<span class=\"screen-reader-text\"> &#8220;Aina Azevedo&#8221;<\/span><\/a><\/p>\n","protected":false},"author":641,"featured_media":0,"parent":0,"menu_order":0,"comment_status":"closed","ping_status":"closed","template":"","meta":{"footnotes":""},"class_list":["post-239","page","type-page","status-publish","hentry"],"_links":{"self":[{"href":"https:\/\/wp.ufpel.edu.br\/maquinascorposegrafias\/wp-json\/wp\/v2\/pages\/239","targetHints":{"allow":["GET"]}}],"collection":[{"href":"https:\/\/wp.ufpel.edu.br\/maquinascorposegrafias\/wp-json\/wp\/v2\/pages"}],"about":[{"href":"https:\/\/wp.ufpel.edu.br\/maquinascorposegrafias\/wp-json\/wp\/v2\/types\/page"}],"author":[{"embeddable":true,"href":"https:\/\/wp.ufpel.edu.br\/maquinascorposegrafias\/wp-json\/wp\/v2\/users\/641"}],"replies":[{"embeddable":true,"href":"https:\/\/wp.ufpel.edu.br\/maquinascorposegrafias\/wp-json\/wp\/v2\/comments?post=239"}],"version-history":[{"count":1,"href":"https:\/\/wp.ufpel.edu.br\/maquinascorposegrafias\/wp-json\/wp\/v2\/pages\/239\/revisions"}],"predecessor-version":[{"id":241,"href":"https:\/\/wp.ufpel.edu.br\/maquinascorposegrafias\/wp-json\/wp\/v2\/pages\/239\/revisions\/241"}],"wp:attachment":[{"href":"https:\/\/wp.ufpel.edu.br\/maquinascorposegrafias\/wp-json\/wp\/v2\/media?parent=239"}],"curies":[{"name":"wp","href":"https:\/\/api.w.org\/{rel}","templated":true}]}}