{"id":20,"date":"2024-03-14T09:31:23","date_gmt":"2024-03-14T12:31:23","guid":{"rendered":"https:\/\/wp.ufpel.edu.br\/maquinascorposegrafias\/?page_id=20"},"modified":"2024-09-25T08:54:42","modified_gmt":"2024-09-25T11:54:42","slug":"organizacao","status":"publish","type":"page","link":"https:\/\/wp.ufpel.edu.br\/maquinascorposegrafias\/organizacao\/","title":{"rendered":"Organiza\u00e7\u00e3o"},"content":{"rendered":"<p>Alexandre Oliveira Cardoso Junior<br \/>\nAna Paula Langone<br \/>\nCl\u00e1udia Turra Magni<br \/>\nDaniele Borges Bezerra<br \/>\nDeivid Garcia Viegas<br \/>\nEduarda Mensch<br \/>\nEgner Pereira Aires<br \/>\nFelipe Santana<br \/>\nFernanda Lise<br \/>\nFl\u00e1via Garcia<br \/>\nFrederico Dal Soglio<br \/>\nGuilherme Corr\u00eaa<br \/>\nGuilherme Rodrigues<br \/>\nGuillermo G\u00f3mez<br \/>\nHamilton Bittencourt<br \/>\nHayna Helyda Hel\u00e9ia Ordone<br \/>\nIsadora Torres<br \/>\nJo\u00e3o Pedro Tomaszewski<br \/>\nJos\u00e9 Lu\u00eds Abalos J\u00fanior<br \/>\nLisandro Moura<br \/>\nLucas dos Santos Pereira<br \/>\nRangel Carraro Borges<br \/>\nVinicius Teixeira<br \/>\nVitoria de Lima<br \/>\nVictor C\u00e9sar Costa<\/p>\n<p><strong>Comiss\u00e3o cient\u00edfica<\/strong><br \/>\nDra. Claudia Turra Magni<br \/>\nDra. Daniele Borges Bezerra<br \/>\nDr. Guillermo G\u00f3mez<br \/>\nDr. Jos\u00e9 Lu\u00eds Abalos J\u00fanior<br \/>\nDr. Lisandro Lucas de Lima Moura<br \/>\nDr. Vinicius Teixeira<\/p>\n<p><strong>Comiss\u00e3o art\u00edstica<\/strong><br \/>\nDaniele Borges<br \/>\nDeivid Viegas<br \/>\nVit\u00f3ria de Lima<\/p>\n<p><strong>Curadoria da mostra<\/strong><br \/>\nAlexandre O. C. Junior<br \/>\nClaudia Turra Magni<br \/>\nDaniele Borges<br \/>\nDeivid Viegas<\/p>\n<p><strong>Montagem<\/strong><br \/>\nAlexandre O. C. Junior<br \/>\nDaniele Borges<br \/>\nDeivid Viegas<br \/>\nEgner Pereira Aires<br \/>\nHamilton Bittencourt<br \/>\nMauro Bruschi<\/p>\n<p><strong>Produ\u00e7\u00e3o executiva<\/strong><br \/>\nCl\u00e1udia Turra Magni<br \/>\nDaniele Borges Bezerra<br \/>\nIsabel Ferreira Vargas<br \/>\nLisandro Moura<\/p>\n<h4><strong><span style=\"font-size: 12pt;\">REALIZA\u00c7\u00c3O<\/span><\/strong><\/h4>\n<p><img loading=\"lazy\" decoding=\"async\" class=\"alignnone size-full wp-image-143\" src=\"https:\/\/wp.ufpel.edu.br\/maquinascorposegrafias\/files\/2024\/03\/logo_UFPEL.png\" alt=\"\" width=\"262\" height=\"120\" \/> <img loading=\"lazy\" decoding=\"async\" class=\"alignnone size-full wp-image-139\" src=\"https:\/\/wp.ufpel.edu.br\/maquinascorposegrafias\/files\/2024\/03\/logo_LEPPAIS.png\" alt=\"\" width=\"262\" height=\"120\" \/>\u00a0 <img loading=\"lazy\" decoding=\"async\" class=\"alignnone size-full wp-image-131\" src=\"https:\/\/wp.ufpel.edu.br\/maquinascorposegrafias\/files\/2024\/03\/logo_Antropologia.png\" alt=\"\" width=\"289\" height=\"120\" \/> <img loading=\"lazy\" decoding=\"async\" class=\"alignnone size-full wp-image-140\" src=\"https:\/\/wp.ufpel.edu.br\/maquinascorposegrafias\/files\/2024\/03\/logo_PPGAnt.png\" alt=\"\" width=\"217\" height=\"120\" \/>\u00a0 <img loading=\"lazy\" decoding=\"async\" class=\"alignnone size-full wp-image-141\" src=\"https:\/\/wp.ufpel.edu.br\/maquinascorposegrafias\/files\/2024\/03\/logo_PPGC.png\" alt=\"\" width=\"241\" height=\"120\" \/> <img loading=\"lazy\" decoding=\"async\" class=\"alignnone size-full wp-image-304\" src=\"https:\/\/wp.ufpel.edu.br\/maquinascorposegrafias\/files\/2024\/08\/logo_Prograu.png\" alt=\"\" width=\"289\" height=\"120\" \/> <img loading=\"lazy\" decoding=\"async\" class=\"alignnone size-full wp-image-133\" src=\"https:\/\/wp.ufpel.edu.br\/maquinascorposegrafias\/files\/2024\/03\/logo_Ceng.png\" alt=\"\" width=\"184\" height=\"120\" \/> <img loading=\"lazy\" decoding=\"async\" class=\"alignnone size-full wp-image-136\" src=\"https:\/\/wp.ufpel.edu.br\/maquinascorposegrafias\/files\/2024\/03\/logo_EngEle.png\" alt=\"\" width=\"205\" height=\"120\" \/>\u00a0\u00a0 <img loading=\"lazy\" decoding=\"async\" class=\"alignnone size-full wp-image-138\" src=\"https:\/\/wp.ufpel.edu.br\/maquinascorposegrafias\/files\/2024\/03\/logo_ICH.png\" alt=\"\" width=\"256\" height=\"120\" \/> <img loading=\"lazy\" decoding=\"async\" class=\"alignnone size-full wp-image-305\" src=\"https:\/\/wp.ufpel.edu.br\/maquinascorposegrafias\/files\/2024\/08\/logo_CEHUS.png\" alt=\"\" width=\"205\" height=\"120\" \/><\/p>\n<h4><strong>APOIO<\/strong><\/h4>\n<p><img loading=\"lazy\" decoding=\"async\" class=\"alignnone wp-image-306 size-full\" src=\"https:\/\/wp.ufpel.edu.br\/maquinascorposegrafias\/files\/2024\/08\/logo_EspacoPopular.png\" alt=\"\" width=\"205\" height=\"120\" \/><img loading=\"lazy\" decoding=\"async\" class=\"alignnone size-full wp-image-132\" src=\"https:\/\/wp.ufpel.edu.br\/maquinascorposegrafias\/files\/2024\/03\/logo_CEARTE.png\" alt=\"\" width=\"287\" height=\"120\" \/><\/p>\n<h4><strong>FINANCIAMENTO<\/strong><\/h4>\n<p><img loading=\"lazy\" decoding=\"async\" class=\"alignnone size-full wp-image-135\" src=\"https:\/\/wp.ufpel.edu.br\/maquinascorposegrafias\/files\/2024\/03\/logo_CNPq.png\" alt=\"\" width=\"226\" height=\"120\" \/><br \/>\nConselho Nacional de Desenvolvimento Cient\u00edfico &#8211; CNPq<\/p>\n<p><img loading=\"lazy\" decoding=\"async\" class=\"alignnone size-full wp-image-137\" src=\"https:\/\/wp.ufpel.edu.br\/maquinascorposegrafias\/files\/2024\/03\/logo_FAPERGS.png\" alt=\"\" width=\"283\" height=\"120\" \/><br \/>\nFunda\u00e7\u00e3o de Amparo \u00e0 Pesquisa do Estado do Rio Grande do Sul &#8211; FAPERGS<\/p>\n<p>&nbsp;<\/p>\n","protected":false},"excerpt":{"rendered":"<p>Alexandre Oliveira Cardoso Junior Ana Paula Langone Cl\u00e1udia Turra Magni Daniele Borges Bezerra Deivid Garcia Viegas Eduarda Mensch Egner Pereira Aires Felipe Santana Fernanda Lise Fl\u00e1via Garcia Frederico Dal Soglio Guilherme Corr\u00eaa Guilherme Rodrigues Guillermo G\u00f3mez Hamilton Bittencourt Hayna Helyda Hel\u00e9ia Ordone Isadora Torres Jo\u00e3o Pedro Tomaszewski Jos\u00e9 Lu\u00eds Abalos J\u00fanior Lisandro Moura Lucas dos &hellip; <\/p>\n<p class=\"link-more\"><a href=\"https:\/\/wp.ufpel.edu.br\/maquinascorposegrafias\/organizacao\/\" class=\"more-link\">Continue lendo<span class=\"screen-reader-text\"> &#8220;Organiza\u00e7\u00e3o&#8221;<\/span><\/a><\/p>\n","protected":false},"author":641,"featured_media":0,"parent":0,"menu_order":0,"comment_status":"closed","ping_status":"closed","template":"","meta":{"footnotes":""},"class_list":["post-20","page","type-page","status-publish","hentry"],"_links":{"self":[{"href":"https:\/\/wp.ufpel.edu.br\/maquinascorposegrafias\/wp-json\/wp\/v2\/pages\/20","targetHints":{"allow":["GET"]}}],"collection":[{"href":"https:\/\/wp.ufpel.edu.br\/maquinascorposegrafias\/wp-json\/wp\/v2\/pages"}],"about":[{"href":"https:\/\/wp.ufpel.edu.br\/maquinascorposegrafias\/wp-json\/wp\/v2\/types\/page"}],"author":[{"embeddable":true,"href":"https:\/\/wp.ufpel.edu.br\/maquinascorposegrafias\/wp-json\/wp\/v2\/users\/641"}],"replies":[{"embeddable":true,"href":"https:\/\/wp.ufpel.edu.br\/maquinascorposegrafias\/wp-json\/wp\/v2\/comments?post=20"}],"version-history":[{"count":30,"href":"https:\/\/wp.ufpel.edu.br\/maquinascorposegrafias\/wp-json\/wp\/v2\/pages\/20\/revisions"}],"predecessor-version":[{"id":572,"href":"https:\/\/wp.ufpel.edu.br\/maquinascorposegrafias\/wp-json\/wp\/v2\/pages\/20\/revisions\/572"}],"wp:attachment":[{"href":"https:\/\/wp.ufpel.edu.br\/maquinascorposegrafias\/wp-json\/wp\/v2\/media?parent=20"}],"curies":[{"name":"wp","href":"https:\/\/api.w.org\/{rel}","templated":true}]}}