{"id":181,"date":"2024-07-31T14:00:06","date_gmt":"2024-07-31T17:00:06","guid":{"rendered":"https:\/\/wp.ufpel.edu.br\/maquinascorposegrafias\/?page_id=181"},"modified":"2024-08-19T16:57:52","modified_gmt":"2024-08-19T19:57:52","slug":"apresentacao","status":"publish","type":"page","link":"https:\/\/wp.ufpel.edu.br\/maquinascorposegrafias\/inicio\/apresentacao\/","title":{"rendered":"Apresenta\u00e7\u00e3o"},"content":{"rendered":"<p style=\"text-align: justify;\">Estamos testemunhando uma transforma\u00e7\u00e3o paradigm\u00e1tica nas intera\u00e7\u00f5es entre humanos e n\u00e3o humanos maqu\u00ednicos. As media\u00e7\u00f5es tecnol\u00f3gicas e os recursos multimodais proporcionados por dispositivos digitais, pela conex\u00e3o em rede, a internet das coisas e a digitaliza\u00e7\u00e3o da vida t\u00eam causado mudan\u00e7as profundas nos processos cognitivos, comunicacionais e sens\u00edveis. Essas mudan\u00e7as levantam quest\u00f5es \u00e9ticas e pol\u00edticas importantes, especialmente considerando que as m\u00e1quinas operam com base em algoritmos criados por humanos e que as bases de dados reproduzem padr\u00f5es hegem\u00f4nicos, o que nos leva a repensar tanto as potencialidades, quanto as limita\u00e7\u00f5es observadas nas intera\u00e7\u00f5es entre humanos e m\u00e1quinas, a partir de uma perspectiva cr\u00edtica e sist\u00eamica.<br \/>\nEmbora as criaturas artificiais povoem o imagin\u00e1rio coletivo desde os prim\u00f3rdios das civiliza\u00e7\u00f5es, a depend\u00eancia de m\u00e1quinas tenha se generalizado depois da II a Guerra Mundial, e a IA tenha surgido na metade do s\u00e9culo passado, foi apenas no s\u00e9culo XXI, e principalmente nos \u00faltimos anos, que as automa\u00e7\u00f5es facilitadas pelo aprendizado de m\u00e1quina se popularizaram. A onipresen\u00e7a quase invis\u00edvel da tecnologia em atividades cotidianas levanta uma s\u00e9rie de quest\u00f5es sobre as rela\u00e7\u00f5es entre humanos e m\u00e1quinas, muitas vezes borrando as fronteiras entre fic\u00e7\u00e3o cient\u00edfica e realidade. Na medida em que nos tornamos mais dependentes dessas tecnologias, \u00e9 crucial examinar de perto como elas influenciam nossa compreens\u00e3o do mundo, nossa capacidade de refletir, sentir e expressar emo\u00e7\u00f5es. Se as IA\u2019s s\u00e3o alimentadas principalmente com dados e informa\u00e7\u00f5es codificadas, qual o seu impacto na produ\u00e7\u00e3o do conhecimento antropol\u00f3gico, j\u00e1 que esse conhecimento depende da experi\u00eancia pr\u00e1tica e de um conhecimento muitas vezes entendido como imponder\u00e1vel, t\u00e1cito ou h\u00e1ptico? Quais os efeitos dos c\u00f3digos algor\u00edtmicos previamente formatados na produ\u00e7\u00e3o do conhecimento sensorial, nas percep\u00e7\u00f5es e sensibilidades emocionais? At\u00e9 que ponto as Intelig\u00eancias Artificiais (IA) ser\u00e3o capazes de interpretar e representar emo\u00e7\u00f5es, desenvolver consci\u00eancia ou substituir a criatividade humana? Quais s\u00e3o os impactos da rob\u00f3tica na vida contempor\u00e2nea? Como lidar com a obsolesc\u00eancia das \u201cnovas\u201d tecnologias? Essas s\u00e3o quest\u00f5es cruciais que emergem em meio ao crescente papel das tecnologias e sistemas inteligentes no nosso cotidiano.<br \/>\nAdemais, nos interessa pensar as potencialidades das (con)fabula\u00e7\u00f5es tecnopo\u00e9ticas em termos de uma antropologia multimodal envolvendo a colabora\u00e7\u00e3o entre humanos e m\u00e1quinas inteligentes, ou entre Intelig\u00eancias Humanas (IH) e Intelig\u00eancias Artificiais (IA). Essas rela\u00e7\u00f5es nos instigam a uma reflex\u00e3o sobre a produ\u00e7\u00e3o da vida, a partir das rela\u00e7\u00f5es entre ci\u00eancias, tecnologia, comunica\u00e7\u00e3o, po\u00e9ticas e grafias.<br \/>\nAcreditamos que o Encontro Internacional \u201cM\u00e1quinas, Corpos e Grafias: Media\u00e7\u00f5es Antropol\u00f3gicas sobre IA, Tecnopo\u00e9ticas e Sensorialidades\u201d ofere\u00e7a a ocasi\u00e3o para a busca de resson\u00e2ncias a estas e outras quest\u00f5es relacionadas \u00e0s motiva\u00e7\u00f5es e fabula\u00e7\u00f5es humanas em torno da produ\u00e7\u00e3o e do consumo de tecnologias, com suas implica\u00e7\u00f5es diretas, seus desafios \u00e9ticos, pol\u00edticos, culturais e sens\u00edveis.<\/p>\n","protected":false},"excerpt":{"rendered":"<p>Estamos testemunhando uma transforma\u00e7\u00e3o paradigm\u00e1tica nas intera\u00e7\u00f5es entre humanos e n\u00e3o humanos maqu\u00ednicos. As media\u00e7\u00f5es tecnol\u00f3gicas e os recursos multimodais proporcionados por dispositivos digitais, pela conex\u00e3o em rede, a internet das coisas e a digitaliza\u00e7\u00e3o da vida t\u00eam causado mudan\u00e7as profundas nos processos cognitivos, comunicacionais e sens\u00edveis. Essas mudan\u00e7as levantam quest\u00f5es \u00e9ticas e pol\u00edticas importantes, &hellip; <\/p>\n<p class=\"link-more\"><a href=\"https:\/\/wp.ufpel.edu.br\/maquinascorposegrafias\/inicio\/apresentacao\/\" class=\"more-link\">Continue lendo<span class=\"screen-reader-text\"> &#8220;Apresenta\u00e7\u00e3o&#8221;<\/span><\/a><\/p>\n","protected":false},"author":641,"featured_media":0,"parent":10,"menu_order":0,"comment_status":"closed","ping_status":"closed","template":"","meta":{"footnotes":""},"class_list":["post-181","page","type-page","status-publish","hentry"],"_links":{"self":[{"href":"https:\/\/wp.ufpel.edu.br\/maquinascorposegrafias\/wp-json\/wp\/v2\/pages\/181","targetHints":{"allow":["GET"]}}],"collection":[{"href":"https:\/\/wp.ufpel.edu.br\/maquinascorposegrafias\/wp-json\/wp\/v2\/pages"}],"about":[{"href":"https:\/\/wp.ufpel.edu.br\/maquinascorposegrafias\/wp-json\/wp\/v2\/types\/page"}],"author":[{"embeddable":true,"href":"https:\/\/wp.ufpel.edu.br\/maquinascorposegrafias\/wp-json\/wp\/v2\/users\/641"}],"replies":[{"embeddable":true,"href":"https:\/\/wp.ufpel.edu.br\/maquinascorposegrafias\/wp-json\/wp\/v2\/comments?post=181"}],"version-history":[{"count":4,"href":"https:\/\/wp.ufpel.edu.br\/maquinascorposegrafias\/wp-json\/wp\/v2\/pages\/181\/revisions"}],"predecessor-version":[{"id":329,"href":"https:\/\/wp.ufpel.edu.br\/maquinascorposegrafias\/wp-json\/wp\/v2\/pages\/181\/revisions\/329"}],"up":[{"embeddable":true,"href":"https:\/\/wp.ufpel.edu.br\/maquinascorposegrafias\/wp-json\/wp\/v2\/pages\/10"}],"wp:attachment":[{"href":"https:\/\/wp.ufpel.edu.br\/maquinascorposegrafias\/wp-json\/wp\/v2\/media?parent=181"}],"curies":[{"name":"wp","href":"https:\/\/api.w.org\/{rel}","templated":true}]}}