{"id":170,"date":"2024-07-30T15:38:03","date_gmt":"2024-07-30T18:38:03","guid":{"rendered":"https:\/\/wp.ufpel.edu.br\/maquinascorposegrafias\/?page_id=170"},"modified":"2024-09-23T09:00:50","modified_gmt":"2024-09-23T12:00:50","slug":"cronograma","status":"publish","type":"page","link":"https:\/\/wp.ufpel.edu.br\/maquinascorposegrafias\/cronograma\/","title":{"rendered":"Cronograma"},"content":{"rendered":"<p>Inscri\u00e7\u00f5es &#8211; De 29 de julho a\u00a0 24 de setembro de 2024<br \/>\nData limite para envio de resumos &#8211; 09 de setembro de 2024<br \/>\nAvalia\u00e7\u00e3o dos trabalhos &#8211; de 10 a 13 de setembro de 2024<br \/>\nDivulga\u00e7\u00e3o dos trabalhos selecionados para GTs &#8211; 13 de setembro de 2024<br \/>\nData limite para submiss\u00e3o de propostas para Mostras Visuais, Audiovisuais e Perform\u00e1ticas &#8211; 09 de setembro de 2024<br \/>\nAvalia\u00e7\u00e3o das propostas para as Mostras &#8211; de 10 a 13 de setembro de 2024<br \/>\nDivulga\u00e7\u00e3o das propostas selecionadas &#8211; 13 de setembro de 2024<br \/>\nDivulga\u00e7\u00e3o dos resumos, salas e links dos GTs &#8211; 17 de setembro<br \/>\nEnvio dos textos completos &#8211; 15 de outubro<br \/>\nEnvio da vers\u00e3o final do trabalho completo para publica\u00e7\u00e3o em colet\u00e2nea, formato ebook &#8211; 15 de novembro<\/p>\n","protected":false},"excerpt":{"rendered":"<p>Inscri\u00e7\u00f5es &#8211; De 29 de julho a\u00a0 24 de setembro de 2024 Data limite para envio de resumos &#8211; 09 de setembro de 2024 Avalia\u00e7\u00e3o dos trabalhos &#8211; de 10 a 13 de setembro de 2024 Divulga\u00e7\u00e3o dos trabalhos selecionados para GTs &#8211; 13 de setembro de 2024 Data limite para submiss\u00e3o de propostas para &hellip; <\/p>\n<p class=\"link-more\"><a href=\"https:\/\/wp.ufpel.edu.br\/maquinascorposegrafias\/cronograma\/\" class=\"more-link\">Continue lendo<span class=\"screen-reader-text\"> &#8220;Cronograma&#8221;<\/span><\/a><\/p>\n","protected":false},"author":641,"featured_media":0,"parent":0,"menu_order":0,"comment_status":"closed","ping_status":"closed","template":"","meta":{"footnotes":""},"class_list":["post-170","page","type-page","status-publish","hentry"],"_links":{"self":[{"href":"https:\/\/wp.ufpel.edu.br\/maquinascorposegrafias\/wp-json\/wp\/v2\/pages\/170","targetHints":{"allow":["GET"]}}],"collection":[{"href":"https:\/\/wp.ufpel.edu.br\/maquinascorposegrafias\/wp-json\/wp\/v2\/pages"}],"about":[{"href":"https:\/\/wp.ufpel.edu.br\/maquinascorposegrafias\/wp-json\/wp\/v2\/types\/page"}],"author":[{"embeddable":true,"href":"https:\/\/wp.ufpel.edu.br\/maquinascorposegrafias\/wp-json\/wp\/v2\/users\/641"}],"replies":[{"embeddable":true,"href":"https:\/\/wp.ufpel.edu.br\/maquinascorposegrafias\/wp-json\/wp\/v2\/comments?post=170"}],"version-history":[{"count":9,"href":"https:\/\/wp.ufpel.edu.br\/maquinascorposegrafias\/wp-json\/wp\/v2\/pages\/170\/revisions"}],"predecessor-version":[{"id":564,"href":"https:\/\/wp.ufpel.edu.br\/maquinascorposegrafias\/wp-json\/wp\/v2\/pages\/170\/revisions\/564"}],"wp:attachment":[{"href":"https:\/\/wp.ufpel.edu.br\/maquinascorposegrafias\/wp-json\/wp\/v2\/media?parent=170"}],"curies":[{"name":"wp","href":"https:\/\/api.w.org\/{rel}","templated":true}]}}