{"id":167,"date":"2024-07-30T15:37:37","date_gmt":"2024-07-30T18:37:37","guid":{"rendered":"https:\/\/wp.ufpel.edu.br\/maquinascorposegrafias\/?page_id=167"},"modified":"2024-08-28T14:14:17","modified_gmt":"2024-08-28T17:14:17","slug":"inscricoes","status":"publish","type":"page","link":"https:\/\/wp.ufpel.edu.br\/maquinascorposegrafias\/inscricoes\/","title":{"rendered":"Inscri\u00e7\u00f5es"},"content":{"rendered":"<p><span style=\"color: #ff2200; font-size: 14pt;\"><strong>Prorrogado at\u00e9 09\/09\/2024<\/strong><\/span><\/p>\n<p>Apresenta\u00e7\u00e3o de trabalho (GT) (link formul\u00e1rio com instru\u00e7\u00f5es):<br \/>\n<a href=\"https:\/\/forms.gle\/7TXNDYGJn3H65sJ69\">https:\/\/forms.gle\/7TXNDYGJn3H65sJ69<\/a><\/p>\n<p>Mostra cultural e art\u00edstica (link formul\u00e1rio c\/ instru\u00e7\u00f5es):<br \/>\n<a href=\"https:\/\/docs.google.com\/forms\/d\/e\/1FAIpQLSflHuePDoGJtYLXMRF4__vSYUtGFmiKjOi0skBoeT_qsqJd1g\/viewform\">https:\/\/docs.google.com\/forms\/d\/e\/1FAIpQLSflHuePDoGJtYLXMRF4__vSYUtGFmiKjOi0skBoeT_qsqJd1g\/viewform <\/a><\/p>\n<p>Participantes ouvintes (link formul\u00e1rio):<br \/>\n<a href=\"https:\/\/forms.gle\/KdoQH6QsJtWBscn4A\">https:\/\/forms.gle\/KdoQH6QsJtWBscn4A<\/a><\/p>\n","protected":false},"excerpt":{"rendered":"<p>Prorrogado at\u00e9 09\/09\/2024 Apresenta\u00e7\u00e3o de trabalho (GT) (link formul\u00e1rio com instru\u00e7\u00f5es): https:\/\/forms.gle\/7TXNDYGJn3H65sJ69 Mostra cultural e art\u00edstica (link formul\u00e1rio c\/ instru\u00e7\u00f5es): https:\/\/docs.google.com\/forms\/d\/e\/1FAIpQLSflHuePDoGJtYLXMRF4__vSYUtGFmiKjOi0skBoeT_qsqJd1g\/viewform Participantes ouvintes (link formul\u00e1rio): https:\/\/forms.gle\/KdoQH6QsJtWBscn4A<\/p>\n","protected":false},"author":641,"featured_media":0,"parent":0,"menu_order":0,"comment_status":"closed","ping_status":"closed","template":"","meta":{"footnotes":""},"class_list":["post-167","page","type-page","status-publish","hentry"],"_links":{"self":[{"href":"https:\/\/wp.ufpel.edu.br\/maquinascorposegrafias\/wp-json\/wp\/v2\/pages\/167","targetHints":{"allow":["GET"]}}],"collection":[{"href":"https:\/\/wp.ufpel.edu.br\/maquinascorposegrafias\/wp-json\/wp\/v2\/pages"}],"about":[{"href":"https:\/\/wp.ufpel.edu.br\/maquinascorposegrafias\/wp-json\/wp\/v2\/types\/page"}],"author":[{"embeddable":true,"href":"https:\/\/wp.ufpel.edu.br\/maquinascorposegrafias\/wp-json\/wp\/v2\/users\/641"}],"replies":[{"embeddable":true,"href":"https:\/\/wp.ufpel.edu.br\/maquinascorposegrafias\/wp-json\/wp\/v2\/comments?post=167"}],"version-history":[{"count":4,"href":"https:\/\/wp.ufpel.edu.br\/maquinascorposegrafias\/wp-json\/wp\/v2\/pages\/167\/revisions"}],"predecessor-version":[{"id":425,"href":"https:\/\/wp.ufpel.edu.br\/maquinascorposegrafias\/wp-json\/wp\/v2\/pages\/167\/revisions\/425"}],"wp:attachment":[{"href":"https:\/\/wp.ufpel.edu.br\/maquinascorposegrafias\/wp-json\/wp\/v2\/media?parent=167"}],"curies":[{"name":"wp","href":"https:\/\/api.w.org\/{rel}","templated":true}]}}