{"id":17,"date":"2023-08-01T19:19:20","date_gmt":"2023-08-01T22:19:20","guid":{"rendered":"https:\/\/wp.ufpel.edu.br\/mapacultural\/?page_id=17"},"modified":"2023-08-15T14:20:54","modified_gmt":"2023-08-15T17:20:54","slug":"mapa-cultural","status":"publish","type":"page","link":"https:\/\/wp.ufpel.edu.br\/mapacultural\/","title":{"rendered":""},"content":{"rendered":"\n<figure class=\"wp-block-gallery has-nested-images columns-default is-cropped wp-block-gallery-1 is-layout-flex wp-block-gallery-is-layout-flex\">\n<figure class=\"wp-block-image size-large\"><img loading=\"lazy\" decoding=\"async\" width=\"880\" height=\"407\" data-id=\"35\" src=\"https:\/\/wp.ufpel.edu.br\/mapacultural\/files\/2023\/08\/Logotipo-AGIMOS-secunda\u0301rio-monocroma\u0301tico.png\" alt=\"\" class=\"wp-image-35\" srcset=\"https:\/\/wp.ufpel.edu.br\/mapacultural\/files\/2023\/08\/Logotipo-AGIMOS-secunda\u0301rio-monocroma\u0301tico.png 880w, https:\/\/wp.ufpel.edu.br\/mapacultural\/files\/2023\/08\/Logotipo-AGIMOS-secunda\u0301rio-monocroma\u0301tico-400x185.png 400w, https:\/\/wp.ufpel.edu.br\/mapacultural\/files\/2023\/08\/Logotipo-AGIMOS-secunda\u0301rio-monocroma\u0301tico-768x355.png 768w\" sizes=\"auto, (max-width: 880px) 100vw, 880px\" \/><\/figure>\n<\/figure>\n\n\n\n<p>Acesse o <a href=\"https:\/\/mapacultural.agimos.org.br\/\">https:\/\/mapacultural.agimos.org.br\/<\/a> e fa\u00e7a o seu cadastro<\/p>\n\n\n\n<p>Saiba mais sobre o Pr\u00eamio AGIMOS de Produ\u00e7\u00e3o Musical em <a href=\"https:\/\/wp.ufpel.edu.br\/agimos\/premio\/\">https:\/\/wp.ufpel.edu.br\/agimos\/premio\/<\/a><\/p>\n\n\n\n<p><a href=\"https:\/\/mapacultural.agimos.org.br\/oportunidade\/7\/#info\">https:\/\/mapacultural.agimos.org.br\/oportunidade\/7\/#info<\/a><\/p>\n\n\n\n<figure class=\"wp-block-gallery has-nested-images columns-default is-cropped wp-block-gallery-2 is-layout-flex wp-block-gallery-is-layout-flex\">\n<figure class=\"wp-block-image size-large\"><img loading=\"lazy\" decoding=\"async\" width=\"966\" height=\"133\" data-id=\"36\" src=\"https:\/\/wp.ufpel.edu.br\/mapacultural\/files\/2023\/08\/exemplo-logos.png\" alt=\"\" class=\"wp-image-36\" srcset=\"https:\/\/wp.ufpel.edu.br\/mapacultural\/files\/2023\/08\/exemplo-logos.png 966w, https:\/\/wp.ufpel.edu.br\/mapacultural\/files\/2023\/08\/exemplo-logos-400x55.png 400w, https:\/\/wp.ufpel.edu.br\/mapacultural\/files\/2023\/08\/exemplo-logos-768x106.png 768w\" sizes=\"auto, (max-width: 966px) 100vw, 966px\" \/><\/figure>\n<\/figure>\n\n\n\n<figure class=\"wp-block-embed is-type-video is-provider-youtube wp-block-embed-youtube wp-embed-aspect-4-3 wp-has-aspect-ratio\"><div class=\"wp-block-embed__wrapper\">\n<iframe loading=\"lazy\" title=\"CADASTRO NO MAPA CULTURAL AGIMOS TUTORIAL\" width=\"474\" height=\"267\" src=\"https:\/\/www.youtube.com\/embed\/P-sanedYdn4?feature=oembed\" frameborder=\"0\" allow=\"accelerometer; autoplay; clipboard-write; encrypted-media; gyroscope; picture-in-picture; web-share\" referrerpolicy=\"strict-origin-when-cross-origin\" allowfullscreen><\/iframe>\n<\/div><figcaption class=\"wp-element-caption\">Tutorial Cadastro Mapa Agimos &#8211; <a href=\"https:\/\/mapacultural.agimos.org.br\" target=\"_blank\" rel=\"noreferrer noopener\">https:\/\/mapacultural.agimos.org.br<\/a><\/figcaption><\/figure>\n","protected":false},"excerpt":{"rendered":"<p>Acesse o https:\/\/mapacultural.agimos.org.br\/ e fa\u00e7a o seu cadastro Saiba mais sobre o Pr\u00eamio AGIMOS de Produ\u00e7\u00e3o Musical em https:\/\/wp.ufpel.edu.br\/agimos\/premio\/ https:\/\/mapacultural.agimos.org.br\/oportunidade\/7\/#info<\/p>\n","protected":false},"author":1298,"featured_media":0,"parent":0,"menu_order":0,"comment_status":"closed","ping_status":"closed","template":"","meta":{"footnotes":""},"class_list":["post-17","page","type-page","status-publish","hentry"],"_links":{"self":[{"href":"https:\/\/wp.ufpel.edu.br\/mapacultural\/wp-json\/wp\/v2\/pages\/17","targetHints":{"allow":["GET"]}}],"collection":[{"href":"https:\/\/wp.ufpel.edu.br\/mapacultural\/wp-json\/wp\/v2\/pages"}],"about":[{"href":"https:\/\/wp.ufpel.edu.br\/mapacultural\/wp-json\/wp\/v2\/types\/page"}],"author":[{"embeddable":true,"href":"https:\/\/wp.ufpel.edu.br\/mapacultural\/wp-json\/wp\/v2\/users\/1298"}],"replies":[{"embeddable":true,"href":"https:\/\/wp.ufpel.edu.br\/mapacultural\/wp-json\/wp\/v2\/comments?post=17"}],"version-history":[{"count":10,"href":"https:\/\/wp.ufpel.edu.br\/mapacultural\/wp-json\/wp\/v2\/pages\/17\/revisions"}],"predecessor-version":[{"id":44,"href":"https:\/\/wp.ufpel.edu.br\/mapacultural\/wp-json\/wp\/v2\/pages\/17\/revisions\/44"}],"wp:attachment":[{"href":"https:\/\/wp.ufpel.edu.br\/mapacultural\/wp-json\/wp\/v2\/media?parent=17"}],"curies":[{"name":"wp","href":"https:\/\/api.w.org\/{rel}","templated":true}]}}