{"id":25,"date":"2025-03-10T16:48:48","date_gmt":"2025-03-10T19:48:48","guid":{"rendered":"https:\/\/wp.ufpel.edu.br\/mapacchs\/?page_id=25"},"modified":"2025-09-12T14:36:14","modified_gmt":"2025-09-12T17:36:14","slug":"terreo","status":"publish","type":"page","link":"https:\/\/wp.ufpel.edu.br\/mapacchs\/terreo\/","title":{"rendered":"T\u00e9rreo"},"content":{"rendered":"<h2 style=\"text-align: center;\">1\u00ba ANDAR CCHS<\/h2>\n<hr \/>\n<h2 style=\"text-align: center;\">Sala C &#8211; Laborat\u00f3rio de Gradua\u00e7\u00e3o IFISP<\/h2>\n<p style=\"text-align: center;\">\n<!-- iframe plugin v.6.0 wordpress.org\/plugins\/iframe\/ -->\n<iframe src=\"https:\/\/calendar.google.com\/calendar\/embed?src=e4dbbe4d8ef4aae0607be4e6ff4718036d4e26b5454a04ea0bfa6f72e86a2124%40group.calendar.google.com&#038;ctz=America%2FSao_Paulo\" style=\"border: 0\" width=\"800\" height=\"600\" frameborder=\"0\" scrolling=\"no\" class=\"iframe-class\"><\/iframe>\n\n<hr \/>\n<h2 style=\"text-align: center;\">Sala 101 &#8211; ICH<\/h2>\n<p style=\"text-align: center;\">\n<!-- iframe plugin v.6.0 wordpress.org\/plugins\/iframe\/ -->\n<iframe src=\"https:\/\/calendar.google.com\/calendar\/embed?src=e2dee9fb5d15b07369257e79bf2b1ff7770be38a8a4446371e45f269660aa170%40group.calendar.google.com&#038;ctz=America%2FSao_Paulo\" style=\"border: 0\" width=\"800\" height=\"600\" frameborder=\"0\" scrolling=\"no\" class=\"iframe-class\"><\/iframe>\n\n<hr \/>\n<h2 style=\"text-align: center;\">Sala 102 &#8211; ICH<\/h2>\n<p style=\"text-align: center;\">\n<!-- iframe plugin v.6.0 wordpress.org\/plugins\/iframe\/ -->\n<iframe src=\"https:\/\/calendar.google.com\/calendar\/embed?src=712e0d926a5f0aeff957ccd8fcb23e11bae56dfb89452937895019be14c59e84%40group.calendar.google.com&#038;ctz=America%2FSao_Paulo\" style=\"border: 0\" width=\"800\" height=\"600\" frameborder=\"0\" scrolling=\"no\" class=\"iframe-class\"><\/iframe>\n\n<hr \/>\n<h2 style=\"text-align: center;\">Sala 103 &#8211; ICH<\/h2>\n<p style=\"text-align: center;\">\n<!-- iframe plugin v.6.0 wordpress.org\/plugins\/iframe\/ -->\n<iframe src=\"https:\/\/calendar.google.com\/calendar\/embed?src=322bdb557717c954b04e81f49a52ea25837329b6b4b0d6fca9f14d2e327a0f88%40group.calendar.google.com&#038;ctz=America%2FSao_Paulo\" style=\"border: 0\" width=\"800\" height=\"600\" frameborder=\"0\" scrolling=\"no\" class=\"iframe-class\"><\/iframe>\n\n","protected":false},"excerpt":{"rendered":"<p>1\u00ba ANDAR CCHS Sala C &#8211; Laborat\u00f3rio de Gradua\u00e7\u00e3o IFISP Sala 101 &#8211; ICH Sala 102 &#8211; ICH Sala 103 &#8211; ICH<\/p>\n","protected":false},"author":1247,"featured_media":0,"parent":0,"menu_order":0,"comment_status":"closed","ping_status":"closed","template":"","meta":{"footnotes":""},"class_list":["post-25","page","type-page","status-publish","hentry"],"_links":{"self":[{"href":"https:\/\/wp.ufpel.edu.br\/mapacchs\/wp-json\/wp\/v2\/pages\/25","targetHints":{"allow":["GET"]}}],"collection":[{"href":"https:\/\/wp.ufpel.edu.br\/mapacchs\/wp-json\/wp\/v2\/pages"}],"about":[{"href":"https:\/\/wp.ufpel.edu.br\/mapacchs\/wp-json\/wp\/v2\/types\/page"}],"author":[{"embeddable":true,"href":"https:\/\/wp.ufpel.edu.br\/mapacchs\/wp-json\/wp\/v2\/users\/1247"}],"replies":[{"embeddable":true,"href":"https:\/\/wp.ufpel.edu.br\/mapacchs\/wp-json\/wp\/v2\/comments?post=25"}],"version-history":[{"count":3,"href":"https:\/\/wp.ufpel.edu.br\/mapacchs\/wp-json\/wp\/v2\/pages\/25\/revisions"}],"predecessor-version":[{"id":46,"href":"https:\/\/wp.ufpel.edu.br\/mapacchs\/wp-json\/wp\/v2\/pages\/25\/revisions\/46"}],"wp:attachment":[{"href":"https:\/\/wp.ufpel.edu.br\/mapacchs\/wp-json\/wp\/v2\/media?parent=25"}],"curies":[{"name":"wp","href":"https:\/\/api.w.org\/{rel}","templated":true}]}}