{"id":4480,"date":"2026-04-15T11:50:23","date_gmt":"2026-04-15T14:50:23","guid":{"rendered":"https:\/\/wp.ufpel.edu.br\/malg\/?page_id=4480"},"modified":"2026-04-15T17:07:34","modified_gmt":"2026-04-15T20:07:34","slug":"catalogo-pintura-permeabilidades-imaginativas","status":"publish","type":"page","link":"https:\/\/wp.ufpel.edu.br\/malg\/catalogo-pintura-permeabilidades-imaginativas\/","title":{"rendered":"Cat\u00e1logo Pintura Permeabilidades Imaginativas"},"content":{"rendered":"\n<div class=\"wp-block-group is-vertical is-content-justification-center is-layout-flex wp-container-core-group-is-layout-4b2eccd6 wp-block-group-is-layout-flex\"><p><iframe loading=\"lazy\" src=\"https:\/\/wp.ufpel.edu.br\/malg\/files\/2026\/04\/Catalogo-Pintura-Permeabilidades-Imaginativas.pdf\" width=\"1200\" height=\"800\"><\/iframe><\/p>\n\n\n\n<div style=\"height:0px\" aria-hidden=\"true\" class=\"wp-block-spacer wp-container-content-dee2fb34\"><\/div>\n<\/div>\n\n\n\n<h2 class=\"wp-block-heading\"><strong>Pintura: permeabilidades imaginativas curadoria<\/strong><\/h2>\n\n\n\n<h4 class=\"wp-block-heading\">Marcelo Bordignon<\/h4>\n\n\n\n<h4 class=\"wp-block-heading\">Ricardo Perufo Mello<\/h4>\n\n\n\n<p>Com curadoria de Marcelo Bordignon e Ricardo Perufo Mello, esta exposi\u00e7\u00e3o foi concebida como um dos m\u00f3dulos principais da segunda edi\u00e7\u00e3o do Semin\u00e1rio \u201cProblemas de Pintura\u201d. Assim, foi uma mostra que buscou considerar, problematizar e colocar em debate a reflex\u00e3o do que possa ser a pr\u00e1tica da pintura hoje em dia \u2013 a partir de sua linguagem pr\u00f3pria, e em abrang\u00eancias de produ\u00e7\u00f5es pr\u00f3ximas e distantes, nacionalmente.<\/p>\n\n\n\n<p>Foram ent\u00e3o apresentadas pinturas produzidas por artistas contempor\u00e2neos de Pelotas, Porto Alegre e S\u00e3o Paulo \u2013 reunidos sob o crit\u00e9rio principal de apresentar um profundo comprometimento com suas produ\u00e7\u00f5es em pintura, e vivenciar a pr\u00e1tica de ateli\u00ea de forma constante e adensada. Al\u00e9m disso, esses artistas compartilham um aparente interesse profundo pelas mais diversas imagens. Do \u00e1lbum de fotografia aos registros da galeria do celular, das pinturas rupestres aos livros de colorir, a pintura parece surgir como um meio fecundo para estabelecer novas rela\u00e7\u00f5es com as visualidades que permeiam a vida. Comp\u00f4s a exposi\u00e7\u00e3o obras&nbsp; dos artistas Andressa Lawisch, Camila Elis, Clara Andrada, Guilherme Dable, Isabelle Baiocco, Let\u00edcia Lopes, Marcelo Bordignon, Mariana Riera, Matheus Guilherme, Pamela Zorn, Ricardo Perufo Mello, U\u00e9slei Fagundes, Vivian Herzog e Yuki Zarate.<\/p>\n","protected":false},"excerpt":{"rendered":"<p>Pintura: permeabilidades imaginativas curadoria Marcelo Bordignon Ricardo Perufo Mello Com curadoria de Marcelo Bordignon e Ricardo Perufo Mello, [&hellip;]<\/p>\n","protected":false},"author":401,"featured_media":0,"parent":0,"menu_order":0,"comment_status":"closed","ping_status":"closed","template":"","meta":{"jetpack_post_was_ever_published":false,"footnotes":""},"class_list":["post-4480","page","type-page","status-publish","hentry","post"],"yoast_head":"<!-- This site is optimized with the Yoast SEO plugin v26.7 - https:\/\/yoast.com\/wordpress\/plugins\/seo\/ -->\n<title>Cat\u00e1logo Pintura Permeabilidades Imaginativas &#8212; Museu de Arte Leopoldo Gotuzzo<\/title>\n<meta name=\"robots\" content=\"index, follow, max-snippet:-1, max-image-preview:large, max-video-preview:-1\" \/>\n<link rel=\"canonical\" href=\"https:\/\/wp.ufpel.edu.br\/malg\/catalogo-pintura-permeabilidades-imaginativas\/\" \/>\n<meta property=\"og:locale\" content=\"pt_BR\" \/>\n<meta property=\"og:type\" content=\"article\" \/>\n<meta property=\"og:title\" content=\"Cat\u00e1logo Pintura Permeabilidades Imaginativas &#8212; Museu de Arte Leopoldo Gotuzzo\" \/>\n<meta property=\"og:description\" content=\"Pintura: permeabilidades imaginativas curadoria Marcelo Bordignon Ricardo Perufo Mello Com curadoria de Marcelo Bordignon e Ricardo Perufo Mello, [&hellip;]\" \/>\n<meta property=\"og:url\" content=\"https:\/\/wp.ufpel.edu.br\/malg\/catalogo-pintura-permeabilidades-imaginativas\/\" \/>\n<meta property=\"og:site_name\" content=\"Museu de Arte Leopoldo Gotuzzo\" \/>\n<meta property=\"article:publisher\" content=\"https:\/\/www.facebook.com\/museuleopoldogotuzzo\/\" \/>\n<meta property=\"article:modified_time\" content=\"2026-04-15T20:07:34+00:00\" \/>\n<meta name=\"twitter:card\" content=\"summary_large_image\" \/>\n<meta name=\"twitter:label1\" content=\"Est. tempo de leitura\" \/>\n\t<meta name=\"twitter:data1\" content=\"2 minutos\" \/>\n<script type=\"application\/ld+json\" class=\"yoast-schema-graph\">{\"@context\":\"https:\/\/schema.org\",\"@graph\":[{\"@type\":\"WebPage\",\"@id\":\"https:\/\/wp.ufpel.edu.br\/malg\/catalogo-pintura-permeabilidades-imaginativas\/\",\"url\":\"https:\/\/wp.ufpel.edu.br\/malg\/catalogo-pintura-permeabilidades-imaginativas\/\",\"name\":\"Cat\u00e1logo Pintura Permeabilidades Imaginativas &#8212; Museu de Arte Leopoldo Gotuzzo\",\"isPartOf\":{\"@id\":\"https:\/\/wp.ufpel.edu.br\/malg\/#website\"},\"datePublished\":\"2026-04-15T14:50:23+00:00\",\"dateModified\":\"2026-04-15T20:07:34+00:00\",\"breadcrumb\":{\"@id\":\"https:\/\/wp.ufpel.edu.br\/malg\/catalogo-pintura-permeabilidades-imaginativas\/#breadcrumb\"},\"inLanguage\":\"pt-BR\",\"potentialAction\":[{\"@type\":\"ReadAction\",\"target\":[\"https:\/\/wp.ufpel.edu.br\/malg\/catalogo-pintura-permeabilidades-imaginativas\/\"]}]},{\"@type\":\"BreadcrumbList\",\"@id\":\"https:\/\/wp.ufpel.edu.br\/malg\/catalogo-pintura-permeabilidades-imaginativas\/#breadcrumb\",\"itemListElement\":[{\"@type\":\"ListItem\",\"position\":1,\"name\":\"In\u00edcio\",\"item\":\"https:\/\/wp.ufpel.edu.br\/malg\/\"},{\"@type\":\"ListItem\",\"position\":2,\"name\":\"Cat\u00e1logo Pintura Permeabilidades Imaginativas\"}]},{\"@type\":\"WebSite\",\"@id\":\"https:\/\/wp.ufpel.edu.br\/malg\/#website\",\"url\":\"https:\/\/wp.ufpel.edu.br\/malg\/\",\"name\":\"Museu de Arte Leopoldo Gotuzzo\",\"description\":\"\",\"publisher\":{\"@id\":\"https:\/\/wp.ufpel.edu.br\/malg\/#organization\"},\"potentialAction\":[{\"@type\":\"SearchAction\",\"target\":{\"@type\":\"EntryPoint\",\"urlTemplate\":\"https:\/\/wp.ufpel.edu.br\/malg\/?s={search_term_string}\"},\"query-input\":{\"@type\":\"PropertyValueSpecification\",\"valueRequired\":true,\"valueName\":\"search_term_string\"}}],\"inLanguage\":\"pt-BR\"},{\"@type\":\"Organization\",\"@id\":\"https:\/\/wp.ufpel.edu.br\/malg\/#organization\",\"name\":\"MALG _ Museu de Arte Leopoldo Gotuzzo\",\"url\":\"https:\/\/wp.ufpel.edu.br\/malg\/\",\"logo\":{\"@type\":\"ImageObject\",\"inLanguage\":\"pt-BR\",\"@id\":\"https:\/\/wp.ufpel.edu.br\/malg\/#\/schema\/logo\/image\/\",\"url\":\"https:\/\/i0.wp.com\/wp.ufpel.edu.br\/malg\/files\/2020\/03\/01.png?fit=1240%2C476&ssl=1\",\"contentUrl\":\"https:\/\/i0.wp.com\/wp.ufpel.edu.br\/malg\/files\/2020\/03\/01.png?fit=1240%2C476&ssl=1\",\"width\":1240,\"height\":476,\"caption\":\"MALG _ Museu de Arte Leopoldo Gotuzzo\"},\"image\":{\"@id\":\"https:\/\/wp.ufpel.edu.br\/malg\/#\/schema\/logo\/image\/\"},\"sameAs\":[\"https:\/\/www.facebook.com\/museuleopoldogotuzzo\/\",\"https:\/\/www.instagram.com\/malg.ufpel\/\",\"https:\/\/www.youtube.com\/@MALG_UFPel\"]}]}<\/script>\n<!-- \/ Yoast SEO plugin. -->","yoast_head_json":{"title":"Cat\u00e1logo Pintura Permeabilidades Imaginativas &#8212; Museu de Arte Leopoldo Gotuzzo","robots":{"index":"index","follow":"follow","max-snippet":"max-snippet:-1","max-image-preview":"max-image-preview:large","max-video-preview":"max-video-preview:-1"},"canonical":"https:\/\/wp.ufpel.edu.br\/malg\/catalogo-pintura-permeabilidades-imaginativas\/","og_locale":"pt_BR","og_type":"article","og_title":"Cat\u00e1logo Pintura Permeabilidades Imaginativas &#8212; Museu de Arte Leopoldo Gotuzzo","og_description":"Pintura: permeabilidades imaginativas curadoria Marcelo Bordignon Ricardo Perufo Mello Com curadoria de Marcelo Bordignon e Ricardo Perufo Mello, [&hellip;]","og_url":"https:\/\/wp.ufpel.edu.br\/malg\/catalogo-pintura-permeabilidades-imaginativas\/","og_site_name":"Museu de Arte Leopoldo Gotuzzo","article_publisher":"https:\/\/www.facebook.com\/museuleopoldogotuzzo\/","article_modified_time":"2026-04-15T20:07:34+00:00","twitter_card":"summary_large_image","twitter_misc":{"Est. tempo de leitura":"2 minutos"},"schema":{"@context":"https:\/\/schema.org","@graph":[{"@type":"WebPage","@id":"https:\/\/wp.ufpel.edu.br\/malg\/catalogo-pintura-permeabilidades-imaginativas\/","url":"https:\/\/wp.ufpel.edu.br\/malg\/catalogo-pintura-permeabilidades-imaginativas\/","name":"Cat\u00e1logo Pintura Permeabilidades Imaginativas &#8212; Museu de Arte Leopoldo Gotuzzo","isPartOf":{"@id":"https:\/\/wp.ufpel.edu.br\/malg\/#website"},"datePublished":"2026-04-15T14:50:23+00:00","dateModified":"2026-04-15T20:07:34+00:00","breadcrumb":{"@id":"https:\/\/wp.ufpel.edu.br\/malg\/catalogo-pintura-permeabilidades-imaginativas\/#breadcrumb"},"inLanguage":"pt-BR","potentialAction":[{"@type":"ReadAction","target":["https:\/\/wp.ufpel.edu.br\/malg\/catalogo-pintura-permeabilidades-imaginativas\/"]}]},{"@type":"BreadcrumbList","@id":"https:\/\/wp.ufpel.edu.br\/malg\/catalogo-pintura-permeabilidades-imaginativas\/#breadcrumb","itemListElement":[{"@type":"ListItem","position":1,"name":"In\u00edcio","item":"https:\/\/wp.ufpel.edu.br\/malg\/"},{"@type":"ListItem","position":2,"name":"Cat\u00e1logo Pintura Permeabilidades Imaginativas"}]},{"@type":"WebSite","@id":"https:\/\/wp.ufpel.edu.br\/malg\/#website","url":"https:\/\/wp.ufpel.edu.br\/malg\/","name":"Museu de Arte Leopoldo Gotuzzo","description":"","publisher":{"@id":"https:\/\/wp.ufpel.edu.br\/malg\/#organization"},"potentialAction":[{"@type":"SearchAction","target":{"@type":"EntryPoint","urlTemplate":"https:\/\/wp.ufpel.edu.br\/malg\/?s={search_term_string}"},"query-input":{"@type":"PropertyValueSpecification","valueRequired":true,"valueName":"search_term_string"}}],"inLanguage":"pt-BR"},{"@type":"Organization","@id":"https:\/\/wp.ufpel.edu.br\/malg\/#organization","name":"MALG _ Museu de Arte Leopoldo Gotuzzo","url":"https:\/\/wp.ufpel.edu.br\/malg\/","logo":{"@type":"ImageObject","inLanguage":"pt-BR","@id":"https:\/\/wp.ufpel.edu.br\/malg\/#\/schema\/logo\/image\/","url":"https:\/\/i0.wp.com\/wp.ufpel.edu.br\/malg\/files\/2020\/03\/01.png?fit=1240%2C476&ssl=1","contentUrl":"https:\/\/i0.wp.com\/wp.ufpel.edu.br\/malg\/files\/2020\/03\/01.png?fit=1240%2C476&ssl=1","width":1240,"height":476,"caption":"MALG _ Museu de Arte Leopoldo Gotuzzo"},"image":{"@id":"https:\/\/wp.ufpel.edu.br\/malg\/#\/schema\/logo\/image\/"},"sameAs":["https:\/\/www.facebook.com\/museuleopoldogotuzzo\/","https:\/\/www.instagram.com\/malg.ufpel\/","https:\/\/www.youtube.com\/@MALG_UFPel"]}]}},"jetpack_sharing_enabled":true,"jetpack_shortlink":"https:\/\/wp.me\/P89KnE-1ag","_links":{"self":[{"href":"https:\/\/wp.ufpel.edu.br\/malg\/wp-json\/wp\/v2\/pages\/4480","targetHints":{"allow":["GET"]}}],"collection":[{"href":"https:\/\/wp.ufpel.edu.br\/malg\/wp-json\/wp\/v2\/pages"}],"about":[{"href":"https:\/\/wp.ufpel.edu.br\/malg\/wp-json\/wp\/v2\/types\/page"}],"author":[{"embeddable":true,"href":"https:\/\/wp.ufpel.edu.br\/malg\/wp-json\/wp\/v2\/users\/401"}],"replies":[{"embeddable":true,"href":"https:\/\/wp.ufpel.edu.br\/malg\/wp-json\/wp\/v2\/comments?post=4480"}],"version-history":[{"count":3,"href":"https:\/\/wp.ufpel.edu.br\/malg\/wp-json\/wp\/v2\/pages\/4480\/revisions"}],"predecessor-version":[{"id":4518,"href":"https:\/\/wp.ufpel.edu.br\/malg\/wp-json\/wp\/v2\/pages\/4480\/revisions\/4518"}],"wp:attachment":[{"href":"https:\/\/wp.ufpel.edu.br\/malg\/wp-json\/wp\/v2\/media?parent=4480"}],"curies":[{"name":"wp","href":"https:\/\/api.w.org\/{rel}","templated":true}]}}