{"id":244,"date":"2014-10-10T15:45:18","date_gmt":"2014-10-10T18:45:18","guid":{"rendered":"https:\/\/wp.ufpel.edu.br\/malg\/?page_id=244"},"modified":"2019-05-15T14:23:23","modified_gmt":"2019-05-15T17:23:23","slug":"cursos-e-seminarios","status":"publish","type":"page","link":"https:\/\/wp.ufpel.edu.br\/malg\/cursos-e-seminarios\/","title":{"rendered":"Cursos e Semin\u00e1rios"},"content":{"rendered":"<div>\n<div style=\"text-align: justify\"><span style=\"font-family: helvetica, arial, sans-serif;font-size: 12pt\"><strong>SEMIN\u00c1RIO FOT\u00d3GRAFOS HIST\u00d3RICOS<\/strong><\/span><\/div>\n<div style=\"text-align: justify\"><span style=\"font-family: helvetica, arial, sans-serif;font-size: 12pt\">Nos dias 6, 7 e 8 de Junho, o MALG receber\u00e1 o Semin\u00e1rio Fot\u00f3grafos Hist\u00f3ricos,\u00a0 coordenado pela Profa. Paula Lima.<\/span><\/div>\n<div style=\"text-align: justify\"><span style=\"font-family: helvetica, arial, sans-serif;font-size: 12pt\">As inscri\u00e7\u00f5es podem ser feitas na Central de Colegiados do Pr\u00e9dio 1 do Centro de Artes da UFPel (Alberto Rosa, 62, terceiro andar) ou no evento.<\/span><\/div>\n<\/div>\n<div style=\"text-align: justify\"><\/div>\n<div style=\"text-align: justify\">\n<div><span style=\"font-family: helvetica, arial, sans-serif;font-size: 12pt\"><a href=\"https:\/\/wp.ufpel.edu.br\/malg\/cursos-e-seminarios\/13320781_1120638448020144_5820636994380940205_o\/\" rel=\"attachment wp-att-370\"><img loading=\"lazy\" decoding=\"async\" data-attachment-id=\"370\" data-permalink=\"https:\/\/wp.ufpel.edu.br\/malg\/cursos-e-seminarios\/13320781_1120638448020144_5820636994380940205_o\/#main\" data-orig-file=\"https:\/\/wp.ufpel.edu.br\/malg\/files\/2014\/10\/13320781_1120638448020144_5820636994380940205_o.jpg\" data-orig-size=\"842,1191\" data-comments-opened=\"0\" data-image-meta=\"{&quot;aperture&quot;:&quot;0&quot;,&quot;credit&quot;:&quot;&quot;,&quot;camera&quot;:&quot;&quot;,&quot;caption&quot;:&quot;&quot;,&quot;created_timestamp&quot;:&quot;0&quot;,&quot;copyright&quot;:&quot;&quot;,&quot;focal_length&quot;:&quot;0&quot;,&quot;iso&quot;:&quot;0&quot;,&quot;shutter_speed&quot;:&quot;0&quot;,&quot;title&quot;:&quot;&quot;,&quot;orientation&quot;:&quot;0&quot;}\" data-image-title=\"13320781_1120638448020144_5820636994380940205_o\" data-image-description=\"\" data-image-caption=\"\" data-medium-file=\"https:\/\/wp.ufpel.edu.br\/malg\/files\/2014\/10\/13320781_1120638448020144_5820636994380940205_o-225x318.jpg\" data-large-file=\"https:\/\/wp.ufpel.edu.br\/malg\/files\/2014\/10\/13320781_1120638448020144_5820636994380940205_o-842x220.jpg\" class=\"size-full wp-image-370 aligncenter\" src=\"https:\/\/wp.ufpel.edu.br\/malg\/files\/2014\/10\/13320781_1120638448020144_5820636994380940205_o.jpg\" alt=\"13320781_1120638448020144_5820636994380940205_o\" width=\"842\" height=\"1191\" srcset=\"https:\/\/wp.ufpel.edu.br\/malg\/files\/2014\/10\/13320781_1120638448020144_5820636994380940205_o.jpg 842w, https:\/\/wp.ufpel.edu.br\/malg\/files\/2014\/10\/13320781_1120638448020144_5820636994380940205_o-112x159.jpg 112w, https:\/\/wp.ufpel.edu.br\/malg\/files\/2014\/10\/13320781_1120638448020144_5820636994380940205_o-225x318.jpg 225w, https:\/\/wp.ufpel.edu.br\/malg\/files\/2014\/10\/13320781_1120638448020144_5820636994380940205_o-768x1086.jpg 768w\" sizes=\"auto, (max-width: 842px) 100vw, 842px\" \/><\/a><\/span><\/div>\n<\/div>\n<div style=\"text-align: justify\">\n<div>\n<div><span style=\"font-family: helvetica, arial, sans-serif;font-size: 12pt\"><strong>CURSOS SaMALG<\/strong><\/span><\/div>\n<div><span style=\"font-family: helvetica, arial, sans-serif;font-size: 12pt\">Est\u00e3o abertas as inscri\u00e7\u00f5es para o curso de <i>Fundamentos de Desenho: natureza morta a carv\u00e3o<\/i>, do artista Eduardo Barbosa.O Curso ocorrer\u00e1 aos s\u00e1bados, nos dias 25 de junho, 02, 09 e 16 de julho, das 14h \u00e0s 18h, no Museu de Arte Leopoldo Gotuzzo (General Os\u00f3rio, 725, esquina General Neto).<\/span><\/div>\n<\/div>\n<div>\n<p><span style=\"font-family: helvetica, arial, sans-serif;font-size: 12pt\"><b>Sobre o ministrante:<\/b> Eduardo Barbosa \u00e9 artista pl\u00e1stico e arte-educador, com experi\u00eancia no campo do design e na produ\u00e7\u00e3o de conte\u00fado visual para m\u00eddias digitais. Estudante de Artes Visuais pela Universidade Federal de Pelotas. J\u00e1 na inf\u00e2ncia seu fasc\u00ednio pelo desenho fez com que decidisse pela carreira art\u00edstica. Em seu trabalho recente, resultado de sua pesquisa da representa\u00e7\u00e3o da figura humana, o carv\u00e3o \u00e9 constantemente utilizado tanto para estudos como para o desenvolvimento de obras. Atualmente atua como professor de desenho e pintura em seu ateli\u00ea na cidade de Pelotas.<\/span><\/p>\n<p><span style=\"font-family: helvetica, arial, sans-serif;font-size: 12pt\">Para conhecer mais o trabalho de Eduardo, acesse: <\/span><span style=\"font-family: helvetica, arial, sans-serif;font-size: 10pt\"><a href=\"https:\/\/www.behance.net\/eduardobokow\" target=\"_blank\" rel=\"noopener noreferrer\">https:\/\/www.behance.net\/eduardobokow<\/a><\/span><\/p>\n<\/div>\n<div><span style=\"font-family: helvetica, arial, sans-serif;font-size: 12pt\"><b>P\u00fablico-alvo: <\/b>interessados em desenho e acima de 12 anos de idade.<\/span><\/div>\n<div><span style=\"font-family: helvetica, arial, sans-serif;font-size: 12pt\"><b>Investimento: <\/b>R$ 220,00<\/span><\/div>\n<div><span style=\"font-family: helvetica, arial, sans-serif;font-size: 12pt\"><b>Inscri\u00e7\u00f5es atrav\u00e9s do e-mail:<\/b> cursomalg@gmail.com<\/span><\/div>\n<div><span style=\"font-family: helvetica, arial, sans-serif;font-size: 12pt\"><b>Somente 06 vagas.<\/b><\/span><\/div>\n<\/div>\n<div style=\"text-align: justify\"><\/div>\n<div style=\"text-align: justify\"><span style=\"font-family: helvetica, arial, sans-serif;font-size: 12pt\"><a href=\"https:\/\/wp.ufpel.edu.br\/malg\/cursos-e-seminarios\/fundamentos-do-desenho\/\" rel=\"attachment wp-att-364\"><img loading=\"lazy\" decoding=\"async\" data-attachment-id=\"364\" data-permalink=\"https:\/\/wp.ufpel.edu.br\/malg\/cursos-e-seminarios\/fundamentos-do-desenho\/#main\" data-orig-file=\"https:\/\/wp.ufpel.edu.br\/malg\/files\/2014\/10\/Fundamentos-do-Desenho.jpg\" data-orig-size=\"2480,2480\" data-comments-opened=\"0\" data-image-meta=\"{&quot;aperture&quot;:&quot;0&quot;,&quot;credit&quot;:&quot;&quot;,&quot;camera&quot;:&quot;&quot;,&quot;caption&quot;:&quot;&quot;,&quot;created_timestamp&quot;:&quot;0&quot;,&quot;copyright&quot;:&quot;&quot;,&quot;focal_length&quot;:&quot;0&quot;,&quot;iso&quot;:&quot;0&quot;,&quot;shutter_speed&quot;:&quot;0&quot;,&quot;title&quot;:&quot;&quot;,&quot;orientation&quot;:&quot;1&quot;}\" data-image-title=\"Fundamentos do Desenho\" data-image-description=\"\" data-image-caption=\"\" data-medium-file=\"https:\/\/wp.ufpel.edu.br\/malg\/files\/2014\/10\/Fundamentos-do-Desenho-318x318.jpg\" data-large-file=\"https:\/\/wp.ufpel.edu.br\/malg\/files\/2014\/10\/Fundamentos-do-Desenho-984x220.jpg\" class=\"size-full wp-image-364 aligncenter\" src=\"https:\/\/wp.ufpel.edu.br\/malg\/files\/2014\/10\/Fundamentos-do-Desenho.jpg\" alt=\"Fundamentos do Desenho\" width=\"2480\" height=\"2480\" srcset=\"https:\/\/wp.ufpel.edu.br\/malg\/files\/2014\/10\/Fundamentos-do-Desenho.jpg 2480w, https:\/\/wp.ufpel.edu.br\/malg\/files\/2014\/10\/Fundamentos-do-Desenho-159x159.jpg 159w, https:\/\/wp.ufpel.edu.br\/malg\/files\/2014\/10\/Fundamentos-do-Desenho-318x318.jpg 318w, https:\/\/wp.ufpel.edu.br\/malg\/files\/2014\/10\/Fundamentos-do-Desenho-768x768.jpg 768w\" sizes=\"auto, (max-width: 2480px) 100vw, 2480px\" \/><\/a><\/span><\/div>\n<div style=\"text-align: justify\"><\/div>\n<div style=\"text-align: justify\"><\/div>\n<div style=\"text-align: justify\"><\/div>\n<div style=\"text-align: justify\"><\/div>\n<div style=\"text-align: justify\"><\/div>\n<div style=\"text-align: justify\"><\/div>\n<div style=\"text-align: justify\"><\/div>\n<div style=\"text-align: justify\"><\/div>\n<p style=\"text-align: justify\">\n","protected":false},"excerpt":{"rendered":"<p>SEMIN\u00c1RIO FOT\u00d3GRAFOS HIST\u00d3RICOS Nos dias 6, 7 e 8 de Junho, o MALG receber\u00e1 o Semin\u00e1rio Fot\u00f3grafos Hist\u00f3ricos,\u00a0 [&hellip;]<\/p>\n","protected":false},"author":401,"featured_media":738,"parent":0,"menu_order":0,"comment_status":"closed","ping_status":"closed","template":"","meta":{"jetpack_post_was_ever_published":false,"footnotes":""},"class_list":["post-244","page","type-page","status-publish","has-post-thumbnail","hentry","post","post-with-thumbnail","post-with-thumbnail-large"],"yoast_head":"<!-- This site is optimized with the Yoast SEO plugin v26.7 - https:\/\/yoast.com\/wordpress\/plugins\/seo\/ -->\n<title>Cursos e Semin\u00e1rios &#8212; Museu de Arte Leopoldo Gotuzzo<\/title>\n<meta name=\"robots\" content=\"index, follow, max-snippet:-1, max-image-preview:large, max-video-preview:-1\" \/>\n<link rel=\"canonical\" href=\"https:\/\/wp.ufpel.edu.br\/malg\/cursos-e-seminarios\/\" \/>\n<meta property=\"og:locale\" content=\"pt_BR\" \/>\n<meta property=\"og:type\" content=\"article\" \/>\n<meta property=\"og:title\" content=\"Cursos e Semin\u00e1rios &#8212; Museu de Arte Leopoldo Gotuzzo\" \/>\n<meta property=\"og:description\" content=\"SEMIN\u00c1RIO FOT\u00d3GRAFOS HIST\u00d3RICOS Nos dias 6, 7 e 8 de Junho, o MALG receber\u00e1 o Semin\u00e1rio Fot\u00f3grafos Hist\u00f3ricos,\u00a0 [&hellip;]\" \/>\n<meta property=\"og:url\" content=\"https:\/\/wp.ufpel.edu.br\/malg\/cursos-e-seminarios\/\" \/>\n<meta property=\"og:site_name\" content=\"Museu de Arte Leopoldo Gotuzzo\" \/>\n<meta property=\"article:publisher\" content=\"https:\/\/www.facebook.com\/museuleopoldogotuzzo\/\" \/>\n<meta property=\"article:modified_time\" content=\"2019-05-15T17:23:23+00:00\" \/>\n<meta property=\"og:image\" content=\"https:\/\/i1.wp.com\/wp.ufpel.edu.br\/malg\/files\/2018\/06\/malg.jpg?fit=960%2C666&ssl=1\" \/>\n\t<meta property=\"og:image:width\" content=\"960\" \/>\n\t<meta property=\"og:image:height\" content=\"666\" \/>\n\t<meta property=\"og:image:type\" content=\"image\/jpeg\" \/>\n<meta name=\"twitter:card\" content=\"summary_large_image\" \/>\n<meta name=\"twitter:label1\" content=\"Est. tempo de leitura\" \/>\n\t<meta name=\"twitter:data1\" content=\"1 minuto\" \/>\n<script type=\"application\/ld+json\" class=\"yoast-schema-graph\">{\"@context\":\"https:\/\/schema.org\",\"@graph\":[{\"@type\":\"WebPage\",\"@id\":\"https:\/\/wp.ufpel.edu.br\/malg\/cursos-e-seminarios\/\",\"url\":\"https:\/\/wp.ufpel.edu.br\/malg\/cursos-e-seminarios\/\",\"name\":\"Cursos e Semin\u00e1rios &#8212; Museu de Arte Leopoldo Gotuzzo\",\"isPartOf\":{\"@id\":\"https:\/\/wp.ufpel.edu.br\/malg\/#website\"},\"primaryImageOfPage\":{\"@id\":\"https:\/\/wp.ufpel.edu.br\/malg\/cursos-e-seminarios\/#primaryimage\"},\"image\":{\"@id\":\"https:\/\/wp.ufpel.edu.br\/malg\/cursos-e-seminarios\/#primaryimage\"},\"thumbnailUrl\":\"https:\/\/wp.ufpel.edu.br\/malg\/files\/2018\/06\/malg.jpg\",\"datePublished\":\"2014-10-10T18:45:18+00:00\",\"dateModified\":\"2019-05-15T17:23:23+00:00\",\"breadcrumb\":{\"@id\":\"https:\/\/wp.ufpel.edu.br\/malg\/cursos-e-seminarios\/#breadcrumb\"},\"inLanguage\":\"pt-BR\",\"potentialAction\":[{\"@type\":\"ReadAction\",\"target\":[\"https:\/\/wp.ufpel.edu.br\/malg\/cursos-e-seminarios\/\"]}]},{\"@type\":\"ImageObject\",\"inLanguage\":\"pt-BR\",\"@id\":\"https:\/\/wp.ufpel.edu.br\/malg\/cursos-e-seminarios\/#primaryimage\",\"url\":\"https:\/\/wp.ufpel.edu.br\/malg\/files\/2018\/06\/malg.jpg\",\"contentUrl\":\"https:\/\/wp.ufpel.edu.br\/malg\/files\/2018\/06\/malg.jpg\",\"width\":960,\"height\":666},{\"@type\":\"BreadcrumbList\",\"@id\":\"https:\/\/wp.ufpel.edu.br\/malg\/cursos-e-seminarios\/#breadcrumb\",\"itemListElement\":[{\"@type\":\"ListItem\",\"position\":1,\"name\":\"In\u00edcio\",\"item\":\"https:\/\/wp.ufpel.edu.br\/malg\/\"},{\"@type\":\"ListItem\",\"position\":2,\"name\":\"Cursos e Semin\u00e1rios\"}]},{\"@type\":\"WebSite\",\"@id\":\"https:\/\/wp.ufpel.edu.br\/malg\/#website\",\"url\":\"https:\/\/wp.ufpel.edu.br\/malg\/\",\"name\":\"Museu de Arte Leopoldo Gotuzzo\",\"description\":\"\",\"publisher\":{\"@id\":\"https:\/\/wp.ufpel.edu.br\/malg\/#organization\"},\"potentialAction\":[{\"@type\":\"SearchAction\",\"target\":{\"@type\":\"EntryPoint\",\"urlTemplate\":\"https:\/\/wp.ufpel.edu.br\/malg\/?s={search_term_string}\"},\"query-input\":{\"@type\":\"PropertyValueSpecification\",\"valueRequired\":true,\"valueName\":\"search_term_string\"}}],\"inLanguage\":\"pt-BR\"},{\"@type\":\"Organization\",\"@id\":\"https:\/\/wp.ufpel.edu.br\/malg\/#organization\",\"name\":\"MALG _ Museu de Arte Leopoldo Gotuzzo\",\"url\":\"https:\/\/wp.ufpel.edu.br\/malg\/\",\"logo\":{\"@type\":\"ImageObject\",\"inLanguage\":\"pt-BR\",\"@id\":\"https:\/\/wp.ufpel.edu.br\/malg\/#\/schema\/logo\/image\/\",\"url\":\"https:\/\/i0.wp.com\/wp.ufpel.edu.br\/malg\/files\/2020\/03\/01.png?fit=1240%2C476&ssl=1\",\"contentUrl\":\"https:\/\/i0.wp.com\/wp.ufpel.edu.br\/malg\/files\/2020\/03\/01.png?fit=1240%2C476&ssl=1\",\"width\":1240,\"height\":476,\"caption\":\"MALG _ Museu de Arte Leopoldo Gotuzzo\"},\"image\":{\"@id\":\"https:\/\/wp.ufpel.edu.br\/malg\/#\/schema\/logo\/image\/\"},\"sameAs\":[\"https:\/\/www.facebook.com\/museuleopoldogotuzzo\/\",\"https:\/\/www.instagram.com\/malg.ufpel\/\",\"https:\/\/www.youtube.com\/@MALG_UFPel\"]}]}<\/script>\n<!-- \/ Yoast SEO plugin. -->","yoast_head_json":{"title":"Cursos e Semin\u00e1rios &#8212; Museu de Arte Leopoldo Gotuzzo","robots":{"index":"index","follow":"follow","max-snippet":"max-snippet:-1","max-image-preview":"max-image-preview:large","max-video-preview":"max-video-preview:-1"},"canonical":"https:\/\/wp.ufpel.edu.br\/malg\/cursos-e-seminarios\/","og_locale":"pt_BR","og_type":"article","og_title":"Cursos e Semin\u00e1rios &#8212; Museu de Arte Leopoldo Gotuzzo","og_description":"SEMIN\u00c1RIO FOT\u00d3GRAFOS HIST\u00d3RICOS Nos dias 6, 7 e 8 de Junho, o MALG receber\u00e1 o Semin\u00e1rio Fot\u00f3grafos Hist\u00f3ricos,\u00a0 [&hellip;]","og_url":"https:\/\/wp.ufpel.edu.br\/malg\/cursos-e-seminarios\/","og_site_name":"Museu de Arte Leopoldo Gotuzzo","article_publisher":"https:\/\/www.facebook.com\/museuleopoldogotuzzo\/","article_modified_time":"2019-05-15T17:23:23+00:00","og_image":[{"width":960,"height":666,"url":"https:\/\/i1.wp.com\/wp.ufpel.edu.br\/malg\/files\/2018\/06\/malg.jpg?fit=960%2C666&ssl=1","type":"image\/jpeg"}],"twitter_card":"summary_large_image","twitter_misc":{"Est. tempo de leitura":"1 minuto"},"schema":{"@context":"https:\/\/schema.org","@graph":[{"@type":"WebPage","@id":"https:\/\/wp.ufpel.edu.br\/malg\/cursos-e-seminarios\/","url":"https:\/\/wp.ufpel.edu.br\/malg\/cursos-e-seminarios\/","name":"Cursos e Semin\u00e1rios &#8212; Museu de Arte Leopoldo Gotuzzo","isPartOf":{"@id":"https:\/\/wp.ufpel.edu.br\/malg\/#website"},"primaryImageOfPage":{"@id":"https:\/\/wp.ufpel.edu.br\/malg\/cursos-e-seminarios\/#primaryimage"},"image":{"@id":"https:\/\/wp.ufpel.edu.br\/malg\/cursos-e-seminarios\/#primaryimage"},"thumbnailUrl":"https:\/\/wp.ufpel.edu.br\/malg\/files\/2018\/06\/malg.jpg","datePublished":"2014-10-10T18:45:18+00:00","dateModified":"2019-05-15T17:23:23+00:00","breadcrumb":{"@id":"https:\/\/wp.ufpel.edu.br\/malg\/cursos-e-seminarios\/#breadcrumb"},"inLanguage":"pt-BR","potentialAction":[{"@type":"ReadAction","target":["https:\/\/wp.ufpel.edu.br\/malg\/cursos-e-seminarios\/"]}]},{"@type":"ImageObject","inLanguage":"pt-BR","@id":"https:\/\/wp.ufpel.edu.br\/malg\/cursos-e-seminarios\/#primaryimage","url":"https:\/\/wp.ufpel.edu.br\/malg\/files\/2018\/06\/malg.jpg","contentUrl":"https:\/\/wp.ufpel.edu.br\/malg\/files\/2018\/06\/malg.jpg","width":960,"height":666},{"@type":"BreadcrumbList","@id":"https:\/\/wp.ufpel.edu.br\/malg\/cursos-e-seminarios\/#breadcrumb","itemListElement":[{"@type":"ListItem","position":1,"name":"In\u00edcio","item":"https:\/\/wp.ufpel.edu.br\/malg\/"},{"@type":"ListItem","position":2,"name":"Cursos e Semin\u00e1rios"}]},{"@type":"WebSite","@id":"https:\/\/wp.ufpel.edu.br\/malg\/#website","url":"https:\/\/wp.ufpel.edu.br\/malg\/","name":"Museu de Arte Leopoldo Gotuzzo","description":"","publisher":{"@id":"https:\/\/wp.ufpel.edu.br\/malg\/#organization"},"potentialAction":[{"@type":"SearchAction","target":{"@type":"EntryPoint","urlTemplate":"https:\/\/wp.ufpel.edu.br\/malg\/?s={search_term_string}"},"query-input":{"@type":"PropertyValueSpecification","valueRequired":true,"valueName":"search_term_string"}}],"inLanguage":"pt-BR"},{"@type":"Organization","@id":"https:\/\/wp.ufpel.edu.br\/malg\/#organization","name":"MALG _ Museu de Arte Leopoldo Gotuzzo","url":"https:\/\/wp.ufpel.edu.br\/malg\/","logo":{"@type":"ImageObject","inLanguage":"pt-BR","@id":"https:\/\/wp.ufpel.edu.br\/malg\/#\/schema\/logo\/image\/","url":"https:\/\/i0.wp.com\/wp.ufpel.edu.br\/malg\/files\/2020\/03\/01.png?fit=1240%2C476&ssl=1","contentUrl":"https:\/\/i0.wp.com\/wp.ufpel.edu.br\/malg\/files\/2020\/03\/01.png?fit=1240%2C476&ssl=1","width":1240,"height":476,"caption":"MALG _ Museu de Arte Leopoldo Gotuzzo"},"image":{"@id":"https:\/\/wp.ufpel.edu.br\/malg\/#\/schema\/logo\/image\/"},"sameAs":["https:\/\/www.facebook.com\/museuleopoldogotuzzo\/","https:\/\/www.instagram.com\/malg.ufpel\/","https:\/\/www.youtube.com\/@MALG_UFPel"]}]}},"jetpack_sharing_enabled":true,"jetpack_shortlink":"https:\/\/wp.me\/P89KnE-3W","_links":{"self":[{"href":"https:\/\/wp.ufpel.edu.br\/malg\/wp-json\/wp\/v2\/pages\/244","targetHints":{"allow":["GET"]}}],"collection":[{"href":"https:\/\/wp.ufpel.edu.br\/malg\/wp-json\/wp\/v2\/pages"}],"about":[{"href":"https:\/\/wp.ufpel.edu.br\/malg\/wp-json\/wp\/v2\/types\/page"}],"author":[{"embeddable":true,"href":"https:\/\/wp.ufpel.edu.br\/malg\/wp-json\/wp\/v2\/users\/401"}],"replies":[{"embeddable":true,"href":"https:\/\/wp.ufpel.edu.br\/malg\/wp-json\/wp\/v2\/comments?post=244"}],"version-history":[{"count":21,"href":"https:\/\/wp.ufpel.edu.br\/malg\/wp-json\/wp\/v2\/pages\/244\/revisions"}],"predecessor-version":[{"id":1023,"href":"https:\/\/wp.ufpel.edu.br\/malg\/wp-json\/wp\/v2\/pages\/244\/revisions\/1023"}],"wp:featuredmedia":[{"embeddable":true,"href":"https:\/\/wp.ufpel.edu.br\/malg\/wp-json\/wp\/v2\/media\/738"}],"wp:attachment":[{"href":"https:\/\/wp.ufpel.edu.br\/malg\/wp-json\/wp\/v2\/media?parent=244"}],"curies":[{"name":"wp","href":"https:\/\/api.w.org\/{rel}","templated":true}]}}