{"id":23,"date":"2014-06-04T10:12:04","date_gmt":"2014-06-04T13:12:04","guid":{"rendered":"https:\/\/wp.ufpel.edu.br\/malg\/?page_id=23"},"modified":"2020-03-26T19:57:01","modified_gmt":"2020-03-26T22:57:01","slug":"biblioteca-pesquisa-e-documentacao-a-l","status":"publish","type":"page","link":"https:\/\/wp.ufpel.edu.br\/malg\/biblioteca-pesquisa-e-documentacao-a-l\/","title":{"rendered":"Biblioteca | A &#8211; L"},"content":{"rendered":"\n<figure class=\"wp-block-table is-style-stripes\"><table class=\"\"><tbody><tr><td class=\"has-text-align-left\" data-align=\"left\"><strong>T\u00edtulo<\/strong><\/td><td><strong>Autor \/ Organizador<\/strong><\/td><td class=\"has-text-align-center\" data-align=\"center\"><strong>N\u00ba do Registro <\/strong><\/td><\/tr><tr><td class=\"has-text-align-left\" data-align=\"left\">_<\/td><td><\/td><td class=\"has-text-align-center\" data-align=\"center\"><\/td><\/tr><tr><td class=\"has-text-align-left\" data-align=\"left\"><strong>A<\/strong><\/td><td><\/td><td class=\"has-text-align-center\" data-align=\"center\"><\/td><\/tr><tr><td class=\"has-text-align-left\" data-align=\"left\">A Arte de Jo\u00e3o Turin<\/td><td>Turin, Elisabete<\/td><td class=\"has-text-align-center\" data-align=\"center\">75<\/td><\/tr><tr><td class=\"has-text-align-left\" data-align=\"left\">A arte sob o olhar de DJANIRA<\/td><td>Cole\u00e7\u00e3o Museu Nacional de Belas Artes<\/td><td class=\"has-text-align-center\" data-align=\"center\">81<\/td><\/tr><tr><td class=\"has-text-align-left\" data-align=\"left\">Abstra\u00e7\u00e3o Geom\u00e9trica 2<\/td><td>Projeto Arte Brasileira \/ Minist\u00e9rio da Cultura<\/td><td class=\"has-text-align-center\" data-align=\"center\">498<\/td><\/tr><tr><td class=\"has-text-align-left\" data-align=\"left\">Acervo-Instituto de Artes 90 Anos<\/td><td>Uniarte<\/td><td class=\"has-text-align-center\" data-align=\"center\">387<\/td><\/tr><tr><td class=\"has-text-align-left\" data-align=\"left\">Acervo M\u00e1rio de Andrade<\/td><td>Universidade de S\u00e3o Paulo<\/td><td class=\"has-text-align-center\" data-align=\"center\">415<\/td><\/tr><tr><td class=\"has-text-align-left\" data-align=\"left\">A Constante Barroca na Arte Brasileira<\/td><td>Castedo, Leopoldo<\/td><td class=\"has-text-align-center\" data-align=\"center\">93<\/td><\/tr><tr><td class=\"has-text-align-left\" data-align=\"left\">Adriana Varej\u00e3o<\/td><td>Centro Cultural Banco do Brasil<\/td><td class=\"has-text-align-center\" data-align=\"center\">436<\/td><\/tr><tr><td class=\"has-text-align-left\" data-align=\"left\">A Escultura de Ant\u00f4nio Caringi,&nbsp;Conhecimento,&nbsp; T\u00e9cnica e Arte<\/td><td>Paix\u00e3o, Antonina<\/td><td class=\"has-text-align-center\" data-align=\"center\">84<\/td><\/tr><tr><td class=\"has-text-align-left\" data-align=\"left\">A Fascinante Civiliza\u00e7\u00e3o da China<\/td><td>Santa Rosa, Nereide Schilaro<\/td><td class=\"has-text-align-center\" data-align=\"center\">205<\/td><\/tr><tr><td class=\"has-text-align-left\" data-align=\"left\">A gest\u00e3o da informa\u00e7\u00e3o: arquivos\/inform\u00e1tica aplicada<\/td><td>Lopes, Lu\u00eds Carlos<\/td><td class=\"has-text-align-center\" data-align=\"center\">370<\/td><\/tr><tr><td class=\"has-text-align-left\" data-align=\"left\">A Gravura Contempor\u00e2nea no Rio Grande do Sul \u2013 1900 a 1960<\/td><td>Scarinci, Carlos<\/td><td class=\"has-text-align-center\" data-align=\"center\">304<\/td><\/tr><tr><td class=\"has-text-align-left\" data-align=\"left\">A Gravura no Rio Grande do Sul \u2013 1900 \u2013 1980<\/td><td>Scarinci, Carlos<\/td><td class=\"has-text-align-center\" data-align=\"center\">242<\/td><\/tr><tr><td class=\"has-text-align-left\" data-align=\"left\">Aldo Locatelli \u201cCatedral S\u00e3o Francisco de Paula\u201d<\/td><td>Castilho, Maria Alice Kappel<\/td><td class=\"has-text-align-center\" data-align=\"center\">148<\/td><\/tr><tr><td class=\"has-text-align-left\" data-align=\"left\">Ado Malagoli \u2013 Tradi\u00e7\u00e3o e Modernidade<\/td><td>Brites, Blanca; Avancine,Jos\u00e9 A.<\/td><td class=\"has-text-align-center\" data-align=\"center\">282<\/td><\/tr><tr><td class=\"has-text-align-left\" data-align=\"left\">A Persist\u00eancia da Pintura<\/td><td>V Bienal do Mercosul<\/td><td class=\"has-text-align-center\" data-align=\"center\">283<\/td><\/tr><tr><td class=\"has-text-align-left\" data-align=\"left\">A La D\u00e9couverte \u2013 De L`Art Dans Les Mus\u00e9es de Paris<\/td><td>Crespelle, Jean Paul<\/td><td class=\"has-text-align-center\" data-align=\"center\">40<\/td><\/tr><tr><td class=\"has-text-align-left\" data-align=\"left\">Amadeu D\u2019\u00c1vila e As Pequenas B\u00fassolas Celestes<\/td><td>Castro, Luiz Paiva de<\/td><td class=\"has-text-align-center\" data-align=\"center\">461<\/td><\/tr><tr><td class=\"has-text-align-left\" data-align=\"left\">A Mulher e o Feminino na Pintura Brasileira<\/td><td>Acervo-Galeria de Arte-R.Janeiro<\/td><td class=\"has-text-align-center\" data-align=\"center\">168<\/td><\/tr><tr><td class=\"has-text-align-left\" data-align=\"left\">ANAIS da III Jornada Universit\u00e1ria<\/td><td>ADUFPel<\/td><td class=\"has-text-align-center\" data-align=\"center\">407<\/td><\/tr><tr><td class=\"has-text-align-left\" data-align=\"left\">ANAIS\/ III F\u00f3rum Estadual de Museus \u2013 RS (2)<\/td><td>Secretaria de Cultura do Estado do Rio Grande do Sul<\/td><td class=\"has-text-align-center\" data-align=\"center\">373<\/td><\/tr><tr><td class=\"has-text-align-left\" data-align=\"left\">Ana Norogrando \u2013 Obras 1968\/2013<\/td><td>Secretaria Estadual de Cultura do RS<\/td><td class=\"has-text-align-center\" data-align=\"center\">508<\/td><\/tr><tr><td class=\"has-text-align-left\" data-align=\"left\">Antanas Sutkus \u2013 um olhar livre<\/td><td>CEF Cultural<\/td><td class=\"has-text-align-center\" data-align=\"center\">483<\/td><\/tr><tr><td class=\"has-text-align-left\" data-align=\"left\">Antiguidades do Brasil<\/td><td>Machado, Paulo Affonso de C.<\/td><td class=\"has-text-align-center\" data-align=\"center\">260<\/td><\/tr><tr><td class=\"has-text-align-left\" data-align=\"left\">Ant\u00f4nio Berni<\/td><td>Museu de Arte\/RS Ado Malagoli<\/td><td class=\"has-text-align-center\" data-align=\"center\">120<\/td><\/tr><tr><td class=\"has-text-align-left\" data-align=\"left\">Antonio Caringi<\/td><td>Moreyra, \u00c1lvaro<\/td><td class=\"has-text-align-center\" data-align=\"center\">110<\/td><\/tr><tr><td class=\"has-text-align-left\" data-align=\"left\">Antonio Caringi<\/td><td>Sociedade Felippe D\u2019Oliveira<\/td><td class=\"has-text-align-center\" data-align=\"center\">159<\/td><\/tr><tr><td class=\"has-text-align-left\" data-align=\"left\">Antonio Caringi \u2013 O Escultor do Rio Grande do Sul<\/td><td>Till , Rodrigues<\/td><td class=\"has-text-align-center\" data-align=\"center\">272<\/td><\/tr><tr><td class=\"has-text-align-left\" data-align=\"left\">Anu\u00e1rio Estat\u00edstico da\u00a0 UFPel de 1996<\/td><td>Universidade Federal de Pelotas<\/td><td class=\"has-text-align-center\" data-align=\"center\">398<\/td><\/tr><tr><td class=\"has-text-align-left\" data-align=\"left\">A Paisagem Brasileira<\/td><td>Sociedade.dos Amigos de Arte de S\u00e3o Paulo<\/td><td class=\"has-text-align-center\" data-align=\"center\">160<\/td><\/tr><tr><td class=\"has-text-align-left\" data-align=\"left\">Apoio \u00e0 Cultura, Educa\u00e7\u00e3o e Promo\u00e7\u00e3o Social \u2013 Relat\u00f3rio 2004<\/td><td>VITAE<\/td><td class=\"has-text-align-center\" data-align=\"center\">389<\/td><\/tr><tr><td class=\"has-text-align-left\" data-align=\"left\">Aprendendo a Ver<\/td><td>Cole\u00e7\u00e3o Roberto Marinho<\/td><td class=\"has-text-align-center\" data-align=\"center\">379<\/td><\/tr><tr><td class=\"has-text-align-left\" data-align=\"left\">Aquisi\u00e7\u00f5es 1999 \u2013 2002<\/td><td>Museu de Arte\/RS Ado Malagoli<\/td><td class=\"has-text-align-center\" data-align=\"center\">140<\/td><\/tr><tr><td class=\"has-text-align-left\" data-align=\"left\">Arminda Lopes<\/td><td>Museu de Arte do Rio Grande do Sul<\/td><td class=\"has-text-align-center\" data-align=\"center\">208<\/td><\/tr><tr><td class=\"has-text-align-left\" data-align=\"left\">Arquivo Vivo<\/td><td>Secretaria de Cultura do Governo de S\u00e3o Paulo<\/td><td class=\"has-text-align-center\" data-align=\"center\">493<\/td><\/tr><tr><td class=\"has-text-align-left\" data-align=\"left\">\u201cArs moriendi\u201d<\/td><td>Kickh\u00f6fel, Eduardo<\/td><td class=\"has-text-align-center\" data-align=\"center\">430<\/td><\/tr><tr><td class=\"has-text-align-left\" data-align=\"left\">Arte Ass\u00edrio Babil\u00f4nica<\/td><td>Unger, Eckhard<\/td><td class=\"has-text-align-center\" data-align=\"center\">52<\/td><\/tr><tr><td class=\"has-text-align-left\" data-align=\"left\">Arte Contempor\u00e2nea do Senegal<\/td><td>Assane, Secke<\/td><td class=\"has-text-align-center\" data-align=\"center\">147<\/td><\/tr><tr><td class=\"has-text-align-left\" data-align=\"left\">Arte e Comunica\u00e7\u00e3o<\/td><td>Klintowitz, Jacob<\/td><td class=\"has-text-align-center\" data-align=\"center\">309<\/td><\/tr><tr><td class=\"has-text-align-left\" data-align=\"left\">Arte e Filosofia<\/td><td>Le\u00e3o, Emanoel Carneiro<\/td><td class=\"has-text-align-center\" data-align=\"center\">146<\/td><\/tr><tr><td class=\"has-text-align-left\" data-align=\"left\">Arte Ga\u00facha Contempor\u00e2nea<\/td><td>Inst.Est.de Artes Visuais \u2013 RS<\/td><td class=\"has-text-align-center\" data-align=\"center\">80<\/td><\/tr><tr><td class=\"has-text-align-left\" data-align=\"left\">Arte Ga\u00facha\/74<\/td><td>DAC-Depart.de Assuntos Culturais<\/td><td class=\"has-text-align-center\" data-align=\"center\">348<\/td><\/tr><tr><td class=\"has-text-align-left\" data-align=\"left\">Arte Litogr\u00e1fica Del Cone Sur<\/td><td>Museo de Huelva<\/td><td class=\"has-text-align-center\" data-align=\"center\">475<\/td><\/tr><tr><td class=\"has-text-align-left\" data-align=\"left\">Arte nos S\u00e9culos \u2013 Vol. 1- da Pr\u00e9-Hist\u00f3ria ao Classicismo<\/td><td>Civita, Victor<\/td><td class=\"has-text-align-center\" data-align=\"center\">216<\/td><\/tr><tr><td class=\"has-text-align-left\" data-align=\"left\"><\/td><td>Civita, Victor<\/td><td class=\"has-text-align-center\" data-align=\"center\">217<\/td><\/tr><tr><td class=\"has-text-align-left\" data-align=\"left\"><\/td><td>Civita, Victor<\/td><td class=\"has-text-align-center\" data-align=\"center\">218<\/td><\/tr><tr><td class=\"has-text-align-left\" data-align=\"left\"><\/td><td>Civita, Victor<\/td><td class=\"has-text-align-center\" data-align=\"center\">219<\/td><\/tr><tr><td class=\"has-text-align-left\" data-align=\"left\"><\/td><td>Civita, Victor<\/td><td class=\"has-text-align-center\" data-align=\"center\">220<\/td><\/tr><tr><td class=\"has-text-align-left\" data-align=\"left\"><\/td><td>Civita, Victor<\/td><td class=\"has-text-align-center\" data-align=\"center\">221<\/td><\/tr><tr><td class=\"has-text-align-left\" data-align=\"left\"><\/td><td>Civita, Victor<\/td><td class=\"has-text-align-center\" data-align=\"center\">222<\/td><\/tr><tr><td class=\"has-text-align-left\" data-align=\"left\"><\/td><td>Civita, Victor<\/td><td class=\"has-text-align-center\" data-align=\"center\">223<\/td><\/tr><tr><td class=\"has-text-align-left\" data-align=\"left\"><\/td><td><\/td><td class=\"has-text-align-center\" data-align=\"center\"><\/td><\/tr><tr><td class=\"has-text-align-left\" data-align=\"left\"><\/td><td><\/td><td class=\"has-text-align-center\" data-align=\"center\"><\/td><\/tr><tr><td class=\"has-text-align-left\" data-align=\"left\"><\/td><td><\/td><td class=\"has-text-align-center\" data-align=\"center\"><\/td><\/tr><tr><td class=\"has-text-align-left\" data-align=\"left\"><\/td><td><\/td><td class=\"has-text-align-center\" data-align=\"center\"><\/td><\/tr><tr><td class=\"has-text-align-left\" data-align=\"left\"><\/td><td><\/td><td class=\"has-text-align-center\" data-align=\"center\"><\/td><\/tr><tr><td class=\"has-text-align-left\" data-align=\"left\"><\/td><td><\/td><td class=\"has-text-align-center\" data-align=\"center\"><\/td><\/tr><tr><td class=\"has-text-align-left\" data-align=\"left\"><\/td><td><\/td><td class=\"has-text-align-center\" data-align=\"center\"><\/td><\/tr><tr><td class=\"has-text-align-left\" data-align=\"left\"><\/td><td><\/td><td class=\"has-text-align-center\" data-align=\"center\"><\/td><\/tr><tr><td class=\"has-text-align-left\" data-align=\"left\"><\/td><td><\/td><td class=\"has-text-align-center\" data-align=\"center\"><\/td><\/tr><tr><td class=\"has-text-align-left\" data-align=\"left\"><\/td><td><\/td><td class=\"has-text-align-center\" data-align=\"center\"><\/td><\/tr><tr><td class=\"has-text-align-left\" data-align=\"left\"><\/td><td><\/td><td class=\"has-text-align-center\" data-align=\"center\"><\/td><\/tr><tr><td class=\"has-text-align-left\" data-align=\"left\"><\/td><td><\/td><td class=\"has-text-align-center\" data-align=\"center\"><\/td><\/tr><tr><td class=\"has-text-align-left\" data-align=\"left\"><\/td><td><\/td><td class=\"has-text-align-center\" data-align=\"center\"><\/td><\/tr><tr><td class=\"has-text-align-left\" data-align=\"left\"><\/td><td><\/td><td class=\"has-text-align-center\" data-align=\"center\"><\/td><\/tr><tr><td class=\"has-text-align-left\" data-align=\"left\"><\/td><td><\/td><td class=\"has-text-align-center\" data-align=\"center\"><\/td><\/tr><\/tbody><\/table><\/figure>\n","protected":false},"excerpt":{"rendered":"<p>T\u00edtulo Autor \/ Organizador N\u00ba do Registro _ A A Arte de Jo\u00e3o Turin Turin, Elisabete 75 A [&hellip;]<\/p>\n","protected":false},"author":401,"featured_media":793,"parent":0,"menu_order":0,"comment_status":"closed","ping_status":"closed","template":"","meta":{"jetpack_post_was_ever_published":false,"footnotes":""},"class_list":["post-23","page","type-page","status-publish","has-post-thumbnail","hentry","post","post-with-thumbnail","post-with-thumbnail-large"],"yoast_head":"<!-- This site is optimized with the Yoast SEO plugin v26.7 - https:\/\/yoast.com\/wordpress\/plugins\/seo\/ -->\n<title>Biblioteca | A - L &#8212; Museu de Arte Leopoldo Gotuzzo<\/title>\n<meta name=\"robots\" content=\"index, follow, max-snippet:-1, max-image-preview:large, max-video-preview:-1\" \/>\n<link rel=\"canonical\" href=\"https:\/\/wp.ufpel.edu.br\/malg\/biblioteca-pesquisa-e-documentacao-a-l\/\" \/>\n<meta property=\"og:locale\" content=\"pt_BR\" \/>\n<meta property=\"og:type\" content=\"article\" \/>\n<meta property=\"og:title\" content=\"Biblioteca | A - L &#8212; Museu de Arte Leopoldo Gotuzzo\" \/>\n<meta property=\"og:description\" content=\"T\u00edtulo Autor \/ Organizador N\u00ba do Registro _ A A Arte de Jo\u00e3o Turin Turin, Elisabete 75 A [&hellip;]\" \/>\n<meta property=\"og:url\" content=\"https:\/\/wp.ufpel.edu.br\/malg\/biblioteca-pesquisa-e-documentacao-a-l\/\" \/>\n<meta property=\"og:site_name\" content=\"Museu de Arte Leopoldo Gotuzzo\" \/>\n<meta property=\"article:publisher\" content=\"https:\/\/www.facebook.com\/museuleopoldogotuzzo\/\" \/>\n<meta property=\"article:modified_time\" content=\"2020-03-26T22:57:01+00:00\" \/>\n<meta property=\"og:image\" content=\"https:\/\/wp.ufpel.edu.br\/malg\/files\/2019\/04\/MALG-fragemtos-de-memoria-984x220.jpg\" \/>\n\t<meta property=\"og:image:width\" content=\"984\" \/>\n\t<meta property=\"og:image:height\" content=\"220\" \/>\n\t<meta property=\"og:image:type\" content=\"image\/jpeg\" \/>\n<meta name=\"twitter:card\" content=\"summary_large_image\" \/>\n<meta name=\"twitter:label1\" content=\"Est. tempo de leitura\" \/>\n\t<meta name=\"twitter:data1\" content=\"2 minutos\" \/>\n<script type=\"application\/ld+json\" class=\"yoast-schema-graph\">{\"@context\":\"https:\/\/schema.org\",\"@graph\":[{\"@type\":\"WebPage\",\"@id\":\"https:\/\/wp.ufpel.edu.br\/malg\/biblioteca-pesquisa-e-documentacao-a-l\/\",\"url\":\"https:\/\/wp.ufpel.edu.br\/malg\/biblioteca-pesquisa-e-documentacao-a-l\/\",\"name\":\"Biblioteca | A - L &#8212; Museu de Arte Leopoldo Gotuzzo\",\"isPartOf\":{\"@id\":\"https:\/\/wp.ufpel.edu.br\/malg\/#website\"},\"primaryImageOfPage\":{\"@id\":\"https:\/\/wp.ufpel.edu.br\/malg\/biblioteca-pesquisa-e-documentacao-a-l\/#primaryimage\"},\"image\":{\"@id\":\"https:\/\/wp.ufpel.edu.br\/malg\/biblioteca-pesquisa-e-documentacao-a-l\/#primaryimage\"},\"thumbnailUrl\":\"https:\/\/wp.ufpel.edu.br\/malg\/files\/2019\/04\/MALG-fragemtos-de-memoria.jpg\",\"datePublished\":\"2014-06-04T13:12:04+00:00\",\"dateModified\":\"2020-03-26T22:57:01+00:00\",\"breadcrumb\":{\"@id\":\"https:\/\/wp.ufpel.edu.br\/malg\/biblioteca-pesquisa-e-documentacao-a-l\/#breadcrumb\"},\"inLanguage\":\"pt-BR\",\"potentialAction\":[{\"@type\":\"ReadAction\",\"target\":[\"https:\/\/wp.ufpel.edu.br\/malg\/biblioteca-pesquisa-e-documentacao-a-l\/\"]}]},{\"@type\":\"ImageObject\",\"inLanguage\":\"pt-BR\",\"@id\":\"https:\/\/wp.ufpel.edu.br\/malg\/biblioteca-pesquisa-e-documentacao-a-l\/#primaryimage\",\"url\":\"https:\/\/wp.ufpel.edu.br\/malg\/files\/2019\/04\/MALG-fragemtos-de-memoria.jpg\",\"contentUrl\":\"https:\/\/wp.ufpel.edu.br\/malg\/files\/2019\/04\/MALG-fragemtos-de-memoria.jpg\",\"width\":5828,\"height\":3885},{\"@type\":\"BreadcrumbList\",\"@id\":\"https:\/\/wp.ufpel.edu.br\/malg\/biblioteca-pesquisa-e-documentacao-a-l\/#breadcrumb\",\"itemListElement\":[{\"@type\":\"ListItem\",\"position\":1,\"name\":\"In\u00edcio\",\"item\":\"https:\/\/wp.ufpel.edu.br\/malg\/\"},{\"@type\":\"ListItem\",\"position\":2,\"name\":\"Biblioteca | A &#8211; L\"}]},{\"@type\":\"WebSite\",\"@id\":\"https:\/\/wp.ufpel.edu.br\/malg\/#website\",\"url\":\"https:\/\/wp.ufpel.edu.br\/malg\/\",\"name\":\"Museu de Arte Leopoldo Gotuzzo\",\"description\":\"\",\"publisher\":{\"@id\":\"https:\/\/wp.ufpel.edu.br\/malg\/#organization\"},\"potentialAction\":[{\"@type\":\"SearchAction\",\"target\":{\"@type\":\"EntryPoint\",\"urlTemplate\":\"https:\/\/wp.ufpel.edu.br\/malg\/?s={search_term_string}\"},\"query-input\":{\"@type\":\"PropertyValueSpecification\",\"valueRequired\":true,\"valueName\":\"search_term_string\"}}],\"inLanguage\":\"pt-BR\"},{\"@type\":\"Organization\",\"@id\":\"https:\/\/wp.ufpel.edu.br\/malg\/#organization\",\"name\":\"MALG _ Museu de Arte Leopoldo Gotuzzo\",\"url\":\"https:\/\/wp.ufpel.edu.br\/malg\/\",\"logo\":{\"@type\":\"ImageObject\",\"inLanguage\":\"pt-BR\",\"@id\":\"https:\/\/wp.ufpel.edu.br\/malg\/#\/schema\/logo\/image\/\",\"url\":\"https:\/\/i0.wp.com\/wp.ufpel.edu.br\/malg\/files\/2020\/03\/01.png?fit=1240%2C476&ssl=1\",\"contentUrl\":\"https:\/\/i0.wp.com\/wp.ufpel.edu.br\/malg\/files\/2020\/03\/01.png?fit=1240%2C476&ssl=1\",\"width\":1240,\"height\":476,\"caption\":\"MALG _ Museu de Arte Leopoldo Gotuzzo\"},\"image\":{\"@id\":\"https:\/\/wp.ufpel.edu.br\/malg\/#\/schema\/logo\/image\/\"},\"sameAs\":[\"https:\/\/www.facebook.com\/museuleopoldogotuzzo\/\",\"https:\/\/www.instagram.com\/malg.ufpel\/\",\"https:\/\/www.youtube.com\/@MALG_UFPel\"]}]}<\/script>\n<!-- \/ Yoast SEO plugin. -->","yoast_head_json":{"title":"Biblioteca | A - L &#8212; Museu de Arte Leopoldo Gotuzzo","robots":{"index":"index","follow":"follow","max-snippet":"max-snippet:-1","max-image-preview":"max-image-preview:large","max-video-preview":"max-video-preview:-1"},"canonical":"https:\/\/wp.ufpel.edu.br\/malg\/biblioteca-pesquisa-e-documentacao-a-l\/","og_locale":"pt_BR","og_type":"article","og_title":"Biblioteca | A - L &#8212; Museu de Arte Leopoldo Gotuzzo","og_description":"T\u00edtulo Autor \/ Organizador N\u00ba do Registro _ A A Arte de Jo\u00e3o Turin Turin, Elisabete 75 A [&hellip;]","og_url":"https:\/\/wp.ufpel.edu.br\/malg\/biblioteca-pesquisa-e-documentacao-a-l\/","og_site_name":"Museu de Arte Leopoldo Gotuzzo","article_publisher":"https:\/\/www.facebook.com\/museuleopoldogotuzzo\/","article_modified_time":"2020-03-26T22:57:01+00:00","og_image":[{"width":984,"height":220,"url":"https:\/\/wp.ufpel.edu.br\/malg\/files\/2019\/04\/MALG-fragemtos-de-memoria-984x220.jpg","type":"image\/jpeg"}],"twitter_card":"summary_large_image","twitter_misc":{"Est. tempo de leitura":"2 minutos"},"schema":{"@context":"https:\/\/schema.org","@graph":[{"@type":"WebPage","@id":"https:\/\/wp.ufpel.edu.br\/malg\/biblioteca-pesquisa-e-documentacao-a-l\/","url":"https:\/\/wp.ufpel.edu.br\/malg\/biblioteca-pesquisa-e-documentacao-a-l\/","name":"Biblioteca | A - L &#8212; Museu de Arte Leopoldo Gotuzzo","isPartOf":{"@id":"https:\/\/wp.ufpel.edu.br\/malg\/#website"},"primaryImageOfPage":{"@id":"https:\/\/wp.ufpel.edu.br\/malg\/biblioteca-pesquisa-e-documentacao-a-l\/#primaryimage"},"image":{"@id":"https:\/\/wp.ufpel.edu.br\/malg\/biblioteca-pesquisa-e-documentacao-a-l\/#primaryimage"},"thumbnailUrl":"https:\/\/wp.ufpel.edu.br\/malg\/files\/2019\/04\/MALG-fragemtos-de-memoria.jpg","datePublished":"2014-06-04T13:12:04+00:00","dateModified":"2020-03-26T22:57:01+00:00","breadcrumb":{"@id":"https:\/\/wp.ufpel.edu.br\/malg\/biblioteca-pesquisa-e-documentacao-a-l\/#breadcrumb"},"inLanguage":"pt-BR","potentialAction":[{"@type":"ReadAction","target":["https:\/\/wp.ufpel.edu.br\/malg\/biblioteca-pesquisa-e-documentacao-a-l\/"]}]},{"@type":"ImageObject","inLanguage":"pt-BR","@id":"https:\/\/wp.ufpel.edu.br\/malg\/biblioteca-pesquisa-e-documentacao-a-l\/#primaryimage","url":"https:\/\/wp.ufpel.edu.br\/malg\/files\/2019\/04\/MALG-fragemtos-de-memoria.jpg","contentUrl":"https:\/\/wp.ufpel.edu.br\/malg\/files\/2019\/04\/MALG-fragemtos-de-memoria.jpg","width":5828,"height":3885},{"@type":"BreadcrumbList","@id":"https:\/\/wp.ufpel.edu.br\/malg\/biblioteca-pesquisa-e-documentacao-a-l\/#breadcrumb","itemListElement":[{"@type":"ListItem","position":1,"name":"In\u00edcio","item":"https:\/\/wp.ufpel.edu.br\/malg\/"},{"@type":"ListItem","position":2,"name":"Biblioteca | A &#8211; L"}]},{"@type":"WebSite","@id":"https:\/\/wp.ufpel.edu.br\/malg\/#website","url":"https:\/\/wp.ufpel.edu.br\/malg\/","name":"Museu de Arte Leopoldo Gotuzzo","description":"","publisher":{"@id":"https:\/\/wp.ufpel.edu.br\/malg\/#organization"},"potentialAction":[{"@type":"SearchAction","target":{"@type":"EntryPoint","urlTemplate":"https:\/\/wp.ufpel.edu.br\/malg\/?s={search_term_string}"},"query-input":{"@type":"PropertyValueSpecification","valueRequired":true,"valueName":"search_term_string"}}],"inLanguage":"pt-BR"},{"@type":"Organization","@id":"https:\/\/wp.ufpel.edu.br\/malg\/#organization","name":"MALG _ Museu de Arte Leopoldo Gotuzzo","url":"https:\/\/wp.ufpel.edu.br\/malg\/","logo":{"@type":"ImageObject","inLanguage":"pt-BR","@id":"https:\/\/wp.ufpel.edu.br\/malg\/#\/schema\/logo\/image\/","url":"https:\/\/i0.wp.com\/wp.ufpel.edu.br\/malg\/files\/2020\/03\/01.png?fit=1240%2C476&ssl=1","contentUrl":"https:\/\/i0.wp.com\/wp.ufpel.edu.br\/malg\/files\/2020\/03\/01.png?fit=1240%2C476&ssl=1","width":1240,"height":476,"caption":"MALG _ Museu de Arte Leopoldo Gotuzzo"},"image":{"@id":"https:\/\/wp.ufpel.edu.br\/malg\/#\/schema\/logo\/image\/"},"sameAs":["https:\/\/www.facebook.com\/museuleopoldogotuzzo\/","https:\/\/www.instagram.com\/malg.ufpel\/","https:\/\/www.youtube.com\/@MALG_UFPel"]}]}},"jetpack_sharing_enabled":true,"jetpack_shortlink":"https:\/\/wp.me\/P89KnE-n","_links":{"self":[{"href":"https:\/\/wp.ufpel.edu.br\/malg\/wp-json\/wp\/v2\/pages\/23","targetHints":{"allow":["GET"]}}],"collection":[{"href":"https:\/\/wp.ufpel.edu.br\/malg\/wp-json\/wp\/v2\/pages"}],"about":[{"href":"https:\/\/wp.ufpel.edu.br\/malg\/wp-json\/wp\/v2\/types\/page"}],"author":[{"embeddable":true,"href":"https:\/\/wp.ufpel.edu.br\/malg\/wp-json\/wp\/v2\/users\/401"}],"replies":[{"embeddable":true,"href":"https:\/\/wp.ufpel.edu.br\/malg\/wp-json\/wp\/v2\/comments?post=23"}],"version-history":[{"count":57,"href":"https:\/\/wp.ufpel.edu.br\/malg\/wp-json\/wp\/v2\/pages\/23\/revisions"}],"predecessor-version":[{"id":1412,"href":"https:\/\/wp.ufpel.edu.br\/malg\/wp-json\/wp\/v2\/pages\/23\/revisions\/1412"}],"wp:featuredmedia":[{"embeddable":true,"href":"https:\/\/wp.ufpel.edu.br\/malg\/wp-json\/wp\/v2\/media\/793"}],"wp:attachment":[{"href":"https:\/\/wp.ufpel.edu.br\/malg\/wp-json\/wp\/v2\/media?parent=23"}],"curies":[{"name":"wp","href":"https:\/\/api.w.org\/{rel}","templated":true}]}}