{"id":1899,"date":"2020-09-22T03:23:44","date_gmt":"2020-09-22T06:23:44","guid":{"rendered":"https:\/\/wp.ufpel.edu.br\/malg\/?page_id=1899"},"modified":"2021-10-01T12:07:46","modified_gmt":"2021-10-01T15:07:46","slug":"1899-2","status":"publish","type":"page","link":"https:\/\/wp.ufpel.edu.br\/malg\/1899-2\/","title":{"rendered":"Cat\u00e1logo"},"content":{"rendered":"\n<div class=\"wp-block-cover aligncenter has-background-dim\" style=\"min-height:600px;aspect-ratio:unset;\"><img loading=\"lazy\" decoding=\"async\" width=\"1642\" height=\"2433\" data-attachment-id=\"1871\" data-permalink=\"https:\/\/wp.ufpel.edu.br\/malg\/acervo-leopoldo-gotuzzo-346\/\" data-orig-file=\"https:\/\/wp.ufpel.edu.br\/malg\/files\/2020\/09\/346-3.jpg\" data-orig-size=\"1642,2433\" data-comments-opened=\"0\" data-image-meta=\"{&quot;aperture&quot;:&quot;5.6&quot;,&quot;credit&quot;:&quot;Daniel Moura&quot;,&quot;camera&quot;:&quot;NIKON D3100&quot;,&quot;caption&quot;:&quot;&quot;,&quot;created_timestamp&quot;:&quot;1422024024&quot;,&quot;copyright&quot;:&quot;&quot;,&quot;focal_length&quot;:&quot;40&quot;,&quot;iso&quot;:&quot;200&quot;,&quot;shutter_speed&quot;:&quot;0.05&quot;,&quot;title&quot;:&quot;Acervo Leopoldo Gotuzzo (346)&quot;,&quot;orientation&quot;:&quot;1&quot;}\" data-image-title=\"Acervo Leopoldo Gotuzzo (346)\" data-image-description=\"\" data-image-caption=\"\" data-medium-file=\"https:\/\/wp.ufpel.edu.br\/malg\/files\/2020\/09\/346-3-270x400.jpg\" data-large-file=\"https:\/\/wp.ufpel.edu.br\/malg\/files\/2020\/09\/346-3-900x900.jpg\" class=\"wp-block-cover__image-background wp-image-1871\" alt=\"\" src=\"https:\/\/wp.ufpel.edu.br\/malg\/files\/2020\/09\/346-3.jpg\" data-object-fit=\"cover\" srcset=\"https:\/\/wp.ufpel.edu.br\/malg\/files\/2020\/09\/346-3.jpg 1642w, https:\/\/wp.ufpel.edu.br\/malg\/files\/2020\/09\/346-3-270x400.jpg 270w, https:\/\/wp.ufpel.edu.br\/malg\/files\/2020\/09\/346-3-135x200.jpg 135w, https:\/\/wp.ufpel.edu.br\/malg\/files\/2020\/09\/346-3-768x1138.jpg 768w, https:\/\/wp.ufpel.edu.br\/malg\/files\/2020\/09\/346-3-1037x1536.jpg 1037w, https:\/\/wp.ufpel.edu.br\/malg\/files\/2020\/09\/346-3-1382x2048.jpg 1382w\" sizes=\"auto, (max-width: 1642px) 100vw, 1642px\" \/><div class=\"wp-block-cover__inner-container is-layout-flow wp-block-cover-is-layout-flow\">\n<h1 class=\"has-text-align-center has-huge-font-size wp-block-heading\" id=\"block-792c6bac-cadc-4524-a477-f14faf7ae0cd\"><strong>Cat\u00e1logo<br \/>Museu de Arte Leopoldo Gotuzzo<\/strong><\/h1>\n\n\n\n<p><\/p>\n<\/div><\/div>\n\n\n\n<div style=\"height:20px\" aria-hidden=\"true\" class=\"wp-block-spacer\"><\/div>\n\n\n\n<p class=\"has-text-align-center has-text-color has-medium-font-size\" style=\"color:#303030\"><strong><a href=\"https:\/\/heyzine.com\/flip-book\/c01f7e7c4b.html\" target=\"_blank\" rel=\"noreferrer noopener\">CAT\u00c1LOGO MALG | 2017<\/a><\/strong><\/p>\n\n\n\n<p class=\"has-text-align-center has-text-color has-small-font-size\" style=\"color:#606060\"><a href=\"https:\/\/wp.ufpel.edu.br\/malg\/files\/2020\/09\/Catalogo-MALG-web.pdf\" target=\"_blank\" rel=\"noreferrer noopener\"><strong>download<\/strong><\/a>  |  PDF<\/p>\n\n\n\n<div style=\"height:20px\" aria-hidden=\"true\" class=\"wp-block-spacer\"><\/div>\n\n\n\n<hr class=\"wp-block-separator\"\/>\n\n\n\n<div style=\"height:20px\" aria-hidden=\"true\" class=\"wp-block-spacer\"><\/div>\n\n\n\n<blockquote class=\"wp-block-quote is-style-large is-layout-flow wp-block-quote-is-layout-flow\"><p><strong>Um museu, sete cole\u00e7\u00f5es e trinta e um anos de hist\u00f3ria<\/strong><\/p><\/blockquote>\n\n\n\n<p class=\"has-text-align-justify has-normal-font-size\">A realiza\u00e7\u00e3o deste cat\u00e1logo resulta de alguns cruzamentos em torno das comemora\u00e7\u00f5es dos 30 anos de funda\u00e7\u00e3o do Museu de Arte Leopoldo Gotuzzo do Centro de Artes da Universidade Federal de Pelotas e que ocorreram ao longo do ano 2016. Dentre as exposi\u00e7\u00f5es comemorativas realizadas, \u201cAs Sete Cole\u00e7\u00f5es do MALG\u201d apresentou pela primeira vez, durante o per\u00edodo de julho a setembro de 2016, uma sele\u00e7\u00e3o de obras pertencentes \u00e0s cole\u00e7\u00f5es que atualmente integram o acervo do Museu, dando uma dimens\u00e3o da abrang\u00eancia, diversidade, surgimento e transforma\u00e7\u00e3o da pr\u00f3pria institui\u00e7\u00e3o. Em maio do mesmo ano, o projeto \u201cCiclo de Palestras MALG 30 anos\u201d, financiado pelo Edital de Apoio a Eventos Culturais do Programa Economia da Cultura e Diversidade da Secretaria de Cultura de Pelotas, j\u00e1 havia disponibilizado para as escolas p\u00fablicas municipais um kit educativo contendo l\u00e2minas com material did\u00e1tico, concomitante a realiza\u00e7\u00e3o de um semin\u00e1rio sobre o Museu e a Arte na cidade de Pelotas para os professores da rede de ensino municipal, estudantes universit\u00e1rios e para o p\u00fablico em geral. A escolha das imagens para as l\u00e2minas contemplava cada uma das sete cole\u00e7\u00f5es do Museu e pode-se considerar que esse projeto tenha sido o embri\u00e3o da exposi\u00e7\u00e3o e do cat\u00e1logo ora apresentado \u2013 realizado a partir de recursos obtidos pela SAMALG atrav\u00e9s do edital 005\/2016 do Programa Municipal de Incentivo \u00e0 Cultura (Procultura) \u2013 cuja import\u00e2ncia, apesar de sua modesta amplitude, esperamos que possa ser justamente a de inaugurar um per\u00edodo de publica\u00e7\u00e3o e valoriza\u00e7\u00e3o da riqueza do acervo do Museu.<\/p>\n\n\n\n<p class=\"has-text-align-justify has-normal-font-size\"><br \/>O MALG surgiu originalmente para abrigar a cole\u00e7\u00e3o de obras doadas por Leopoldo Gotuzzo, em diferentes momentos, \u00e0 sua cidade natal. A primeira doa\u00e7\u00e3o de obras se deu por ocasi\u00e3o da inaugura\u00e7\u00e3o da Escola de Belas Artes, em 1949. Em 1955 o artista doou um conjunto de 18 obras e, nessa ocasi\u00e3o, afirmou que sua doa\u00e7\u00e3o tinha por objetivo possibilitar aos jovens estudantes um maior contato com a arte e com os esfor\u00e7os de seu percurso. Alguns anos mais tarde, quando a Escola de Belas Artes j\u00e1 havia sido incorporada \u00e0 Universidade Federal de Pelotas, Leopoldo Gotuzzo, com idade bastante avan\u00e7ada, mas sempre mantendo o v\u00ednculo com sua cidade de origem, declarou a doa\u00e7\u00e3o p\u00f3stuma de outro importante conjunto de obras suas, j\u00e1 com a expectativa da possibilidade de cria\u00e7\u00e3o de um museu na Universidade que abrigasse seu legado. Foi assim que, ap\u00f3s sua morte, em 1983, a terceira doa\u00e7\u00e3o foi concretizada e, sob os ausp\u00edcios da Professora Luciana Renck Reis, o MALG foi inaugurado em 07 de novembro de 1986. Pode-se observar, portanto, que o surgimento do Museu, desde seus prim\u00f3rdios, est\u00e1 em estreita sintonia com os princ\u00edpios do ensino e, logo em seguida, da pesquisa e extens\u00e3o da institui\u00e7\u00e3o que o origina e mant\u00e9m.<\/p>\n\n\n\n<p class=\"has-text-align-justify has-normal-font-size\"><br \/>Assim a Cole\u00e7\u00e3o Leopoldo Gotuzzo \u00e9 a cole\u00e7\u00e3o fundadora do Museu \u2013 e mais do que isso, a raz\u00e3o mesma de seu surgimento e exist\u00eancia. Tal cole\u00e7\u00e3o compreende n\u00e3o apenas obras, em sua maioria desenhos e pinturas, mas objetos, mobili\u00e1rio, documentos, fotografias, instrumentos de trabalho e outros itens pertencentes ao artista, doados por ele, adquiridos ou oriundos de doa\u00e7\u00f5es posteriores. De acordo com o Regimento do Museu \u201ccabe ao MALG garantir a integridade f\u00edsica do acervo de obras de Leopoldo Gotuzzo, patrono do Museu, e promover a pesquisa e produ\u00e7\u00e3o cr\u00edtica e intelectual a respeito de sua contribui\u00e7\u00e3o para hist\u00f3ria da arte brasileira\u201d.<br \/><\/p>\n\n\n\n<p class=\"has-text-align-justify has-normal-font-size\">Al\u00e9m da Cole\u00e7\u00e3o do patrono, tr\u00eas outras cole\u00e7\u00f5es integraram o MALG no momento de sua cria\u00e7\u00e3o. Duas cole\u00e7\u00f5es doadas \u00e0 Escola de Belas Artes de Pelotas \u2013 Cole\u00e7\u00e3o Faustino Tr\u00e1paga e Cole\u00e7\u00e3o Jo\u00e3o Gomes de Mello \u2013 al\u00e9m da pr\u00f3pria cole\u00e7\u00e3o composta por obras de alunos e ex-alunos da Escola de Belas Artes \u2013 Cole\u00e7\u00e3o Escola de Belas Artes (ou Cole\u00e7\u00e3o Ex-alunos da Escola de Belas Artes). As cole\u00e7\u00f5es Faustino Tr\u00e1paga e Jo\u00e3o Gomes de Mello foram doadas em 1952 e 1971, respectivamente, e chegaram a integrar a proposta da cria\u00e7\u00e3o de uma Pinacoteca da UFPEL, ligada direta- mente \u00e0 reitoria, mas que acabou por ser assimilada \u00e0 cria\u00e7\u00e3o do Museu.<\/p>\n\n\n\n<p class=\"has-text-align-justify has-normal-font-size\"><br \/>As demais cole\u00e7\u00f5es s\u00e3o fruto do desenvolvimento e trajet\u00f3ria pr\u00f3prios do Museu dentro da perspectiva da Universidade e, nesse sentido, acompanham e revelam diferentes momentos, gest\u00f5es e atividades da institui\u00e7\u00e3o. As obras que comp\u00f5em a Cole\u00e7\u00e3o S\u00e9culo XX e a Cole\u00e7\u00e3o S\u00e9culo XXI s\u00e3o o resultado de doa\u00e7\u00f5es espont\u00e2neas, avaliadas pelas comiss\u00f5es do Museu em diferentes per\u00edodos e circunst\u00e2ncias, ou o resultado da doa\u00e7\u00e3o compuls\u00f3ria feita por artistas que expuseram no museu entre a sua funda\u00e7\u00e3o e o ano 2000 (Cole\u00e7\u00e3o S\u00e9culo XX) ou a partir do ano 2001 at\u00e9 a atualidade (Cole\u00e7\u00e3o S\u00e9culo XXI). Por fim a Cole\u00e7\u00e3o L. C. Vinholes figura como a maior e mais recente cole\u00e7\u00e3o do MALG, doada integralmente por Luiz Carlos Lessa Vinholes e caracterizada por uma pluralidade que revela muitas das escolhas, gostos, percursos e cultura de seu doador.<br \/><\/p>\n\n\n\n<p class=\"has-text-align-justify has-normal-font-size\">Se a constitui\u00e7\u00e3o das cole\u00e7\u00f5es do MALG conta muito sobre seus primeiros 30 anos, esperamos que o alvorecer de sua quarta d\u00e9cada, brindado por acontecimentos de extrema import\u00e2ncia, como a mudan\u00e7a para uma sede pr\u00f3pria, redimensione e consolide seu compromisso na promo\u00e7\u00e3o da arte e cultura de qualidade e de acesso a todos, ao mesmo tempo em que cumpre seu papel na forma\u00e7\u00e3o de profissionais qualificados e cidad\u00e3os sens\u00edveis e capazes de fruir a arte para a constru\u00e7\u00e3o de um mundo melhor.<\/p>\n\n\n\n<p class=\"has-text-align-right has-small-font-size\">Juliana Angeli e Lauer Alves Nunes dos Santos<br \/>Diretora e Diretor Adjunto do MALG<\/p>\n\n\n\n<div style=\"height:100px\" aria-hidden=\"true\" class=\"wp-block-spacer\"><\/div>\n\n\n\n<p><\/p>\n","protected":false},"excerpt":{"rendered":"<p>CAT\u00c1LOGO MALG | 2017 download | PDF Um museu, sete cole\u00e7\u00f5es e trinta e um anos de hist\u00f3ria [&hellip;]<\/p>\n","protected":false},"author":401,"featured_media":0,"parent":0,"menu_order":0,"comment_status":"closed","ping_status":"closed","template":"","meta":{"jetpack_post_was_ever_published":false,"footnotes":""},"class_list":["post-1899","page","type-page","status-publish","hentry","post"],"yoast_head":"<!-- This site is optimized with the Yoast SEO plugin v26.7 - https:\/\/yoast.com\/wordpress\/plugins\/seo\/ -->\n<title>Cat\u00e1logo &#8212; Museu de Arte Leopoldo Gotuzzo<\/title>\n<meta name=\"robots\" content=\"index, follow, max-snippet:-1, max-image-preview:large, max-video-preview:-1\" \/>\n<link rel=\"canonical\" href=\"https:\/\/wp.ufpel.edu.br\/malg\/1899-2\/\" \/>\n<meta property=\"og:locale\" content=\"pt_BR\" \/>\n<meta property=\"og:type\" content=\"article\" \/>\n<meta property=\"og:title\" content=\"Cat\u00e1logo &#8212; Museu de Arte Leopoldo Gotuzzo\" \/>\n<meta property=\"og:description\" content=\"CAT\u00c1LOGO MALG | 2017 download | PDF Um museu, sete cole\u00e7\u00f5es e trinta e um anos de hist\u00f3ria [&hellip;]\" \/>\n<meta property=\"og:url\" content=\"https:\/\/wp.ufpel.edu.br\/malg\/1899-2\/\" \/>\n<meta property=\"og:site_name\" content=\"Museu de Arte Leopoldo Gotuzzo\" \/>\n<meta property=\"article:publisher\" content=\"https:\/\/www.facebook.com\/museuleopoldogotuzzo\/\" \/>\n<meta property=\"article:modified_time\" content=\"2021-10-01T15:07:46+00:00\" \/>\n<meta property=\"og:image\" content=\"https:\/\/wp.ufpel.edu.br\/malg\/files\/2020\/09\/346-3.jpg\" \/>\n<meta name=\"twitter:card\" content=\"summary_large_image\" \/>\n<meta name=\"twitter:label1\" content=\"Est. tempo de leitura\" \/>\n\t<meta name=\"twitter:data1\" content=\"5 minutos\" \/>\n<script type=\"application\/ld+json\" class=\"yoast-schema-graph\">{\"@context\":\"https:\/\/schema.org\",\"@graph\":[{\"@type\":\"WebPage\",\"@id\":\"https:\/\/wp.ufpel.edu.br\/malg\/1899-2\/\",\"url\":\"https:\/\/wp.ufpel.edu.br\/malg\/1899-2\/\",\"name\":\"Cat\u00e1logo &#8212; Museu de Arte Leopoldo Gotuzzo\",\"isPartOf\":{\"@id\":\"https:\/\/wp.ufpel.edu.br\/malg\/#website\"},\"primaryImageOfPage\":{\"@id\":\"https:\/\/wp.ufpel.edu.br\/malg\/1899-2\/#primaryimage\"},\"image\":{\"@id\":\"https:\/\/wp.ufpel.edu.br\/malg\/1899-2\/#primaryimage\"},\"thumbnailUrl\":\"https:\/\/wp.ufpel.edu.br\/malg\/files\/2020\/09\/346-3.jpg\",\"datePublished\":\"2020-09-22T06:23:44+00:00\",\"dateModified\":\"2021-10-01T15:07:46+00:00\",\"breadcrumb\":{\"@id\":\"https:\/\/wp.ufpel.edu.br\/malg\/1899-2\/#breadcrumb\"},\"inLanguage\":\"pt-BR\",\"potentialAction\":[{\"@type\":\"ReadAction\",\"target\":[\"https:\/\/wp.ufpel.edu.br\/malg\/1899-2\/\"]}]},{\"@type\":\"ImageObject\",\"inLanguage\":\"pt-BR\",\"@id\":\"https:\/\/wp.ufpel.edu.br\/malg\/1899-2\/#primaryimage\",\"url\":\"https:\/\/wp.ufpel.edu.br\/malg\/files\/2020\/09\/346-3.jpg\",\"contentUrl\":\"https:\/\/wp.ufpel.edu.br\/malg\/files\/2020\/09\/346-3.jpg\",\"width\":1642,\"height\":2433},{\"@type\":\"BreadcrumbList\",\"@id\":\"https:\/\/wp.ufpel.edu.br\/malg\/1899-2\/#breadcrumb\",\"itemListElement\":[{\"@type\":\"ListItem\",\"position\":1,\"name\":\"In\u00edcio\",\"item\":\"https:\/\/wp.ufpel.edu.br\/malg\/\"},{\"@type\":\"ListItem\",\"position\":2,\"name\":\"Cat\u00e1logo\"}]},{\"@type\":\"WebSite\",\"@id\":\"https:\/\/wp.ufpel.edu.br\/malg\/#website\",\"url\":\"https:\/\/wp.ufpel.edu.br\/malg\/\",\"name\":\"Museu de Arte Leopoldo Gotuzzo\",\"description\":\"\",\"publisher\":{\"@id\":\"https:\/\/wp.ufpel.edu.br\/malg\/#organization\"},\"potentialAction\":[{\"@type\":\"SearchAction\",\"target\":{\"@type\":\"EntryPoint\",\"urlTemplate\":\"https:\/\/wp.ufpel.edu.br\/malg\/?s={search_term_string}\"},\"query-input\":{\"@type\":\"PropertyValueSpecification\",\"valueRequired\":true,\"valueName\":\"search_term_string\"}}],\"inLanguage\":\"pt-BR\"},{\"@type\":\"Organization\",\"@id\":\"https:\/\/wp.ufpel.edu.br\/malg\/#organization\",\"name\":\"MALG _ Museu de Arte Leopoldo Gotuzzo\",\"url\":\"https:\/\/wp.ufpel.edu.br\/malg\/\",\"logo\":{\"@type\":\"ImageObject\",\"inLanguage\":\"pt-BR\",\"@id\":\"https:\/\/wp.ufpel.edu.br\/malg\/#\/schema\/logo\/image\/\",\"url\":\"https:\/\/i0.wp.com\/wp.ufpel.edu.br\/malg\/files\/2020\/03\/01.png?fit=1240%2C476&ssl=1\",\"contentUrl\":\"https:\/\/i0.wp.com\/wp.ufpel.edu.br\/malg\/files\/2020\/03\/01.png?fit=1240%2C476&ssl=1\",\"width\":1240,\"height\":476,\"caption\":\"MALG _ Museu de Arte Leopoldo Gotuzzo\"},\"image\":{\"@id\":\"https:\/\/wp.ufpel.edu.br\/malg\/#\/schema\/logo\/image\/\"},\"sameAs\":[\"https:\/\/www.facebook.com\/museuleopoldogotuzzo\/\",\"https:\/\/www.instagram.com\/malg.ufpel\/\",\"https:\/\/www.youtube.com\/@MALG_UFPel\"]}]}<\/script>\n<!-- \/ Yoast SEO plugin. -->","yoast_head_json":{"title":"Cat\u00e1logo &#8212; Museu de Arte Leopoldo Gotuzzo","robots":{"index":"index","follow":"follow","max-snippet":"max-snippet:-1","max-image-preview":"max-image-preview:large","max-video-preview":"max-video-preview:-1"},"canonical":"https:\/\/wp.ufpel.edu.br\/malg\/1899-2\/","og_locale":"pt_BR","og_type":"article","og_title":"Cat\u00e1logo &#8212; Museu de Arte Leopoldo Gotuzzo","og_description":"CAT\u00c1LOGO MALG | 2017 download | PDF Um museu, sete cole\u00e7\u00f5es e trinta e um anos de hist\u00f3ria [&hellip;]","og_url":"https:\/\/wp.ufpel.edu.br\/malg\/1899-2\/","og_site_name":"Museu de Arte Leopoldo Gotuzzo","article_publisher":"https:\/\/www.facebook.com\/museuleopoldogotuzzo\/","article_modified_time":"2021-10-01T15:07:46+00:00","og_image":[{"url":"https:\/\/wp.ufpel.edu.br\/malg\/files\/2020\/09\/346-3.jpg","type":"","width":"","height":""}],"twitter_card":"summary_large_image","twitter_misc":{"Est. tempo de leitura":"5 minutos"},"schema":{"@context":"https:\/\/schema.org","@graph":[{"@type":"WebPage","@id":"https:\/\/wp.ufpel.edu.br\/malg\/1899-2\/","url":"https:\/\/wp.ufpel.edu.br\/malg\/1899-2\/","name":"Cat\u00e1logo &#8212; Museu de Arte Leopoldo Gotuzzo","isPartOf":{"@id":"https:\/\/wp.ufpel.edu.br\/malg\/#website"},"primaryImageOfPage":{"@id":"https:\/\/wp.ufpel.edu.br\/malg\/1899-2\/#primaryimage"},"image":{"@id":"https:\/\/wp.ufpel.edu.br\/malg\/1899-2\/#primaryimage"},"thumbnailUrl":"https:\/\/wp.ufpel.edu.br\/malg\/files\/2020\/09\/346-3.jpg","datePublished":"2020-09-22T06:23:44+00:00","dateModified":"2021-10-01T15:07:46+00:00","breadcrumb":{"@id":"https:\/\/wp.ufpel.edu.br\/malg\/1899-2\/#breadcrumb"},"inLanguage":"pt-BR","potentialAction":[{"@type":"ReadAction","target":["https:\/\/wp.ufpel.edu.br\/malg\/1899-2\/"]}]},{"@type":"ImageObject","inLanguage":"pt-BR","@id":"https:\/\/wp.ufpel.edu.br\/malg\/1899-2\/#primaryimage","url":"https:\/\/wp.ufpel.edu.br\/malg\/files\/2020\/09\/346-3.jpg","contentUrl":"https:\/\/wp.ufpel.edu.br\/malg\/files\/2020\/09\/346-3.jpg","width":1642,"height":2433},{"@type":"BreadcrumbList","@id":"https:\/\/wp.ufpel.edu.br\/malg\/1899-2\/#breadcrumb","itemListElement":[{"@type":"ListItem","position":1,"name":"In\u00edcio","item":"https:\/\/wp.ufpel.edu.br\/malg\/"},{"@type":"ListItem","position":2,"name":"Cat\u00e1logo"}]},{"@type":"WebSite","@id":"https:\/\/wp.ufpel.edu.br\/malg\/#website","url":"https:\/\/wp.ufpel.edu.br\/malg\/","name":"Museu de Arte Leopoldo Gotuzzo","description":"","publisher":{"@id":"https:\/\/wp.ufpel.edu.br\/malg\/#organization"},"potentialAction":[{"@type":"SearchAction","target":{"@type":"EntryPoint","urlTemplate":"https:\/\/wp.ufpel.edu.br\/malg\/?s={search_term_string}"},"query-input":{"@type":"PropertyValueSpecification","valueRequired":true,"valueName":"search_term_string"}}],"inLanguage":"pt-BR"},{"@type":"Organization","@id":"https:\/\/wp.ufpel.edu.br\/malg\/#organization","name":"MALG _ Museu de Arte Leopoldo Gotuzzo","url":"https:\/\/wp.ufpel.edu.br\/malg\/","logo":{"@type":"ImageObject","inLanguage":"pt-BR","@id":"https:\/\/wp.ufpel.edu.br\/malg\/#\/schema\/logo\/image\/","url":"https:\/\/i0.wp.com\/wp.ufpel.edu.br\/malg\/files\/2020\/03\/01.png?fit=1240%2C476&ssl=1","contentUrl":"https:\/\/i0.wp.com\/wp.ufpel.edu.br\/malg\/files\/2020\/03\/01.png?fit=1240%2C476&ssl=1","width":1240,"height":476,"caption":"MALG _ Museu de Arte Leopoldo Gotuzzo"},"image":{"@id":"https:\/\/wp.ufpel.edu.br\/malg\/#\/schema\/logo\/image\/"},"sameAs":["https:\/\/www.facebook.com\/museuleopoldogotuzzo\/","https:\/\/www.instagram.com\/malg.ufpel\/","https:\/\/www.youtube.com\/@MALG_UFPel"]}]}},"jetpack_sharing_enabled":true,"jetpack_shortlink":"https:\/\/wp.me\/P89KnE-uD","_links":{"self":[{"href":"https:\/\/wp.ufpel.edu.br\/malg\/wp-json\/wp\/v2\/pages\/1899","targetHints":{"allow":["GET"]}}],"collection":[{"href":"https:\/\/wp.ufpel.edu.br\/malg\/wp-json\/wp\/v2\/pages"}],"about":[{"href":"https:\/\/wp.ufpel.edu.br\/malg\/wp-json\/wp\/v2\/types\/page"}],"author":[{"embeddable":true,"href":"https:\/\/wp.ufpel.edu.br\/malg\/wp-json\/wp\/v2\/users\/401"}],"replies":[{"embeddable":true,"href":"https:\/\/wp.ufpel.edu.br\/malg\/wp-json\/wp\/v2\/comments?post=1899"}],"version-history":[{"count":31,"href":"https:\/\/wp.ufpel.edu.br\/malg\/wp-json\/wp\/v2\/pages\/1899\/revisions"}],"predecessor-version":[{"id":2803,"href":"https:\/\/wp.ufpel.edu.br\/malg\/wp-json\/wp\/v2\/pages\/1899\/revisions\/2803"}],"wp:attachment":[{"href":"https:\/\/wp.ufpel.edu.br\/malg\/wp-json\/wp\/v2\/media?parent=1899"}],"curies":[{"name":"wp","href":"https:\/\/api.w.org\/{rel}","templated":true}]}}