{"id":1337,"date":"2020-03-25T11:43:14","date_gmt":"2020-03-25T14:43:14","guid":{"rendered":"https:\/\/wp.ufpel.edu.br\/malg\/pagina-inicial-3\/"},"modified":"2025-04-25T15:54:23","modified_gmt":"2025-04-25T18:54:23","slug":"malg","status":"publish","type":"page","link":"https:\/\/wp.ufpel.edu.br\/malg\/","title":{"rendered":"MALG"},"content":{"rendered":"<div id=\"pl-1337\"  class=\"panel-layout\" ><div id=\"pg-1337-0\"  class=\"panel-grid panel-has-style\" ><div class=\"wide-grey siteorigin-panels-stretch panel-row-style panel-row-style-for-1337-0\" data-stretch-type=\"full\" ><div id=\"pgc-1337-0-0\"  class=\"panel-grid-cell\" ><\/div><\/div><\/div><div id=\"pg-1337-1\"  class=\"panel-grid panel-has-style\" ><div class=\"siteorigin-panels-stretch panel-row-style panel-row-style-for-1337-1\" data-stretch-type=\"full\" ><div id=\"pgc-1337-1-0\"  class=\"panel-grid-cell\" ><div id=\"panel-1337-1-0-0\" class=\"so-panel widget widget_siteorigin-panels-postloop panel-first-child panel-last-child\" data-index=\"1\" ><h3 class=\"widget-title\"><span class=\"vantage-carousel-title\"><span class=\"vantage-carousel-title-text\">\u00daltimas exposi\u00e7\u00f5es<\/span><a href=\"#\" class=\"next\" title=\"Pr\u00f3ximo\"><span class=\"vantage-icon-arrow-right\"><\/span><\/a><a href=\"#\" class=\"previous\" title=\"Anterior\"><span class=\"vantage-icon-arrow-left\"><\/span><\/a><\/span><\/h3><div class=\"vantage-carousel-wrapper\">\n\t\n\t<ul\n\t\tclass=\"vantage-carousel\"\n\t\tdata-query=\"{&quot;post_status&quot;:&quot;publish&quot;,&quot;posts_per_page&quot;:6,&quot;post_type&quot;:&quot;post&quot;,&quot;date_type&quot;:&quot;specific&quot;,&quot;date_query&quot;:{&quot;after&quot;:&quot;&quot;,&quot;before&quot;:&quot;&quot;,&quot;inclusive&quot;:true},&quot;date_query_relative&quot;:&quot;{\\&quot;from\\&quot;:{\\&quot;value\\&quot;:0,\\&quot;unit\\&quot;:\\&quot;days\\&quot;},\\&quot;to\\&quot;:{\\&quot;value\\&quot;:0,\\&quot;unit\\&quot;:\\&quot;days\\&quot;}}&quot;,&quot;orderby&quot;:&quot;date&quot;,&quot;order&quot;:&quot;DESC&quot;,&quot;post__not_in&quot;:[1337,1337],&quot;paged&quot;:1,&quot;fields&quot;:&quot;all&quot;,&quot;lazy_load_term_meta&quot;:true}\"\n\t\tdata-ajax-url=\"https:\/\/wp.ufpel.edu.br\/malg\/wp-admin\/admin-ajax.php?vantage_carousel_nonce=ff4ffb5c99\"\n\t>\n\t\t\t\t\t<li class=\"carousel-entry\">\n\t\t\t\t<div class=\"thumbnail\">\n\t\t\t\t\t\t\t\t\t\t\t<a href=\"https:\/\/wp.ufpel.edu.br\/malg\/virilidade-e-identidade-o-corpo-masculino-na-obra-de-gotuzzo\/\" style=\"background-image: url(https:\/\/wp.ufpel.edu.br\/malg\/files\/2025\/05\/convite-272x182.jpg)\">\n\t\t\t\t\t\t<\/a>\n\t\t\t\t\t\t\t\t\t<\/div>\n\t\t\t\t\t\t\t\t<h3><a href=\"https:\/\/wp.ufpel.edu.br\/malg\/virilidade-e-identidade-o-corpo-masculino-na-obra-de-gotuzzo\/\">Virilidade e identidade: o corpo masculino na obra de Gotuzzo<\/a><\/h3>\n\t\t\t<\/li>\n\t\t\t\t\t<li class=\"carousel-entry\">\n\t\t\t\t<div class=\"thumbnail\">\n\t\t\t\t\t\t\t\t\t\t\t<a href=\"https:\/\/wp.ufpel.edu.br\/malg\/artistas-mulheres-no-malg-obras-do-acervo-fase-1\/\" style=\"background-image: url(https:\/\/wp.ufpel.edu.br\/malg\/files\/slider11\/convite-272x182.jpeg)\">\n\t\t\t\t\t\t<\/a>\n\t\t\t\t\t\t\t\t\t<\/div>\n\t\t\t\t\t\t\t\t<h3><a href=\"https:\/\/wp.ufpel.edu.br\/malg\/artistas-mulheres-no-malg-obras-do-acervo-fase-1\/\">Artistas mulheres no MALG: obras do acervo &#8211; Fase 1<\/a><\/h3>\n\t\t\t<\/li>\n\t\t\t\t\t<li class=\"carousel-entry\">\n\t\t\t\t<div class=\"thumbnail\">\n\t\t\t\t\t\t\t\t\t\t\t<a href=\"https:\/\/wp.ufpel.edu.br\/malg\/exposicao-pintura-permeabilidades-imaginativas\/\" style=\"background-image: url(https:\/\/wp.ufpel.edu.br\/malg\/files\/2025\/04\/convite-Exposicao-272x182.jpg)\">\n\t\t\t\t\t\t<\/a>\n\t\t\t\t\t\t\t\t\t<\/div>\n\t\t\t\t\t\t\t\t<h3><a href=\"https:\/\/wp.ufpel.edu.br\/malg\/exposicao-pintura-permeabilidades-imaginativas\/\">Exposi\u00e7\u00e3o PINTURA: PERMEABILIDADES IMAGINATIVAS<\/a><\/h3>\n\t\t\t<\/li>\n\t\t\t\t\t<li class=\"carousel-entry\">\n\t\t\t\t<div class=\"thumbnail\">\n\t\t\t\t\t\t\t\t\t\t\t<a href=\"https:\/\/wp.ufpel.edu.br\/malg\/leopoldo-gotuzzo-de-1904-a-1971\/\" class=\"default-thumbnail\"><span class=\"vantage-overlay\"><\/span><\/a>\n\t\t\t\t\t\t\t\t\t<\/div>\n\t\t\t\t\t\t\t\t<h3><a href=\"https:\/\/wp.ufpel.edu.br\/malg\/leopoldo-gotuzzo-de-1904-a-1971\/\">Leopoldo Gotuzzo: de 1904 a 1971<\/a><\/h3>\n\t\t\t<\/li>\n\t\t\t\t\t<li class=\"carousel-entry\">\n\t\t\t\t<div class=\"thumbnail\">\n\t\t\t\t\t\t\t\t\t\t\t<a href=\"https:\/\/wp.ufpel.edu.br\/malg\/50-anos-do-escudo-da-ufpel\/\" style=\"background-image: url(https:\/\/wp.ufpel.edu.br\/malg\/files\/2023\/03\/site_-capa-destaque-272x182.png)\">\n\t\t\t\t\t\t<\/a>\n\t\t\t\t\t\t\t\t\t<\/div>\n\t\t\t\t\t\t\t\t<h3><a href=\"https:\/\/wp.ufpel.edu.br\/malg\/50-anos-do-escudo-da-ufpel\/\">50 anos do escudo da UFPel<\/a><\/h3>\n\t\t\t<\/li>\n\t\t\t\t\t<li class=\"carousel-entry\">\n\t\t\t\t<div class=\"thumbnail\">\n\t\t\t\t\t\t\t\t\t\t\t<a href=\"https:\/\/wp.ufpel.edu.br\/malg\/pinacoteca-do-palacio-piratini\/\" style=\"background-image: url(https:\/\/wp.ufpel.edu.br\/malg\/files\/2023\/03\/capa_exposicaoPalacioPiratini-272x182.png)\">\n\t\t\t\t\t\t<\/a>\n\t\t\t\t\t\t\t\t\t<\/div>\n\t\t\t\t\t\t\t\t<h3><a href=\"https:\/\/wp.ufpel.edu.br\/malg\/pinacoteca-do-palacio-piratini\/\">Pinacoteca do Pal\u00e1cio Piratini: obras restauradas<\/a><\/h3>\n\t\t\t<\/li>\n\t\t\t<\/ul>\n<\/div>\n<\/div><\/div><\/div><\/div><div id=\"pg-1337-2\"  class=\"panel-grid panel-has-style\" ><div class=\"siteorigin-panels-stretch panel-row-style panel-row-style-for-1337-2\" data-stretch-type=\"full\" ><div id=\"pgc-1337-2-0\"  class=\"panel-grid-cell\" ><div id=\"panel-1337-2-0-0\" class=\"so-panel widget widget_circleicon-widget panel-first-child panel-last-child\" data-index=\"2\" >\t\t<div class=\"circle-icon-box circle-icon-position-top circle-icon-hide-box circle-icon-size-medium \">\n\t\t\t\t\t\t\t<div class=\"circle-icon-wrapper\">\n\t\t\t\t\t\t\t\t\t\t<div class=\"circle-icon icon-style-set\" style=\"background-color: #4c4c4c\">\n\t\t\t\t\t\t\t\t\t\t\t\t\t<div\n\t\t\t\t\t\t\t\tclass=\"fa fa-ticket  icon-style-set\"\n\t\t\t\t\t\t\t\tstyle=\"color: #ffffff\"\t\t\t\t\t\t\t><\/div>\n\t\t\t\t\t\t\t\t\t\t\t<\/div>\n\t\t\t\t\t\t\t\t\t<\/div>\n\t\t\t\n\t\t\t\t\t\t\t\t\t\t<h4 style=\"color: #ffffff\">\n\t\t\t\t\tentrada gratuita\t\t\t\t<\/h4>\n\t\t\t\t\t\t\n\t\t\t\t\t\t\t<p class=\"text\" style=\"color: #ffffff\">\n\t\t\t\tFuncionamos de ter\u00e7a a s\u00e1bado, das 12h \u00e0s 18h.  Os espa\u00e7os expositivos fecham pontualmente \u00e0s 18h30.\t\t\t<\/p>\n\t\t\t\t\t\t\t\t<\/div>\n\t\t<\/div><\/div><div id=\"pgc-1337-2-1\"  class=\"panel-grid-cell\" ><div id=\"panel-1337-2-1-0\" class=\"so-panel widget widget_circleicon-widget panel-first-child panel-last-child\" data-index=\"3\" ><div class=\"panel-widget-style panel-widget-style-for-1337-2-1-0\" >\t\t<div class=\"circle-icon-box circle-icon-position-top circle-icon-hide-box circle-icon-size-small \">\n\t\t\t\t\t\t\t<div class=\"circle-icon-wrapper\">\n\t\t\t\t\t\t\t\t\t\t<a href=\"#\" class=\"link-icon\" >\t\t\t\t\t<div class=\"circle-icon icon-style-set\" style=\"background-color: #4c4c4c\">\n\t\t\t\t\t\t\t\t\t\t\t\t\t<div\n\t\t\t\t\t\t\t\tclass=\"fa fa-sticky-note  icon-style-set\"\n\t\t\t\t\t\t\t\t\t\t\t\t\t\t\t><\/div>\n\t\t\t\t\t\t\t\t\t\t\t<\/div>\n\t\t\t\t\t<\/a>\t\t\t\t<\/div>\n\t\t\t\n\t\t\t\t\t\t\t<a\n\t\t\t\t\thref=\"#\"\n\t\t\t\t\tclass=\"link-title\" \t\t\t\t>\n\t\t\t\t\t\t\t\t\t\t<h4 style=\"color: #ffffff\">\n\t\t\t\t\tagende sua visita\t\t\t\t<\/h4>\n\t\t\t\t\t\t\t\t\t\t<\/a>\n\t\t\t\n\t\t\t\t\t\t\t<p class=\"text\" style=\"color: #ffffff\">\n\t\t\t\tO agendamento de grupos \u00e9 uma a\u00e7\u00e3o que permite a realiza\u00e7\u00e3o de visitas acompanhadas de escolas, propondo conex\u00f5es entre o acervo e os conte\u00fados.\t\t\t<\/p>\n\t\t\t\t\t\t\t\t\t\t<a\n\t\t\t\t\thref=\"#\"\n\t\t\t\t\tclass=\"more-button\"\n\t\t\t\t\tstyle=\"color: #ffffff\"\t\t\t\t>\n\t\t\t\t\tsaiba mais\t\t\t\t\t<i><\/i>\n\t\t\t\t<\/a>\n\t\t\t\t\t<\/div>\n\t\t<\/div><\/div><\/div><div id=\"pgc-1337-2-2\"  class=\"panel-grid-cell\" ><div id=\"panel-1337-2-2-0\" class=\"so-panel widget widget_circleicon-widget panel-first-child panel-last-child\" data-index=\"4\" ><div class=\"panel-widget-style panel-widget-style-for-1337-2-2-0\" >\t\t<div class=\"circle-icon-box circle-icon-position-top circle-icon-hide-box circle-icon-size-small \">\n\t\t\t\t\t\t\t<div class=\"circle-icon-wrapper\">\n\t\t\t\t\t\t\t\t\t\t<a href=\"https:\/\/wp.ufpel.edu.br\/malg\/fale-conosco\/\" class=\"link-icon\" >\t\t\t\t\t<div class=\"circle-icon icon-style-set\" style=\"background-color: #4c4c4c\">\n\t\t\t\t\t\t\t\t\t\t\t\t\t<div\n\t\t\t\t\t\t\t\tclass=\"fa fa-map-marker  icon-style-set\"\n\t\t\t\t\t\t\t\t\t\t\t\t\t\t\t><\/div>\n\t\t\t\t\t\t\t\t\t\t\t<\/div>\n\t\t\t\t\t<\/a>\t\t\t\t<\/div>\n\t\t\t\n\t\t\t\t\t\t\t<a\n\t\t\t\t\thref=\"https:\/\/wp.ufpel.edu.br\/malg\/fale-conosco\/\"\n\t\t\t\t\tclass=\"link-title\" \t\t\t\t>\n\t\t\t\t\t\t\t\t\t\t<h4 style=\"color: #ffffff\">\n\t\t\t\t\tcomo chegar ao museu\t\t\t\t<\/h4>\n\t\t\t\t\t\t\t\t\t\t<\/a>\n\t\t\t\n\t\t\t\t\t\t\t<p class=\"text\" style=\"color: #ffffff\">\n\t\t\t\tPara ter acesso ao Mapa, com a indica\u00e7\u00e3o de como chegar ao Museu de Arte Leopoldo Gotuzzo e outras informa\u00e7\u00f5es de contato, \u00e9 s\u00f3 clicar no bot\u00e3o abaixo.\t\t\t<\/p>\n\t\t\t\t\t\t\t\t\t\t<a\n\t\t\t\t\thref=\"https:\/\/wp.ufpel.edu.br\/malg\/fale-conosco\/\"\n\t\t\t\t\tclass=\"more-button\"\n\t\t\t\t\tstyle=\"color: #ffffff\"\t\t\t\t>\n\t\t\t\t\tcomo chegar\t\t\t\t\t<i><\/i>\n\t\t\t\t<\/a>\n\t\t\t\t\t<\/div>\n\t\t<\/div><\/div><\/div><\/div><\/div><div id=\"pg-1337-3\"  class=\"panel-grid panel-has-style\" ><div class=\"siteorigin-panels-stretch panel-row-style panel-row-style-for-1337-3\" data-stretch-type=\"full\" ><div id=\"pgc-1337-3-0\"  class=\"panel-grid-cell\" ><div id=\"panel-1337-3-0-0\" class=\"so-panel widget widget_media_image panel-first-child panel-last-child\" data-index=\"5\" ><h3 class=\"widget-title\">realiza\u00e7\u00e3o<\/h3><img loading=\"lazy\" decoding=\"async\" data-attachment-id=\"1294\" data-permalink=\"https:\/\/wp.ufpel.edu.br\/malg\/malg-home\/logos1\/#main\" data-orig-file=\"https:\/\/wp.ufpel.edu.br\/malg\/files\/2020\/03\/logos1.png\" data-orig-size=\"1302,210\" data-comments-opened=\"0\" data-image-meta=\"{&quot;aperture&quot;:&quot;0&quot;,&quot;credit&quot;:&quot;&quot;,&quot;camera&quot;:&quot;&quot;,&quot;caption&quot;:&quot;&quot;,&quot;created_timestamp&quot;:&quot;0&quot;,&quot;copyright&quot;:&quot;&quot;,&quot;focal_length&quot;:&quot;0&quot;,&quot;iso&quot;:&quot;0&quot;,&quot;shutter_speed&quot;:&quot;0&quot;,&quot;title&quot;:&quot;&quot;,&quot;orientation&quot;:&quot;0&quot;}\" data-image-title=\"logos1\" data-image-description=\"\" data-image-caption=\"\" data-medium-file=\"https:\/\/wp.ufpel.edu.br\/malg\/files\/2020\/03\/logos1-400x65.png\" data-large-file=\"https:\/\/wp.ufpel.edu.br\/malg\/files\/2020\/03\/logos1-900x210.png\" width=\"400\" height=\"65\" src=\"https:\/\/wp.ufpel.edu.br\/malg\/files\/2020\/03\/logos1-400x65.png\" class=\"image wp-image-1294  attachment-medium size-medium\" alt=\"\" style=\"max-width: 100%; height: auto;\" srcset=\"https:\/\/wp.ufpel.edu.br\/malg\/files\/2020\/03\/logos1-400x65.png 400w, https:\/\/wp.ufpel.edu.br\/malg\/files\/2020\/03\/logos1-200x32.png 200w, https:\/\/wp.ufpel.edu.br\/malg\/files\/2020\/03\/logos1-768x124.png 768w, https:\/\/wp.ufpel.edu.br\/malg\/files\/2020\/03\/logos1.png 1302w\" sizes=\"auto, (max-width: 400px) 100vw, 400px\" data-attachment-id=\"1294\" data-permalink=\"https:\/\/wp.ufpel.edu.br\/malg\/malg-home\/logos1\/#main\" data-orig-file=\"https:\/\/wp.ufpel.edu.br\/malg\/files\/2020\/03\/logos1.png\" data-orig-size=\"1302,210\" data-comments-opened=\"0\" data-image-meta=\"{&quot;aperture&quot;:&quot;0&quot;,&quot;credit&quot;:&quot;&quot;,&quot;camera&quot;:&quot;&quot;,&quot;caption&quot;:&quot;&quot;,&quot;created_timestamp&quot;:&quot;0&quot;,&quot;copyright&quot;:&quot;&quot;,&quot;focal_length&quot;:&quot;0&quot;,&quot;iso&quot;:&quot;0&quot;,&quot;shutter_speed&quot;:&quot;0&quot;,&quot;title&quot;:&quot;&quot;,&quot;orientation&quot;:&quot;0&quot;}\" data-image-title=\"logos1\" data-image-description=\"\" data-image-caption=\"\" data-medium-file=\"https:\/\/wp.ufpel.edu.br\/malg\/files\/2020\/03\/logos1-400x65.png\" data-large-file=\"https:\/\/wp.ufpel.edu.br\/malg\/files\/2020\/03\/logos1-900x210.png\" \/><\/div><\/div><div id=\"pgc-1337-3-1\"  class=\"panel-grid-cell\" ><div id=\"panel-1337-3-1-0\" class=\"so-panel widget widget_media_image panel-first-child panel-last-child\" data-index=\"6\" ><h3 class=\"widget-title\">parceiros<\/h3><img loading=\"lazy\" decoding=\"async\" data-attachment-id=\"1296\" data-permalink=\"https:\/\/wp.ufpel.edu.br\/malg\/malg-home\/logos2-1\/#main\" data-orig-file=\"https:\/\/wp.ufpel.edu.br\/malg\/files\/2020\/03\/logos2-1.png\" data-orig-size=\"1201,210\" data-comments-opened=\"0\" data-image-meta=\"{&quot;aperture&quot;:&quot;0&quot;,&quot;credit&quot;:&quot;&quot;,&quot;camera&quot;:&quot;&quot;,&quot;caption&quot;:&quot;&quot;,&quot;created_timestamp&quot;:&quot;0&quot;,&quot;copyright&quot;:&quot;&quot;,&quot;focal_length&quot;:&quot;0&quot;,&quot;iso&quot;:&quot;0&quot;,&quot;shutter_speed&quot;:&quot;0&quot;,&quot;title&quot;:&quot;&quot;,&quot;orientation&quot;:&quot;0&quot;}\" data-image-title=\"logos2-1\" data-image-description=\"\" data-image-caption=\"\" data-medium-file=\"https:\/\/wp.ufpel.edu.br\/malg\/files\/2020\/03\/logos2-1-400x70.png\" data-large-file=\"https:\/\/wp.ufpel.edu.br\/malg\/files\/2020\/03\/logos2-1-900x210.png\" width=\"400\" height=\"70\" src=\"https:\/\/wp.ufpel.edu.br\/malg\/files\/2020\/03\/logos2-1-400x70.png\" class=\"image wp-image-1296  attachment-medium size-medium\" alt=\"\" style=\"max-width: 100%; height: auto;\" srcset=\"https:\/\/wp.ufpel.edu.br\/malg\/files\/2020\/03\/logos2-1-400x70.png 400w, https:\/\/wp.ufpel.edu.br\/malg\/files\/2020\/03\/logos2-1-200x35.png 200w, https:\/\/wp.ufpel.edu.br\/malg\/files\/2020\/03\/logos2-1-768x134.png 768w, https:\/\/wp.ufpel.edu.br\/malg\/files\/2020\/03\/logos2-1.png 1201w\" sizes=\"auto, (max-width: 400px) 100vw, 400px\" data-attachment-id=\"1296\" data-permalink=\"https:\/\/wp.ufpel.edu.br\/malg\/malg-home\/logos2-1\/#main\" data-orig-file=\"https:\/\/wp.ufpel.edu.br\/malg\/files\/2020\/03\/logos2-1.png\" data-orig-size=\"1201,210\" data-comments-opened=\"0\" data-image-meta=\"{&quot;aperture&quot;:&quot;0&quot;,&quot;credit&quot;:&quot;&quot;,&quot;camera&quot;:&quot;&quot;,&quot;caption&quot;:&quot;&quot;,&quot;created_timestamp&quot;:&quot;0&quot;,&quot;copyright&quot;:&quot;&quot;,&quot;focal_length&quot;:&quot;0&quot;,&quot;iso&quot;:&quot;0&quot;,&quot;shutter_speed&quot;:&quot;0&quot;,&quot;title&quot;:&quot;&quot;,&quot;orientation&quot;:&quot;0&quot;}\" data-image-title=\"logos2-1\" data-image-description=\"\" data-image-caption=\"\" data-medium-file=\"https:\/\/wp.ufpel.edu.br\/malg\/files\/2020\/03\/logos2-1-400x70.png\" data-large-file=\"https:\/\/wp.ufpel.edu.br\/malg\/files\/2020\/03\/logos2-1-900x210.png\" \/><\/div><\/div><\/div><\/div><\/div>","protected":false},"excerpt":{"rendered":"<p>Pinacoteca do Pal\u00e1cio Piratini Folder &nbsp;<\/p>\n","protected":false},"author":401,"featured_media":0,"parent":0,"menu_order":0,"comment_status":"closed","ping_status":"closed","template":"home-panels.php","meta":{"jetpack_post_was_ever_published":false,"footnotes":""},"class_list":["post-1337","page","type-page","status-publish","hentry","post","post-with-thumbnail","post-with-thumbnail-large"],"yoast_head":"<!-- This site is optimized with the Yoast SEO plugin v26.7 - https:\/\/yoast.com\/wordpress\/plugins\/seo\/ -->\n<title>MALG &#8212; Museu de Arte Leopoldo Gotuzzo<\/title>\n<meta name=\"robots\" content=\"index, follow, max-snippet:-1, max-image-preview:large, max-video-preview:-1\" \/>\n<link rel=\"canonical\" href=\"https:\/\/wp.ufpel.edu.br\/malg\/\" \/>\n<meta property=\"og:locale\" content=\"pt_BR\" \/>\n<meta property=\"og:type\" content=\"article\" \/>\n<meta property=\"og:title\" content=\"MALG &#8212; Museu de Arte Leopoldo Gotuzzo\" \/>\n<meta property=\"og:description\" content=\"Pinacoteca do Pal\u00e1cio Piratini Folder &nbsp;\" \/>\n<meta property=\"og:url\" content=\"https:\/\/wp.ufpel.edu.br\/malg\/\" \/>\n<meta property=\"og:site_name\" content=\"Museu de Arte Leopoldo Gotuzzo\" \/>\n<meta property=\"article:publisher\" content=\"https:\/\/www.facebook.com\/museuleopoldogotuzzo\/\" \/>\n<meta property=\"article:modified_time\" content=\"2025-04-25T18:54:23+00:00\" \/>\n<meta name=\"twitter:card\" content=\"summary_large_image\" \/>\n<meta name=\"twitter:label1\" content=\"Est. tempo de leitura\" \/>\n\t<meta name=\"twitter:data1\" content=\"1 minuto\" \/>\n<script type=\"application\/ld+json\" class=\"yoast-schema-graph\">{\"@context\":\"https:\/\/schema.org\",\"@graph\":[{\"@type\":\"WebPage\",\"@id\":\"https:\/\/wp.ufpel.edu.br\/malg\/\",\"url\":\"https:\/\/wp.ufpel.edu.br\/malg\/\",\"name\":\"MALG &#8212; Museu de Arte Leopoldo Gotuzzo\",\"isPartOf\":{\"@id\":\"https:\/\/wp.ufpel.edu.br\/malg\/#website\"},\"datePublished\":\"2020-03-25T14:43:14+00:00\",\"dateModified\":\"2025-04-25T18:54:23+00:00\",\"breadcrumb\":{\"@id\":\"https:\/\/wp.ufpel.edu.br\/malg\/#breadcrumb\"},\"inLanguage\":\"pt-BR\",\"potentialAction\":[{\"@type\":\"ReadAction\",\"target\":[\"https:\/\/wp.ufpel.edu.br\/malg\/\"]}]},{\"@type\":\"BreadcrumbList\",\"@id\":\"https:\/\/wp.ufpel.edu.br\/malg\/#breadcrumb\",\"itemListElement\":[{\"@type\":\"ListItem\",\"position\":1,\"name\":\"In\u00edcio\",\"item\":\"https:\/\/wp.ufpel.edu.br\/malg\/\"},{\"@type\":\"ListItem\",\"position\":2,\"name\":\"MALG\"}]},{\"@type\":\"WebSite\",\"@id\":\"https:\/\/wp.ufpel.edu.br\/malg\/#website\",\"url\":\"https:\/\/wp.ufpel.edu.br\/malg\/\",\"name\":\"Museu de Arte Leopoldo Gotuzzo\",\"description\":\"\",\"publisher\":{\"@id\":\"https:\/\/wp.ufpel.edu.br\/malg\/#organization\"},\"potentialAction\":[{\"@type\":\"SearchAction\",\"target\":{\"@type\":\"EntryPoint\",\"urlTemplate\":\"https:\/\/wp.ufpel.edu.br\/malg\/?s={search_term_string}\"},\"query-input\":{\"@type\":\"PropertyValueSpecification\",\"valueRequired\":true,\"valueName\":\"search_term_string\"}}],\"inLanguage\":\"pt-BR\"},{\"@type\":\"Organization\",\"@id\":\"https:\/\/wp.ufpel.edu.br\/malg\/#organization\",\"name\":\"MALG _ Museu de Arte Leopoldo Gotuzzo\",\"url\":\"https:\/\/wp.ufpel.edu.br\/malg\/\",\"logo\":{\"@type\":\"ImageObject\",\"inLanguage\":\"pt-BR\",\"@id\":\"https:\/\/wp.ufpel.edu.br\/malg\/#\/schema\/logo\/image\/\",\"url\":\"https:\/\/i0.wp.com\/wp.ufpel.edu.br\/malg\/files\/2020\/03\/01.png?fit=1240%2C476&ssl=1\",\"contentUrl\":\"https:\/\/i0.wp.com\/wp.ufpel.edu.br\/malg\/files\/2020\/03\/01.png?fit=1240%2C476&ssl=1\",\"width\":1240,\"height\":476,\"caption\":\"MALG _ Museu de Arte Leopoldo Gotuzzo\"},\"image\":{\"@id\":\"https:\/\/wp.ufpel.edu.br\/malg\/#\/schema\/logo\/image\/\"},\"sameAs\":[\"https:\/\/www.facebook.com\/museuleopoldogotuzzo\/\",\"https:\/\/www.instagram.com\/malg.ufpel\/\",\"https:\/\/www.youtube.com\/@MALG_UFPel\"]}]}<\/script>\n<!-- \/ Yoast SEO plugin. -->","yoast_head_json":{"title":"MALG &#8212; Museu de Arte Leopoldo Gotuzzo","robots":{"index":"index","follow":"follow","max-snippet":"max-snippet:-1","max-image-preview":"max-image-preview:large","max-video-preview":"max-video-preview:-1"},"canonical":"https:\/\/wp.ufpel.edu.br\/malg\/","og_locale":"pt_BR","og_type":"article","og_title":"MALG &#8212; Museu de Arte Leopoldo Gotuzzo","og_description":"Pinacoteca do Pal\u00e1cio Piratini Folder &nbsp;","og_url":"https:\/\/wp.ufpel.edu.br\/malg\/","og_site_name":"Museu de Arte Leopoldo Gotuzzo","article_publisher":"https:\/\/www.facebook.com\/museuleopoldogotuzzo\/","article_modified_time":"2025-04-25T18:54:23+00:00","twitter_card":"summary_large_image","twitter_misc":{"Est. tempo de leitura":"1 minuto"},"schema":{"@context":"https:\/\/schema.org","@graph":[{"@type":"WebPage","@id":"https:\/\/wp.ufpel.edu.br\/malg\/","url":"https:\/\/wp.ufpel.edu.br\/malg\/","name":"MALG &#8212; Museu de Arte Leopoldo Gotuzzo","isPartOf":{"@id":"https:\/\/wp.ufpel.edu.br\/malg\/#website"},"datePublished":"2020-03-25T14:43:14+00:00","dateModified":"2025-04-25T18:54:23+00:00","breadcrumb":{"@id":"https:\/\/wp.ufpel.edu.br\/malg\/#breadcrumb"},"inLanguage":"pt-BR","potentialAction":[{"@type":"ReadAction","target":["https:\/\/wp.ufpel.edu.br\/malg\/"]}]},{"@type":"BreadcrumbList","@id":"https:\/\/wp.ufpel.edu.br\/malg\/#breadcrumb","itemListElement":[{"@type":"ListItem","position":1,"name":"In\u00edcio","item":"https:\/\/wp.ufpel.edu.br\/malg\/"},{"@type":"ListItem","position":2,"name":"MALG"}]},{"@type":"WebSite","@id":"https:\/\/wp.ufpel.edu.br\/malg\/#website","url":"https:\/\/wp.ufpel.edu.br\/malg\/","name":"Museu de Arte Leopoldo Gotuzzo","description":"","publisher":{"@id":"https:\/\/wp.ufpel.edu.br\/malg\/#organization"},"potentialAction":[{"@type":"SearchAction","target":{"@type":"EntryPoint","urlTemplate":"https:\/\/wp.ufpel.edu.br\/malg\/?s={search_term_string}"},"query-input":{"@type":"PropertyValueSpecification","valueRequired":true,"valueName":"search_term_string"}}],"inLanguage":"pt-BR"},{"@type":"Organization","@id":"https:\/\/wp.ufpel.edu.br\/malg\/#organization","name":"MALG _ Museu de Arte Leopoldo Gotuzzo","url":"https:\/\/wp.ufpel.edu.br\/malg\/","logo":{"@type":"ImageObject","inLanguage":"pt-BR","@id":"https:\/\/wp.ufpel.edu.br\/malg\/#\/schema\/logo\/image\/","url":"https:\/\/i0.wp.com\/wp.ufpel.edu.br\/malg\/files\/2020\/03\/01.png?fit=1240%2C476&ssl=1","contentUrl":"https:\/\/i0.wp.com\/wp.ufpel.edu.br\/malg\/files\/2020\/03\/01.png?fit=1240%2C476&ssl=1","width":1240,"height":476,"caption":"MALG _ Museu de Arte Leopoldo Gotuzzo"},"image":{"@id":"https:\/\/wp.ufpel.edu.br\/malg\/#\/schema\/logo\/image\/"},"sameAs":["https:\/\/www.facebook.com\/museuleopoldogotuzzo\/","https:\/\/www.instagram.com\/malg.ufpel\/","https:\/\/www.youtube.com\/@MALG_UFPel"]}]}},"jetpack_sharing_enabled":true,"jetpack_shortlink":"https:\/\/wp.me\/P89KnE-lz","_links":{"self":[{"href":"https:\/\/wp.ufpel.edu.br\/malg\/wp-json\/wp\/v2\/pages\/1337","targetHints":{"allow":["GET"]}}],"collection":[{"href":"https:\/\/wp.ufpel.edu.br\/malg\/wp-json\/wp\/v2\/pages"}],"about":[{"href":"https:\/\/wp.ufpel.edu.br\/malg\/wp-json\/wp\/v2\/types\/page"}],"author":[{"embeddable":true,"href":"https:\/\/wp.ufpel.edu.br\/malg\/wp-json\/wp\/v2\/users\/401"}],"replies":[{"embeddable":true,"href":"https:\/\/wp.ufpel.edu.br\/malg\/wp-json\/wp\/v2\/comments?post=1337"}],"version-history":[{"count":31,"href":"https:\/\/wp.ufpel.edu.br\/malg\/wp-json\/wp\/v2\/pages\/1337\/revisions"}],"predecessor-version":[{"id":4423,"href":"https:\/\/wp.ufpel.edu.br\/malg\/wp-json\/wp\/v2\/pages\/1337\/revisions\/4423"}],"wp:attachment":[{"href":"https:\/\/wp.ufpel.edu.br\/malg\/wp-json\/wp\/v2\/media?parent=1337"}],"curies":[{"name":"wp","href":"https:\/\/api.w.org\/{rel}","templated":true}]}}