{"id":382,"date":"2021-04-28T15:25:49","date_gmt":"2021-04-28T18:25:49","guid":{"rendered":"https:\/\/wp.ufpel.edu.br\/macosta\/?page_id=382"},"modified":"2023-08-18T14:37:57","modified_gmt":"2023-08-18T17:37:57","slug":"materiais-didaticos","status":"publish","type":"page","link":"https:\/\/wp.ufpel.edu.br\/macosta\/materiais-didaticos\/","title":{"rendered":"Materiais Did\u00e1ticos"},"content":{"rendered":"<h2><strong>Tabelas de probabilidade<\/strong><\/h2>\n<ul>\n<li><a href=\"https:\/\/wp.ufpel.edu.br\/macosta\/files\/2023\/08\/tabela1-npadrao-230804.pdf\" target=\"_blank\" rel=\"noopener\">Tabela 1 \u2013 Quantis e probabilidades para a distribui\u00e7\u00e3o Normal Padr\u00e3o<\/a><\/li>\n<li><a href=\"https:\/\/wp.ufpel.edu.br\/macosta\/files\/2023\/08\/tabela2-quiquadrado-230816.pdf\" target=\"_blank\" rel=\"noopener\">Tabela 2 \u2013 Quantis e probabilidades para a distribui\u00e7\u00e3o Qui-Quadrado<\/a><\/li>\n<li><a href=\"https:\/\/wp.ufpel.edu.br\/macosta\/files\/2023\/08\/tabela3-student-230816.pdf\" target=\"_blank\" rel=\"noopener\">Tabela 3 \u2013 Quantis e probabilidades para a distribui\u00e7\u00e3o t de Student<\/a><\/li>\n<li><a href=\"https:\/\/wp.ufpel.edu.br\/macosta\/files\/2023\/08\/tabela4-snedecor-10-230816.pdf\" target=\"_blank\" rel=\"noopener\">Tabela 4 \u2013 Quantis para P(W &gt; w) = 0,1 da distribui\u00e7\u00e3o F de Fisher-Snedecor<\/a><\/li>\n<li><a href=\"https:\/\/wp.ufpel.edu.br\/macosta\/files\/2023\/08\/tabela5-snedecor-5-230816.pdf\" target=\"_blank\" rel=\"noopener\">Tabela 5 \u2013 Quantis para P(W &gt; w) = 0,05 da distribui\u00e7\u00e3o F de Fisher-Snedecor<\/a><\/li>\n<li><a href=\"https:\/\/wp.ufpel.edu.br\/macosta\/files\/2023\/08\/tabela6-snedecor-1-230816.pdf\" target=\"_blank\" rel=\"noopener\">Tabela 6 \u2013 Quantis para P(W &gt; w) = 0,01 da distribui\u00e7\u00e3o F de Fisher-Snedecor<\/a><\/li>\n<\/ul>\n","protected":false},"excerpt":{"rendered":"<p>Tabelas de probabilidade Tabela 1 \u2013 Quantis e probabilidades para a distribui\u00e7\u00e3o Normal Padr\u00e3o Tabela 2 \u2013 Quantis e probabilidades para a distribui\u00e7\u00e3o Qui-Quadrado Tabela 3 \u2013 Quantis e probabilidades para a distribui\u00e7\u00e3o t de Student Tabela 4 \u2013 Quantis para P(W &gt; w) = 0,1 da distribui\u00e7\u00e3o F de Fisher-Snedecor Tabela 5 \u2013 Quantis&hellip;<\/p>\n","protected":false},"author":1001,"featured_media":0,"parent":0,"menu_order":4,"comment_status":"closed","ping_status":"closed","template":"","meta":{"jetpack_post_was_ever_published":false,"footnotes":""},"class_list":["post-382","page","type-page","status-publish","hentry"],"jetpack_sharing_enabled":true,"jetpack_likes_enabled":true,"_links":{"self":[{"href":"https:\/\/wp.ufpel.edu.br\/macosta\/wp-json\/wp\/v2\/pages\/382","targetHints":{"allow":["GET"]}}],"collection":[{"href":"https:\/\/wp.ufpel.edu.br\/macosta\/wp-json\/wp\/v2\/pages"}],"about":[{"href":"https:\/\/wp.ufpel.edu.br\/macosta\/wp-json\/wp\/v2\/types\/page"}],"author":[{"embeddable":true,"href":"https:\/\/wp.ufpel.edu.br\/macosta\/wp-json\/wp\/v2\/users\/1001"}],"replies":[{"embeddable":true,"href":"https:\/\/wp.ufpel.edu.br\/macosta\/wp-json\/wp\/v2\/comments?post=382"}],"version-history":[{"count":10,"href":"https:\/\/wp.ufpel.edu.br\/macosta\/wp-json\/wp\/v2\/pages\/382\/revisions"}],"predecessor-version":[{"id":900,"href":"https:\/\/wp.ufpel.edu.br\/macosta\/wp-json\/wp\/v2\/pages\/382\/revisions\/900"}],"wp:attachment":[{"href":"https:\/\/wp.ufpel.edu.br\/macosta\/wp-json\/wp\/v2\/media?parent=382"}],"curies":[{"name":"wp","href":"https:\/\/api.w.org\/{rel}","templated":true}]}}