{"id":236,"date":"2020-10-13T11:54:37","date_gmt":"2020-10-13T14:54:37","guid":{"rendered":"https:\/\/wp.ufpel.edu.br\/macosta\/?page_id=236"},"modified":"2024-09-05T15:22:54","modified_gmt":"2024-09-05T18:22:54","slug":"monitoria-colaboradores","status":"publish","type":"page","link":"https:\/\/wp.ufpel.edu.br\/macosta\/monitoria-colaboradores\/","title":{"rendered":"Colaboradores"},"content":{"rendered":"<h2><span style=\"color: #000000;\">Estat\u00edstica B\u00e1sica (c\u00f3digo: <a style=\"color: #000000;\" href=\"https:\/\/institucional.ufpel.edu.br\/disciplinas\/id\/30511\" target=\"_blank\" rel=\"noopener\">11100026<\/a>):<\/span><\/h2>\n<ul>\n<li><span style=\"color: #000000;\">Andressa Moreira Cabana (per\u00edodo(s): 07\/23 a 09\/23): Bolsista de Monitoria. Graduanda em Agronomia, FAEM.<\/span><\/li>\n<\/ul>\n<h2><span style=\"color: #000000;\">Bioestat\u00edstica (c\u00f3digo: <a style=\"color: #000000;\" href=\"https:\/\/institucional.ufpel.edu.br\/disciplinas\/id\/30534\" target=\"_blank\" rel=\"noopener\">11100049<\/a>):<\/span><\/h2>\n<ul>\n<li><span style=\"color: #000000;\">Kelen Cristiane Machado Goularte (<span class=\"fontstyle0\">per\u00edodo(s): <\/span>04\/21 a 06\/21): Monitora Volunt\u00e1ria. Graduanda em Qu\u00edmica Forense, CCQFA;<\/span><\/li>\n<li><span style=\"color: #000000;\">Lu\u00e3 Borges Iepsen (<span class=\"fontstyle0\">per\u00edodo(s): <\/span>10\/20 a 12\/20): Bolsista de Monitoria. Graduando em Medicina Veterin\u00e1ria, FVET;<\/span><\/li>\n<li><span style=\"color: #000000;\">Lucas Minghini Gon\u00e7alves (<span class=\"fontstyle0\">per\u00edodo(s): <\/span>10\/20 a 12\/20): Monitor Volunt\u00e1rio. Graduando em Engenharia de Materiais, CDTec;<\/span><\/li>\n<li><span style=\"color: #000000;\">Ra\u00edssa da Silva Duarte (<span class=\"fontstyle0\">per\u00edodo(s): <\/span>08\/21 a 11\/21): Monitora Volunt\u00e1ria. Graduanda em Farm\u00e1cia, CCQFA;<\/span><\/li>\n<li><span style=\"color: #000000;\">Roberto Serrano Duarte de Oliveira (<span class=\"fontstyle0\">per\u00edodo(s): <\/span>04\/21 a 05\/21): Bolsista de Monitoria. Graduando em Medicina Veterin\u00e1ria, FVET;<\/span><\/li>\n<li><span style=\"color: #000000;\"><span class=\"fontstyle0\">Sara Maria Soares Amaral Negre (per\u00edodo(s): 10\/20 a 12\/20): Monitora Volunt\u00e1ria. Graduanda de Bacharelado em Qu\u00edmica, CCQFA<\/span><span class=\"fontstyle0\">;<\/span><\/span><\/li>\n<li><span style=\"color: #000000;\">Thom\u00e1s Henrique Silveira Silva (per\u00edodo(s): 05\/21 a 06\/21 e 08\/21 a 11\/21): Bolsista de Monitoria. Graduando em Qu\u00edmica Forense, CCQFA<\/span><\/li>\n<li><span style=\"color: #000000;\">Vanessa Oliveira Lins Ferreira (per\u00edodo(s): 07\/24): Monitora Volunt\u00e1ria. Graduanda em Medicina Veterin\u00e1ria, FVET.<\/span><\/li>\n<li><span style=\"color: #000000;\">Vict\u00f3ria da Porci\u00fancula dos Santos (per\u00edodo(s): 07\/24 a 08\/24): Bolsista de Monitoria. Graduanda em Medicina Veterin\u00e1ria, FVET.<\/span><\/li>\n<\/ul>\n","protected":false},"excerpt":{"rendered":"<p>Estat\u00edstica B\u00e1sica (c\u00f3digo: 11100026): Andressa Moreira Cabana (per\u00edodo(s): 07\/23 a 09\/23): Bolsista de Monitoria. Graduanda em Agronomia, FAEM. Bioestat\u00edstica (c\u00f3digo: 11100049): Kelen Cristiane Machado Goularte (per\u00edodo(s): 04\/21 a 06\/21): Monitora Volunt\u00e1ria. Graduanda em Qu\u00edmica Forense, CCQFA; Lu\u00e3 Borges Iepsen (per\u00edodo(s): 10\/20 a 12\/20): Bolsista de Monitoria. Graduando em Medicina Veterin\u00e1ria, FVET; Lucas Minghini Gon\u00e7alves (per\u00edodo(s):&hellip;<\/p>\n","protected":false},"author":1001,"featured_media":0,"parent":0,"menu_order":1,"comment_status":"closed","ping_status":"closed","template":"","meta":{"jetpack_post_was_ever_published":false,"footnotes":""},"class_list":["post-236","page","type-page","status-publish","hentry"],"jetpack_sharing_enabled":true,"jetpack_likes_enabled":true,"_links":{"self":[{"href":"https:\/\/wp.ufpel.edu.br\/macosta\/wp-json\/wp\/v2\/pages\/236","targetHints":{"allow":["GET"]}}],"collection":[{"href":"https:\/\/wp.ufpel.edu.br\/macosta\/wp-json\/wp\/v2\/pages"}],"about":[{"href":"https:\/\/wp.ufpel.edu.br\/macosta\/wp-json\/wp\/v2\/types\/page"}],"author":[{"embeddable":true,"href":"https:\/\/wp.ufpel.edu.br\/macosta\/wp-json\/wp\/v2\/users\/1001"}],"replies":[{"embeddable":true,"href":"https:\/\/wp.ufpel.edu.br\/macosta\/wp-json\/wp\/v2\/comments?post=236"}],"version-history":[{"count":158,"href":"https:\/\/wp.ufpel.edu.br\/macosta\/wp-json\/wp\/v2\/pages\/236\/revisions"}],"predecessor-version":[{"id":980,"href":"https:\/\/wp.ufpel.edu.br\/macosta\/wp-json\/wp\/v2\/pages\/236\/revisions\/980"}],"wp:attachment":[{"href":"https:\/\/wp.ufpel.edu.br\/macosta\/wp-json\/wp\/v2\/media?parent=236"}],"curies":[{"name":"wp","href":"https:\/\/api.w.org\/{rel}","templated":true}]}}