{"id":130,"date":"2020-04-23T00:14:39","date_gmt":"2020-04-23T03:14:39","guid":{"rendered":"https:\/\/wp.ufpel.edu.br\/macosta\/?page_id=130"},"modified":"2024-06-27T14:53:39","modified_gmt":"2024-06-27T17:53:39","slug":"contatos","status":"publish","type":"page","link":"https:\/\/wp.ufpel.edu.br\/macosta\/contatos\/","title":{"rendered":"Contatos"},"content":{"rendered":"<p>Marco Andr\u00e9 Pald\u00eas da Costa<br \/>\nProfessor do Departamento de Matem\u00e1tica e Estat\u00edstica, IFM<br \/>\nUFPel &#8211; Universidade Federal de Pelotas<br \/>\nCampus Universit\u00e1rio Cap\u00e3o do Le\u00e3o. Pr\u00e9dio 5, Sala 301 (3\u00ba andar).<br \/>\nPelotas &#8211; RS, Brasil. CEP: 96.001-970 Caixa Postal 354<br \/>\ne-mail: marco.costa@ufpel.edu.br<br \/>\nTelefone: (53) 3275-7346<\/p>\n","protected":false},"excerpt":{"rendered":"<p>Marco Andr\u00e9 Pald\u00eas da Costa Professor do Departamento de Matem\u00e1tica e Estat\u00edstica, IFM UFPel &#8211; Universidade Federal de Pelotas Campus Universit\u00e1rio Cap\u00e3o do Le\u00e3o. Pr\u00e9dio 5, Sala 301 (3\u00ba andar). Pelotas &#8211; RS, Brasil. CEP: 96.001-970 Caixa Postal 354 e-mail: marco.costa@ufpel.edu.br Telefone: (53) 3275-7346<\/p>\n","protected":false},"author":1001,"featured_media":0,"parent":0,"menu_order":0,"comment_status":"closed","ping_status":"closed","template":"","meta":{"jetpack_post_was_ever_published":false,"footnotes":""},"class_list":["post-130","page","type-page","status-publish","hentry"],"jetpack_sharing_enabled":true,"jetpack_likes_enabled":true,"_links":{"self":[{"href":"https:\/\/wp.ufpel.edu.br\/macosta\/wp-json\/wp\/v2\/pages\/130","targetHints":{"allow":["GET"]}}],"collection":[{"href":"https:\/\/wp.ufpel.edu.br\/macosta\/wp-json\/wp\/v2\/pages"}],"about":[{"href":"https:\/\/wp.ufpel.edu.br\/macosta\/wp-json\/wp\/v2\/types\/page"}],"author":[{"embeddable":true,"href":"https:\/\/wp.ufpel.edu.br\/macosta\/wp-json\/wp\/v2\/users\/1001"}],"replies":[{"embeddable":true,"href":"https:\/\/wp.ufpel.edu.br\/macosta\/wp-json\/wp\/v2\/comments?post=130"}],"version-history":[{"count":15,"href":"https:\/\/wp.ufpel.edu.br\/macosta\/wp-json\/wp\/v2\/pages\/130\/revisions"}],"predecessor-version":[{"id":917,"href":"https:\/\/wp.ufpel.edu.br\/macosta\/wp-json\/wp\/v2\/pages\/130\/revisions\/917"}],"wp:attachment":[{"href":"https:\/\/wp.ufpel.edu.br\/macosta\/wp-json\/wp\/v2\/media?parent=130"}],"curies":[{"name":"wp","href":"https:\/\/api.w.org\/{rel}","templated":true}]}}