{"id":422,"date":"2025-07-06T20:30:54","date_gmt":"2025-07-06T23:30:54","guid":{"rendered":"https:\/\/wp.ufpel.edu.br\/lysis\/?page_id=422"},"modified":"2026-02-26T18:47:58","modified_gmt":"2026-02-26T21:47:58","slug":"biblioteca-lysis","status":"publish","type":"page","link":"https:\/\/wp.ufpel.edu.br\/lysis\/biblioteca-lysis\/","title":{"rendered":"Biblioteca Lysis"},"content":{"rendered":"<p>O que<strong> J. J. Rousseau<\/strong> escreveu sobre o suic\u00eddio? Leia aqui: <a href=\"https:\/\/wp.ufpel.edu.br\/lysis\/files\/2026\/02\/A-Nova-Heloisa-Cartas-XXI-e-XXII.pdf\">A Nova Heloisa, Cartas XXI e XXII<\/a><\/p>\n<p>&nbsp;<\/p>\n<p><strong data-start=\"92\" data-end=\"104\">Carta 70<\/strong>, das <em data-start=\"110\" data-end=\"141\">Epistulae Morales ad Lucilium<\/em>, de S\u00eaneca, na qual o fil\u00f3sofo estoico trata da morte volunt\u00e1ria e da liberdade interior. Explorando o paradoxo entre viver mal e morrer bem, S\u00eaneca defende que a verdadeira vida depende da dignidade com que se vive e, em certos casos, com que se escolhe morrer.<\/p>\n<p>Dispon\u00edvel aqui: <a href=\"https:\/\/wp.ufpel.edu.br\/lysis\/files\/2025\/07\/Carta-LXX.pdf\">Carta LXX<\/a><\/p>\n<p data-start=\"0\" data-end=\"53\"><strong data-start=\"0\" data-end=\"53\">Plat\u00e3o \u2013 <em data-start=\"11\" data-end=\"18\">F\u00e9don<\/em>: A Morte como Liberta\u00e7\u00e3o da Alma<\/strong><\/p>\n<p data-start=\"55\" data-end=\"715\" data-is-last-node=\"\" data-is-only-node=\"\">No <em data-start=\"58\" data-end=\"65\">F\u00e9don<\/em>, Plat\u00e3o apresenta os \u00faltimos momentos de S\u00f3crates, que discute com seus disc\u00edpulos a imortalidade da alma pouco antes de beber a cicuta. O di\u00e1logo trata da rela\u00e7\u00e3o entre corpo e alma, da natureza da morte e da possibilidade de uma vida al\u00e9m-t\u00famulo. Embora S\u00f3crates afirme que o fil\u00f3sofo n\u00e3o deve temer a morte, ele tamb\u00e9m condena explicitamente o suic\u00eddio \u2014 a menos que seja ordenado pelos deuses. Este paradoxo faz do <em data-start=\"485\" data-end=\"492\">F\u00e9don<\/em> uma obra central para compreender as ra\u00edzes filos\u00f3ficas e religiosas da condena\u00e7\u00e3o do suic\u00eddio na tradi\u00e7\u00e3o ocidental, al\u00e9m de oferecer uma das primeiras reflex\u00f5es sistem\u00e1ticas sobre a morte volunt\u00e1ria no pensamento antigo.<\/p>\n<p data-start=\"55\" data-end=\"715\" data-is-last-node=\"\" data-is-only-node=\"\">Dispon\u00edvel aqui: <a href=\"https:\/\/wp.ufpel.edu.br\/lysis\/files\/2025\/07\/Platao-Fedon.pdf\">Platao-Fedon<\/a><\/p>\n","protected":false},"excerpt":{"rendered":"<p>O que J. J. Rousseau escreveu sobre o suic\u00eddio? Leia aqui: A Nova Heloisa, Cartas XXI e XXII &nbsp; Carta 70, das Epistulae Morales ad Lucilium, de S\u00eaneca, na qual o fil\u00f3sofo estoico trata da morte volunt\u00e1ria e da liberdade interior. Explorando o paradoxo entre viver mal e morrer bem, S\u00eaneca defende que a verdadeira [&hellip;]<\/p>\n","protected":false},"author":1325,"featured_media":0,"parent":0,"menu_order":0,"comment_status":"closed","ping_status":"closed","template":"","meta":{"jetpack_post_was_ever_published":false,"footnotes":""},"class_list":["post-422","page","type-page","status-publish","hentry"],"yoast_head":"<!-- This site is optimized with the Yoast SEO plugin v26.7 - https:\/\/yoast.com\/wordpress\/plugins\/seo\/ -->\n<title>Biblioteca Lysis - LYSIS - N\u00facleo de Estudos sobre Suic\u00eddio e Modos de Vida<\/title>\n<meta name=\"robots\" content=\"index, follow, max-snippet:-1, max-image-preview:large, max-video-preview:-1\" \/>\n<link rel=\"canonical\" href=\"https:\/\/wp.ufpel.edu.br\/lysis\/biblioteca-lysis\/\" \/>\n<meta property=\"og:locale\" content=\"pt_BR\" \/>\n<meta property=\"og:type\" content=\"article\" \/>\n<meta property=\"og:title\" content=\"Biblioteca Lysis - LYSIS - N\u00facleo de Estudos sobre Suic\u00eddio e Modos de Vida\" \/>\n<meta property=\"og:description\" content=\"O que J. J. Rousseau escreveu sobre o suic\u00eddio? Leia aqui: A Nova Heloisa, Cartas XXI e XXII &nbsp; Carta 70, das Epistulae Morales ad Lucilium, de S\u00eaneca, na qual o fil\u00f3sofo estoico trata da morte volunt\u00e1ria e da liberdade interior. Explorando o paradoxo entre viver mal e morrer bem, S\u00eaneca defende que a verdadeira [&hellip;]\" \/>\n<meta property=\"og:url\" content=\"https:\/\/wp.ufpel.edu.br\/lysis\/biblioteca-lysis\/\" \/>\n<meta property=\"og:site_name\" content=\"LYSIS - N\u00facleo de Estudos sobre Suic\u00eddio e Modos de Vida\" \/>\n<meta property=\"article:modified_time\" content=\"2026-02-26T21:47:58+00:00\" \/>\n<meta name=\"twitter:card\" content=\"summary_large_image\" \/>\n<meta name=\"twitter:label1\" content=\"Est. tempo de leitura\" \/>\n\t<meta name=\"twitter:data1\" content=\"2 minutos\" \/>\n<script type=\"application\/ld+json\" class=\"yoast-schema-graph\">{\"@context\":\"https:\/\/schema.org\",\"@graph\":[{\"@type\":\"WebPage\",\"@id\":\"https:\/\/wp.ufpel.edu.br\/lysis\/biblioteca-lysis\/\",\"url\":\"https:\/\/wp.ufpel.edu.br\/lysis\/biblioteca-lysis\/\",\"name\":\"Biblioteca Lysis - LYSIS - N\u00facleo de Estudos sobre Suic\u00eddio e Modos de Vida\",\"isPartOf\":{\"@id\":\"https:\/\/wp.ufpel.edu.br\/lysis\/#website\"},\"datePublished\":\"2025-07-06T23:30:54+00:00\",\"dateModified\":\"2026-02-26T21:47:58+00:00\",\"breadcrumb\":{\"@id\":\"https:\/\/wp.ufpel.edu.br\/lysis\/biblioteca-lysis\/#breadcrumb\"},\"inLanguage\":\"pt-BR\",\"potentialAction\":[{\"@type\":\"ReadAction\",\"target\":[\"https:\/\/wp.ufpel.edu.br\/lysis\/biblioteca-lysis\/\"]}]},{\"@type\":\"BreadcrumbList\",\"@id\":\"https:\/\/wp.ufpel.edu.br\/lysis\/biblioteca-lysis\/#breadcrumb\",\"itemListElement\":[{\"@type\":\"ListItem\",\"position\":1,\"name\":\"In\u00edcio\",\"item\":\"https:\/\/wp.ufpel.edu.br\/lysis\/\"},{\"@type\":\"ListItem\",\"position\":2,\"name\":\"Biblioteca Lysis\"}]},{\"@type\":\"WebSite\",\"@id\":\"https:\/\/wp.ufpel.edu.br\/lysis\/#website\",\"url\":\"https:\/\/wp.ufpel.edu.br\/lysis\/\",\"name\":\"LYSIS - N\u00facleo de Estudos sobre Suic\u00eddio e Modos de Vida\",\"description\":\"Universidade Federal de Pelotas\",\"publisher\":{\"@id\":\"https:\/\/wp.ufpel.edu.br\/lysis\/#organization\"},\"potentialAction\":[{\"@type\":\"SearchAction\",\"target\":{\"@type\":\"EntryPoint\",\"urlTemplate\":\"https:\/\/wp.ufpel.edu.br\/lysis\/?s={search_term_string}\"},\"query-input\":{\"@type\":\"PropertyValueSpecification\",\"valueRequired\":true,\"valueName\":\"search_term_string\"}}],\"inLanguage\":\"pt-BR\"},{\"@type\":\"Organization\",\"@id\":\"https:\/\/wp.ufpel.edu.br\/lysis\/#organization\",\"name\":\"LYSIS - N\u00facleo de Estudos sobre Suic\u00eddio e Modos de Vida\",\"url\":\"https:\/\/wp.ufpel.edu.br\/lysis\/\",\"logo\":{\"@type\":\"ImageObject\",\"inLanguage\":\"pt-BR\",\"@id\":\"https:\/\/wp.ufpel.edu.br\/lysis\/#\/schema\/logo\/image\/\",\"url\":\"https:\/\/i0.wp.com\/wp.ufpel.edu.br\/lysis\/files\/2025\/05\/cropped-LOGOMARCA.png?fit=512%2C512&ssl=1\",\"contentUrl\":\"https:\/\/i0.wp.com\/wp.ufpel.edu.br\/lysis\/files\/2025\/05\/cropped-LOGOMARCA.png?fit=512%2C512&ssl=1\",\"width\":512,\"height\":512,\"caption\":\"LYSIS - N\u00facleo de Estudos sobre Suic\u00eddio e Modos de Vida\"},\"image\":{\"@id\":\"https:\/\/wp.ufpel.edu.br\/lysis\/#\/schema\/logo\/image\/\"},\"sameAs\":[\"https:\/\/www.instagram.com\/lysisufpel\/\"]}]}<\/script>\n<!-- \/ Yoast SEO plugin. -->","yoast_head_json":{"title":"Biblioteca Lysis - LYSIS - N\u00facleo de Estudos sobre Suic\u00eddio e Modos de Vida","robots":{"index":"index","follow":"follow","max-snippet":"max-snippet:-1","max-image-preview":"max-image-preview:large","max-video-preview":"max-video-preview:-1"},"canonical":"https:\/\/wp.ufpel.edu.br\/lysis\/biblioteca-lysis\/","og_locale":"pt_BR","og_type":"article","og_title":"Biblioteca Lysis - LYSIS - N\u00facleo de Estudos sobre Suic\u00eddio e Modos de Vida","og_description":"O que J. J. Rousseau escreveu sobre o suic\u00eddio? Leia aqui: A Nova Heloisa, Cartas XXI e XXII &nbsp; Carta 70, das Epistulae Morales ad Lucilium, de S\u00eaneca, na qual o fil\u00f3sofo estoico trata da morte volunt\u00e1ria e da liberdade interior. Explorando o paradoxo entre viver mal e morrer bem, S\u00eaneca defende que a verdadeira [&hellip;]","og_url":"https:\/\/wp.ufpel.edu.br\/lysis\/biblioteca-lysis\/","og_site_name":"LYSIS - N\u00facleo de Estudos sobre Suic\u00eddio e Modos de Vida","article_modified_time":"2026-02-26T21:47:58+00:00","twitter_card":"summary_large_image","twitter_misc":{"Est. tempo de leitura":"2 minutos"},"schema":{"@context":"https:\/\/schema.org","@graph":[{"@type":"WebPage","@id":"https:\/\/wp.ufpel.edu.br\/lysis\/biblioteca-lysis\/","url":"https:\/\/wp.ufpel.edu.br\/lysis\/biblioteca-lysis\/","name":"Biblioteca Lysis - LYSIS - N\u00facleo de Estudos sobre Suic\u00eddio e Modos de Vida","isPartOf":{"@id":"https:\/\/wp.ufpel.edu.br\/lysis\/#website"},"datePublished":"2025-07-06T23:30:54+00:00","dateModified":"2026-02-26T21:47:58+00:00","breadcrumb":{"@id":"https:\/\/wp.ufpel.edu.br\/lysis\/biblioteca-lysis\/#breadcrumb"},"inLanguage":"pt-BR","potentialAction":[{"@type":"ReadAction","target":["https:\/\/wp.ufpel.edu.br\/lysis\/biblioteca-lysis\/"]}]},{"@type":"BreadcrumbList","@id":"https:\/\/wp.ufpel.edu.br\/lysis\/biblioteca-lysis\/#breadcrumb","itemListElement":[{"@type":"ListItem","position":1,"name":"In\u00edcio","item":"https:\/\/wp.ufpel.edu.br\/lysis\/"},{"@type":"ListItem","position":2,"name":"Biblioteca Lysis"}]},{"@type":"WebSite","@id":"https:\/\/wp.ufpel.edu.br\/lysis\/#website","url":"https:\/\/wp.ufpel.edu.br\/lysis\/","name":"LYSIS - N\u00facleo de Estudos sobre Suic\u00eddio e Modos de Vida","description":"Universidade Federal de Pelotas","publisher":{"@id":"https:\/\/wp.ufpel.edu.br\/lysis\/#organization"},"potentialAction":[{"@type":"SearchAction","target":{"@type":"EntryPoint","urlTemplate":"https:\/\/wp.ufpel.edu.br\/lysis\/?s={search_term_string}"},"query-input":{"@type":"PropertyValueSpecification","valueRequired":true,"valueName":"search_term_string"}}],"inLanguage":"pt-BR"},{"@type":"Organization","@id":"https:\/\/wp.ufpel.edu.br\/lysis\/#organization","name":"LYSIS - N\u00facleo de Estudos sobre Suic\u00eddio e Modos de Vida","url":"https:\/\/wp.ufpel.edu.br\/lysis\/","logo":{"@type":"ImageObject","inLanguage":"pt-BR","@id":"https:\/\/wp.ufpel.edu.br\/lysis\/#\/schema\/logo\/image\/","url":"https:\/\/i0.wp.com\/wp.ufpel.edu.br\/lysis\/files\/2025\/05\/cropped-LOGOMARCA.png?fit=512%2C512&ssl=1","contentUrl":"https:\/\/i0.wp.com\/wp.ufpel.edu.br\/lysis\/files\/2025\/05\/cropped-LOGOMARCA.png?fit=512%2C512&ssl=1","width":512,"height":512,"caption":"LYSIS - N\u00facleo de Estudos sobre Suic\u00eddio e Modos de Vida"},"image":{"@id":"https:\/\/wp.ufpel.edu.br\/lysis\/#\/schema\/logo\/image\/"},"sameAs":["https:\/\/www.instagram.com\/lysisufpel\/"]}]}},"jetpack_sharing_enabled":true,"publishpress_future_action":{"enabled":false,"date":"2026-04-16 08:01:37","action":"change-status","newStatus":"draft","terms":[],"taxonomy":"language","extraData":[]},"publishpress_future_workflow_manual_trigger":{"enabledWorkflows":[]},"_links":{"self":[{"href":"https:\/\/wp.ufpel.edu.br\/lysis\/wp-json\/wp\/v2\/pages\/422","targetHints":{"allow":["GET"]}}],"collection":[{"href":"https:\/\/wp.ufpel.edu.br\/lysis\/wp-json\/wp\/v2\/pages"}],"about":[{"href":"https:\/\/wp.ufpel.edu.br\/lysis\/wp-json\/wp\/v2\/types\/page"}],"author":[{"embeddable":true,"href":"https:\/\/wp.ufpel.edu.br\/lysis\/wp-json\/wp\/v2\/users\/1325"}],"replies":[{"embeddable":true,"href":"https:\/\/wp.ufpel.edu.br\/lysis\/wp-json\/wp\/v2\/comments?post=422"}],"version-history":[{"count":4,"href":"https:\/\/wp.ufpel.edu.br\/lysis\/wp-json\/wp\/v2\/pages\/422\/revisions"}],"predecessor-version":[{"id":567,"href":"https:\/\/wp.ufpel.edu.br\/lysis\/wp-json\/wp\/v2\/pages\/422\/revisions\/567"}],"wp:attachment":[{"href":"https:\/\/wp.ufpel.edu.br\/lysis\/wp-json\/wp\/v2\/media?parent=422"}],"curies":[{"name":"wp","href":"https:\/\/api.w.org\/{rel}","templated":true}]}}