{"id":30,"date":"2025-02-21T08:17:58","date_gmt":"2025-02-21T11:17:58","guid":{"rendered":"https:\/\/wp.ufpel.edu.br\/lysis\/?page_id=30"},"modified":"2025-09-16T10:40:45","modified_gmt":"2025-09-16T13:40:45","slug":"publicacoes","status":"publish","type":"page","link":"https:\/\/wp.ufpel.edu.br\/lysis\/publicacoes\/","title":{"rendered":"PUBLICA\u00c7\u00d5ES"},"content":{"rendered":"<p>LIVROS PUBLICADOS EM 2025:<\/p>\n<p>QUEM ESCREVEU OS EVANGELHOS? <a href=\"https:\/\/clubedeautores.com.br\/livro\/quem-escreveu-os-evangelhos\">https:\/\/clubedeautores.com.br\/livro\/quem-escreveu-os-evangelhos<\/a><\/p>\n<p>ENSAIO SOBRE O MART\u00cdRIO CRIST\u00c3O\u00a0<a href=\"https:\/\/clubedeautores.com.br\/livro\/ensaio-sobre-o-martirio-cristao\">https:\/\/clubedeautores.com.br\/livro\/ensaio-sobre-o-martirio-cristao<\/a><\/p>\n<p>&nbsp;<\/p>\n<p>&nbsp;<\/p>\n<p>ARTIGOS:<\/p>\n<p>1. REIS, Alexandre H. Raz\u00f5es para morrer e raz\u00f5es para viver: Nietzsche e a quest\u00e3o do suic\u00eddio. Annales FAJE, v. 9, p. 71-80, 2024.<\/p>\n<p>Dispon\u00edvel em: <a href=\"https:\/\/www.faje.edu.br\/periodicos\/index.php\/annales\/article\/view\/5587\" target=\"_blank\" rel=\"noopener\">Dispon\u00edvel aqui<\/a><\/p>\n<p>2. REIS, ALEXANDRE H. CR\u00cdTICA DA IDEIA DE SUIC\u00cdDIO &#8211; Contribui\u00e7\u00f5es para um debate p\u00fablico. Sapere Aude: Revista de Filosofia, v. 15, p. 111-127, 2024. <a href=\"https:\/\/periodicos.pucminas.br\/index.php\/SapereAude\/article\/view\/32244\">Dispon\u00edvel aqui<\/a><\/p>\n<p>3. REIS, Alexandre H.; MOURA, J.; REIS, P. M. S. A vis\u00e3o do suic\u00eddio no s\u00e9culo XIX e na contemporaneidade. Desafios aos paradigmas m\u00e9dico e psicol\u00f3gico. RIOS ELETR\u00d4NICA (FASETE), v. 1, p. 383-397, 2020. <a href=\"https:\/\/www.unirios.edu.br\/revistarios\/media\/revistas\/2020\/25\/o_suicidio_na_visao.pdf\">Leia o Artigo<\/a><\/p>\n<p>4. REIS, Alexandre H. Exerc\u00edcios de Tragosofia em tempos de Pandemia: o bode, a ovelha e o lugar da inventividade na pr\u00e1tica do fil\u00f3sofo. SEMI\u00c1RIDO DE VISU, v. 8, p. 133-151, 2020.<\/p>\n<p>Leia o Artigo: <a href=\"https:\/\/semiaridodevisu.ifsertao-pe.edu.br\/index.php\/rsdv\/article\/view\/47\">Leia o Artigo<\/a><\/p>\n<p>5. REIS, ALEXANDRE H. EDUCA\u00c7\u00c3O E \u00c9TICA PARA AL\u00c9M DA DEONTOLOGIA: CR\u00cdTICA TELEOL\u00d3GICA E EXAME DOS COMIT\u00caS DE \u00c9TICA EM PESQUISA. REVISTA CI\u00caNCIAS &amp; ID\u00c9IAS, v. 8, p. 179-201, 2017. <a href=\"https:\/\/revistascientificas.ifrj.edu.br\/index.php\/reci\/article\/view\/536\">Leia o Artigo<\/a><\/p>\n<p>6. REIS, Alexandre H.; MOREIRA, M\u00e1rcia Bento; ROCHA, J. B. T. A educa\u00e7\u00e3o nos dom\u00ednios do dogmatismo: an\u00e1lise cr\u00edtica dos conceitos e da finalidade da educa\u00e7\u00e3o na legisla\u00e7\u00e3o brasileira. IMAGENS DA EDUCA\u00c7\u00c3O, v. 6, p. 49, 2016.<\/p>\n<p><a href=\"https:\/\/periodicos.uem.br\/ojs\/index.php\/ImagensEduc\/article\/view\/29236\">Dispon\u00edvel aqui<\/a><\/p>\n<p>7. REIS, Alexandre H. Nietzsche, fil\u00f3sofo da religi\u00e3o. OUTRAMARGEM: REVISTA DE FILOSOFIA, v. 2, p. 161-175, 2015.<\/p>\n<p>Dispon\u00edvel em: <a href=\"https:\/\/periodicos.ufmg.br\/index.php\/outramargem\/issue\/view\/670\">Baixe a revista completa aqui e leia o artigo<\/a><\/p>\n<p>8. REIS, ALEXANDRE H. Reflex\u00f5es sobre &#8216;A origem da obra de arte&#8217;, de Martin Heidegger. Marduk. Revista de Literatura e Arte, v. 7, p. 26-30, 2011. <a href=\"http:\/\/www.ascult.univasf.edu.br\/arquivos\/Marduk7.pdf\">Dispon\u00edvel aqui<\/a><\/p>\n<p>10. REIS, Alexandre H. SCHELLING CONTRA KANT: Observa\u00e7\u00f5es sobre dogmatismo e criticismo radical. ASA-PALAVRA (BRUMADINHO), v. 1, p. 35-48, 2009.<\/p>\n<p>11. REIS, Alexandre H. Cultura, Pol\u00edtica e suas implica\u00e7\u00f5es. Caderno de Educa\u00e7\u00e3o (UEMG), v. XXXV, p. 23-35, 2004.<\/p>\n<p>LIVROS:<br \/>\n1. REIS, Alexandre H. Os Jardins da Academia (2\u00aa Edi\u00e7\u00e3o): Plat\u00e3o e Arist\u00f3teles, Educadores: as li\u00e7\u00f5es imortais da Academia e do Liceu, por uma cr\u00edtica da educa\u00e7\u00e3o contempor\u00e2nea. 2. ed. Belo Horizonte: Gabriela Wisman Editora, 2024.<a href=\"https:\/\/www.amazon.com.br\/Jardins-Academia-Plat%C3%A3o-Arist%C3%B3teles-Educadores\/dp\/B0D333W2M5\/ref=tmm_pap_swatch_0\">Encontre aqui<\/a><\/p>\n<p>2. REIS, ALEXANDRE H. Os Jardins do Ethos: Introdu\u00e7\u00e3o \u00e0 \u00c9tica em Cinco Li\u00e7\u00f5es. 1. ed. Belo Horizonte: Gabriela Wisman Editora, 2024. <a href=\"https:\/\/www.amazon.com.br\/Os-Jardins-Ethos-Introdu%C3%A7%C3%A3o-Portuguese\/dp\/B0D3HRTJ65\/ref=tmm_pap_swatch_0?_encoding=UTF8&amp;dib_tag=AUTHOR&amp;dib=eyJ2IjoiMSJ9.tn5xaB-Zosl8pAAqB8S5768ryRJplfQ98O_vef1DcQBOPyjmIr6_HWJJZDSZ5i6TF5XC0R_oTZvEoRWgpf5ZgX-uwra9P0AcQExg4fMW4biCmAcLEUqBsAlUh_gtdVbW4ehh935VDhefOIQNyTKlowC9RA-LQzcxeaZQiQtfXUyzxKbwkhHD2cjnn7cgpIZBu69CJJF_-DXG1wHVa4tvS-RiZEb6SNHArWxIicQXAR0.1TAOmTNt00X38Az0_ifnRdg8rs6zm6r-HV7GihsMcYI\">Encontre aqui<\/a><\/p>\n<p>3. REIS, Alexandre H. THE GARDENS OF ETHOS: Introduction to Ethics in Five Lessons. 1. ed. Monee, IL, USA: G. W. Publications, 2024. <a href=\"https:\/\/www.amazon.com.br\/GARDENS-ETHOS-Introduction-Ethics-Lessons\/dp\/B0D457MMS8\/ref=tmm_pap_swatch_0?_encoding=UTF8&amp;dib_tag=AUTHOR&amp;dib=eyJ2IjoiMSJ9.tn5xaB-Zosl8pAAqB8S5768ryRJplfQ98O_vef1DcQBOPyjmIr6_HWJJZDSZ5i6TF5XC0R_oTZvEoRWgpf5ZgX-uwra9P0AcQExg4fMW4biCmAcLEUqBsAlUh_gtdVbW4ehh935VDhefOIQNyTKlowC9RA-LQzcxeaZQiQtfXUyzxKbwkhHD2cjnn7cgpIZBu69CJJF_-DXG1wHVa4tvS-RiZEb6SNHArWxIicQXAR0.1TAOmTNt00X38Az0_ifnRdg8rs6zm6r-HV7GihsMcYI\">Dispon\u00edvel aqui<\/a><\/p>\n<p>4. REIS, Alexandre H. Vita &#8211; Breves Pensamentos sobre a vida e a morte. 2\u00aa Edi\u00e7\u00e3o. Belo Horizonte: Gabriela Wisman Editora, 2024.<\/p>\n<p><a href=\"https:\/\/www.amazon.com.br\/Vita-Breves-pensamentos-sobre-morte\/dp\/B0D5M48J3X\/ref=tmm_pap_swatch_0?_encoding=UTF8&amp;dib_tag=AUTHOR&amp;dib=eyJ2IjoiMSJ9.tn5xaB-Zosl8pAAqB8S5768ryRJplfQ98O_vef1DcQBOPyjmIr6_HWJJZDSZ5i6TF5XC0R_oTZvEoRWgpf5ZgX-uwra9P0AcQExg4fMW4biCmAcLEUqBsAlUh_gtdVbW4ehh935VDhefOIQNyTKlowC9RA-LQzcxeaZQiQtfXUyzxKbwkhHD2cjnn7cgpIZBu69CJJF_-DXG1wHVa4tvS-RiZEb6SNHArWxIicQXAR0.1TAOmTNt00X38Az0_ifnRdg8rs6zm6r-HV7GihsMcYI\">Encontre aqui<\/a><\/p>\n<p>5. REIS, Alexandre H. HISTORY OF SUICIDE: Tome I &#8211; How Voluntary Death Became Suicide. 1. ed. Monee, IL, USA: G. W. Publications, 2024. <a href=\"https:\/\/www.amazon.com.br\/HISTORY-SUICIDE-Voluntary-Classical-Antiquity\/dp\/B0D4DNJSRW\/ref=tmm_pap_swatch_0?_encoding=UTF8&amp;dib_tag=AUTHOR&amp;dib=eyJ2IjoiMSJ9.tn5xaB-Zosl8pAAqB8S5768ryRJplfQ98O_vef1DcQBOPyjmIr6_HWJJZDSZ5i6TF5XC0R_oTZvEoRWgpf5ZgX-uwra9P0AcQExg4fMW4biCmAcLEUqBsAlUh_gtdVbW4ehh935VDhefOIQNyTKlowC9RA-LQzcxeaZQiQtfXUyzxKbwkhHD2cjnn7cgpIZBu69CJJF_-DXG1wHVa4tvS-RiZEb6SNHArWxIicQXAR0.1TAOmTNt00X38Az0_ifnRdg8rs6zm6r-HV7GihsMcYI\">Dispon\u00edvel aqui<\/a><\/p>\n<p>6. REIS, Alexandre H. HISTORY OF SUICIDE: Tome II &#8211; Voluntary Death among Greeks and Romans. 1. ed. Monee, IL, USA: G. W. Publications, 2024. <a href=\"https:\/\/www.amazon.com.br\/HISTORY-SUICIDE-Voluntary-Classical-Antiquity\/dp\/B0D4K2NLZW\/ref=tmm_pap_swatch_0?_encoding=UTF8&amp;dib_tag=AUTHOR&amp;dib=eyJ2IjoiMSJ9.tn5xaB-Zosl8pAAqB8S5768ryRJplfQ98O_vef1DcQBOPyjmIr6_HWJJZDSZ5i6TF5XC0R_oTZvEoRWgpf5ZgX-uwra9P0AcQExg4fMW4biCmAcLEUqBsAlUh_gtdVbW4ehh935VDhefOIQNyTKlowC9RA-LQzcxeaZQiQtfXUyzxKbwkhHD2cjnn7cgpIZBu69CJJF_-DXG1wHVa4tvS-RiZEb6SNHArWxIicQXAR0.1TAOmTNt00X38Az0_ifnRdg8rs6zm6r-HV7GihsMcYI\">Encontre aqui<\/a><\/p>\n<p>7. REIS, Alexandre H. HISTORY OF SUICIDE: Tome III &#8211; Christianity and the Place of the Ancients in the History of Voluntary Death. 1. ed. Monee, IL, USA: G. W. Publications, 2024. <a href=\"https:\/\/www.amazon.com.br\/HISTORY-SUICIDE-Christianity-Voluntary-Classical\/dp\/B0D5HKG12Y\/ref=tmm_pap_swatch_0?_encoding=UTF8&amp;dib_tag=AUTHOR&amp;dib=eyJ2IjoiMSJ9.tn5xaB-Zosl8pAAqB8S5768ryRJplfQ98O_vef1DcQBOPyjmIr6_HWJJZDSZ5i6TF5XC0R_oTZvEoRWgpf5ZgX-uwra9P0AcQExg4fMW4biCmAcLEUqBsAlUh_gtdVbW4ehh935VDhefOIQNyTKlowC9RA-LQzcxeaZQiQtfXUyzxKbwkhHD2cjnn7cgpIZBu69CJJF_-DXG1wHVa4tvS-RiZEb6SNHArWxIicQXAR0.1TAOmTNt00X38Az0_ifnRdg8rs6zm6r-HV7GihsMcYI\">Dispon\u00edvel aqui<\/a><\/p>\n<p>8. REIS, Alexandre H. HIST\u00d3RIA DO SUIC\u00cdDIO &#8211; LIVRO 1 &#8211; Varia\u00e7\u00f5es Antigas e o Dom\u00ednio do Cristianismo. 1. ed. Belo Horizonte: P\u00e1ginas Editora, 2020. <a href=\"https:\/\/www.literissima.com.br\/product-page\/hist%C3%B3ria-do-suic%C3%ADdio-volume-1\">Dispon\u00edvel aqui<\/a><\/p>\n<p>9. REIS, Alexandre H. OS JARDINS DA ACADEMIA &#8211; teleologia, educa\u00e7\u00e3o e \u00e9tica. 1. ed. Curitiba: Editora Appris, 2018. <a href=\"https:\/\/www.estantevirtual.com.br\/livro\/os-jardins-da-academia-teleologia-educacao-e-etica-09L-5131-000-BK\">Na Estante Virtual<\/a><\/p>\n<p>14. REIS, Alexandre H. FILOSOFIA E \u00c9TICA. 1. ed. Belo Horizonte: Editora Educacional, 2008. (ESGOTADO)<\/p>\n<p>15. REIS, Alexandre H. VITA, breves pensamentos sobre a vida e a morte. 1. ed. Belo Horizonte: Mundo de Cetim, 2007. (ESGOTADO)<\/p>\n<p>16. REIS, Alexandre H. OS FIL\u00d3SOFOS E A MORTE: Ensaios para um mundo fragmentado. 1. ed. Belo Horizonte: G. W. Publications, 2024. <a href=\"https:\/\/www.amazon.com.br\/Os-Fil%C3%B3sofos-Morte-fragmentado-Portuguese\/dp\/B0D644Z3VZ\/ref=tmm_pap_swatch_0\">Encontre aqui<\/a><\/p>\n","protected":false},"excerpt":{"rendered":"<p>LIVROS PUBLICADOS EM 2025: QUEM ESCREVEU OS EVANGELHOS? https:\/\/clubedeautores.com.br\/livro\/quem-escreveu-os-evangelhos ENSAIO SOBRE O MART\u00cdRIO CRIST\u00c3O\u00a0https:\/\/clubedeautores.com.br\/livro\/ensaio-sobre-o-martirio-cristao &nbsp; &nbsp; ARTIGOS: 1. REIS, Alexandre H. Raz\u00f5es para morrer e raz\u00f5es para viver: Nietzsche e a quest\u00e3o do suic\u00eddio. Annales FAJE, v. 9, p. 71-80, 2024. Dispon\u00edvel em: Dispon\u00edvel aqui 2. REIS, ALEXANDRE H. CR\u00cdTICA DA IDEIA DE SUIC\u00cdDIO &#8211; [&hellip;]<\/p>\n","protected":false},"author":1325,"featured_media":0,"parent":0,"menu_order":0,"comment_status":"closed","ping_status":"closed","template":"","meta":{"jetpack_post_was_ever_published":false,"footnotes":""},"class_list":["post-30","page","type-page","status-publish","hentry"],"yoast_head":"<!-- This site is optimized with the Yoast SEO plugin v26.7 - https:\/\/yoast.com\/wordpress\/plugins\/seo\/ -->\n<title>PUBLICA\u00c7\u00d5ES - LYSIS - N\u00facleo de Estudos sobre Suic\u00eddio e Modos de Vida<\/title>\n<meta name=\"robots\" content=\"index, follow, max-snippet:-1, max-image-preview:large, max-video-preview:-1\" \/>\n<link rel=\"canonical\" href=\"https:\/\/wp.ufpel.edu.br\/lysis\/publicacoes\/\" \/>\n<meta property=\"og:locale\" content=\"pt_BR\" \/>\n<meta property=\"og:type\" content=\"article\" \/>\n<meta property=\"og:title\" content=\"PUBLICA\u00c7\u00d5ES - LYSIS - N\u00facleo de Estudos sobre Suic\u00eddio e Modos de Vida\" \/>\n<meta property=\"og:description\" content=\"LIVROS PUBLICADOS EM 2025: QUEM ESCREVEU OS EVANGELHOS? https:\/\/clubedeautores.com.br\/livro\/quem-escreveu-os-evangelhos ENSAIO SOBRE O MART\u00cdRIO CRIST\u00c3O\u00a0https:\/\/clubedeautores.com.br\/livro\/ensaio-sobre-o-martirio-cristao &nbsp; &nbsp; ARTIGOS: 1. REIS, Alexandre H. Raz\u00f5es para morrer e raz\u00f5es para viver: Nietzsche e a quest\u00e3o do suic\u00eddio. Annales FAJE, v. 9, p. 71-80, 2024. Dispon\u00edvel em: Dispon\u00edvel aqui 2. REIS, ALEXANDRE H. CR\u00cdTICA DA IDEIA DE SUIC\u00cdDIO &#8211; [&hellip;]\" \/>\n<meta property=\"og:url\" content=\"https:\/\/wp.ufpel.edu.br\/lysis\/publicacoes\/\" \/>\n<meta property=\"og:site_name\" content=\"LYSIS - N\u00facleo de Estudos sobre Suic\u00eddio e Modos de Vida\" \/>\n<meta property=\"article:modified_time\" content=\"2025-09-16T13:40:45+00:00\" \/>\n<meta name=\"twitter:card\" content=\"summary_large_image\" \/>\n<meta name=\"twitter:label1\" content=\"Est. tempo de leitura\" \/>\n\t<meta name=\"twitter:data1\" content=\"4 minutos\" \/>\n<script type=\"application\/ld+json\" class=\"yoast-schema-graph\">{\"@context\":\"https:\/\/schema.org\",\"@graph\":[{\"@type\":\"WebPage\",\"@id\":\"https:\/\/wp.ufpel.edu.br\/lysis\/publicacoes\/\",\"url\":\"https:\/\/wp.ufpel.edu.br\/lysis\/publicacoes\/\",\"name\":\"PUBLICA\u00c7\u00d5ES - LYSIS - N\u00facleo de Estudos sobre Suic\u00eddio e Modos de Vida\",\"isPartOf\":{\"@id\":\"https:\/\/wp.ufpel.edu.br\/lysis\/#website\"},\"datePublished\":\"2025-02-21T11:17:58+00:00\",\"dateModified\":\"2025-09-16T13:40:45+00:00\",\"breadcrumb\":{\"@id\":\"https:\/\/wp.ufpel.edu.br\/lysis\/publicacoes\/#breadcrumb\"},\"inLanguage\":\"pt-BR\",\"potentialAction\":[{\"@type\":\"ReadAction\",\"target\":[\"https:\/\/wp.ufpel.edu.br\/lysis\/publicacoes\/\"]}]},{\"@type\":\"BreadcrumbList\",\"@id\":\"https:\/\/wp.ufpel.edu.br\/lysis\/publicacoes\/#breadcrumb\",\"itemListElement\":[{\"@type\":\"ListItem\",\"position\":1,\"name\":\"In\u00edcio\",\"item\":\"https:\/\/wp.ufpel.edu.br\/lysis\/\"},{\"@type\":\"ListItem\",\"position\":2,\"name\":\"PUBLICA\u00c7\u00d5ES\"}]},{\"@type\":\"WebSite\",\"@id\":\"https:\/\/wp.ufpel.edu.br\/lysis\/#website\",\"url\":\"https:\/\/wp.ufpel.edu.br\/lysis\/\",\"name\":\"LYSIS - N\u00facleo de Estudos sobre Suic\u00eddio e Modos de Vida\",\"description\":\"Universidade Federal de Pelotas\",\"publisher\":{\"@id\":\"https:\/\/wp.ufpel.edu.br\/lysis\/#organization\"},\"potentialAction\":[{\"@type\":\"SearchAction\",\"target\":{\"@type\":\"EntryPoint\",\"urlTemplate\":\"https:\/\/wp.ufpel.edu.br\/lysis\/?s={search_term_string}\"},\"query-input\":{\"@type\":\"PropertyValueSpecification\",\"valueRequired\":true,\"valueName\":\"search_term_string\"}}],\"inLanguage\":\"pt-BR\"},{\"@type\":\"Organization\",\"@id\":\"https:\/\/wp.ufpel.edu.br\/lysis\/#organization\",\"name\":\"LYSIS - N\u00facleo de Estudos sobre Suic\u00eddio e Modos de Vida\",\"url\":\"https:\/\/wp.ufpel.edu.br\/lysis\/\",\"logo\":{\"@type\":\"ImageObject\",\"inLanguage\":\"pt-BR\",\"@id\":\"https:\/\/wp.ufpel.edu.br\/lysis\/#\/schema\/logo\/image\/\",\"url\":\"https:\/\/i0.wp.com\/wp.ufpel.edu.br\/lysis\/files\/2025\/05\/cropped-LOGOMARCA.png?fit=512%2C512&ssl=1\",\"contentUrl\":\"https:\/\/i0.wp.com\/wp.ufpel.edu.br\/lysis\/files\/2025\/05\/cropped-LOGOMARCA.png?fit=512%2C512&ssl=1\",\"width\":512,\"height\":512,\"caption\":\"LYSIS - N\u00facleo de Estudos sobre Suic\u00eddio e Modos de Vida\"},\"image\":{\"@id\":\"https:\/\/wp.ufpel.edu.br\/lysis\/#\/schema\/logo\/image\/\"},\"sameAs\":[\"https:\/\/www.instagram.com\/lysisufpel\/\"]}]}<\/script>\n<!-- \/ Yoast SEO plugin. -->","yoast_head_json":{"title":"PUBLICA\u00c7\u00d5ES - LYSIS - N\u00facleo de Estudos sobre Suic\u00eddio e Modos de Vida","robots":{"index":"index","follow":"follow","max-snippet":"max-snippet:-1","max-image-preview":"max-image-preview:large","max-video-preview":"max-video-preview:-1"},"canonical":"https:\/\/wp.ufpel.edu.br\/lysis\/publicacoes\/","og_locale":"pt_BR","og_type":"article","og_title":"PUBLICA\u00c7\u00d5ES - LYSIS - N\u00facleo de Estudos sobre Suic\u00eddio e Modos de Vida","og_description":"LIVROS PUBLICADOS EM 2025: QUEM ESCREVEU OS EVANGELHOS? https:\/\/clubedeautores.com.br\/livro\/quem-escreveu-os-evangelhos ENSAIO SOBRE O MART\u00cdRIO CRIST\u00c3O\u00a0https:\/\/clubedeautores.com.br\/livro\/ensaio-sobre-o-martirio-cristao &nbsp; &nbsp; ARTIGOS: 1. REIS, Alexandre H. Raz\u00f5es para morrer e raz\u00f5es para viver: Nietzsche e a quest\u00e3o do suic\u00eddio. Annales FAJE, v. 9, p. 71-80, 2024. Dispon\u00edvel em: Dispon\u00edvel aqui 2. REIS, ALEXANDRE H. CR\u00cdTICA DA IDEIA DE SUIC\u00cdDIO &#8211; [&hellip;]","og_url":"https:\/\/wp.ufpel.edu.br\/lysis\/publicacoes\/","og_site_name":"LYSIS - N\u00facleo de Estudos sobre Suic\u00eddio e Modos de Vida","article_modified_time":"2025-09-16T13:40:45+00:00","twitter_card":"summary_large_image","twitter_misc":{"Est. tempo de leitura":"4 minutos"},"schema":{"@context":"https:\/\/schema.org","@graph":[{"@type":"WebPage","@id":"https:\/\/wp.ufpel.edu.br\/lysis\/publicacoes\/","url":"https:\/\/wp.ufpel.edu.br\/lysis\/publicacoes\/","name":"PUBLICA\u00c7\u00d5ES - LYSIS - N\u00facleo de Estudos sobre Suic\u00eddio e Modos de Vida","isPartOf":{"@id":"https:\/\/wp.ufpel.edu.br\/lysis\/#website"},"datePublished":"2025-02-21T11:17:58+00:00","dateModified":"2025-09-16T13:40:45+00:00","breadcrumb":{"@id":"https:\/\/wp.ufpel.edu.br\/lysis\/publicacoes\/#breadcrumb"},"inLanguage":"pt-BR","potentialAction":[{"@type":"ReadAction","target":["https:\/\/wp.ufpel.edu.br\/lysis\/publicacoes\/"]}]},{"@type":"BreadcrumbList","@id":"https:\/\/wp.ufpel.edu.br\/lysis\/publicacoes\/#breadcrumb","itemListElement":[{"@type":"ListItem","position":1,"name":"In\u00edcio","item":"https:\/\/wp.ufpel.edu.br\/lysis\/"},{"@type":"ListItem","position":2,"name":"PUBLICA\u00c7\u00d5ES"}]},{"@type":"WebSite","@id":"https:\/\/wp.ufpel.edu.br\/lysis\/#website","url":"https:\/\/wp.ufpel.edu.br\/lysis\/","name":"LYSIS - N\u00facleo de Estudos sobre Suic\u00eddio e Modos de Vida","description":"Universidade Federal de Pelotas","publisher":{"@id":"https:\/\/wp.ufpel.edu.br\/lysis\/#organization"},"potentialAction":[{"@type":"SearchAction","target":{"@type":"EntryPoint","urlTemplate":"https:\/\/wp.ufpel.edu.br\/lysis\/?s={search_term_string}"},"query-input":{"@type":"PropertyValueSpecification","valueRequired":true,"valueName":"search_term_string"}}],"inLanguage":"pt-BR"},{"@type":"Organization","@id":"https:\/\/wp.ufpel.edu.br\/lysis\/#organization","name":"LYSIS - N\u00facleo de Estudos sobre Suic\u00eddio e Modos de Vida","url":"https:\/\/wp.ufpel.edu.br\/lysis\/","logo":{"@type":"ImageObject","inLanguage":"pt-BR","@id":"https:\/\/wp.ufpel.edu.br\/lysis\/#\/schema\/logo\/image\/","url":"https:\/\/i0.wp.com\/wp.ufpel.edu.br\/lysis\/files\/2025\/05\/cropped-LOGOMARCA.png?fit=512%2C512&ssl=1","contentUrl":"https:\/\/i0.wp.com\/wp.ufpel.edu.br\/lysis\/files\/2025\/05\/cropped-LOGOMARCA.png?fit=512%2C512&ssl=1","width":512,"height":512,"caption":"LYSIS - N\u00facleo de Estudos sobre Suic\u00eddio e Modos de Vida"},"image":{"@id":"https:\/\/wp.ufpel.edu.br\/lysis\/#\/schema\/logo\/image\/"},"sameAs":["https:\/\/www.instagram.com\/lysisufpel\/"]}]}},"jetpack_sharing_enabled":true,"publishpress_future_action":{"enabled":false,"date":"2026-05-14 22:29:43","action":"change-status","newStatus":"draft","terms":[],"taxonomy":"language","extraData":[]},"publishpress_future_workflow_manual_trigger":{"enabledWorkflows":[]},"_links":{"self":[{"href":"https:\/\/wp.ufpel.edu.br\/lysis\/wp-json\/wp\/v2\/pages\/30","targetHints":{"allow":["GET"]}}],"collection":[{"href":"https:\/\/wp.ufpel.edu.br\/lysis\/wp-json\/wp\/v2\/pages"}],"about":[{"href":"https:\/\/wp.ufpel.edu.br\/lysis\/wp-json\/wp\/v2\/types\/page"}],"author":[{"embeddable":true,"href":"https:\/\/wp.ufpel.edu.br\/lysis\/wp-json\/wp\/v2\/users\/1325"}],"replies":[{"embeddable":true,"href":"https:\/\/wp.ufpel.edu.br\/lysis\/wp-json\/wp\/v2\/comments?post=30"}],"version-history":[{"count":4,"href":"https:\/\/wp.ufpel.edu.br\/lysis\/wp-json\/wp\/v2\/pages\/30\/revisions"}],"predecessor-version":[{"id":481,"href":"https:\/\/wp.ufpel.edu.br\/lysis\/wp-json\/wp\/v2\/pages\/30\/revisions\/481"}],"wp:attachment":[{"href":"https:\/\/wp.ufpel.edu.br\/lysis\/wp-json\/wp\/v2\/media?parent=30"}],"curies":[{"name":"wp","href":"https:\/\/api.w.org\/{rel}","templated":true}]}}