{"id":27,"date":"2025-02-21T08:17:48","date_gmt":"2025-02-21T11:17:48","guid":{"rendered":"https:\/\/wp.ufpel.edu.br\/lysis\/?page_id=27"},"modified":"2025-06-09T19:25:18","modified_gmt":"2025-06-09T22:25:18","slug":"membros-2","status":"publish","type":"page","link":"https:\/\/wp.ufpel.edu.br\/lysis\/membros-2\/","title":{"rendered":"EQUIPE"},"content":{"rendered":"<p>Matheus Mol Alvim Gomes (Letras)<\/p>\n<p>Maria de F\u00e1tima da Rosa Farias (Enfermagem)<\/p>\n<p>Juliana Antunes Souza (Psicologia)<\/p>\n<p>Ana Luiza Gon\u00e7alves Silva (Terapia Ocupacional)<\/p>\n<p>Raissa Magalh\u00e3es Moraes (Letras)<\/p>\n<p>Danielle Pizziolo (Psicologia)<\/p>\n<p>Alexandre H. Reis (Filosofia)<\/p>\n<p>&nbsp;<\/p>\n<p>&nbsp;<\/p>\n","protected":false},"excerpt":{"rendered":"<p>Matheus Mol Alvim Gomes (Letras) Maria de F\u00e1tima da Rosa Farias (Enfermagem) Juliana Antunes Souza (Psicologia) Ana Luiza Gon\u00e7alves Silva (Terapia Ocupacional) Raissa Magalh\u00e3es Moraes (Letras) Danielle Pizziolo (Psicologia) Alexandre H. Reis (Filosofia) &nbsp; &nbsp;<\/p>\n","protected":false},"author":1325,"featured_media":0,"parent":0,"menu_order":0,"comment_status":"closed","ping_status":"closed","template":"","meta":{"jetpack_post_was_ever_published":false,"footnotes":""},"class_list":["post-27","page","type-page","status-publish","hentry"],"yoast_head":"<!-- This site is optimized with the Yoast SEO plugin v26.7 - https:\/\/yoast.com\/wordpress\/plugins\/seo\/ -->\n<title>EQUIPE - LYSIS - N\u00facleo de Estudos sobre Suic\u00eddio e Modos de Vida<\/title>\n<meta name=\"robots\" content=\"index, follow, max-snippet:-1, max-image-preview:large, max-video-preview:-1\" \/>\n<link rel=\"canonical\" href=\"https:\/\/wp.ufpel.edu.br\/lysis\/membros-2\/\" \/>\n<meta property=\"og:locale\" content=\"pt_BR\" \/>\n<meta property=\"og:type\" content=\"article\" \/>\n<meta property=\"og:title\" content=\"EQUIPE - LYSIS - N\u00facleo de Estudos sobre Suic\u00eddio e Modos de Vida\" \/>\n<meta property=\"og:description\" content=\"Matheus Mol Alvim Gomes (Letras) Maria de F\u00e1tima da Rosa Farias (Enfermagem) Juliana Antunes Souza (Psicologia) Ana Luiza Gon\u00e7alves Silva (Terapia Ocupacional) Raissa Magalh\u00e3es Moraes (Letras) Danielle Pizziolo (Psicologia) Alexandre H. Reis (Filosofia) &nbsp; &nbsp;\" \/>\n<meta property=\"og:url\" content=\"https:\/\/wp.ufpel.edu.br\/lysis\/membros-2\/\" \/>\n<meta property=\"og:site_name\" content=\"LYSIS - N\u00facleo de Estudos sobre Suic\u00eddio e Modos de Vida\" \/>\n<meta property=\"article:modified_time\" content=\"2025-06-09T22:25:18+00:00\" \/>\n<meta name=\"twitter:card\" content=\"summary_large_image\" \/>\n<meta name=\"twitter:label1\" content=\"Est. tempo de leitura\" \/>\n\t<meta name=\"twitter:data1\" content=\"1 minuto\" \/>\n<script type=\"application\/ld+json\" class=\"yoast-schema-graph\">{\"@context\":\"https:\/\/schema.org\",\"@graph\":[{\"@type\":\"WebPage\",\"@id\":\"https:\/\/wp.ufpel.edu.br\/lysis\/membros-2\/\",\"url\":\"https:\/\/wp.ufpel.edu.br\/lysis\/membros-2\/\",\"name\":\"EQUIPE - LYSIS - N\u00facleo de Estudos sobre Suic\u00eddio e Modos de Vida\",\"isPartOf\":{\"@id\":\"https:\/\/wp.ufpel.edu.br\/lysis\/#website\"},\"datePublished\":\"2025-02-21T11:17:48+00:00\",\"dateModified\":\"2025-06-09T22:25:18+00:00\",\"breadcrumb\":{\"@id\":\"https:\/\/wp.ufpel.edu.br\/lysis\/membros-2\/#breadcrumb\"},\"inLanguage\":\"pt-BR\",\"potentialAction\":[{\"@type\":\"ReadAction\",\"target\":[\"https:\/\/wp.ufpel.edu.br\/lysis\/membros-2\/\"]}]},{\"@type\":\"BreadcrumbList\",\"@id\":\"https:\/\/wp.ufpel.edu.br\/lysis\/membros-2\/#breadcrumb\",\"itemListElement\":[{\"@type\":\"ListItem\",\"position\":1,\"name\":\"In\u00edcio\",\"item\":\"https:\/\/wp.ufpel.edu.br\/lysis\/\"},{\"@type\":\"ListItem\",\"position\":2,\"name\":\"EQUIPE\"}]},{\"@type\":\"WebSite\",\"@id\":\"https:\/\/wp.ufpel.edu.br\/lysis\/#website\",\"url\":\"https:\/\/wp.ufpel.edu.br\/lysis\/\",\"name\":\"LYSIS - N\u00facleo de Estudos sobre Suic\u00eddio e Modos de Vida\",\"description\":\"Universidade Federal de Pelotas\",\"publisher\":{\"@id\":\"https:\/\/wp.ufpel.edu.br\/lysis\/#organization\"},\"potentialAction\":[{\"@type\":\"SearchAction\",\"target\":{\"@type\":\"EntryPoint\",\"urlTemplate\":\"https:\/\/wp.ufpel.edu.br\/lysis\/?s={search_term_string}\"},\"query-input\":{\"@type\":\"PropertyValueSpecification\",\"valueRequired\":true,\"valueName\":\"search_term_string\"}}],\"inLanguage\":\"pt-BR\"},{\"@type\":\"Organization\",\"@id\":\"https:\/\/wp.ufpel.edu.br\/lysis\/#organization\",\"name\":\"LYSIS - N\u00facleo de Estudos sobre Suic\u00eddio e Modos de Vida\",\"url\":\"https:\/\/wp.ufpel.edu.br\/lysis\/\",\"logo\":{\"@type\":\"ImageObject\",\"inLanguage\":\"pt-BR\",\"@id\":\"https:\/\/wp.ufpel.edu.br\/lysis\/#\/schema\/logo\/image\/\",\"url\":\"https:\/\/i0.wp.com\/wp.ufpel.edu.br\/lysis\/files\/2025\/05\/cropped-LOGOMARCA.png?fit=512%2C512&ssl=1\",\"contentUrl\":\"https:\/\/i0.wp.com\/wp.ufpel.edu.br\/lysis\/files\/2025\/05\/cropped-LOGOMARCA.png?fit=512%2C512&ssl=1\",\"width\":512,\"height\":512,\"caption\":\"LYSIS - N\u00facleo de Estudos sobre Suic\u00eddio e Modos de Vida\"},\"image\":{\"@id\":\"https:\/\/wp.ufpel.edu.br\/lysis\/#\/schema\/logo\/image\/\"},\"sameAs\":[\"https:\/\/www.instagram.com\/lysisufpel\/\"]}]}<\/script>\n<!-- \/ Yoast SEO plugin. -->","yoast_head_json":{"title":"EQUIPE - LYSIS - N\u00facleo de Estudos sobre Suic\u00eddio e Modos de Vida","robots":{"index":"index","follow":"follow","max-snippet":"max-snippet:-1","max-image-preview":"max-image-preview:large","max-video-preview":"max-video-preview:-1"},"canonical":"https:\/\/wp.ufpel.edu.br\/lysis\/membros-2\/","og_locale":"pt_BR","og_type":"article","og_title":"EQUIPE - LYSIS - N\u00facleo de Estudos sobre Suic\u00eddio e Modos de Vida","og_description":"Matheus Mol Alvim Gomes (Letras) Maria de F\u00e1tima da Rosa Farias (Enfermagem) Juliana Antunes Souza (Psicologia) Ana Luiza Gon\u00e7alves Silva (Terapia Ocupacional) Raissa Magalh\u00e3es Moraes (Letras) Danielle Pizziolo (Psicologia) Alexandre H. Reis (Filosofia) &nbsp; &nbsp;","og_url":"https:\/\/wp.ufpel.edu.br\/lysis\/membros-2\/","og_site_name":"LYSIS - N\u00facleo de Estudos sobre Suic\u00eddio e Modos de Vida","article_modified_time":"2025-06-09T22:25:18+00:00","twitter_card":"summary_large_image","twitter_misc":{"Est. tempo de leitura":"1 minuto"},"schema":{"@context":"https:\/\/schema.org","@graph":[{"@type":"WebPage","@id":"https:\/\/wp.ufpel.edu.br\/lysis\/membros-2\/","url":"https:\/\/wp.ufpel.edu.br\/lysis\/membros-2\/","name":"EQUIPE - LYSIS - N\u00facleo de Estudos sobre Suic\u00eddio e Modos de Vida","isPartOf":{"@id":"https:\/\/wp.ufpel.edu.br\/lysis\/#website"},"datePublished":"2025-02-21T11:17:48+00:00","dateModified":"2025-06-09T22:25:18+00:00","breadcrumb":{"@id":"https:\/\/wp.ufpel.edu.br\/lysis\/membros-2\/#breadcrumb"},"inLanguage":"pt-BR","potentialAction":[{"@type":"ReadAction","target":["https:\/\/wp.ufpel.edu.br\/lysis\/membros-2\/"]}]},{"@type":"BreadcrumbList","@id":"https:\/\/wp.ufpel.edu.br\/lysis\/membros-2\/#breadcrumb","itemListElement":[{"@type":"ListItem","position":1,"name":"In\u00edcio","item":"https:\/\/wp.ufpel.edu.br\/lysis\/"},{"@type":"ListItem","position":2,"name":"EQUIPE"}]},{"@type":"WebSite","@id":"https:\/\/wp.ufpel.edu.br\/lysis\/#website","url":"https:\/\/wp.ufpel.edu.br\/lysis\/","name":"LYSIS - N\u00facleo de Estudos sobre Suic\u00eddio e Modos de Vida","description":"Universidade Federal de Pelotas","publisher":{"@id":"https:\/\/wp.ufpel.edu.br\/lysis\/#organization"},"potentialAction":[{"@type":"SearchAction","target":{"@type":"EntryPoint","urlTemplate":"https:\/\/wp.ufpel.edu.br\/lysis\/?s={search_term_string}"},"query-input":{"@type":"PropertyValueSpecification","valueRequired":true,"valueName":"search_term_string"}}],"inLanguage":"pt-BR"},{"@type":"Organization","@id":"https:\/\/wp.ufpel.edu.br\/lysis\/#organization","name":"LYSIS - N\u00facleo de Estudos sobre Suic\u00eddio e Modos de Vida","url":"https:\/\/wp.ufpel.edu.br\/lysis\/","logo":{"@type":"ImageObject","inLanguage":"pt-BR","@id":"https:\/\/wp.ufpel.edu.br\/lysis\/#\/schema\/logo\/image\/","url":"https:\/\/i0.wp.com\/wp.ufpel.edu.br\/lysis\/files\/2025\/05\/cropped-LOGOMARCA.png?fit=512%2C512&ssl=1","contentUrl":"https:\/\/i0.wp.com\/wp.ufpel.edu.br\/lysis\/files\/2025\/05\/cropped-LOGOMARCA.png?fit=512%2C512&ssl=1","width":512,"height":512,"caption":"LYSIS - N\u00facleo de Estudos sobre Suic\u00eddio e Modos de Vida"},"image":{"@id":"https:\/\/wp.ufpel.edu.br\/lysis\/#\/schema\/logo\/image\/"},"sameAs":["https:\/\/www.instagram.com\/lysisufpel\/"]}]}},"jetpack_sharing_enabled":true,"publishpress_future_action":{"enabled":false,"date":"2026-05-14 15:29:49","action":"change-status","newStatus":"draft","terms":[],"taxonomy":"language","extraData":[]},"publishpress_future_workflow_manual_trigger":{"enabledWorkflows":[]},"_links":{"self":[{"href":"https:\/\/wp.ufpel.edu.br\/lysis\/wp-json\/wp\/v2\/pages\/27","targetHints":{"allow":["GET"]}}],"collection":[{"href":"https:\/\/wp.ufpel.edu.br\/lysis\/wp-json\/wp\/v2\/pages"}],"about":[{"href":"https:\/\/wp.ufpel.edu.br\/lysis\/wp-json\/wp\/v2\/types\/page"}],"author":[{"embeddable":true,"href":"https:\/\/wp.ufpel.edu.br\/lysis\/wp-json\/wp\/v2\/users\/1325"}],"replies":[{"embeddable":true,"href":"https:\/\/wp.ufpel.edu.br\/lysis\/wp-json\/wp\/v2\/comments?post=27"}],"version-history":[{"count":7,"href":"https:\/\/wp.ufpel.edu.br\/lysis\/wp-json\/wp\/v2\/pages\/27\/revisions"}],"predecessor-version":[{"id":392,"href":"https:\/\/wp.ufpel.edu.br\/lysis\/wp-json\/wp\/v2\/pages\/27\/revisions\/392"}],"wp:attachment":[{"href":"https:\/\/wp.ufpel.edu.br\/lysis\/wp-json\/wp\/v2\/media?parent=27"}],"curies":[{"name":"wp","href":"https:\/\/api.w.org\/{rel}","templated":true}]}}