{"id":32,"date":"2025-11-27T19:56:20","date_gmt":"2025-11-27T22:56:20","guid":{"rendered":"https:\/\/wp.ufpel.edu.br\/lyrabrasileira\/?page_id=32"},"modified":"2025-11-27T20:39:35","modified_gmt":"2025-11-27T23:39:35","slug":"producoes","status":"publish","type":"page","link":"https:\/\/wp.ufpel.edu.br\/lyrabrasileira\/producoes\/","title":{"rendered":"Produ\u00e7\u00f5es"},"content":{"rendered":"<p><a href=\"https:\/\/wp.ufpel.edu.br\/lyrabrasileira\/producoes\/capamusicadomundoantigo\/\" rel=\"attachment wp-att-37\"><img loading=\"lazy\" decoding=\"async\" class=\"wp-image-37 alignleft\" src=\"https:\/\/wp.ufpel.edu.br\/lyrabrasileira\/files\/2025\/11\/CapaMusicadoMundoAntigo.png\" alt=\"\" width=\"219\" height=\"291\" srcset=\"https:\/\/wp.ufpel.edu.br\/lyrabrasileira\/files\/2025\/11\/CapaMusicadoMundoAntigo.png 813w, https:\/\/wp.ufpel.edu.br\/lyrabrasileira\/files\/2025\/11\/CapaMusicadoMundoAntigo-302x400.png 302w, https:\/\/wp.ufpel.edu.br\/lyrabrasileira\/files\/2025\/11\/CapaMusicadoMundoAntigo-772x1024.png 772w, https:\/\/wp.ufpel.edu.br\/lyrabrasileira\/files\/2025\/11\/CapaMusicadoMundoAntigo-768x1018.png 768w, https:\/\/wp.ufpel.edu.br\/lyrabrasileira\/files\/2025\/11\/CapaMusicadoMundoAntigo-600x796.png 600w\" sizes=\"auto, (max-width: 219px) 100vw, 219px\" \/><\/a><strong>Tipo<\/strong>: Livro<\/p>\n<p><strong>T\u00edtulo<\/strong>: M\u00fasica do Mundo Antigo: perspectivas multidisciplinares<\/p>\n<p><strong>Ano<\/strong>: 2024<\/p>\n<p><strong>Autores<\/strong>: Fabio Vergara Cerqueira; Lidiane Carderaro (orgs.)<\/p>\n<p><strong>Editora<\/strong>: Editora UFPel<\/p>\n<p><strong>E-book<\/strong>: http:\/\/guaiaca.ufpel.edu.br\/xmlui\/handle\/prefix\/12841<\/p>\n<p><strong>Impresso<\/strong>: entrar em contato lyrabrasileira@gmail.com<\/p>\n<p><strong>Cita\u00e7\u00e3o<\/strong>: CERQUEIRA, F\u00e1bio Vergara; CARDERARO, Lidiane (orgs.). <em>M\u00fasica do mundo antigo: perspectivas multidisciplinares<\/em>. Pelotas: Ed. UFPEL. 2024. 354p.<\/p>\n","protected":false},"excerpt":{"rendered":"<p>Tipo: Livro T\u00edtulo: M\u00fasica do Mundo Antigo: perspectivas multidisciplinares Ano: 2024 Autores: Fabio Vergara Cerqueira; Lidiane Carderaro (orgs.) Editora: Editora UFPel E-book: http:\/\/guaiaca.ufpel.edu.br\/xmlui\/handle\/prefix\/12841 Impresso: entrar em contato lyrabrasileira@gmail.com Cita\u00e7\u00e3o: CERQUEIRA, F\u00e1bio Vergara; CARDERARO, Lidiane (orgs.). M\u00fasica do mundo antigo: perspectivas multidisciplinares. Pelotas: Ed. UFPEL. 2024. 354p.<\/p>\n","protected":false},"author":907,"featured_media":0,"parent":0,"menu_order":0,"comment_status":"closed","ping_status":"closed","template":"","meta":{"footnotes":""},"class_list":["post-32","page","type-page","status-publish","hentry"],"_links":{"self":[{"href":"https:\/\/wp.ufpel.edu.br\/lyrabrasileira\/wp-json\/wp\/v2\/pages\/32","targetHints":{"allow":["GET"]}}],"collection":[{"href":"https:\/\/wp.ufpel.edu.br\/lyrabrasileira\/wp-json\/wp\/v2\/pages"}],"about":[{"href":"https:\/\/wp.ufpel.edu.br\/lyrabrasileira\/wp-json\/wp\/v2\/types\/page"}],"author":[{"embeddable":true,"href":"https:\/\/wp.ufpel.edu.br\/lyrabrasileira\/wp-json\/wp\/v2\/users\/907"}],"replies":[{"embeddable":true,"href":"https:\/\/wp.ufpel.edu.br\/lyrabrasileira\/wp-json\/wp\/v2\/comments?post=32"}],"version-history":[{"count":3,"href":"https:\/\/wp.ufpel.edu.br\/lyrabrasileira\/wp-json\/wp\/v2\/pages\/32\/revisions"}],"predecessor-version":[{"id":38,"href":"https:\/\/wp.ufpel.edu.br\/lyrabrasileira\/wp-json\/wp\/v2\/pages\/32\/revisions\/38"}],"wp:attachment":[{"href":"https:\/\/wp.ufpel.edu.br\/lyrabrasileira\/wp-json\/wp\/v2\/media?parent=32"}],"curies":[{"name":"wp","href":"https:\/\/api.w.org\/{rel}","templated":true}]}}