{"id":2,"date":"2025-11-17T06:28:31","date_gmt":"2025-11-17T09:28:31","guid":{"rendered":"https:\/\/wp.ufpel.edu.br\/lyrabrasileira\/?page_id=2"},"modified":"2026-04-10T16:32:02","modified_gmt":"2026-04-10T19:32:02","slug":"pagina-exemplo","status":"publish","type":"page","link":"https:\/\/wp.ufpel.edu.br\/lyrabrasileira\/","title":{"rendered":"Sobre n\u00f3s"},"content":{"rendered":"\r\n<p>O Grupo de Pesquisa &#8220;Arqueologia e Iconografia da M\u00fasica Antiga e sua Recep\u00e7\u00e3o&#8221; &#8211; Lyra Brasileira &#8211; foi criado em Novembro de 2024, com o prop\u00f3sito de se tornar um n\u00facleo da rede de pesquisadores e estudantes dedicados ao estudo da m\u00fasica grega e romana antiga nas perspectivas arqueol\u00f3gica, iconogr\u00e1fica e dos estudos de recep\u00e7\u00e3o, a partir das manifesta\u00e7\u00f5es visuais e materiais. Em torno destes eixos, temos liderado estudos sobre a m\u00fasica grega e romana antiga, com sustenta\u00e7\u00e3o em redes de coopera\u00e7\u00e3o nacional e internacional. Deste modo, estruturam-se redes nacionais e internacionais que resultaram em publica\u00e7\u00f5es, eventos e orienta\u00e7\u00f5es de trabalhos acad\u00eamicos a n\u00edvel de TCC, mestrado e doutorado, conclu\u00eddas e em andamento. Embora recente, o grupo j\u00e1 colhe os frutos de seu engajamento, tendo como exemplo colet\u00e2nea M\u00daSICA DO MUNDO ANTIGO: PERSPECTIVAS MULTIDISPLINARES (Editora da UFPel, 2024) obra que repercute os trabalhos dos membros deste grupo.<\/p>\r\n<p>&nbsp;<\/p>\r\n<p>&nbsp;<\/p>\r\n<p>&nbsp;<\/p>\r\n<p>&nbsp;<\/p>\r\n","protected":false},"excerpt":{"rendered":"<p>O Grupo de Pesquisa &#8220;Arqueologia e Iconografia da M\u00fasica Antiga e sua Recep\u00e7\u00e3o&#8221; &#8211; Lyra Brasileira &#8211; foi criado em Novembro de 2024, com o prop\u00f3sito de se tornar um n\u00facleo da rede de pesquisadores e estudantes dedicados ao estudo da m\u00fasica grega e romana antiga nas perspectivas arqueol\u00f3gica, iconogr\u00e1fica e dos estudos de recep\u00e7\u00e3o,&#8230; <\/p>\n<div class=\"link-more\"><a href=\"https:\/\/wp.ufpel.edu.br\/lyrabrasileira\/\">Leia mais<\/a><\/div>\n","protected":false},"author":907,"featured_media":0,"parent":0,"menu_order":0,"comment_status":"closed","ping_status":"closed","template":"","meta":{"footnotes":""},"class_list":["post-2","page","type-page","status-publish","hentry"],"_links":{"self":[{"href":"https:\/\/wp.ufpel.edu.br\/lyrabrasileira\/wp-json\/wp\/v2\/pages\/2","targetHints":{"allow":["GET"]}}],"collection":[{"href":"https:\/\/wp.ufpel.edu.br\/lyrabrasileira\/wp-json\/wp\/v2\/pages"}],"about":[{"href":"https:\/\/wp.ufpel.edu.br\/lyrabrasileira\/wp-json\/wp\/v2\/types\/page"}],"author":[{"embeddable":true,"href":"https:\/\/wp.ufpel.edu.br\/lyrabrasileira\/wp-json\/wp\/v2\/users\/907"}],"replies":[{"embeddable":true,"href":"https:\/\/wp.ufpel.edu.br\/lyrabrasileira\/wp-json\/wp\/v2\/comments?post=2"}],"version-history":[{"count":3,"href":"https:\/\/wp.ufpel.edu.br\/lyrabrasileira\/wp-json\/wp\/v2\/pages\/2\/revisions"}],"predecessor-version":[{"id":76,"href":"https:\/\/wp.ufpel.edu.br\/lyrabrasileira\/wp-json\/wp\/v2\/pages\/2\/revisions\/76"}],"wp:attachment":[{"href":"https:\/\/wp.ufpel.edu.br\/lyrabrasileira\/wp-json\/wp\/v2\/media?parent=2"}],"curies":[{"name":"wp","href":"https:\/\/api.w.org\/{rel}","templated":true}]}}