{"id":21,"date":"2013-10-17T15:19:24","date_gmt":"2013-10-17T18:19:24","guid":{"rendered":"https:\/\/wp.ufpel.edu.br\/lvm\/?page_id=21"},"modified":"2015-06-10T11:20:03","modified_gmt":"2015-06-10T14:20:03","slug":"acervo","status":"publish","type":"page","link":"https:\/\/wp.ufpel.edu.br\/lvm\/acervo\/","title":{"rendered":"LIFE"},"content":{"rendered":"<p>O Laborat\u00f3rio Virtual Multilinguagens \u00e9 parte do projeto LIFE \u2013 Laborat\u00f3rio Interdisciplinar de Forma\u00e7\u00e3o de Educadores, da CAPES na UFPel.<\/p>\n<p>O LIFE \u2013 Programa de Apoio a Laborat\u00f3rios Interdisciplinares de Forma\u00e7\u00e3o de Educadores, da CAPES, consiste na uni\u00e3o de subprojetos que visam<\/p>\n<p>promover a intera\u00e7\u00e3o entre diferentes cursos de forma\u00e7\u00e3o de professores, de modo a incentivar o desenvolvimento de metodologias voltadas para a inova\u00e7\u00e3o das pr\u00e1ticas pedag\u00f3gicas; a elabora\u00e7\u00e3o de materiais did\u00e1ticos de car\u00e1ter interdisciplinar; o uso de tecnologias da informa\u00e7\u00e3o e comunica\u00e7\u00e3o \u2013 TICs e a articula\u00e7\u00e3o entre os programas da CAPES relacionados \u00e0 Educa\u00e7\u00e3o B\u00e1sica.(EDITAL LIFE, 2012)<\/p>\n<p>O Programa \u00e9 composto por tr\u00eas subprojetos, propostos por diferentes \u00e1reas do conhecimento: (a) Brinquedoteca, pela Pedagogia, em conjunto com Artes Visuais, Ci\u00eancias Biol\u00f3gicas, Dan\u00e7a e Teatro. (b) Laborat\u00f3rio de Ensino de Biologia e de Qu\u00edmica, pela Biologia e Qu\u00edmica. (c) Laborat\u00f3rio Multilinguagens, pela Licenciatura em Matem\u00e1tica a Dist\u00e2ncia, Licenciatura em Educa\u00e7\u00e3o do Campo, Licenciatura em Pedagogia a Dist\u00e2ncia, Forma\u00e7\u00e3o de Professores em L\u00edngua Espanhola, em conjunto com Hist\u00f3ria e Filosofia.<\/p>\n<p>O LIFE conta com financiamento da CAPES, j\u00e1 em execu\u00e7\u00e3o, para compra de material permanente, e \u00e9 parceiro de outros programas da CAPES, como PET, PIBID, UAB, NOVOS TALENTOS e outros para o apoio de material de consumo. Em sua natureza, o LIFE busca apoiar e capacitar diferentes a\u00e7\u00f5es e projetos das licenciaturas envolvidas.<\/p>\n<p>O LVM \u00e9 parte do LAM \u2013 Laborat\u00f3rio Multilinguagens, e visa divulgar materiais e metodologias aplicadas ao Ensino de Matem\u00e1tica, Hist\u00f3ria, Filosofia, L\u00edngua Espanhola e outras \u00e1reas que componham os cursos de Pedagogia e Educa\u00e7\u00e3o do Campo.<\/p>\n","protected":false},"excerpt":{"rendered":"<p>O Laborat\u00f3rio Virtual Multilinguagens \u00e9 parte do projeto LIFE \u2013 Laborat\u00f3rio Interdisciplinar de Forma\u00e7\u00e3o de Educadores, da CAPES na UFPel. O LIFE \u2013 Programa de Apoio a Laborat\u00f3rios Interdisciplinares de Forma\u00e7\u00e3o de Educadores, da CAPES, consiste na uni\u00e3o de subprojetos que visam promover a intera\u00e7\u00e3o entre diferentes cursos de forma\u00e7\u00e3o de professores, de modo a [&hellip;]<\/p>\n","protected":false},"author":291,"featured_media":0,"parent":0,"menu_order":0,"comment_status":"closed","ping_status":"closed","template":"","meta":{"footnotes":""},"class_list":["post-21","page","type-page","status-publish","hentry"],"_links":{"self":[{"href":"https:\/\/wp.ufpel.edu.br\/lvm\/wp-json\/wp\/v2\/pages\/21","targetHints":{"allow":["GET"]}}],"collection":[{"href":"https:\/\/wp.ufpel.edu.br\/lvm\/wp-json\/wp\/v2\/pages"}],"about":[{"href":"https:\/\/wp.ufpel.edu.br\/lvm\/wp-json\/wp\/v2\/types\/page"}],"author":[{"embeddable":true,"href":"https:\/\/wp.ufpel.edu.br\/lvm\/wp-json\/wp\/v2\/users\/291"}],"replies":[{"embeddable":true,"href":"https:\/\/wp.ufpel.edu.br\/lvm\/wp-json\/wp\/v2\/comments?post=21"}],"version-history":[{"count":6,"href":"https:\/\/wp.ufpel.edu.br\/lvm\/wp-json\/wp\/v2\/pages\/21\/revisions"}],"predecessor-version":[{"id":167,"href":"https:\/\/wp.ufpel.edu.br\/lvm\/wp-json\/wp\/v2\/pages\/21\/revisions\/167"}],"wp:attachment":[{"href":"https:\/\/wp.ufpel.edu.br\/lvm\/wp-json\/wp\/v2\/media?parent=21"}],"curies":[{"name":"wp","href":"https:\/\/api.w.org\/{rel}","templated":true}]}}