{"id":2027,"date":"2025-03-22T11:53:02","date_gmt":"2025-03-22T14:53:02","guid":{"rendered":"https:\/\/wp.ufpel.edu.br\/lvm\/?page_id=2027"},"modified":"2025-03-22T12:36:13","modified_gmt":"2025-03-22T15:36:13","slug":"canal-do-lvm","status":"publish","type":"page","link":"https:\/\/wp.ufpel.edu.br\/lvm\/canal-do-lvm\/","title":{"rendered":"Canal do LVM"},"content":{"rendered":"<div class=\"automatic-youtube-gallery ayg\">\n        <ayg-theme-classic id=\"ayg-7253b8075417b449f0a25338d437e742\" class=\"ayg-theme ayg-theme-classic\" data-params='{\"uid\":\"7253b8075417b449f0a25338d437e742\",\"loop\":0,\"autoadvance\":1,\"player_title\":1,\"player_description\":1}'>\n        <div class=\"ayg-player\">\n            <div class=\"ayg-player-container\" style=\"max-width: 100%;\">\n                <ayg-player src=\"https:\/\/www.youtube.com\/embed\/g4nFynqom_8?enablejsapi=1&#038;playsinline=1&#038;rel=0&#038;modestbranding=1&#038;iv_load_policy=3\" ratio=\"56.25\" title=\"#97 - Cartas do Tangram\" poster=\"https:\/\/i.ytimg.com\/vi\/g4nFynqom_8\/maxresdefault.jpg\"><\/ayg-player>           \n            <\/div>\n            <div class=\"ayg-player-caption\">\n                    \n                    <h2 class=\"ayg-player-title\">#97 - Cartas do Tangram<\/h2>  \n                                  \n                    <ayg-description class=\"ayg-player-description\"><span class=\"ayg-player-description-less\">Ol\u00e1, pessoal! Bem-vindos ao canal do LVM, espero que gostem do v\u00eddeo \ud83d\ude42 Pe\u00e7o para que se inscrevam no canal, deixem seu like e compartilham e compartilham nas redes sociais. <span class=\"ayg-player-description-dots\">...<\/span><\/span><span class=\"ayg-player-description-more\">Nos sigam no instagram: @lam_ufpel <br \/>\n<a href=\"https:\/\/www.instagram.com\/lam_ufpel\/\" rel=\"nofollow\">https:\/\/www.instagram.com\/lam_ufpel\/<\/a><br \/>\nSugest\u00e3o de v\u00eddeo para montar seu tangram: <a href=\"https:\/\/www.youtube.com\/watch?v=wKvQ6bVemco\" rel=\"nofollow\">https:\/\/www.youtube.com\/watch?v=wKvQ6bVemco<\/a><br \/>\nMuito obrigado e bom v\u00eddeo!<\/span><a href=\"#\" class=\"ayg-player-description-toggle-btn\">Show More<\/a><\/ayg-description>\n                            <\/div>\n        <\/div>\n        <div class=\"ayg-videos ayg-gallery ayg-row\">\n                            <div class=\"ayg-video ayg-video-g4nFynqom_8 ayg-col ayg-col-3 ayg-col-xs-2 ayg-active\">\n                    <div class=\"ayg-thumbnail\" data-id=\"g4nFynqom_8\" data-title=\"#97 - Cartas do Tangram\" data-url=\"\">\n    <div class=\"ayg-thumbnail-media\">\n        <img src=\"https:\/\/i.ytimg.com\/vi\/g4nFynqom_8\/maxresdefault.jpg\" class=\"ayg-thumbnail-image\" width=\"320\" height=\"180\" alt=\"#97 - Cartas do Tangram\" \/><svg xmlns=\"http:\/\/www.w3.org\/2000\/svg\" fill=\"white\" width=\"40\" height=\"40\" viewBox=\"0 0 24 24\" class=\"ayg-icon ayg-thumbnail-icon-play\" title=\"Play\" aria-label=\"Play\"><path fill-rule=\"evenodd\" d=\"M2.25 12c0-5.385 4.365-9.75 9.75-9.75s9.75 4.365 9.75 9.75-4.365 9.75-9.75 9.75S2.25 17.385 2.25 12Zm14.024-.983a1.125 1.125 0 0 1 0 1.966l-5.603 3.113A1.125 1.125 0 0 1 9 15.113V8.887c0-.857.921-1.4 1.671-.983l5.603 3.113Z\" clip-rule=\"evenodd\" \/><\/svg><div class=\"ayg-thumbnail-now-playing\" style=\"display: none;\">Now Playing<\/div>        \n    <\/div>\n    <div class=\"ayg-thumbnail-caption\">\n         \n            <div class=\"ayg-thumbnail-title\">#97 - Cartas do Tangram<\/div>\n         \n                    <div class=\"ayg-thumbnail-excerpt\">Ol\u00e1, pessoal! Bem-vindos ao canal do LVM, espero que gostem do v\u00eddeo ...<\/div>\n                  \n            <div class=\"ayg-thumbnail-description\" style=\"display: none;\"><span class=\"ayg-player-description-less\">Ol\u00e1, pessoal! Bem-vindos ao canal do LVM, espero que gostem do v\u00eddeo \ud83d\ude42 Pe\u00e7o para que se inscrevam no canal, deixem seu like e compartilham e compartilham nas redes sociais. <span class=\"ayg-player-description-dots\">...<\/span><\/span><span class=\"ayg-player-description-more\">Nos sigam no instagram: @lam_ufpel <br \/>\n<a href=\"https:\/\/www.instagram.com\/lam_ufpel\/\" rel=\"nofollow\">https:\/\/www.instagram.com\/lam_ufpel\/<\/a><br \/>\nSugest\u00e3o de v\u00eddeo para montar seu tangram: <a href=\"https:\/\/www.youtube.com\/watch?v=wKvQ6bVemco\" rel=\"nofollow\">https:\/\/www.youtube.com\/watch?v=wKvQ6bVemco<\/a><br \/>\nMuito obrigado e bom v\u00eddeo!<\/span><a href=\"#\" class=\"ayg-player-description-toggle-btn\">Show More<\/a><\/div>\n            <\/div>           \n<\/div>                <\/div>\n                            <div class=\"ayg-video ayg-video-0ft078NN-eY ayg-col ayg-col-3 ayg-col-xs-2\">\n                    <div class=\"ayg-thumbnail\" data-id=\"0ft078NN-eY\" data-title=\"#96 - Demonstra\u00e7\u00e3o da soma dos \u00e2ngulos internos de um pol\u00edgono\" data-url=\"\">\n    <div class=\"ayg-thumbnail-media\">\n        <img src=\"https:\/\/i.ytimg.com\/vi\/0ft078NN-eY\/maxresdefault.jpg\" class=\"ayg-thumbnail-image\" width=\"320\" height=\"180\" alt=\"#96 - Demonstra\u00e7\u00e3o da soma dos \u00e2ngulos internos de um pol\u00edgono\" \/><svg xmlns=\"http:\/\/www.w3.org\/2000\/svg\" fill=\"white\" width=\"40\" height=\"40\" viewBox=\"0 0 24 24\" class=\"ayg-icon ayg-thumbnail-icon-play\" title=\"Play\" aria-label=\"Play\"><path fill-rule=\"evenodd\" d=\"M2.25 12c0-5.385 4.365-9.75 9.75-9.75s9.75 4.365 9.75 9.75-4.365 9.75-9.75 9.75S2.25 17.385 2.25 12Zm14.024-.983a1.125 1.125 0 0 1 0 1.966l-5.603 3.113A1.125 1.125 0 0 1 9 15.113V8.887c0-.857.921-1.4 1.671-.983l5.603 3.113Z\" clip-rule=\"evenodd\" \/><\/svg><div class=\"ayg-thumbnail-now-playing\" style=\"display: none;\">Now Playing<\/div>        \n    <\/div>\n    <div class=\"ayg-thumbnail-caption\">\n         \n            <div class=\"ayg-thumbnail-title\">#96 - Demonstra\u00e7\u00e3o da soma dos \u00e2ngulos internos de um pol\u00edgono<\/div>\n         \n                    <div class=\"ayg-thumbnail-excerpt\">Ol\u00e1 pessoal, tudo bem? Bem-vindos ao canal LVM, espero que gostem do ...<\/div>\n                  \n            <div class=\"ayg-thumbnail-description\" style=\"display: none;\"><span class=\"ayg-player-description-less\">Ol\u00e1 pessoal, tudo bem? Bem-vindos ao canal LVM, espero que gostem do v\u00eddeo \ud83d\ude42 Pe\u00e7o para que se inscrevam no canal, deixem seu like e compartilham nas redes sociais. Nos <span class=\"ayg-player-description-dots\">...<\/span><\/span><span class=\"ayg-player-description-more\">sigam no Instagram: @lam_ufpel <br \/>\n<a href=\"https:\/\/www.instagram.com\/lam_ufpel\/\" rel=\"nofollow\">https:\/\/www.instagram.com\/lam_ufpel\/<\/a> <br \/>\nNos acompanhe no site: <a href=\"https:\/\/wp.ufpel.edu.br\/lvm\/\">https:\/\/wp.ufpel.edu.br\/lvm\/<\/a> <br \/>\nMuito obrigado e bom v\u00eddeo \ud83d\ude42<br \/>\n<br \/>\n1) A soma dos dos \u00e2ngulos internos de um tri\u00e2ngulo com dobradura:<br \/>\n<a href=\"https:\/\/www.youtube.com\/watch?v=px5RTJT0YGM\" rel=\"nofollow\">https:\/\/www.youtube.com\/watch?v=px5RTJT0YGM<\/a><\/span><a href=\"#\" class=\"ayg-player-description-toggle-btn\">Show More<\/a><\/div>\n            <\/div>           \n<\/div>                <\/div>\n                            <div class=\"ayg-video ayg-video-NqLfd71psgg ayg-col ayg-col-3 ayg-col-xs-2\">\n                    <div class=\"ayg-thumbnail\" data-id=\"NqLfd71psgg\" data-title=\"#95 - Teorema de Pit\u00e1goras\" data-url=\"\">\n    <div class=\"ayg-thumbnail-media\">\n        <img src=\"https:\/\/i.ytimg.com\/vi\/NqLfd71psgg\/maxresdefault.jpg\" class=\"ayg-thumbnail-image\" width=\"320\" height=\"180\" alt=\"#95 - Teorema de Pit\u00e1goras\" \/><svg xmlns=\"http:\/\/www.w3.org\/2000\/svg\" fill=\"white\" width=\"40\" height=\"40\" viewBox=\"0 0 24 24\" class=\"ayg-icon ayg-thumbnail-icon-play\" title=\"Play\" aria-label=\"Play\"><path fill-rule=\"evenodd\" d=\"M2.25 12c0-5.385 4.365-9.75 9.75-9.75s9.75 4.365 9.75 9.75-4.365 9.75-9.75 9.75S2.25 17.385 2.25 12Zm14.024-.983a1.125 1.125 0 0 1 0 1.966l-5.603 3.113A1.125 1.125 0 0 1 9 15.113V8.887c0-.857.921-1.4 1.671-.983l5.603 3.113Z\" clip-rule=\"evenodd\" \/><\/svg><div class=\"ayg-thumbnail-now-playing\" style=\"display: none;\">Now Playing<\/div>        \n    <\/div>\n    <div class=\"ayg-thumbnail-caption\">\n         \n            <div class=\"ayg-thumbnail-title\">#95 - Teorema de Pit\u00e1goras<\/div>\n         \n                    <div class=\"ayg-thumbnail-excerpt\">Ol\u00e1 pessoal, bem-vindos ao canal do Laborat\u00f3rio Virtual ...<\/div>\n                  \n            <div class=\"ayg-thumbnail-description\" style=\"display: none;\">Ol\u00e1 pessoal, bem-vindos ao canal do Laborat\u00f3rio Virtual Multilinguagens. Deixe seu like e nos acompanhe nas redes sociais do projeto: <a href=\"https:\/\/www.instagram.com\/lam_ufpel\/\" rel=\"nofollow\">https:\/\/www.instagram.com\/lam_ufpel\/<\/a><\/div>\n            <\/div>           \n<\/div>                <\/div>\n                            <div class=\"ayg-video ayg-video-ABFOWowis28 ayg-col ayg-col-3 ayg-col-xs-2\">\n                    <div class=\"ayg-thumbnail\" data-id=\"ABFOWowis28\" data-title=\"#94 - Rela\u00e7\u00f5es m\u00e9tricas no tri\u00e2ngulo ret\u00e2ngulo\" data-url=\"\">\n    <div class=\"ayg-thumbnail-media\">\n        <img src=\"https:\/\/i.ytimg.com\/vi\/ABFOWowis28\/maxresdefault.jpg\" class=\"ayg-thumbnail-image\" width=\"320\" height=\"180\" alt=\"#94 - Rela\u00e7\u00f5es m\u00e9tricas no tri\u00e2ngulo ret\u00e2ngulo\" \/><svg xmlns=\"http:\/\/www.w3.org\/2000\/svg\" fill=\"white\" width=\"40\" height=\"40\" viewBox=\"0 0 24 24\" class=\"ayg-icon ayg-thumbnail-icon-play\" title=\"Play\" aria-label=\"Play\"><path fill-rule=\"evenodd\" d=\"M2.25 12c0-5.385 4.365-9.75 9.75-9.75s9.75 4.365 9.75 9.75-4.365 9.75-9.75 9.75S2.25 17.385 2.25 12Zm14.024-.983a1.125 1.125 0 0 1 0 1.966l-5.603 3.113A1.125 1.125 0 0 1 9 15.113V8.887c0-.857.921-1.4 1.671-.983l5.603 3.113Z\" clip-rule=\"evenodd\" \/><\/svg><div class=\"ayg-thumbnail-now-playing\" style=\"display: none;\">Now Playing<\/div>        \n    <\/div>\n    <div class=\"ayg-thumbnail-caption\">\n         \n            <div class=\"ayg-thumbnail-title\">#94 - Rela\u00e7\u00f5es m\u00e9tricas no tri\u00e2ngulo ret\u00e2ngulo<\/div>\n         \n                    <div class=\"ayg-thumbnail-excerpt\">Ol\u00e1 pessoal, bem-vindos ao canal LVM. O v\u00eddeo de hoje inicia uma ...<\/div>\n                  \n            <div class=\"ayg-thumbnail-description\" style=\"display: none;\">Ol\u00e1 pessoal, bem-vindos ao canal LVM. O v\u00eddeo de hoje inicia uma sequ\u00eancia do estudo sobre tri\u00e2ngulos.<br \/>\nNos siga no instagram @lam_ufpel<\/div>\n            <\/div>           \n<\/div>                <\/div>\n                            <div class=\"ayg-video ayg-video-T0sXvILXlhc ayg-col ayg-col-3 ayg-col-xs-2\">\n                    <div class=\"ayg-thumbnail\" data-id=\"T0sXvILXlhc\" data-title=\"#93 - 4 em linha\" data-url=\"\">\n    <div class=\"ayg-thumbnail-media\">\n        <img src=\"https:\/\/i.ytimg.com\/vi\/T0sXvILXlhc\/maxresdefault.jpg\" class=\"ayg-thumbnail-image\" width=\"320\" height=\"180\" alt=\"#93 - 4 em linha\" \/><svg xmlns=\"http:\/\/www.w3.org\/2000\/svg\" fill=\"white\" width=\"40\" height=\"40\" viewBox=\"0 0 24 24\" class=\"ayg-icon ayg-thumbnail-icon-play\" title=\"Play\" aria-label=\"Play\"><path fill-rule=\"evenodd\" d=\"M2.25 12c0-5.385 4.365-9.75 9.75-9.75s9.75 4.365 9.75 9.75-4.365 9.75-9.75 9.75S2.25 17.385 2.25 12Zm14.024-.983a1.125 1.125 0 0 1 0 1.966l-5.603 3.113A1.125 1.125 0 0 1 9 15.113V8.887c0-.857.921-1.4 1.671-.983l5.603 3.113Z\" clip-rule=\"evenodd\" \/><\/svg><div class=\"ayg-thumbnail-now-playing\" style=\"display: none;\">Now Playing<\/div>        \n    <\/div>\n    <div class=\"ayg-thumbnail-caption\">\n         \n            <div class=\"ayg-thumbnail-title\">#93 - 4 em linha<\/div>\n         \n                    <div class=\"ayg-thumbnail-excerpt\">Ol\u00e1, pessoal! Se quiser jogar com seus alunos o jogo 4 em linha acesse ...<\/div>\n                  \n            <div class=\"ayg-thumbnail-description\" style=\"display: none;\">Ol\u00e1, pessoal! Se quiser jogar com seus alunos o jogo 4 em linha acesse o link: Potencia\u00e7\u00e3o e radicia\u00e7\u00e3o: Jogos para o 9\u00ba ano <a href=\"https:\/\/share.google\/dESdK3KDrZbD6xBo0\" rel=\"nofollow\">https:\/\/share.google\/dESdK3KDrZbD6xBo0<\/a> <br \/>\n<br \/>\nNos siga no instagram: @lam_ufpel<\/div>\n            <\/div>           \n<\/div>                <\/div>\n                            <div class=\"ayg-video ayg-video-px5RTJT0YGM ayg-col ayg-col-3 ayg-col-xs-2\">\n                    <div class=\"ayg-thumbnail\" data-id=\"px5RTJT0YGM\" data-title=\"#92 - A soma dos dos \u00e2ngulos internos de um tri\u00e2ngulo com dobradura\" data-url=\"\">\n    <div class=\"ayg-thumbnail-media\">\n        <img src=\"https:\/\/i.ytimg.com\/vi\/px5RTJT0YGM\/maxresdefault.jpg\" class=\"ayg-thumbnail-image\" width=\"320\" height=\"180\" alt=\"#92 - A soma dos dos \u00e2ngulos internos de um tri\u00e2ngulo com dobradura\" \/><svg xmlns=\"http:\/\/www.w3.org\/2000\/svg\" fill=\"white\" width=\"40\" height=\"40\" viewBox=\"0 0 24 24\" class=\"ayg-icon ayg-thumbnail-icon-play\" title=\"Play\" aria-label=\"Play\"><path fill-rule=\"evenodd\" d=\"M2.25 12c0-5.385 4.365-9.75 9.75-9.75s9.75 4.365 9.75 9.75-4.365 9.75-9.75 9.75S2.25 17.385 2.25 12Zm14.024-.983a1.125 1.125 0 0 1 0 1.966l-5.603 3.113A1.125 1.125 0 0 1 9 15.113V8.887c0-.857.921-1.4 1.671-.983l5.603 3.113Z\" clip-rule=\"evenodd\" \/><\/svg><div class=\"ayg-thumbnail-now-playing\" style=\"display: none;\">Now Playing<\/div>        \n    <\/div>\n    <div class=\"ayg-thumbnail-caption\">\n         \n            <div class=\"ayg-thumbnail-title\">#92 - A soma dos dos \u00e2ngulos internos de um tri\u00e2ngulo com dobradura<\/div>\n         \n                    <div class=\"ayg-thumbnail-excerpt\">Aprenda a fazer e jogar o material matem\u00e1tico \"A soma dos \u00e2ngulos ...<\/div>\n                  \n            <div class=\"ayg-thumbnail-description\" style=\"display: none;\">Aprenda a fazer e jogar o material matem\u00e1tico \"A soma dos \u00e2ngulos internos de um tri\u00e2ngulo com dobradura\"<br \/>\nNos siga no instagram: @lam_ufpel<\/div>\n            <\/div>           \n<\/div>                <\/div>\n                            <div class=\"ayg-video ayg-video-qeVp0CblcIE ayg-col ayg-col-3 ayg-col-xs-2\">\n                    <div class=\"ayg-thumbnail\" data-id=\"qeVp0CblcIE\" data-title=\"#91 - Eu Tenho\" data-url=\"\">\n    <div class=\"ayg-thumbnail-media\">\n        <img src=\"https:\/\/i.ytimg.com\/vi\/qeVp0CblcIE\/maxresdefault.jpg\" class=\"ayg-thumbnail-image\" width=\"320\" height=\"180\" alt=\"#91 - Eu Tenho\" \/><svg xmlns=\"http:\/\/www.w3.org\/2000\/svg\" fill=\"white\" width=\"40\" height=\"40\" viewBox=\"0 0 24 24\" class=\"ayg-icon ayg-thumbnail-icon-play\" title=\"Play\" aria-label=\"Play\"><path fill-rule=\"evenodd\" d=\"M2.25 12c0-5.385 4.365-9.75 9.75-9.75s9.75 4.365 9.75 9.75-4.365 9.75-9.75 9.75S2.25 17.385 2.25 12Zm14.024-.983a1.125 1.125 0 0 1 0 1.966l-5.603 3.113A1.125 1.125 0 0 1 9 15.113V8.887c0-.857.921-1.4 1.671-.983l5.603 3.113Z\" clip-rule=\"evenodd\" \/><\/svg><div class=\"ayg-thumbnail-now-playing\" style=\"display: none;\">Now Playing<\/div>        \n    <\/div>\n    <div class=\"ayg-thumbnail-caption\">\n         \n            <div class=\"ayg-thumbnail-title\">#91 - Eu Tenho<\/div>\n         \n                    <div class=\"ayg-thumbnail-excerpt\">Aprenda a fazer e jogar o material matem\u00e1tico \"Eu tenho\" Nos siga no ...<\/div>\n                  \n            <div class=\"ayg-thumbnail-description\" style=\"display: none;\">Aprenda a fazer e jogar o material matem\u00e1tico \"Eu tenho\"<br \/>\nNos siga no Instagram: @lam_ufpel<br \/>\nAcesse o material do jogo abaixo:<br \/>\n<a href=\"https:\/\/drive.google.com\/drive\/folders\/1pyuVUUmWWX5LHi3cBegIgvG-P9GYIZ0v\" rel=\"nofollow\">https:\/\/drive.google.com\/drive\/folders\/1pyuVUUmWWX5LHi3cBegIgvG-P9GYIZ0v<\/a><\/div>\n            <\/div>           \n<\/div>                <\/div>\n                            <div class=\"ayg-video ayg-video-uTRAX4cdSzg ayg-col ayg-col-3 ayg-col-xs-2\">\n                    <div class=\"ayg-thumbnail\" data-id=\"uTRAX4cdSzg\" data-title=\"#90 - Role e Arranje\" data-url=\"\">\n    <div class=\"ayg-thumbnail-media\">\n        <img src=\"https:\/\/i.ytimg.com\/vi\/uTRAX4cdSzg\/maxresdefault.jpg\" class=\"ayg-thumbnail-image\" width=\"320\" height=\"180\" alt=\"#90 - Role e Arranje\" \/><svg xmlns=\"http:\/\/www.w3.org\/2000\/svg\" fill=\"white\" width=\"40\" height=\"40\" viewBox=\"0 0 24 24\" class=\"ayg-icon ayg-thumbnail-icon-play\" title=\"Play\" aria-label=\"Play\"><path fill-rule=\"evenodd\" d=\"M2.25 12c0-5.385 4.365-9.75 9.75-9.75s9.75 4.365 9.75 9.75-4.365 9.75-9.75 9.75S2.25 17.385 2.25 12Zm14.024-.983a1.125 1.125 0 0 1 0 1.966l-5.603 3.113A1.125 1.125 0 0 1 9 15.113V8.887c0-.857.921-1.4 1.671-.983l5.603 3.113Z\" clip-rule=\"evenodd\" \/><\/svg><div class=\"ayg-thumbnail-now-playing\" style=\"display: none;\">Now Playing<\/div>        \n    <\/div>\n    <div class=\"ayg-thumbnail-caption\">\n         \n            <div class=\"ayg-thumbnail-title\">#90 - Role e Arranje<\/div>\n         \n                    <div class=\"ayg-thumbnail-excerpt\">Aprenda a fazer e a jogar o Role e Arranje<\/div>\n                  \n            <div class=\"ayg-thumbnail-description\" style=\"display: none;\">Aprenda a fazer e a jogar o Role e Arranje<\/div>\n            <\/div>           \n<\/div>                <\/div>\n                            <div class=\"ayg-video ayg-video-Qv6u5qyRH44 ayg-col ayg-col-3 ayg-col-xs-2\">\n                    <div class=\"ayg-thumbnail\" data-id=\"Qv6u5qyRH44\" data-title=\"#89 - Jogo da Senha\" data-url=\"\">\n    <div class=\"ayg-thumbnail-media\">\n        <img src=\"https:\/\/i.ytimg.com\/vi\/Qv6u5qyRH44\/maxresdefault.jpg\" class=\"ayg-thumbnail-image\" width=\"320\" height=\"180\" alt=\"#89 - Jogo da Senha\" \/><svg xmlns=\"http:\/\/www.w3.org\/2000\/svg\" fill=\"white\" width=\"40\" height=\"40\" viewBox=\"0 0 24 24\" class=\"ayg-icon ayg-thumbnail-icon-play\" title=\"Play\" aria-label=\"Play\"><path fill-rule=\"evenodd\" d=\"M2.25 12c0-5.385 4.365-9.75 9.75-9.75s9.75 4.365 9.75 9.75-4.365 9.75-9.75 9.75S2.25 17.385 2.25 12Zm14.024-.983a1.125 1.125 0 0 1 0 1.966l-5.603 3.113A1.125 1.125 0 0 1 9 15.113V8.887c0-.857.921-1.4 1.671-.983l5.603 3.113Z\" clip-rule=\"evenodd\" \/><\/svg><div class=\"ayg-thumbnail-now-playing\" style=\"display: none;\">Now Playing<\/div>        \n    <\/div>\n    <div class=\"ayg-thumbnail-caption\">\n         \n            <div class=\"ayg-thumbnail-title\">#89 - Jogo da Senha<\/div>\n         \n                    <div class=\"ayg-thumbnail-excerpt\">Aprenda a fazer e a jogar o Jogo da Senha<\/div>\n                  \n            <div class=\"ayg-thumbnail-description\" style=\"display: none;\">Aprenda a fazer e a jogar o Jogo da Senha<\/div>\n            <\/div>           \n<\/div>                <\/div>\n                            <div class=\"ayg-video ayg-video-9NY8PF5IQ8g ayg-col ayg-col-3 ayg-col-xs-2\">\n                    <div class=\"ayg-thumbnail\" data-id=\"9NY8PF5IQ8g\" data-title=\"#88 - Casas da Multiplica\u00e7\u00e3o\" data-url=\"\">\n    <div class=\"ayg-thumbnail-media\">\n        <img src=\"https:\/\/i.ytimg.com\/vi\/9NY8PF5IQ8g\/maxresdefault.jpg\" class=\"ayg-thumbnail-image\" width=\"320\" height=\"180\" alt=\"#88 - Casas da Multiplica\u00e7\u00e3o\" \/><svg xmlns=\"http:\/\/www.w3.org\/2000\/svg\" fill=\"white\" width=\"40\" height=\"40\" viewBox=\"0 0 24 24\" class=\"ayg-icon ayg-thumbnail-icon-play\" title=\"Play\" aria-label=\"Play\"><path fill-rule=\"evenodd\" d=\"M2.25 12c0-5.385 4.365-9.75 9.75-9.75s9.75 4.365 9.75 9.75-4.365 9.75-9.75 9.75S2.25 17.385 2.25 12Zm14.024-.983a1.125 1.125 0 0 1 0 1.966l-5.603 3.113A1.125 1.125 0 0 1 9 15.113V8.887c0-.857.921-1.4 1.671-.983l5.603 3.113Z\" clip-rule=\"evenodd\" \/><\/svg><div class=\"ayg-thumbnail-now-playing\" style=\"display: none;\">Now Playing<\/div>        \n    <\/div>\n    <div class=\"ayg-thumbnail-caption\">\n         \n            <div class=\"ayg-thumbnail-title\">#88 - Casas da Multiplica\u00e7\u00e3o<\/div>\n         \n                    <div class=\"ayg-thumbnail-excerpt\">Aprenda a fazer e utilizar o Casas da Multiplica\u00e7\u00e3o<\/div>\n                  \n            <div class=\"ayg-thumbnail-description\" style=\"display: none;\">Aprenda a fazer e utilizar o Casas da Multiplica\u00e7\u00e3o<\/div>\n            <\/div>           \n<\/div>                <\/div>\n                            <div class=\"ayg-video ayg-video-B_dScKv9Lh4 ayg-col ayg-col-3 ayg-col-xs-2\">\n                    <div class=\"ayg-thumbnail\" data-id=\"B_dScKv9Lh4\" data-title=\"#87 - Comprimento da Circunfer\u00eancia\" data-url=\"\">\n    <div class=\"ayg-thumbnail-media\">\n        <img src=\"https:\/\/i.ytimg.com\/vi\/B_dScKv9Lh4\/maxresdefault.jpg\" class=\"ayg-thumbnail-image\" width=\"320\" height=\"180\" alt=\"#87 - Comprimento da Circunfer\u00eancia\" \/><svg xmlns=\"http:\/\/www.w3.org\/2000\/svg\" fill=\"white\" width=\"40\" height=\"40\" viewBox=\"0 0 24 24\" class=\"ayg-icon ayg-thumbnail-icon-play\" title=\"Play\" aria-label=\"Play\"><path fill-rule=\"evenodd\" d=\"M2.25 12c0-5.385 4.365-9.75 9.75-9.75s9.75 4.365 9.75 9.75-4.365 9.75-9.75 9.75S2.25 17.385 2.25 12Zm14.024-.983a1.125 1.125 0 0 1 0 1.966l-5.603 3.113A1.125 1.125 0 0 1 9 15.113V8.887c0-.857.921-1.4 1.671-.983l5.603 3.113Z\" clip-rule=\"evenodd\" \/><\/svg><div class=\"ayg-thumbnail-now-playing\" style=\"display: none;\">Now Playing<\/div>        \n    <\/div>\n    <div class=\"ayg-thumbnail-caption\">\n         \n            <div class=\"ayg-thumbnail-title\">#87 - Comprimento da Circunfer\u00eancia<\/div>\n         \n                    <div class=\"ayg-thumbnail-excerpt\">Aprenda a fazer um material pr\u00e1tico sobre o Comprimento da Circunfer\u00eancia<\/div>\n                  \n            <div class=\"ayg-thumbnail-description\" style=\"display: none;\">Aprenda a fazer um material pr\u00e1tico sobre o Comprimento da Circunfer\u00eancia<\/div>\n            <\/div>           \n<\/div>                <\/div>\n                            <div class=\"ayg-video ayg-video-FJ1PE2lxGBU ayg-col ayg-col-3 ayg-col-xs-2\">\n                    <div class=\"ayg-thumbnail\" data-id=\"FJ1PE2lxGBU\" data-title=\"#86 - Avan\u00e7ando com o Resto\" data-url=\"\">\n    <div class=\"ayg-thumbnail-media\">\n        <img src=\"https:\/\/i.ytimg.com\/vi\/FJ1PE2lxGBU\/maxresdefault.jpg\" class=\"ayg-thumbnail-image\" width=\"320\" height=\"180\" alt=\"#86 - Avan\u00e7ando com o Resto\" \/><svg xmlns=\"http:\/\/www.w3.org\/2000\/svg\" fill=\"white\" width=\"40\" height=\"40\" viewBox=\"0 0 24 24\" class=\"ayg-icon ayg-thumbnail-icon-play\" title=\"Play\" aria-label=\"Play\"><path fill-rule=\"evenodd\" d=\"M2.25 12c0-5.385 4.365-9.75 9.75-9.75s9.75 4.365 9.75 9.75-4.365 9.75-9.75 9.75S2.25 17.385 2.25 12Zm14.024-.983a1.125 1.125 0 0 1 0 1.966l-5.603 3.113A1.125 1.125 0 0 1 9 15.113V8.887c0-.857.921-1.4 1.671-.983l5.603 3.113Z\" clip-rule=\"evenodd\" \/><\/svg><div class=\"ayg-thumbnail-now-playing\" style=\"display: none;\">Now Playing<\/div>        \n    <\/div>\n    <div class=\"ayg-thumbnail-caption\">\n         \n            <div class=\"ayg-thumbnail-title\">#86 - Avan\u00e7ando com o Resto<\/div>\n         \n                    <div class=\"ayg-thumbnail-excerpt\">Aprenda a fazer e a jogar o Avan\u00e7ando com o Resto.<\/div>\n                  \n            <div class=\"ayg-thumbnail-description\" style=\"display: none;\">Aprenda a fazer e a jogar o Avan\u00e7ando com o Resto.<\/div>\n            <\/div>           \n<\/div>                <\/div>\n                    <\/div>\n        <ayg-pagination class=\"ayg-pagination\" data-params='{\"uid\":\"7253b8075417b449f0a25338d437e742\",\"post_id\":2027,\"type\":\"channel\",\"src\":\"UCA-z969VXnk9gQqVbN7llcg\",\"order\":\"relevance\",\"limit\":500,\"per_page\":12,\"cache\":2419200,\"columns\":3,\"thumb_ratio\":56.25,\"thumb_title\":1,\"thumb_title_length\":0,\"thumb_excerpt\":1,\"thumb_excerpt_length\":75,\"player_description\":1,\"total_pages\":9,\"paged\":1,\"next_page_token\":\"EAAaHlBUOkNBd2lFRGt6TTBJMFF6STBNVFV6TXpZelJrRQ\",\"prev_page_token\":\"\"}'>\n            <div class=\"ayg-pagination-prev\">\n            <button type=\"button\" class=\"ayg-btn ayg-pagination-prev-btn\" data-type=\"previous\" style=\"display: none;\">Anterior<\/button>\n        <\/div>\n        <div class=\"ayg-pagination-info\">\n            <span class=\"ayg-pagination-current-page-number\">1<\/span>\n            of            <span class=\"ayg-pagination-total-pages\">9<\/span>\n        <\/div>\n        <div class=\"ayg-pagination-next\">\n            <button type=\"button\" class=\"ayg-btn ayg-pagination-next-btn\" data-type=\"next\">Pr\u00f3xima<\/button>\n        <\/div>\n    <\/ayg-pagination>    <\/ayg-theme-classic>\n<\/div>\n\n","protected":false},"excerpt":{"rendered":"","protected":false},"author":291,"featured_media":0,"parent":0,"menu_order":0,"comment_status":"closed","ping_status":"closed","template":"","meta":{"footnotes":""},"class_list":["post-2027","page","type-page","status-publish","hentry"],"_links":{"self":[{"href":"https:\/\/wp.ufpel.edu.br\/lvm\/wp-json\/wp\/v2\/pages\/2027","targetHints":{"allow":["GET"]}}],"collection":[{"href":"https:\/\/wp.ufpel.edu.br\/lvm\/wp-json\/wp\/v2\/pages"}],"about":[{"href":"https:\/\/wp.ufpel.edu.br\/lvm\/wp-json\/wp\/v2\/types\/page"}],"author":[{"embeddable":true,"href":"https:\/\/wp.ufpel.edu.br\/lvm\/wp-json\/wp\/v2\/users\/291"}],"replies":[{"embeddable":true,"href":"https:\/\/wp.ufpel.edu.br\/lvm\/wp-json\/wp\/v2\/comments?post=2027"}],"version-history":[{"count":3,"href":"https:\/\/wp.ufpel.edu.br\/lvm\/wp-json\/wp\/v2\/pages\/2027\/revisions"}],"predecessor-version":[{"id":2033,"href":"https:\/\/wp.ufpel.edu.br\/lvm\/wp-json\/wp\/v2\/pages\/2027\/revisions\/2033"}],"wp:attachment":[{"href":"https:\/\/wp.ufpel.edu.br\/lvm\/wp-json\/wp\/v2\/media?parent=2027"}],"curies":[{"name":"wp","href":"https:\/\/api.w.org\/{rel}","templated":true}]}}