{"id":1749,"date":"2024-08-17T23:44:27","date_gmt":"2024-08-18T02:44:27","guid":{"rendered":"https:\/\/wp.ufpel.edu.br\/lvm\/?page_id=1749"},"modified":"2024-08-17T23:53:06","modified_gmt":"2024-08-18T02:53:06","slug":"projetos","status":"publish","type":"page","link":"https:\/\/wp.ufpel.edu.br\/lvm\/projetos\/","title":{"rendered":"Projetos"},"content":{"rendered":"<p>Extens\u00e3o<\/p>\n<p>Mediante as demandas das escolas, promovemos oficinas did\u00e1ticas para trabalhar com os mais diversos contextos da Educa\u00e7\u00e3o B\u00e1sica<\/p>\n<p>Pesquisa<\/p>\n<p>Realizamos estudos baseados em teorias atualizadas de Ensino e Aprendizagem, como a Teoria dos Campos Conceituais, e analisamos como os conhecimentos se constroem<\/p>\n<p>Ensino<\/p>\n<p>Com a demanda da extens\u00e3o e a produ\u00e7\u00e3o do conhecimento na pesquisa, formamos estudantes capacitados para lidar com as pr\u00e1ticas necess\u00e1rias \u00e0 realidade escola<\/p>\n","protected":false},"excerpt":{"rendered":"<p>Extens\u00e3o Mediante as demandas das escolas, promovemos oficinas did\u00e1ticas para trabalhar com os mais diversos contextos da Educa\u00e7\u00e3o B\u00e1sica Pesquisa Realizamos estudos baseados em teorias atualizadas de Ensino e Aprendizagem, como a Teoria dos Campos Conceituais, e analisamos como os conhecimentos se constroem Ensino Com a demanda da extens\u00e3o e a produ\u00e7\u00e3o do conhecimento na [&hellip;]<\/p>\n","protected":false},"author":291,"featured_media":0,"parent":0,"menu_order":0,"comment_status":"closed","ping_status":"closed","template":"","meta":{"footnotes":""},"class_list":["post-1749","page","type-page","status-publish","hentry"],"_links":{"self":[{"href":"https:\/\/wp.ufpel.edu.br\/lvm\/wp-json\/wp\/v2\/pages\/1749","targetHints":{"allow":["GET"]}}],"collection":[{"href":"https:\/\/wp.ufpel.edu.br\/lvm\/wp-json\/wp\/v2\/pages"}],"about":[{"href":"https:\/\/wp.ufpel.edu.br\/lvm\/wp-json\/wp\/v2\/types\/page"}],"author":[{"embeddable":true,"href":"https:\/\/wp.ufpel.edu.br\/lvm\/wp-json\/wp\/v2\/users\/291"}],"replies":[{"embeddable":true,"href":"https:\/\/wp.ufpel.edu.br\/lvm\/wp-json\/wp\/v2\/comments?post=1749"}],"version-history":[{"count":2,"href":"https:\/\/wp.ufpel.edu.br\/lvm\/wp-json\/wp\/v2\/pages\/1749\/revisions"}],"predecessor-version":[{"id":1766,"href":"https:\/\/wp.ufpel.edu.br\/lvm\/wp-json\/wp\/v2\/pages\/1749\/revisions\/1766"}],"wp:attachment":[{"href":"https:\/\/wp.ufpel.edu.br\/lvm\/wp-json\/wp\/v2\/media?parent=1749"}],"curies":[{"name":"wp","href":"https:\/\/api.w.org\/{rel}","templated":true}]}}