{"id":1612,"date":"2024-03-28T19:06:52","date_gmt":"2024-03-28T22:06:52","guid":{"rendered":"https:\/\/wp.ufpel.edu.br\/lvm\/?page_id=1612"},"modified":"2025-04-20T13:28:05","modified_gmt":"2025-04-20T16:28:05","slug":"links-interessantes","status":"publish","type":"page","link":"https:\/\/wp.ufpel.edu.br\/lvm\/links-interessantes\/","title":{"rendered":"Links interessantes"},"content":{"rendered":"<p><a href=\"https:\/\/www.youtube.com\/@laboratoriovirtualmultilin117\">Portal do Laborat\u00f3rio Virtual Multilinguagens<\/a><\/p>\n<p><a href=\"https:\/\/wp.ufpel.edu.br\/folcloreeeducacao\/\">Folclore e Educa\u00e7\u00e3o<\/a><\/p>\n<p><a href=\"https:\/\/wp.ufpel.edu.br\/mathlibras\/\">MathLibras<\/a><\/p>\n<p><a href=\"https:\/\/phet.colorado.edu\/pt_BR\/\">Phet Colorado<\/a><\/p>\n<p><a href=\"https:\/\/m3.ime.unicamp.br\/\">Matem\u00e1tica Multim\u00eddia<\/a><\/p>\n<p><a href=\"https:\/\/www.ibilce.unesp.br\/#!\/departamentos\/matematica\/extensao\/lab-mat\/\">Laborat\u00f3rio de Matem\u00e1tica UNESP<\/a><\/p>\n<p><a href=\"https:\/\/dalicenca.uff.br\/projetos\/se-jogando-na-matematica\/\">Projeto d\u00e1 licen\u00e7a UFF<\/a><\/p>\n","protected":false},"excerpt":{"rendered":"<p>Portal do Laborat\u00f3rio Virtual Multilinguagens Folclore e Educa\u00e7\u00e3o MathLibras Phet Colorado Matem\u00e1tica Multim\u00eddia Laborat\u00f3rio de Matem\u00e1tica UNESP Projeto d\u00e1 licen\u00e7a UFF<\/p>\n","protected":false},"author":291,"featured_media":0,"parent":0,"menu_order":0,"comment_status":"closed","ping_status":"closed","template":"","meta":{"footnotes":""},"class_list":["post-1612","page","type-page","status-publish","hentry"],"_links":{"self":[{"href":"https:\/\/wp.ufpel.edu.br\/lvm\/wp-json\/wp\/v2\/pages\/1612","targetHints":{"allow":["GET"]}}],"collection":[{"href":"https:\/\/wp.ufpel.edu.br\/lvm\/wp-json\/wp\/v2\/pages"}],"about":[{"href":"https:\/\/wp.ufpel.edu.br\/lvm\/wp-json\/wp\/v2\/types\/page"}],"author":[{"embeddable":true,"href":"https:\/\/wp.ufpel.edu.br\/lvm\/wp-json\/wp\/v2\/users\/291"}],"replies":[{"embeddable":true,"href":"https:\/\/wp.ufpel.edu.br\/lvm\/wp-json\/wp\/v2\/comments?post=1612"}],"version-history":[{"count":6,"href":"https:\/\/wp.ufpel.edu.br\/lvm\/wp-json\/wp\/v2\/pages\/1612\/revisions"}],"predecessor-version":[{"id":2129,"href":"https:\/\/wp.ufpel.edu.br\/lvm\/wp-json\/wp\/v2\/pages\/1612\/revisions\/2129"}],"wp:attachment":[{"href":"https:\/\/wp.ufpel.edu.br\/lvm\/wp-json\/wp\/v2\/media?parent=1612"}],"curies":[{"name":"wp","href":"https:\/\/api.w.org\/{rel}","templated":true}]}}