{"id":40,"date":"2018-04-17T14:44:25","date_gmt":"2018-04-17T17:44:25","guid":{"rendered":"https:\/\/wp.ufpel.edu.br\/lugareslivro\/?page_id=40"},"modified":"2018-04-17T16:16:04","modified_gmt":"2018-04-17T19:16:04","slug":"espaco-dobra","status":"publish","type":"page","link":"https:\/\/wp.ufpel.edu.br\/lugareslivro\/espaco-dobra\/","title":{"rendered":"Espa\u00e7o Dobra"},"content":{"rendered":"<p style=\"text-align: justify\">Espa\u00e7o Dobra \u00e9 um espa\u00e7o\/atelier localizado no Centro de Artes &#8211; UFPel para estudo e produ\u00e7\u00e3o de publica\u00e7\u00f5es art\u00edsticas (cartazes, livros, lambes, material did\u00e1tico e de divulga\u00e7\u00e3o e etc).<\/p>\n<p style=\"text-align: justify\"><span style=\"font-size: 1rem\">Ele se destina tamb\u00e9m a produ\u00e7\u00e3o de material did\u00e1tico e de divulga\u00e7\u00e3o de eventos dos cursos do Centro de Artes, atendendo atrav\u00e9s desse ponto os Projetos Pedag\u00f3gicos dos cursos de Design Gr\u00e1fico, Artes Visuais Bacharelado e Artes Visuais Licenciatura, que contempla a forma\u00e7\u00e3o e o desenvolvimento de capacidades de cria\u00e7\u00e3o e produ\u00e7\u00e3o articuladas \u00e0 realidade tecnol\u00f3gica e empreendedor\u00edstica dos diferentes campos de atua\u00e7\u00e3o.\u00a0<\/span><span style=\"font-size: 1rem\">O acervo do espa\u00e7o j\u00e1 est\u00e1 em fase de registro e cataloga\u00e7\u00e3o,<\/span><span style=\"font-size: 1rem\">\u00a0fornecendo publica\u00e7\u00f5es relevantes no panorama nacional e internacional.\u00a0<\/span><\/p>\n<p style=\"text-align: justify\">\n","protected":false},"excerpt":{"rendered":"<p>Espa\u00e7o Dobra \u00e9 um espa\u00e7o\/atelier localizado no Centro de Artes &#8211; UFPel para estudo e produ\u00e7\u00e3o de publica\u00e7\u00f5es art\u00edsticas (cartazes, livros, lambes, material did\u00e1tico e de divulga\u00e7\u00e3o e etc). Ele se destina tamb\u00e9m a produ\u00e7\u00e3o de material did\u00e1tico e de divulga\u00e7\u00e3o de eventos dos cursos do Centro de Artes, atendendo atrav\u00e9s desse ponto os Projetos &hellip; <\/p>\n<p class=\"link-more\"><a href=\"https:\/\/wp.ufpel.edu.br\/lugareslivro\/espaco-dobra\/\" class=\"more-link\">Continue lendo<span class=\"screen-reader-text\"> &#8220;Espa\u00e7o Dobra&#8221;<\/span><\/a><\/p>\n","protected":false},"author":849,"featured_media":0,"parent":0,"menu_order":0,"comment_status":"closed","ping_status":"closed","template":"","meta":{"footnotes":""},"class_list":["post-40","page","type-page","status-publish","hentry"],"_links":{"self":[{"href":"https:\/\/wp.ufpel.edu.br\/lugareslivro\/wp-json\/wp\/v2\/pages\/40","targetHints":{"allow":["GET"]}}],"collection":[{"href":"https:\/\/wp.ufpel.edu.br\/lugareslivro\/wp-json\/wp\/v2\/pages"}],"about":[{"href":"https:\/\/wp.ufpel.edu.br\/lugareslivro\/wp-json\/wp\/v2\/types\/page"}],"author":[{"embeddable":true,"href":"https:\/\/wp.ufpel.edu.br\/lugareslivro\/wp-json\/wp\/v2\/users\/849"}],"replies":[{"embeddable":true,"href":"https:\/\/wp.ufpel.edu.br\/lugareslivro\/wp-json\/wp\/v2\/comments?post=40"}],"version-history":[{"count":3,"href":"https:\/\/wp.ufpel.edu.br\/lugareslivro\/wp-json\/wp\/v2\/pages\/40\/revisions"}],"predecessor-version":[{"id":47,"href":"https:\/\/wp.ufpel.edu.br\/lugareslivro\/wp-json\/wp\/v2\/pages\/40\/revisions\/47"}],"wp:attachment":[{"href":"https:\/\/wp.ufpel.edu.br\/lugareslivro\/wp-json\/wp\/v2\/media?parent=40"}],"curies":[{"name":"wp","href":"https:\/\/api.w.org\/{rel}","templated":true}]}}