{"id":2,"date":"2018-04-12T12:38:02","date_gmt":"2018-04-12T15:38:02","guid":{"rendered":"https:\/\/wp.ufpel.edu.br\/lugareslivro\/?page_id=2"},"modified":"2021-08-28T18:59:04","modified_gmt":"2021-08-28T21:59:04","slug":"sobre-o-grupo","status":"publish","type":"page","link":"https:\/\/wp.ufpel.edu.br\/lugareslivro\/sobre-o-grupo\/","title":{"rendered":"Sobre o Grupo"},"content":{"rendered":"<p style=\"text-align: justify\"><strong><span style=\"color: #333333;font-size: 1rem\">[Lugares Livro]: Dimens\u00f5es Po\u00e9ticas e Materiais<\/span><\/strong><\/p>\n<p style=\"text-align: justify\">O Projeto de Pesquisa Lugares-livro: dimens\u00f5es po\u00e9ticas e materiais, existe oficialmente desde 2013, nasceu do desejo de compreender melhor trabalhos art\u00edsticos realizados no formato livro. Conta com professores colaboradores, alunos, ex alunos, artistas da comunidade e de outras\u00a0 cidades e universidades. Tamb\u00e9m re\u00fane cursos diferentes, como artes, design, dan\u00e7a, arquitetura, cinema, letras entre outros.<\/p>\n<p style=\"text-align: justify\">Objetiva estabelecer reflex\u00f5es acerca do Livro de Artista, tanto no que tange a observa\u00e7\u00e3o de alguns livros, quanto aspectos hist\u00f3ricos deste, bem como seu fazer por parte de um determinado grupo de artistas. Procura-se estender tais reflex\u00f5es \u00e0 comunidade, instaurando debates e promovendo, assim, um interc\u00e2mbio entre pesquisas art\u00edsticas, corpo docente e discente e p\u00fablico de modo geral.<\/p>\n<p style=\"text-align: justify\">Partindo da investiga\u00e7\u00e3o, levantamento e an\u00e1lise reflexiva das produ\u00e7\u00f5es inventariadas na arte contempor\u00e2nea, prop\u00f5e-se que concomitantemente o grupo articule rela\u00e7\u00f5es poss\u00edveis com suas pesquisas pessoais na cria\u00e7\u00e3o de livros, seja de \u00fanicos ou m\u00faltiplos, contribuindo no desenvolvimento das pesquisas discentes.<\/p>\n<p style=\"text-align: justify\">O grupo tamb\u00e9m trabalha na organiza\u00e7\u00e3o e cataloga\u00e7\u00e3o de um acervo de Livros de artistas, nas modalidades \u00fanicos e m\u00faltiplos proporcionando o aprofundamento em pesquisas nessa \u00e1rea e vem possibilitando o conhecimento mais alargado de um p\u00fablico mais amplo, organizando a\u00e7\u00f5es, oficinas, interven\u00e7\u00f5es, exposi\u00e7\u00f5es e feiras. A estante Lugares-Livro existe junto a livraria da UFPel desde 2014, com um espa\u00e7o de divulga\u00e7\u00e3o das produ\u00e7\u00f5es do grupo que procura por via das produ\u00e7\u00f5es contribuir como est\u00edmulo \u00e0 escrita e leitura, bem como ao valor do livro como tecnologia de si.<\/p>\n<p><strong>Coordena\u00e7\u00e3o Prof\u00aa. Dr\u00aa. Helene Gomes Sacco<\/strong><br \/>\n<strong>Centro de Artes\/UFPel<\/strong><\/p>\n<p>&nbsp;<\/p>\n<p><a href=\"https:\/\/www.facebook.com\/Lugares-Livro-307538416053729\" target=\"_blank\" rel=\"noopener\"><img loading=\"lazy\" decoding=\"async\" class=\"alignleft wp-image-253\" src=\"https:\/\/wp.ufpel.edu.br\/lugareslivro\/files\/2021\/08\/icone-face-200x200.png\" alt=\"\" width=\"80\" height=\"57\" srcset=\"https:\/\/wp.ufpel.edu.br\/lugareslivro\/files\/2021\/08\/icone-face-400x284.png 400w, https:\/\/wp.ufpel.edu.br\/lugareslivro\/files\/2021\/08\/icone-face.png 540w\" sizes=\"auto, (max-width: 80px) 100vw, 80px\" \/><\/a><a href=\"https:\/\/www.instagram.com\/lugareslivro\/\" target=\"_blank\" rel=\"noopener\"><img loading=\"lazy\" decoding=\"async\" class=\"alignleft wp-image-254\" src=\"https:\/\/wp.ufpel.edu.br\/lugareslivro\/files\/2021\/08\/icone-insta-400x284.png\" alt=\"\" width=\"80\" height=\"57\" srcset=\"https:\/\/wp.ufpel.edu.br\/lugareslivro\/files\/2021\/08\/icone-insta-400x284.png 400w, https:\/\/wp.ufpel.edu.br\/lugareslivro\/files\/2021\/08\/icone-insta.png 540w\" sizes=\"auto, (max-width: 80px) 100vw, 80px\" \/><\/a><\/p>\n","protected":false},"excerpt":{"rendered":"<p>[Lugares Livro]: Dimens\u00f5es Po\u00e9ticas e Materiais O Projeto de Pesquisa Lugares-livro: dimens\u00f5es po\u00e9ticas e materiais, existe oficialmente desde 2013, nasceu do desejo de compreender melhor trabalhos art\u00edsticos realizados no formato livro. Conta com professores colaboradores, alunos, ex alunos, artistas da comunidade e de outras\u00a0 cidades e universidades. Tamb\u00e9m re\u00fane cursos diferentes, como artes, design, dan\u00e7a, &hellip; <\/p>\n<p class=\"link-more\"><a href=\"https:\/\/wp.ufpel.edu.br\/lugareslivro\/sobre-o-grupo\/\" class=\"more-link\">Continue lendo<span class=\"screen-reader-text\"> &#8220;Sobre o Grupo&#8221;<\/span><\/a><\/p>\n","protected":false},"author":849,"featured_media":0,"parent":0,"menu_order":0,"comment_status":"closed","ping_status":"closed","template":"","meta":{"footnotes":""},"class_list":["post-2","page","type-page","status-publish","hentry"],"_links":{"self":[{"href":"https:\/\/wp.ufpel.edu.br\/lugareslivro\/wp-json\/wp\/v2\/pages\/2","targetHints":{"allow":["GET"]}}],"collection":[{"href":"https:\/\/wp.ufpel.edu.br\/lugareslivro\/wp-json\/wp\/v2\/pages"}],"about":[{"href":"https:\/\/wp.ufpel.edu.br\/lugareslivro\/wp-json\/wp\/v2\/types\/page"}],"author":[{"embeddable":true,"href":"https:\/\/wp.ufpel.edu.br\/lugareslivro\/wp-json\/wp\/v2\/users\/849"}],"replies":[{"embeddable":true,"href":"https:\/\/wp.ufpel.edu.br\/lugareslivro\/wp-json\/wp\/v2\/comments?post=2"}],"version-history":[{"count":8,"href":"https:\/\/wp.ufpel.edu.br\/lugareslivro\/wp-json\/wp\/v2\/pages\/2\/revisions"}],"predecessor-version":[{"id":257,"href":"https:\/\/wp.ufpel.edu.br\/lugareslivro\/wp-json\/wp\/v2\/pages\/2\/revisions\/257"}],"wp:attachment":[{"href":"https:\/\/wp.ufpel.edu.br\/lugareslivro\/wp-json\/wp\/v2\/media?parent=2"}],"curies":[{"name":"wp","href":"https:\/\/api.w.org\/{rel}","templated":true}]}}