{"id":73,"date":"2017-07-13T11:20:45","date_gmt":"2017-07-13T14:20:45","guid":{"rendered":"https:\/\/wp.ufpel.edu.br\/lucianapinto\/?page_id=73"},"modified":"2017-07-13T11:27:02","modified_gmt":"2017-07-13T14:27:02","slug":"grupo-de-pesquisa-agro-met-sul","status":"publish","type":"page","link":"https:\/\/wp.ufpel.edu.br\/lucianapinto\/grupo-de-pesquisa-agro-met-sul\/","title":{"rendered":"Grupo de Pesquisa Agro-Met Sul"},"content":{"rendered":"<p>O Grupo de Pesquisa Agro-Met Sul, tem como objetivo estudos agrometeorol\u00f3gicos em diferentes escalas espaciais e temporais, utilizando diferentes fontes de dados e ferramentas.<\/p>\n<p>O Grupo tem como coordenadoras as professoras Graciela Redies Fischer e Luciana Barros Pinto, com a colabora\u00e7\u00e3o de p\u00f3s-doutorando, mestrandos e alunos de inicia\u00e7\u00e3o cient\u00edfica.<\/p>\n<p>Em breve estaremos lan\u00e7ando o site para maiores informa\u00e7\u00f5es sobre as pesquisas e atividades do grupo.<\/p>\n<p>Os interessados podem entrar em contato conosco pelos endere\u00e7os:\u00a0gracielafischer@gmail.com ou luciana.pinto@ufpel.edu.br.<\/p>\n","protected":false},"excerpt":{"rendered":"<p>O Grupo de Pesquisa Agro-Met Sul, tem como objetivo estudos agrometeorol\u00f3gicos em diferentes escalas espaciais e temporais, utilizando diferentes fontes de dados e ferramentas. O Grupo tem como coordenadoras as professoras Graciela Redies Fischer e Luciana Barros Pinto, com a colabora\u00e7\u00e3o de p\u00f3s-doutorando, mestrandos e alunos de inicia\u00e7\u00e3o cient\u00edfica. Em breve estaremos lan\u00e7ando o site &hellip; <\/p>\n<p><a class=\"more-link btn\" href=\"https:\/\/wp.ufpel.edu.br\/lucianapinto\/grupo-de-pesquisa-agro-met-sul\/\">Continue lendo<\/a><\/p>\n","protected":false},"author":499,"featured_media":0,"parent":0,"menu_order":0,"comment_status":"closed","ping_status":"closed","template":"","meta":{"footnotes":""},"class_list":["post-73","page","type-page","status-publish","hentry","nodate","item-wrap"],"_links":{"self":[{"href":"https:\/\/wp.ufpel.edu.br\/lucianapinto\/wp-json\/wp\/v2\/pages\/73","targetHints":{"allow":["GET"]}}],"collection":[{"href":"https:\/\/wp.ufpel.edu.br\/lucianapinto\/wp-json\/wp\/v2\/pages"}],"about":[{"href":"https:\/\/wp.ufpel.edu.br\/lucianapinto\/wp-json\/wp\/v2\/types\/page"}],"author":[{"embeddable":true,"href":"https:\/\/wp.ufpel.edu.br\/lucianapinto\/wp-json\/wp\/v2\/users\/499"}],"replies":[{"embeddable":true,"href":"https:\/\/wp.ufpel.edu.br\/lucianapinto\/wp-json\/wp\/v2\/comments?post=73"}],"version-history":[{"count":2,"href":"https:\/\/wp.ufpel.edu.br\/lucianapinto\/wp-json\/wp\/v2\/pages\/73\/revisions"}],"predecessor-version":[{"id":75,"href":"https:\/\/wp.ufpel.edu.br\/lucianapinto\/wp-json\/wp\/v2\/pages\/73\/revisions\/75"}],"wp:attachment":[{"href":"https:\/\/wp.ufpel.edu.br\/lucianapinto\/wp-json\/wp\/v2\/media?parent=73"}],"curies":[{"name":"wp","href":"https:\/\/api.w.org\/{rel}","templated":true}]}}