{"id":17,"date":"2015-03-20T12:06:05","date_gmt":"2015-03-20T15:06:05","guid":{"rendered":"https:\/\/wp.ufpel.edu.br\/lucianapinto\/?page_id=17"},"modified":"2019-11-28T12:26:22","modified_gmt":"2019-11-28T15:26:22","slug":"meteorologia-basica-1","status":"publish","type":"page","link":"https:\/\/wp.ufpel.edu.br\/lucianapinto\/disciplinas\/meteorologia-basica-1\/","title":{"rendered":"Meteorologia B\u00e1sica 1"},"content":{"rendered":"<p>Neste espa\u00e7o ser\u00e3o disponibilizados os materiais referentes aos alunos da Disciplina de Meteorologia B\u00e1sica 1 &#8211; 2<strong>\u00b0 semestre 2019<\/strong>. Ser\u00e3o tamb\u00e9m\u00a0disponibilizadas as notas das avalia\u00e7\u00f5es e avisos importantes.<\/p>\n<p><em><strong>Hor\u00e1rio das aulas de Meteorologia B\u00e1sica 1:\u00a0<\/strong><\/em><\/p>\n<ul>\n<li>Ter\u00e7a-feira: das 10:00 \u00e0s 11:40<\/li>\n<li>Quinta-feira: das 10:00 \u00e0s 11:40<\/li>\n<\/ul>\n<p><em><strong>Plano de ensino<\/strong><\/em>: Plano de ensino Met. B\u00e1sica I -2-2019 (<a href=\"https:\/\/drive.google.com\/file\/d\/123-R-zY-38OzSWu9GcDrU-LYj8vy8KaX\/view?usp=sharing\">download<\/a>)<\/p>\n<p>&nbsp;<\/p>\n<p><strong>Apresenta\u00e7\u00f5es de aula<\/strong>:<\/p>\n<p><em>Unidade 1: Apresenta\u00e7\u00e3o<\/em><strong> (<a href=\"https:\/\/drive.google.com\/file\/d\/1mTgNREF2yx7znllR5GbuFbH1op9c_4VE\/view?usp=sharing\">Download<\/a>)<\/strong><\/p>\n<p><em>Unidade 2: Atmosfera<\/em>\u00a0<strong>(<a href=\"https:\/\/drive.google.com\/file\/d\/1S9lMP8E_tx5Hm0oUBQE7Dg82g8WNeJ6s\/view?usp=sharing\">Download<\/a>)<\/strong><\/p>\n<p><em>Unidade 3: Radia\u00e7\u00e3o<\/em>\u00a0<b>(<a href=\"https:\/\/drive.google.com\/file\/d\/13OUgVnc7goCQrSnxBslaODBlhjss0xWP\/view?usp=sharing\"><strong>Download<\/strong><\/a><\/b><b>)<\/b><\/p>\n<p><em>Unidade 4<\/em>: T<em>emperatura do ar e solo <\/em><strong>(<a href=\"https:\/\/drive.google.com\/file\/d\/1jwwL_CrBjleWb2vyBqYHEjU7EeWy6xI4\/view?usp=sharing\">Download<\/a><\/strong><strong>)<\/strong><\/p>\n<p><em>Unidade 5 e 6<\/em>:<em> Press\u00e3o Atmosf\u00e9rica<\/em>\u00a0e Vento <b>(<a href=\"https:\/\/drive.google.com\/file\/d\/0B5WJrcf1R1eXbHNIbldBR3J5Ulk\/view?usp=sharing\"><strong>Download<\/strong><\/a>)<\/b><\/p>\n<p>&nbsp;<\/p>\n<p><strong>Atividades<\/strong><\/p>\n<p>Lista de exerc\u00edcios: Unidade 2 (<a href=\"https:\/\/drive.google.com\/file\/d\/0B5WJrcf1R1eXMkNJLXpyZGhwTnM\/view?usp=sharing\">Download<\/a>)<\/p>\n<p>Lista de exerc\u00edcios: Unidade 3 (<a href=\"https:\/\/drive.google.com\/file\/d\/0B5WJrcf1R1eXQ2dsNnlPMEg2QzQ\/view?usp=sharing\">Download<\/a>)<\/p>\n<p>Lista de exerc\u00edcios: Unidade 4 (<a href=\"https:\/\/drive.google.com\/file\/d\/0B5WJrcf1R1eXVVJXQ2tKMW96ZGs\/view?usp=sharing\">Download<\/a>)<\/p>\n<p>Lista de exerc\u00edcios: Unidade 5 e 6 (<a href=\"https:\/\/drive.google.com\/file\/d\/0B5WJrcf1R1eXSW9vandkTTNsR2M\/view?usp=sharing\">Download<\/a>)<\/p>\n<p>&nbsp;<\/p>\n<p><strong>V\u00eddeos interessantes<\/strong><\/p>\n<p>Aula da USP sobre Atmosfera Terrestre: <a href=\"http:\/\/eaulas.usp.br\/portal\/video.action;jsessionid=B7F46E2BCB841627BE3BC4B5BDC738EE?idItem=2216\">http:\/\/eaulas.usp.br\/portal\/video.action;jsessionid=B7F46E2BCB841627BE3BC4B5BDC738EE?idItem=2216<\/a><\/p>\n<p><strong>Esta\u00e7\u00f5es do ano<\/strong>. link:\u00a0<a href=\"https:\/\/www.youtube.com\/watch?v=Qejc-mAObgw\">https:\/\/www.youtube.com\/watch?v=Qejc-mAObgw<\/a><\/p>\n<p><strong> Balan\u00e7o de radia\u00e7\u00e3o<\/strong> (INPE) link:\u00a0<a href=\"https:\/\/www.youtube.com\/watch?v=clgqmbsFnZM\">https:\/\/www.youtube.com\/watch?v=clgqmbsFnZM<\/a><\/p>\n<p><strong>Efeito estufa (INPE)<\/strong> link:\u00a0<a href=\"https:\/\/www.youtube.com\/watch?v=soicSlswjOk\">https:\/\/www.youtube.com\/watch?v=soicSlswjOk<\/a><\/p>\n<p>Aula da USP sobre Balan\u00e7o de Radia\u00e7\u00e3o: <a href=\"http:\/\/eaulas.usp.br\/portal\/video.action?idItem=461\">http:\/\/eaulas.usp.br\/portal\/video.action?idItem=461<\/a><\/p>\n<p>Unidade 5 e 6 &#8211; Movimentos na atmosfera (INPE) -link: \u00a0<a href=\"https:\/\/www.youtube.com\/watch?v=P5AOOO_6Iv4\">https:\/\/www.youtube.com\/watch?v=P5AOOO_6Iv4<\/a><\/p>\n<p>&nbsp;<\/p>\n<p><strong>Links interessantes:<\/strong><\/p>\n<p>Notas de aula da prof\u00aa Alice Grimm : <a href=\"http:\/\/fisica.ufpr.br\/grimm\/aposmeteo\/index.html\">http:\/\/fisica.ufpr.br\/grimm\/aposmeteo\/index.html<\/a><\/p>\n<p>&nbsp;<\/p>\n<p>&nbsp;<\/p>\n","protected":false},"excerpt":{"rendered":"<p>Neste espa\u00e7o ser\u00e3o disponibilizados os materiais referentes aos alunos da Disciplina de Meteorologia B\u00e1sica 1 &#8211; 2\u00b0 semestre 2019. Ser\u00e3o tamb\u00e9m\u00a0disponibilizadas as notas das avalia\u00e7\u00f5es e avisos importantes. Hor\u00e1rio das aulas de Meteorologia B\u00e1sica 1:\u00a0 Ter\u00e7a-feira: das 10:00 \u00e0s 11:40 Quinta-feira: das 10:00 \u00e0s 11:40 Plano de ensino: Plano de ensino Met. B\u00e1sica I -2-2019 &hellip; <\/p>\n<p><a class=\"more-link btn\" href=\"https:\/\/wp.ufpel.edu.br\/lucianapinto\/disciplinas\/meteorologia-basica-1\/\">Continue lendo<\/a><\/p>\n","protected":false},"author":499,"featured_media":0,"parent":14,"menu_order":0,"comment_status":"closed","ping_status":"closed","template":"","meta":{"footnotes":""},"class_list":["post-17","page","type-page","status-publish","hentry","nodate","item-wrap"],"_links":{"self":[{"href":"https:\/\/wp.ufpel.edu.br\/lucianapinto\/wp-json\/wp\/v2\/pages\/17","targetHints":{"allow":["GET"]}}],"collection":[{"href":"https:\/\/wp.ufpel.edu.br\/lucianapinto\/wp-json\/wp\/v2\/pages"}],"about":[{"href":"https:\/\/wp.ufpel.edu.br\/lucianapinto\/wp-json\/wp\/v2\/types\/page"}],"author":[{"embeddable":true,"href":"https:\/\/wp.ufpel.edu.br\/lucianapinto\/wp-json\/wp\/v2\/users\/499"}],"replies":[{"embeddable":true,"href":"https:\/\/wp.ufpel.edu.br\/lucianapinto\/wp-json\/wp\/v2\/comments?post=17"}],"version-history":[{"count":62,"href":"https:\/\/wp.ufpel.edu.br\/lucianapinto\/wp-json\/wp\/v2\/pages\/17\/revisions"}],"predecessor-version":[{"id":247,"href":"https:\/\/wp.ufpel.edu.br\/lucianapinto\/wp-json\/wp\/v2\/pages\/17\/revisions\/247"}],"up":[{"embeddable":true,"href":"https:\/\/wp.ufpel.edu.br\/lucianapinto\/wp-json\/wp\/v2\/pages\/14"}],"wp:attachment":[{"href":"https:\/\/wp.ufpel.edu.br\/lucianapinto\/wp-json\/wp\/v2\/media?parent=17"}],"curies":[{"name":"wp","href":"https:\/\/api.w.org\/{rel}","templated":true}]}}