{"id":150,"date":"2019-03-28T14:19:53","date_gmt":"2019-03-28T17:19:53","guid":{"rendered":"https:\/\/wp.ufpel.edu.br\/lucianapinto\/?page_id=150"},"modified":"2019-11-19T14:59:14","modified_gmt":"2019-11-19T17:59:14","slug":"climatologia","status":"publish","type":"page","link":"https:\/\/wp.ufpel.edu.br\/lucianapinto\/disciplinas\/climatologia\/","title":{"rendered":"Climatologia &#8211; Gradua\u00e7\u00e3o"},"content":{"rendered":"<p>Neste espa\u00e7o ser\u00e3o disponibilizados os materiais referentes aos alunos da Disciplina de Climatologia do 2<strong>\u00b0 semestre 2019<\/strong>. Ser\u00e3o tamb\u00e9m\u00a0disponibilizadas as notas das avalia\u00e7\u00f5es e avisos importantes.<\/p>\n<p><em><strong>Hor\u00e1rio das aulas de Climatologia:\u00a0<\/strong><\/em><\/p>\n<ul>\n<li>Ter\u00e7a-feira: das 14:00 \u00e0s 15:40<\/li>\n<li>Quinta-feira: das 14:00 \u00e0s 15:40<\/li>\n<\/ul>\n<p><em><strong>Plano de ensino<\/strong><\/em>: Plano de ensino Climatologia -2-2019 (<a href=\"https:\/\/drive.google.com\/file\/d\/1mhQ7IUiQrMczfe-c0WoTwwWhIL5UMRzo\/view?usp=sharing\">Download<\/a>)<\/p>\n<p>&nbsp;<\/p>\n<p><strong>Apresenta\u00e7\u00f5es de aula<\/strong>:<\/p>\n<p><em>Unidade 1: Climatologia Geral ( <a href=\"https:\/\/drive.google.com\/file\/d\/1-YxEFdaLKewAaSb2hqz2IobCOBB69Pwb\/view?usp=sharing\">Download<\/a><\/em><strong>)<\/strong><\/p>\n<p><em>Unidade 2: Balan\u00e7o de energia global (<a href=\"https:\/\/drive.google.com\/file\/d\/1e2-gXEUnROxmT5vRj7QnAz2-yJQHQAyL\/view?usp=sharing\">Download<\/a>)<\/em><\/p>\n<p><em>Unidade 3: Circula\u00e7\u00f5es Atmosf\u00e9ricas <\/em><b>(<em><a href=\"https:\/\/drive.google.com\/file\/d\/1jEOEwVv_Y9pTgb3YobzspOt3g3vdDcvZ\/view?usp=sharing\">Download<\/a>)<\/em><\/b><\/p>\n<p><em>Unidade 4<\/em>: <em>Climatologia do Brasil\u00a0<\/em><strong>(<a href=\"https:\/\/drive.google.com\/file\/d\/1TmN6w025XwmuKRjz6vYrVvQI-e0u8vwe\/view?usp=sharing\"><em>Download<\/em><\/a><\/strong><strong>)<\/strong><\/p>\n<p><em>Unidade 5<\/em>:<em> Classifica\u00e7\u00f5es Clim\u00e1ticas<\/em>\u00a0<b>(<a href=\"https:\/\/drive.google.com\/file\/d\/1DcgSU_l13r_fB4WWwA8CWzwaOe80gQWq\/view?usp=sharing\">Download<\/a>)<\/b><\/p>\n<p><em>Unidade 6<\/em>:<em> Variabilidade intrasazonal e interanual<\/em>\u00a0<b>(<a href=\"https:\/\/drive.google.com\/file\/d\/1pzDXUUZCa4HcNP0qXLRPWIpRvrIjkf-t\/view?usp=sharing\"><em>Download<\/em><\/a>)<\/b><\/p>\n<p>&nbsp;<\/p>\n<p><strong>Atividades<\/strong><\/p>\n<p>Lista 1 &#8211; Climatologia Geral (<a href=\"https:\/\/drive.google.com\/file\/d\/1aYWjd4-gOysa8i60-DizzdgmmDcm_nNi\/view?usp=sharing\">Download<\/a>)<\/p>\n<p>Lista 2 &#8211; Exerc\u00edcios de Revis\u00e3o (<a href=\"https:\/\/drive.google.com\/file\/d\/1XU5QV0rGCPpZaXldNRjDjCeELxZmVs3p\/view?usp=sharing\">Download<\/a>)<\/p>\n<p>Balan\u00e7o de energia global (<a href=\"https:\/\/drive.google.com\/file\/d\/1tM0fbRSe78Ql6_W5LuwEfHYn02DIwJMX\/view?usp=sharing\">Download<\/a>)<\/p>\n<p>Lista 3 &#8211; Circula\u00e7\u00f5es atmosf\u00e9ricas (<a href=\"https:\/\/drive.google.com\/file\/d\/1Vyy1vY85shoGMl4Z4CccP1o2p2GRSHmG\/view?usp=sharing\">Download<\/a>)<\/p>\n<p>Bibliografia recomendada:<\/p>\n<p><strong>Unidade 3 &#8211;<\/strong>\u00a0Ynoue, R. Y. et al, 2017. Circula\u00e7\u00e3o Geral da Atmosfera. In: <strong>Meorologia No\u00e7\u00f5es B\u00e1sicas. <\/strong>Ed. Oficina de Textos.<\/p>\n<p><strong>Unidade 4 &#8211; <\/strong>\u00a0Cavalcanti, I.F.A. et al.2009. Tempo e Clima. Ed. Oficina de Textos. <em>Deste livro os seguintes cap\u00edtulos: Parte 1: Sistemas Meteorol\u00f3gicos que afetam o tempo na Am\u00e9rica do Sul, UNIDADES: 2 &#8211; ZCIT; 3 &#8211; VCAN; 5 &#8211; LI; 6 &#8211; ZCAS; 9 &#8211; Frentes; 11 &#8211; JBN; 12 &#8211; CCM<\/em><\/p>\n<p>&nbsp;<\/p>\n<p><strong>Links interessantes:<\/strong><\/p>\n<p>Notas de aula da prof\u00aa Alice Grimm : <a href=\"http:\/\/fisica.ufpr.br\/grimm\/aposmeteo\/index.html\">http:\/\/fisica.ufpr.br\/grimm\/aposmeteo\/index.html<\/a><\/p>\n<p>Unidade 6: https:\/\/www.cpc.ncep.noaa.gov\/products\/precip\/CWlink\/MJO\/climwx.shtml<\/p>\n<p>&nbsp;<\/p>\n<p><strong>V\u00eddeos interessantes<\/strong><\/p>\n<p>&nbsp;<\/p>\n<p>Ciclo de Milankovitck (<a href=\"https:\/\/wp.ufpel.edu.br\/lucianapinto\/files\/2019\/08\/Ciclos-de-Milankovitch.wmv\">Ciclos de Milankovitch<\/a>)<\/p>\n<p>Aula da USP sobre Atmosfera Terrestre: <a href=\"http:\/\/eaulas.usp.br\/portal\/video.action;jsessionid=B7F46E2BCB841627BE3BC4B5BDC738EE?idItem=2216\">http:\/\/eaulas.usp.br\/portal\/video.action;jsessionid=B7F46E2BCB841627BE3BC4B5BDC738EE?idItem=2216<\/a><\/p>\n<p>Aula da USP sobre Balan\u00e7o de Radia\u00e7\u00e3o: <a href=\"http:\/\/eaulas.usp.br\/portal\/video.action?idItem=461\">http:\/\/eaulas.usp.br\/portal\/video.action?idItem=461<\/a><\/p>\n<p>Videos para Unidade 6:<\/p>\n<p>Oscila\u00e7\u00e3o Decadal do P\u00e1cifico: https:\/\/www.youtube.com\/watch?v=Sc3tOEcM0YE<\/p>\n<p>Oscila\u00e7\u00e3o Madden Julian: https:\/\/www.youtube.com\/watch?v=UsWHHE_jkGE<\/p>\n<p>ENOS: https:\/\/www.youtube.com\/watch?v=oF4naKtTo6o<\/p>\n","protected":false},"excerpt":{"rendered":"<p>Neste espa\u00e7o ser\u00e3o disponibilizados os materiais referentes aos alunos da Disciplina de Climatologia do 2\u00b0 semestre 2019. Ser\u00e3o tamb\u00e9m\u00a0disponibilizadas as notas das avalia\u00e7\u00f5es e avisos importantes. Hor\u00e1rio das aulas de Climatologia:\u00a0 Ter\u00e7a-feira: das 14:00 \u00e0s 15:40 Quinta-feira: das 14:00 \u00e0s 15:40 Plano de ensino: Plano de ensino Climatologia -2-2019 (Download) &nbsp; Apresenta\u00e7\u00f5es de aula: Unidade &hellip; <\/p>\n<p><a class=\"more-link btn\" href=\"https:\/\/wp.ufpel.edu.br\/lucianapinto\/disciplinas\/climatologia\/\">Continue lendo<\/a><\/p>\n","protected":false},"author":499,"featured_media":0,"parent":14,"menu_order":0,"comment_status":"closed","ping_status":"closed","template":"","meta":{"footnotes":""},"class_list":["post-150","page","type-page","status-publish","hentry","nodate","item-wrap"],"_links":{"self":[{"href":"https:\/\/wp.ufpel.edu.br\/lucianapinto\/wp-json\/wp\/v2\/pages\/150","targetHints":{"allow":["GET"]}}],"collection":[{"href":"https:\/\/wp.ufpel.edu.br\/lucianapinto\/wp-json\/wp\/v2\/pages"}],"about":[{"href":"https:\/\/wp.ufpel.edu.br\/lucianapinto\/wp-json\/wp\/v2\/types\/page"}],"author":[{"embeddable":true,"href":"https:\/\/wp.ufpel.edu.br\/lucianapinto\/wp-json\/wp\/v2\/users\/499"}],"replies":[{"embeddable":true,"href":"https:\/\/wp.ufpel.edu.br\/lucianapinto\/wp-json\/wp\/v2\/comments?post=150"}],"version-history":[{"count":46,"href":"https:\/\/wp.ufpel.edu.br\/lucianapinto\/wp-json\/wp\/v2\/pages\/150\/revisions"}],"predecessor-version":[{"id":242,"href":"https:\/\/wp.ufpel.edu.br\/lucianapinto\/wp-json\/wp\/v2\/pages\/150\/revisions\/242"}],"up":[{"embeddable":true,"href":"https:\/\/wp.ufpel.edu.br\/lucianapinto\/wp-json\/wp\/v2\/pages\/14"}],"wp:attachment":[{"href":"https:\/\/wp.ufpel.edu.br\/lucianapinto\/wp-json\/wp\/v2\/media?parent=150"}],"curies":[{"name":"wp","href":"https:\/\/api.w.org\/{rel}","templated":true}]}}