{"id":113,"date":"2017-12-06T13:41:02","date_gmt":"2017-12-06T15:41:02","guid":{"rendered":"https:\/\/wp.ufpel.edu.br\/lucianapinto\/?page_id=113"},"modified":"2019-12-05T14:18:07","modified_gmt":"2019-12-05T17:18:07","slug":"climatologia-fisica-ppgmet","status":"publish","type":"page","link":"https:\/\/wp.ufpel.edu.br\/lucianapinto\/disciplinas\/climatologia-fisica-ppgmet\/","title":{"rendered":"Climatologia F\u00edsica &#8211; PPGMET"},"content":{"rendered":"<p><strong>CONTE\u00daDO PROGRAM\u00c1TICO<\/strong><\/p>\n<p><strong>Cap\u00edtulo I &#8211;<\/strong> Sistema Clim\u00e1tico :\u00a0Componentes e Aspectos principais dos componentes do sistema Clim\u00e1tico<\/p>\n<p><strong>Cap\u00edtulo II \u2013<\/strong> Radia\u00e7\u00e3o solar e terrestre:\u00a0Radia\u00e7\u00e3o Solar, balan\u00e7o de Energia Global e sua import\u00e2ncia para o clima terrestre;\u00a0Leis da Radia\u00e7\u00e3o e sua utiliza\u00e7\u00e3o para Climatologia; Balan\u00e7o de energia em diferentes tipos de superf\u00edcie (oceanos, lagos, florestas); Efeito estufa natural e artificial; Taxa de aumento da temperatura da superf\u00edcie.<\/p>\n<p><strong>Cap\u00edtulo III \u2013<\/strong> Balan\u00e7o h\u00eddrico:\u00a0Ciclo da \u00e1gua e o clima; Ciclo hidrol\u00f3gico; Modifica\u00e7\u00f5es introduzidas pelo homem.<\/p>\n<p><strong>Cap\u00edtulo IV \u2013<\/strong> Circula\u00e7\u00e3o geral da atmosfera e Clima:\u00a0Movimentos atmosf\u00e9ricos e transporte de energia; padr\u00f5es de circula\u00e7\u00e3o de longa escala e clima.<\/p>\n<p><strong>Cap\u00edtulo V \u2013<\/strong> Circula\u00e7\u00e3o geral Oce\u00e2nica e Clima:\u00a0Principais propriedades da \u00e1gua (salinidade, temperatura da superf\u00edcie do mar); Circula\u00e7\u00f5es oce\u00e2nicas e circula\u00e7\u00f5es atmosf\u00e9ricas induzidas por circula\u00e7\u00f5es oce\u00e2nicas.<\/p>\n<p><strong>Cap\u00edtulo VI \u2013<\/strong> Mecanismos de Feedback:\u00a0Princ\u00edpio dos mecanismos de feedback; Feedback da cobertura de gelo; Feedback das nuvens; Feedbacks biogeoqu\u00edmicos; outros mecanismos de feedback.<\/p>\n<p><strong>Cap\u00edtulo VII \u2013<\/strong> Mudan\u00e7as Clim\u00e1ticas Naturais e Antropog\u00eanicas:\u00a0For\u00e7antes naturais das mudan\u00e7as clim\u00e1ticas; Par\u00e2metros orbitais das mudan\u00e7as clim\u00e1ticas (ciclos de Milankovitch); For\u00e7antes antropog\u00eanicas das mudan\u00e7as clim\u00e1ticas; Compara\u00e7\u00f5es entre temperaturas observadas e tend\u00eancias (modelagem clim\u00e1tica).<\/p>\n<p>&nbsp;<\/p>\n<p><strong>ATIVIDADES, DATAS E MATERIAL DE APOIO:<\/strong><\/p>\n<p><strong>Cap\u00edtulo 1.<\/strong> Discuss\u00e3o sobre artigos que relacionem aspectos gerais da climatologia<\/p>\n<p><strong>Data:<\/strong> 13\/09\/2019 as 14 horas &#8211; (sexta-feira)<\/p>\n<p>Artigos para an\u00e1lise:<\/p>\n<p>D\u00e1rio Santos: <a href=\"https:\/\/wp.ufpel.edu.br\/lucianapinto\/files\/2019\/09\/Firpo-et-al-2012-RBMET.pdf\">Firpo et al, 2012 RBMET<\/a><\/p>\n<p>Guilherme Borges:<a href=\"https:\/\/wp.ufpel.edu.br\/lucianapinto\/files\/2019\/09\/Coelho-et-al-2004-RBMET.pdf\">Coelho et al, 2004 RBMET<\/a><\/p>\n<p>Lucas Coelho: <a href=\"https:\/\/wp.ufpel.edu.br\/lucianapinto\/files\/2019\/09\/Guedes-e-Machado-2003-RBMET.pdf\">Guedes e Machado, 2003 RBMET<\/a><\/p>\n<p>&nbsp;<\/p>\n<p><strong>Cap\u00edtulo 2.<\/strong> Discuss\u00e3o de artigos sobre aplica\u00e7\u00f5es climatol\u00f3gicas de dados de radia\u00e7\u00e3o solar e terrestre.<\/p>\n<p><strong>Data:<\/strong> 25\/09\/2019<\/p>\n<p><strong>Cap\u00edtulo 3.<\/strong> Discuss\u00e3o de artigos que mostrem a import\u00e2ncia de m\u00e9todos, conceitos e aplica\u00e7\u00f5es do Balan\u00e7o H\u00eddrico da Climatologia<\/p>\n<p><strong>Data:<\/strong> 09\/10\/2019<\/p>\n<p>D\u00e1rio Santos: <a href=\"https:\/\/drive.google.com\/file\/d\/1fvLlALZiPGV7msZccpkcoiZqTPiQ5Men\/view?usp=sharing\">Waldheim et al, 2018<\/a><\/p>\n<p>Guilherme Borges: <a href=\"https:\/\/drive.google.com\/file\/d\/18KpAYUeX2upWzQoO9GoCBCeWbgxbdGSX\/view?usp=sharing\">Schmidt et al., 2018<\/a><\/p>\n<p>Lucas Coelho: <a href=\"https:\/\/drive.google.com\/file\/d\/1vGZe8p4-jsWE0CYwcYshp48ViTYsUa3J\/view?usp=sharing\">Cordeiro et al, 2018<\/a><\/p>\n<p>&nbsp;<\/p>\n<p><strong>Cap\u00edtulo 4.<\/strong> Discuss\u00e3o de artigos com base em modelos de circula\u00e7\u00e3o atmosf\u00e9rica.<\/p>\n<p><strong>Data:<\/strong> 23\/11\/2019<\/p>\n<p><strong>Cap\u00edtulo 5.<\/strong> Discuss\u00e3o de artigos que apresentem a intera\u00e7\u00e3o entre os oceanos e a atmosfera.<\/p>\n<p><strong>Data:<\/strong> 06\/11\/2019<\/p>\n<p>Artigo para an\u00e1lise: <a href=\"https:\/\/wp.ufpel.edu.br\/lucianapinto\/files\/2019\/09\/Pezzi-et-al-2015-RBMET.pdf\">Pezzi et al, 2015 RBMET<\/a><\/p>\n<p>&nbsp;<\/p>\n<p><strong>Cap\u00edtulo 6.<\/strong> Apresenta\u00e7\u00e3o dos mecanismos de feedback e discuss\u00e3o de artigos relacionados ao tema.<\/p>\n<p><strong>Data:<\/strong> 27\/11\/2019<\/p>\n<p>D\u00e1rio Santos: <a href=\"https:\/\/drive.google.com\/file\/d\/1yBLcah9Pt2uvTmXU95L82S2rPyREoqlT\/view?usp=sharing\">Dessler, 2010<\/a><\/p>\n<p>Guilherme Borges:<a href=\"https:\/\/drive.google.com\/file\/d\/1Tvciw3kqZK5aq4g-YYRMydFWlitRD_ZA\/view?usp=sharing\">Perovich et al, 2008<\/a><\/p>\n<p>Lucas Coelho: <a href=\"https:\/\/drive.google.com\/file\/d\/1iTLfXQs4KaI0FZ7KuiGYQqW4bohJ79Ck\/view?usp=sharing\">Bonan et al, 2008<\/a><\/p>\n<p><strong>Cap\u00edtulo 7.<\/strong> Resolu\u00e7\u00e3o da lista de exerc\u00edcios referentes ao cap\u00edtulo 7 com base no material da Unidade 7\u00a0 e no texto de apoio.<\/p>\n<p><strong>Data da entrega:<\/strong> 13\/12\/2019<\/p>\n<p>Unidade 7: <a href=\"https:\/\/drive.google.com\/file\/d\/14Si1oS7ve0w2oTK3IPcq8lHAECpOnJJP\/view?usp=sharing\">Download<\/a><\/p>\n<p>Texto: <a href=\"https:\/\/drive.google.com\/file\/d\/1sjX3X-BrwVu6aQvOsd_iV1pk0H_TwNy2\/view?usp=sharing\">Download<\/a><\/p>\n<p>Exerc\u00edcios: <a href=\"https:\/\/drive.google.com\/file\/d\/1ZFi4aS1GubvB7kRLCvCgaQg3jN4xKXiM\/view?usp=sharing\">Download<\/a> da lista<\/p>\n<p><strong>Livro de apoio:<\/strong><\/p>\n<p>Global Physical Climatology, Dennis L. Hartmann<\/p>\n","protected":false},"excerpt":{"rendered":"<p>CONTE\u00daDO PROGRAM\u00c1TICO Cap\u00edtulo I &#8211; Sistema Clim\u00e1tico :\u00a0Componentes e Aspectos principais dos componentes do sistema Clim\u00e1tico Cap\u00edtulo II \u2013 Radia\u00e7\u00e3o solar e terrestre:\u00a0Radia\u00e7\u00e3o Solar, balan\u00e7o de Energia Global e sua import\u00e2ncia para o clima terrestre;\u00a0Leis da Radia\u00e7\u00e3o e sua utiliza\u00e7\u00e3o para Climatologia; Balan\u00e7o de energia em diferentes tipos de superf\u00edcie (oceanos, lagos, florestas); Efeito estufa &hellip; <\/p>\n<p><a class=\"more-link btn\" href=\"https:\/\/wp.ufpel.edu.br\/lucianapinto\/disciplinas\/climatologia-fisica-ppgmet\/\">Continue lendo<\/a><\/p>\n","protected":false},"author":499,"featured_media":0,"parent":14,"menu_order":0,"comment_status":"closed","ping_status":"closed","template":"","meta":{"footnotes":""},"class_list":["post-113","page","type-page","status-publish","hentry","nodate","item-wrap"],"_links":{"self":[{"href":"https:\/\/wp.ufpel.edu.br\/lucianapinto\/wp-json\/wp\/v2\/pages\/113","targetHints":{"allow":["GET"]}}],"collection":[{"href":"https:\/\/wp.ufpel.edu.br\/lucianapinto\/wp-json\/wp\/v2\/pages"}],"about":[{"href":"https:\/\/wp.ufpel.edu.br\/lucianapinto\/wp-json\/wp\/v2\/types\/page"}],"author":[{"embeddable":true,"href":"https:\/\/wp.ufpel.edu.br\/lucianapinto\/wp-json\/wp\/v2\/users\/499"}],"replies":[{"embeddable":true,"href":"https:\/\/wp.ufpel.edu.br\/lucianapinto\/wp-json\/wp\/v2\/comments?post=113"}],"version-history":[{"count":19,"href":"https:\/\/wp.ufpel.edu.br\/lucianapinto\/wp-json\/wp\/v2\/pages\/113\/revisions"}],"predecessor-version":[{"id":249,"href":"https:\/\/wp.ufpel.edu.br\/lucianapinto\/wp-json\/wp\/v2\/pages\/113\/revisions\/249"}],"up":[{"embeddable":true,"href":"https:\/\/wp.ufpel.edu.br\/lucianapinto\/wp-json\/wp\/v2\/pages\/14"}],"wp:attachment":[{"href":"https:\/\/wp.ufpel.edu.br\/lucianapinto\/wp-json\/wp\/v2\/media?parent=113"}],"curies":[{"name":"wp","href":"https:\/\/api.w.org\/{rel}","templated":true}]}}