{"id":462,"date":"2023-01-25T08:48:20","date_gmt":"2023-01-25T11:48:20","guid":{"rendered":"https:\/\/wp.ufpel.edu.br\/lucianachimendes\/?page_id=462"},"modified":"2023-06-23T09:36:05","modified_gmt":"2023-06-23T12:36:05","slug":"atendimentos","status":"publish","type":"page","link":"https:\/\/wp.ufpel.edu.br\/lucianachimendes\/atendimentos\/","title":{"rendered":"Atendimentos e Monitorias"},"content":{"rendered":"<h2><span style=\"color: #000080;\">Atendimentos com a professora<\/span><\/h2>\n<p><span style=\"color: #000000;\"><span style=\"font-size: 14pt;\"><span style=\"color: #000000;\">\u00a0<\/span><\/span><\/span>Combine os atendimentos presenciais ou <em>on-line<\/em> sempre que precisar esclarecer alguma d\u00favida ou estudar alguma parte do conte\u00fado.<\/p>\n<h2><span style=\"color: #000080;\">Atendimentos com os monitores<\/span><\/h2>\n<p>Os monitores do projeto GAMA, atender\u00e3o no Campus Anglo, sala 317. Os hor\u00e1rios ser\u00e3o publicados em breve. Confirme com eles a possibilidade de atendimentos <em>on-line<\/em>, nos hor\u00e1rios dispon\u00edveis para monitoria.<\/p>\n<p>&nbsp;<\/p>\n<p>&nbsp;<\/p>\n<p>&nbsp;<\/p>\n","protected":false},"excerpt":{"rendered":"<p>Atendimentos com a professora \u00a0Combine os atendimentos presenciais ou on-line sempre que precisar esclarecer alguma d\u00favida ou estudar alguma parte do conte\u00fado. Atendimentos com os monitores Os monitores do projeto GAMA, atender\u00e3o no Campus Anglo, sala 317. Os hor\u00e1rios ser\u00e3o publicados em breve. Confirme com eles a possibilidade de atendimentos on-line, nos hor\u00e1rios dispon\u00edveis para [&hellip;]<\/p>\n","protected":false},"author":344,"featured_media":0,"parent":0,"menu_order":4,"comment_status":"closed","ping_status":"closed","template":"","meta":{"footnotes":""},"class_list":["post-462","page","type-page","status-publish","hentry"],"jetpack_sharing_enabled":true,"_links":{"self":[{"href":"https:\/\/wp.ufpel.edu.br\/lucianachimendes\/wp-json\/wp\/v2\/pages\/462","targetHints":{"allow":["GET"]}}],"collection":[{"href":"https:\/\/wp.ufpel.edu.br\/lucianachimendes\/wp-json\/wp\/v2\/pages"}],"about":[{"href":"https:\/\/wp.ufpel.edu.br\/lucianachimendes\/wp-json\/wp\/v2\/types\/page"}],"author":[{"embeddable":true,"href":"https:\/\/wp.ufpel.edu.br\/lucianachimendes\/wp-json\/wp\/v2\/users\/344"}],"replies":[{"embeddable":true,"href":"https:\/\/wp.ufpel.edu.br\/lucianachimendes\/wp-json\/wp\/v2\/comments?post=462"}],"version-history":[{"count":58,"href":"https:\/\/wp.ufpel.edu.br\/lucianachimendes\/wp-json\/wp\/v2\/pages\/462\/revisions"}],"predecessor-version":[{"id":1653,"href":"https:\/\/wp.ufpel.edu.br\/lucianachimendes\/wp-json\/wp\/v2\/pages\/462\/revisions\/1653"}],"wp:attachment":[{"href":"https:\/\/wp.ufpel.edu.br\/lucianachimendes\/wp-json\/wp\/v2\/media?parent=462"}],"curies":[{"name":"wp","href":"https:\/\/api.w.org\/{rel}","templated":true}]}}