{"id":44,"date":"2014-10-16T21:34:41","date_gmt":"2014-10-17T00:34:41","guid":{"rendered":"https:\/\/wp.ufpel.edu.br\/lucianachimendes\/?page_id=44"},"modified":"2020-02-27T20:38:58","modified_gmt":"2020-02-27T23:38:58","slug":"contatos","status":"publish","type":"page","link":"https:\/\/wp.ufpel.edu.br\/lucianachimendes\/contatos\/","title":{"rendered":"Contatos"},"content":{"rendered":"<h2><span style=\"color: #0000ff;font-family: 'times new roman', times;font-size: 18pt\">Contato<\/span><\/h2>\n<p><span style=\"font-family: 'comic sans ms', sans-serif;font-size: 12pt\">Profa. Dra.<span style=\"background-color: #ffffff\">\u00a0Luciana Chimende<\/span>s<\/span><\/p>\n<p><span style=\"font-family: 'comic sans ms', sans-serif;font-size: 12pt\">Instituto de F\u00edsica e Matem\u00e1tica<\/span><\/p>\n<p><span style=\"font-family: 'comic sans ms', sans-serif;font-size: 12pt\">Departamento de Matem\u00e1tica e Estat\u00edstica<\/span><\/p>\n<p><span style=\"font-family: 'comic sans ms', sans-serif;font-size: 12pt\">Campus Universit\u00e1rio &#8211; Cap\u00e3o do Le\u00e3o<\/span><\/p>\n<p><span style=\"font-family: 'comic sans ms', sans-serif;font-size: 12pt\">Sala 309 A &#8211; Pr\u00e9dio 5 &#8211; Telefone: (53) 3275 7438<\/span><\/p>\n<p><span style=\"font-family: 'comic sans ms', sans-serif;font-size: 12pt\">email: luciana.chimendes@ufpel.edu.br<\/span><\/p>\n<p><span style=\"font-family: 'comic sans ms', sans-serif;font-size: 12pt\">\u00a0 \u00a0 \u00a0 \u00a0 \u00a0 lchimendes@gmail.com<\/span><\/p>\n<p>&nbsp;<\/p>\n<h2><\/h2>\n<p>&nbsp;<\/p>\n<p>&nbsp;<\/p>\n","protected":false},"excerpt":{"rendered":"<p>Contato Profa. Dra.\u00a0Luciana Chimendes Instituto de F\u00edsica e Matem\u00e1tica Departamento de Matem\u00e1tica e Estat\u00edstica Campus Universit\u00e1rio &#8211; Cap\u00e3o do Le\u00e3o Sala 309 A &#8211; Pr\u00e9dio 5 &#8211; Telefone: (53) 3275 7438 email: luciana.chimendes@ufpel.edu.br \u00a0 \u00a0 \u00a0 \u00a0 \u00a0 lchimendes@gmail.com &nbsp; &nbsp; &nbsp;<\/p>\n","protected":false},"author":344,"featured_media":0,"parent":0,"menu_order":5,"comment_status":"closed","ping_status":"closed","template":"page-sem-sidebar.php","meta":{"footnotes":""},"class_list":["post-44","page","type-page","status-publish","hentry"],"jetpack_sharing_enabled":true,"_links":{"self":[{"href":"https:\/\/wp.ufpel.edu.br\/lucianachimendes\/wp-json\/wp\/v2\/pages\/44","targetHints":{"allow":["GET"]}}],"collection":[{"href":"https:\/\/wp.ufpel.edu.br\/lucianachimendes\/wp-json\/wp\/v2\/pages"}],"about":[{"href":"https:\/\/wp.ufpel.edu.br\/lucianachimendes\/wp-json\/wp\/v2\/types\/page"}],"author":[{"embeddable":true,"href":"https:\/\/wp.ufpel.edu.br\/lucianachimendes\/wp-json\/wp\/v2\/users\/344"}],"replies":[{"embeddable":true,"href":"https:\/\/wp.ufpel.edu.br\/lucianachimendes\/wp-json\/wp\/v2\/comments?post=44"}],"version-history":[{"count":24,"href":"https:\/\/wp.ufpel.edu.br\/lucianachimendes\/wp-json\/wp\/v2\/pages\/44\/revisions"}],"predecessor-version":[{"id":1522,"href":"https:\/\/wp.ufpel.edu.br\/lucianachimendes\/wp-json\/wp\/v2\/pages\/44\/revisions\/1522"}],"wp:attachment":[{"href":"https:\/\/wp.ufpel.edu.br\/lucianachimendes\/wp-json\/wp\/v2\/media?parent=44"}],"curies":[{"name":"wp","href":"https:\/\/api.w.org\/{rel}","templated":true}]}}