{"id":1747,"date":"2024-05-01T18:32:49","date_gmt":"2024-05-01T21:32:49","guid":{"rendered":"https:\/\/wp.ufpel.edu.br\/lucianachimendes\/?page_id=1747"},"modified":"2024-05-01T18:40:59","modified_gmt":"2024-05-01T21:40:59","slug":"1747-2","status":"publish","type":"page","link":"https:\/\/wp.ufpel.edu.br\/lucianachimendes\/1747-2\/","title":{"rendered":"Mat. Elementar: Fun\u00e7\u00f5es"},"content":{"rendered":"<h3><a href=\"https:\/\/wp.ufpel.edu.br\/lucianachimendes\/files\/2024\/05\/apresentacao_site_funcoes.png\"><img class=\"aligncenter size-full wp-image-1749\" src=\"https:\/\/wp.ufpel.edu.br\/lucianachimendes\/files\/2024\/05\/apresentacao_site_funcoes.png\" alt=\"\" width=\"911\" height=\"491\" srcset=\"https:\/\/wp.ufpel.edu.br\/lucianachimendes\/files\/2024\/05\/apresentacao_site_funcoes.png 911w, https:\/\/wp.ufpel.edu.br\/lucianachimendes\/files\/2024\/05\/apresentacao_site_funcoes-400x216.png 400w, https:\/\/wp.ufpel.edu.br\/lucianachimendes\/files\/2024\/05\/apresentacao_site_funcoes-768x414.png 768w\" sizes=\"(max-width: 911px) 100vw, 911px\" \/><\/a><\/h3>\n<h3><span style=\"color: #000080;\">1. Hor\u00e1rio e local das aulas<\/span><\/h3>\n<p>Segundas e quartas-feiras: 16h &#8211; Sala 110 &#8211; Pr\u00e9dio 16 &#8211; Cap\u00e3o do Le\u00e3o.<\/p>\n<h3><span style=\"color: #000080;\">2. Como se organizar para estudar\u00a0\u00a0<\/span><\/h3>\n<p>Organizar hor\u00e1rios e adotar estrat\u00e9gias de estudo, s\u00e3o essenciais para que a realiza\u00e7\u00e3o das atividades n\u00e3o se acumule e o estudante consiga acompanhar o desenvolvimento da disciplina. Assim, nas orienta\u00e7\u00f5es a seguir, voc\u00ea poder\u00e1 conhecer o que \u00e9 a aprendizagem ativa e como potencializar seu estudo.<\/p>\n<p style=\"text-align: center;\"><a href=\"https:\/\/wp.ufpel.edu.br\/lucianachimendes\/files\/2024\/05\/APRENDIZAGEM_ATIVA_APRES.pdf\">APRENDIZAGEM ATIVA<\/a><\/p>\n<h3><span style=\"color: #000080;\">3. Cronograma das atividades\u00a0<\/span><\/h3>\n<p>Acompanhe quais os t\u00f3picos que ser\u00e3o estudados a cada semana:<\/p>\n<p style=\"text-align: center;\">CRONOGRAMA ATIVIDADES FUN\u00c7\u00d5ES<\/p>\n<h3><span style=\"color: #000080;\">4. Plano de ensino\u00a0<\/span><\/h3>\n<p>Todas as informa\u00e7\u00f5es sobre o desenvolvimento da disciplina est\u00e3o contidos no plano de ensino:<\/p>\n<p style=\"text-align: center;\">PLANO ENSINO DE MAT. ELEMENTAR: FUN\u00c7\u00d5ES<\/p>\n<h3><span style=\"color: #000080;\">5. Materiais de estudo\u00a0<\/span><\/h3>\n<p>Acesse os materiais de estudo na plataforma e-AULA:<\/p>\n<p style=\"text-align: center;\"><a href=\"https:\/\/e-aula.ufpel.edu.br\/\">https:\/\/e-aula.ufpel.edu.br\/<\/a><\/p>\n<h2><span style=\"color: #000080;\"><span style=\"font-size: 14pt; color: #000000;\">\u00a0 \u00a0 \u00a0 \u00a0 \u00a0 \u00a0 \u00a0 \u00a0 \u00a0 \u00a0 <\/span><\/span><span style=\"color: #000080;\"><span style=\"font-size: 14pt; color: #000000;\">\u00a0 \u00a0 \u00a0 \u00a0 \u00a0 \u00a0 \u00a0 \u00a0 \u00a0 \u00a0 \u00a0 \u00a0 \u00a0 \u00a0 \u00a0 \u00a0 \u00a0 \u00a0 \u00a0 \u00a0 \u00a0 \u00a0 \u00a0 \u00a0 \u00a0 \u00a0 \u00a0 \u00a0 \u00a0 \u00a0 \u00a0 \u00a0 \u00a0 \u00a0 \u00a0 \u00a0 \u00a0 \u00a0 \u00a0 \u00a0 \u00a0 \u00a0 Bom estudo!<\/span><\/span><\/h2>\n","protected":false},"excerpt":{"rendered":"<p>1. Hor\u00e1rio e local das aulas Segundas e quartas-feiras: 16h &#8211; Sala 110 &#8211; Pr\u00e9dio 16 &#8211; Cap\u00e3o do Le\u00e3o. 2. Como se organizar para estudar\u00a0\u00a0 Organizar hor\u00e1rios e adotar estrat\u00e9gias de estudo, s\u00e3o essenciais para que a realiza\u00e7\u00e3o das atividades n\u00e3o se acumule e o estudante consiga acompanhar o desenvolvimento da disciplina. Assim, nas [&hellip;]<\/p>\n","protected":false},"author":344,"featured_media":0,"parent":0,"menu_order":0,"comment_status":"closed","ping_status":"closed","template":"","meta":{"footnotes":""},"class_list":["post-1747","page","type-page","status-publish","hentry"],"jetpack_sharing_enabled":true,"_links":{"self":[{"href":"https:\/\/wp.ufpel.edu.br\/lucianachimendes\/wp-json\/wp\/v2\/pages\/1747","targetHints":{"allow":["GET"]}}],"collection":[{"href":"https:\/\/wp.ufpel.edu.br\/lucianachimendes\/wp-json\/wp\/v2\/pages"}],"about":[{"href":"https:\/\/wp.ufpel.edu.br\/lucianachimendes\/wp-json\/wp\/v2\/types\/page"}],"author":[{"embeddable":true,"href":"https:\/\/wp.ufpel.edu.br\/lucianachimendes\/wp-json\/wp\/v2\/users\/344"}],"replies":[{"embeddable":true,"href":"https:\/\/wp.ufpel.edu.br\/lucianachimendes\/wp-json\/wp\/v2\/comments?post=1747"}],"version-history":[{"count":3,"href":"https:\/\/wp.ufpel.edu.br\/lucianachimendes\/wp-json\/wp\/v2\/pages\/1747\/revisions"}],"predecessor-version":[{"id":1752,"href":"https:\/\/wp.ufpel.edu.br\/lucianachimendes\/wp-json\/wp\/v2\/pages\/1747\/revisions\/1752"}],"wp:attachment":[{"href":"https:\/\/wp.ufpel.edu.br\/lucianachimendes\/wp-json\/wp\/v2\/media?parent=1747"}],"curies":[{"name":"wp","href":"https:\/\/api.w.org\/{rel}","templated":true}]}}