{"id":1646,"date":"2023-06-23T09:33:28","date_gmt":"2023-06-23T12:33:28","guid":{"rendered":"https:\/\/wp.ufpel.edu.br\/lucianachimendes\/?page_id=1646"},"modified":"2024-05-01T17:19:51","modified_gmt":"2024-05-01T20:19:51","slug":"matematica-elementar-funcoes-transcendentais","status":"publish","type":"page","link":"https:\/\/wp.ufpel.edu.br\/lucianachimendes\/matematica-elementar-funcoes-transcendentais\/","title":{"rendered":"Mat. Elementar: Fun\u00e7\u00f5es Transcendentais"},"content":{"rendered":"<p><a href=\"https:\/\/wp.ufpel.edu.br\/lucianachimendes\/files\/2023\/06\/CAPA_CURSO.png\"><img class=\"aligncenter size-full wp-image-1648\" src=\"https:\/\/wp.ufpel.edu.br\/lucianachimendes\/files\/2023\/06\/CAPA_CURSO.png\" alt=\"\" width=\"917\" height=\"309\" srcset=\"https:\/\/wp.ufpel.edu.br\/lucianachimendes\/files\/2023\/06\/CAPA_CURSO.png 917w, https:\/\/wp.ufpel.edu.br\/lucianachimendes\/files\/2023\/06\/CAPA_CURSO-400x135.png 400w, https:\/\/wp.ufpel.edu.br\/lucianachimendes\/files\/2023\/06\/CAPA_CURSO-768x259.png 768w\" sizes=\"(max-width: 917px) 100vw, 917px\" \/><\/a><\/p>\n<p dir=\"ltr\" style=\"text-align: center;\">\u00a0Ol\u00e1, pessoal!<\/p>\n<p style=\"text-align: center;\">Bem vindos a UFPEL, ao Curso de Matem\u00e1tica e a disciplina de<\/p>\n<p style=\"text-align: center;\">Fun\u00e7\u00f5es Transcendentais!<\/p>\n<p style=\"text-align: center;\">Na primeira aula combinamos como ser\u00e1 o desenvolvimento da nossa disciplina nesse semestre. Estas informa\u00e7\u00f5es sobre hor\u00e1rios, atendimentos, cronograma e avalia\u00e7\u00f5es ficar\u00e3o dispon\u00edveis tamb\u00e9m aqui, para consultarem sempre que precisarem. Os materiais de estudo ser\u00e3o disponibilizados no e-Aula.<\/p>\n<p style=\"text-align: center;\">Bom semestre a todos!<\/p>\n<p>\u00a0 \u00a0 \u00a0 \u00a0 \u00a0 \u00a0 \u00a0 \u00a0 \u00a0 \u00a0 \u00a0 \u00a0 \u00a0 \u00a0 \u00a0 \u00a0 \u00a0 \u00a0 \u00a0 \u00a0 \u00a0 \u00a0 \u00a0 \u00a0 \u00a0 \u00a0 \u00a0 \u00a0 \u00a0 \u00a0 \u00a0 \u00a0 \u00a0 \u00a0 \u00a0 \u00a0 \u00a0 \u00a0 \u00a0 \u00a0 \u00a0 \u00a0 \u00a0 \u00a0 \u00a0 \u00a0 \u00a0 \u00a0 \u00a0 \u00a0 \u00a0 \u00a0 \u00a0 \u00a0 \u00a0 \u00a0 \u00a0 \u00a0 \u00a0 \u00a0 \u00a0 \u00a0 \u00a0 \u00a0 \u00a0 \u00a0 Profa. Luciana Chimendes<\/p>\n<h4><strong>1. Hor\u00e1rio e local das aulas<\/strong><\/h4>\n<p><strong>\u00a0 \u00a0 \u00a0Turma T1<\/strong>: Quartas-feiras &#8211; 19h \u00e0s 22h \u00a0&#8211; Sala 254.- Campus Anglo<\/p>\n<p><strong>\u00a0 \u00a0 \u00a0Turma T2<\/strong>: Sextas-feiras\u00a0 &#8211; 19h \u00e0s 22h \u00a0&#8211; Sala 254.- Campus Anglo<\/p>\n<p><strong>\u00a0 \u00a0 \u00a0Turma T3<\/strong>: Segundas e Quartas-feiras &#8211; 16h \u00e0s 17h30min\u00a0 &#8211; Sala 102.- Aul\u00e1rio 2 &#8211; Campus Cap\u00e3o do Le\u00e3o<\/p>\n<p><strong>2. Plano de Ensino<\/strong><\/p>\n<p><strong>\u00a0 \u00a0 \u00a0 \u00a0 \u00a0 \u00a0 \u00a0<\/strong> Acesse as informa\u00e7\u00f5es sobre a disciplina: <a href=\"https:\/\/wp.ufpel.edu.br\/lucianachimendes\/files\/2023\/06\/plano_ensino_2023_1_11100076_T1.pdf\">plano_ensino_2023_1_11100076_T1<\/a><\/p>\n<h4><strong>3. Cronograma das atividades<\/strong><\/h4>\n<p><strong>\u00a0 \u00a0 \u00a0 \u00a0 \u00a0 \u00a0 \u00a0<\/strong> \u00a0Confira os t\u00f3picos que ser\u00e3o trabalhados em cada semana e a data das respectivas avalia\u00e7\u00f5es: <a href=\"https:\/\/wp.ufpel.edu.br\/lucianachimendes\/files\/2023\/06\/CRONOGRAMA_FUNCOES_TRANSCENDENTAIS_2023_2_T3.pdf\">CRONOGRAMA_FUN\u00c7\u00d5ES_TRANSCENDENTAIS_2023_2_T3<\/a><\/p>\n<p dir=\"ltr\"><strong>4. Bibliografia<\/strong><\/p>\n<p dir=\"ltr\">\u00a0 <a href=\"https:\/\/wp.ufpel.edu.br\/lucianachimendes\/files\/2023\/06\/LIVRO_CICERO.png\"><img class=\"aligncenter size-full wp-image-1664\" src=\"https:\/\/wp.ufpel.edu.br\/lucianachimendes\/files\/2023\/06\/LIVRO_CICERO.png\" alt=\"\" width=\"255\" height=\"350\" \/><\/a><\/p>\n<p dir=\"ltr\">\u00a0 \u00a0 \u00a0 \u00a0 \u00a0 \u00a0 \u00a0 A vers\u00e3o online est\u00e1 dispon\u00edvel no sistema Pergamum, da Biblioteca da UFPEL:<\/p>\n<p dir=\"ltr\" style=\"text-align: center;\"><a href=\"https:\/\/pergamum.ufpel.edu.br\/pergamum\/biblioteca\/\">https:\/\/pergamum.ufpel.edu.br\/pergamum\/biblioteca\/<\/a><\/p>\n<p dir=\"ltr\">\u00a0 \u00a0 \u00a0 \u00a0H\u00e1 tamb\u00e9m videoaulas de cada conte\u00fado, que est\u00e3o disponibilizadas na seguinte playlist do YouTube:<\/p>\n<p dir=\"ltr\" style=\"text-align: center;\"><a href=\"https:\/\/www.youtube.com\/playlist?list=PL_tB6KL3d3eNylTNPff7uvFFskzeAPW-4\">https:\/\/www.youtube.com\/playlist?list=PL_tB6KL3d3eNylTNPff7uvFFskzeAPW-4<\/a><\/p>\n<h4><strong>5. Avalia\u00e7\u00f5es<\/strong><\/h4>\n<p>Ser\u00e3o realizadas <strong>avalia\u00e7\u00f5es semanais,\u00a0<\/strong>consistindo de uma prova no valor de 10,0 pontos.\u00a0\u00a0 \u00a0 \u00a0 \u00a0 Duas dessas\u00a0\u00a0<strong>avalia\u00e7\u00f5es<\/strong>\u00a0ser\u00e3o\u00a0<strong>presenciais (AP1 e AP2)<\/strong> e as demais avalia\u00e7\u00f5es semanais ser\u00e3o on-line, realizadas no ambiente de aprendizagem e-AULA. As avalia\u00e7\u00f5es on-line realizadas antes da primeira avalia\u00e7\u00e3o presencial formar\u00e3o, calculando-se a m\u00e9dia aritm\u00e9tica delas, a nota de uma avalia\u00e7\u00e3o (AO1). As avalia\u00e7\u00f5es on-line realizadas depois, de forma an\u00e1loga, ser\u00e3o consideradas como nota de mais uma avalia\u00e7\u00e3o (AO2). A m\u00e9dia aritm\u00e9tica dessas quatro avalia\u00e7\u00f5es constituir\u00e1 a Nota Final (NF).<\/p>\n<p style=\"text-align: right;\">Bom semestre!<\/p>\n","protected":false},"excerpt":{"rendered":"<p>\u00a0Ol\u00e1, pessoal! Bem vindos a UFPEL, ao Curso de Matem\u00e1tica e a disciplina de Fun\u00e7\u00f5es Transcendentais! Na primeira aula combinamos como ser\u00e1 o desenvolvimento da nossa disciplina nesse semestre. Estas informa\u00e7\u00f5es sobre hor\u00e1rios, atendimentos, cronograma e avalia\u00e7\u00f5es ficar\u00e3o dispon\u00edveis tamb\u00e9m aqui, para consultarem sempre que precisarem. Os materiais de estudo ser\u00e3o disponibilizados no e-Aula. Bom [&hellip;]<\/p>\n","protected":false},"author":344,"featured_media":0,"parent":0,"menu_order":0,"comment_status":"closed","ping_status":"closed","template":"","meta":{"footnotes":""},"class_list":["post-1646","page","type-page","status-publish","hentry"],"jetpack_sharing_enabled":true,"_links":{"self":[{"href":"https:\/\/wp.ufpel.edu.br\/lucianachimendes\/wp-json\/wp\/v2\/pages\/1646","targetHints":{"allow":["GET"]}}],"collection":[{"href":"https:\/\/wp.ufpel.edu.br\/lucianachimendes\/wp-json\/wp\/v2\/pages"}],"about":[{"href":"https:\/\/wp.ufpel.edu.br\/lucianachimendes\/wp-json\/wp\/v2\/types\/page"}],"author":[{"embeddable":true,"href":"https:\/\/wp.ufpel.edu.br\/lucianachimendes\/wp-json\/wp\/v2\/users\/344"}],"replies":[{"embeddable":true,"href":"https:\/\/wp.ufpel.edu.br\/lucianachimendes\/wp-json\/wp\/v2\/comments?post=1646"}],"version-history":[{"count":9,"href":"https:\/\/wp.ufpel.edu.br\/lucianachimendes\/wp-json\/wp\/v2\/pages\/1646\/revisions"}],"predecessor-version":[{"id":1709,"href":"https:\/\/wp.ufpel.edu.br\/lucianachimendes\/wp-json\/wp\/v2\/pages\/1646\/revisions\/1709"}],"wp:attachment":[{"href":"https:\/\/wp.ufpel.edu.br\/lucianachimendes\/wp-json\/wp\/v2\/media?parent=1646"}],"curies":[{"name":"wp","href":"https:\/\/api.w.org\/{rel}","templated":true}]}}