{"id":1315,"date":"2023-01-25T12:00:15","date_gmt":"2023-01-25T15:00:15","guid":{"rendered":"https:\/\/wp.ufpel.edu.br\/lucianachimendes\/?page_id=1315"},"modified":"2024-05-01T17:35:52","modified_gmt":"2024-05-01T20:35:52","slug":"calculo-3","status":"publish","type":"page","link":"https:\/\/wp.ufpel.edu.br\/lucianachimendes\/calculo-3\/","title":{"rendered":"C\u00e1lculo 3"},"content":{"rendered":"<h3><\/h3>\n<h3><span style=\"color: #000080;\">Orienta\u00e7\u00f5es sobre a disciplina\u00a0<\/span><\/h3>\n<h3><a style=\"text-align: center;\" href=\"https:\/\/wp.ufpel.edu.br\/lucianachimendes\/files\/2023\/01\/calculo3.png\"><img class=\" wp-image-1584 aligncenter\" src=\"https:\/\/wp.ufpel.edu.br\/lucianachimendes\/files\/2023\/01\/calculo3-400x180.png\" alt=\"\" width=\"511\" height=\"230\" srcset=\"https:\/\/wp.ufpel.edu.br\/lucianachimendes\/files\/2023\/01\/calculo3-400x180.png 400w, https:\/\/wp.ufpel.edu.br\/lucianachimendes\/files\/2023\/01\/calculo3-768x346.png 768w, https:\/\/wp.ufpel.edu.br\/lucianachimendes\/files\/2023\/01\/calculo3.png 897w\" sizes=\"(max-width: 511px) 100vw, 511px\" \/><\/a><\/h3>\n<h3><span style=\"color: #000080;\">1. Hor\u00e1rio e local das aulas<\/span><\/h3>\n<p>Segundas, quartas e sextas-feiras: 10h &#8211; Sala 249 &#8211; Anglo.<\/p>\n<h3><span style=\"color: #000080;\">2. Como se organizar para estudar\u00a0\u00a0<\/span><\/h3>\n<p>A organiza\u00e7\u00e3o dos seus hor\u00e1rios de estudo ser\u00e1 essencial para que a realiza\u00e7\u00e3o das atividades n\u00e3o se acumule e consigas acompanhar o desenvolvimento da disciplina. Assim, assista o v\u00eddeo com as orienta\u00e7\u00f5es de como voc\u00ea pode se organizar para estudar nessa proposta, que \u00e9 a\u00a0 Sala de Aula Invertida e fa\u00e7a seu planejamento.<\/p>\n<p style=\"text-align: center;\"><a href=\"https:\/\/youtu.be\/wfkzCi3gc5w\">https:\/\/youtu.be\/wfkzCi3gc5w<\/a><\/p>\n<h3><span style=\"color: #000080;\">3. Cronograma das atividades\u00a0<\/span><\/h3>\n<p>Acompanhe quais os t\u00f3picos que ser\u00e3o estudados a cada semana:<\/p>\n<p style=\"text-align: center;\"><a href=\"https:\/\/wp.ufpel.edu.br\/lucianachimendes\/files\/2023\/02\/CRONOGRAMA_CALCULO3_2023_1_AJUSTES_2.pdf\">CRONOGRAMA ATIVIDADES C\u00c1LCULO 3<\/a><\/p>\n<h3><span style=\"color: #000080;\">4. Plano de ensino\u00a0<\/span><\/h3>\n<p>Todas as informa\u00e7\u00f5es sobre o desenvolvimento da disciplina est\u00e3o contidos no plano de ensino:<\/p>\n<p style=\"text-align: center;\"><a href=\"https:\/\/wp.ufpel.edu.br\/lucianachimendes\/files\/2023\/02\/PLANO_CALCULO3_T1.pdf\">PLANO ENSINO DE C\u00c1LCULO 3<\/a><\/p>\n<h3><span style=\"color: #000080;\">5. Materiais de estudo\u00a0<\/span><\/h3>\n<p>Acesse os materiais de estudo na plataforma e-AULA:<\/p>\n<p style=\"text-align: center;\"><a href=\"https:\/\/e-aula.ufpel.edu.br\/\">https:\/\/e-aula.ufpel.edu.br\/<\/a><\/p>\n<h2><span style=\"color: #000080;\"><span style=\"font-size: 14pt; color: #000000;\">\u00a0 \u00a0 \u00a0 \u00a0 \u00a0 \u00a0 \u00a0 \u00a0 \u00a0 \u00a0 <\/span><\/span><span style=\"color: #000080;\"><span style=\"font-size: 14pt; color: #000000;\">\u00a0 \u00a0 \u00a0 \u00a0 \u00a0 \u00a0 \u00a0 \u00a0 \u00a0 \u00a0 \u00a0 \u00a0 \u00a0 \u00a0 \u00a0 \u00a0 \u00a0 \u00a0 \u00a0 \u00a0 \u00a0 \u00a0 \u00a0 \u00a0 \u00a0 \u00a0 \u00a0 \u00a0 \u00a0 \u00a0 \u00a0 \u00a0 \u00a0 \u00a0 \u00a0 \u00a0 \u00a0 \u00a0 \u00a0 \u00a0 \u00a0 \u00a0 Bom estudo!<\/span><\/span><\/h2>\n<p>&nbsp;<\/p>\n","protected":false},"excerpt":{"rendered":"<p>Orienta\u00e7\u00f5es sobre a disciplina\u00a0 1. Hor\u00e1rio e local das aulas Segundas, quartas e sextas-feiras: 10h &#8211; Sala 249 &#8211; Anglo. 2. Como se organizar para estudar\u00a0\u00a0 A organiza\u00e7\u00e3o dos seus hor\u00e1rios de estudo ser\u00e1 essencial para que a realiza\u00e7\u00e3o das atividades n\u00e3o se acumule e consigas acompanhar o desenvolvimento da disciplina. Assim, assista o v\u00eddeo [&hellip;]<\/p>\n","protected":false},"author":344,"featured_media":0,"parent":0,"menu_order":2,"comment_status":"closed","ping_status":"closed","template":"","meta":{"footnotes":""},"class_list":["post-1315","page","type-page","status-publish","hentry"],"jetpack_sharing_enabled":true,"_links":{"self":[{"href":"https:\/\/wp.ufpel.edu.br\/lucianachimendes\/wp-json\/wp\/v2\/pages\/1315","targetHints":{"allow":["GET"]}}],"collection":[{"href":"https:\/\/wp.ufpel.edu.br\/lucianachimendes\/wp-json\/wp\/v2\/pages"}],"about":[{"href":"https:\/\/wp.ufpel.edu.br\/lucianachimendes\/wp-json\/wp\/v2\/types\/page"}],"author":[{"embeddable":true,"href":"https:\/\/wp.ufpel.edu.br\/lucianachimendes\/wp-json\/wp\/v2\/users\/344"}],"replies":[{"embeddable":true,"href":"https:\/\/wp.ufpel.edu.br\/lucianachimendes\/wp-json\/wp\/v2\/comments?post=1315"}],"version-history":[{"count":56,"href":"https:\/\/wp.ufpel.edu.br\/lucianachimendes\/wp-json\/wp\/v2\/pages\/1315\/revisions"}],"predecessor-version":[{"id":1631,"href":"https:\/\/wp.ufpel.edu.br\/lucianachimendes\/wp-json\/wp\/v2\/pages\/1315\/revisions\/1631"}],"wp:attachment":[{"href":"https:\/\/wp.ufpel.edu.br\/lucianachimendes\/wp-json\/wp\/v2\/media?parent=1315"}],"curies":[{"name":"wp","href":"https:\/\/api.w.org\/{rel}","templated":true}]}}