{"id":121,"date":"2014-10-17T09:49:43","date_gmt":"2014-10-17T12:49:43","guid":{"rendered":"https:\/\/wp.ufpel.edu.br\/lucianachimendes\/?page_id=121"},"modified":"2022-05-04T09:20:09","modified_gmt":"2022-05-04T12:20:09","slug":"publicacoes","status":"publish","type":"page","link":"https:\/\/wp.ufpel.edu.br\/lucianachimendes\/publicacoes\/","title":{"rendered":"Publica\u00e7\u00f5es"},"content":{"rendered":"<ul>\n<li><strong>Impactos na trajet\u00f3ria acad\u00eamica do graduando causados pelo insucesso nas disciplinas de c\u00e1lculo<\/strong>. C\u00edcero Nachtigall, Henrique David Campelo, Luciana Chimendes, Pierre Teixeira da Silva, Rejane Pergher. Educa\u00e7\u00e3o Contempor\u00e2nea, vol. 16 &#8211; Matem\u00e1tica, Belo Horizonte, Poisson, 2021. DOI: 10.36229\/978-65-5866-058-3.CAP.14 <span style=\"color: #0000ff;\"><a style=\"color: #0000ff;\" href=\"https:\/\/wp.ufpel.edu.br\/lucianachimendes\/files\/2022\/05\/Educacao_Contemporanea_vol16.pdf\">PDF<\/a><\/span><\/li>\n<li><strong>Monitorias nos cursos iniciais de C\u00e1lculo: um olhar sobre os resultados a partir de dados estat\u00edsticos<\/strong>. L. Chimendes, A. Molter, C. P. Costa, C. Nachtigall, R. Pergher. VI Congresso Internacional de Ensino de Matem\u00e1tica, 16 a 18 de outubro de 2013, ULBRA, Canoas, RS.\u00a0<span style=\"text-decoration: underline;\"><span style=\"color: #0000ff;\"><a href=\"https:\/\/wp.ufpel.edu.br\/lucianachimendes\/files\/2014\/10\/VI_CIEM_2013.pdf\" target=\"_blank\" rel=\"noopener\"><span style=\"color: #0000ff; text-decoration: underline;\">PDF<\/span><\/a><\/span><\/span><\/li>\n<\/ul>\n","protected":false},"excerpt":{"rendered":"<p>Impactos na trajet\u00f3ria acad\u00eamica do graduando causados pelo insucesso nas disciplinas de c\u00e1lculo. C\u00edcero Nachtigall, Henrique David Campelo, Luciana Chimendes, Pierre Teixeira da Silva, Rejane Pergher. Educa\u00e7\u00e3o Contempor\u00e2nea, vol. 16 &#8211; Matem\u00e1tica, Belo Horizonte, Poisson, 2021. DOI: 10.36229\/978-65-5866-058-3.CAP.14 PDF Monitorias nos cursos iniciais de C\u00e1lculo: um olhar sobre os resultados a partir de dados estat\u00edsticos. [&hellip;]<\/p>\n","protected":false},"author":344,"featured_media":0,"parent":0,"menu_order":7,"comment_status":"closed","ping_status":"closed","template":"page-sem-sidebar.php","meta":{"footnotes":""},"class_list":["post-121","page","type-page","status-publish","hentry"],"jetpack_sharing_enabled":true,"_links":{"self":[{"href":"https:\/\/wp.ufpel.edu.br\/lucianachimendes\/wp-json\/wp\/v2\/pages\/121","targetHints":{"allow":["GET"]}}],"collection":[{"href":"https:\/\/wp.ufpel.edu.br\/lucianachimendes\/wp-json\/wp\/v2\/pages"}],"about":[{"href":"https:\/\/wp.ufpel.edu.br\/lucianachimendes\/wp-json\/wp\/v2\/types\/page"}],"author":[{"embeddable":true,"href":"https:\/\/wp.ufpel.edu.br\/lucianachimendes\/wp-json\/wp\/v2\/users\/344"}],"replies":[{"embeddable":true,"href":"https:\/\/wp.ufpel.edu.br\/lucianachimendes\/wp-json\/wp\/v2\/comments?post=121"}],"version-history":[{"count":11,"href":"https:\/\/wp.ufpel.edu.br\/lucianachimendes\/wp-json\/wp\/v2\/pages\/121\/revisions"}],"predecessor-version":[{"id":1567,"href":"https:\/\/wp.ufpel.edu.br\/lucianachimendes\/wp-json\/wp\/v2\/pages\/121\/revisions\/1567"}],"wp:attachment":[{"href":"https:\/\/wp.ufpel.edu.br\/lucianachimendes\/wp-json\/wp\/v2\/media?parent=121"}],"curies":[{"name":"wp","href":"https:\/\/api.w.org\/{rel}","templated":true}]}}