{"id":119,"date":"2014-10-17T09:31:46","date_gmt":"2014-10-17T12:31:46","guid":{"rendered":"https:\/\/wp.ufpel.edu.br\/lucianachimendes\/?page_id=119"},"modified":"2023-06-23T23:33:54","modified_gmt":"2023-06-24T02:33:54","slug":"projeto-gama","status":"publish","type":"page","link":"https:\/\/wp.ufpel.edu.br\/lucianachimendes\/projeto-gama\/","title":{"rendered":"Projeto GAMA"},"content":{"rendered":"<p><span style=\"color: #000080;\"><strong>\u00a0 \u00a0 Projeto GAMA &#8211; Grupo de Apoio em Matem\u00e1tica<\/strong><\/span><\/p>\n<p style=\"text-align: justify;\"><span style=\"font-family: 'comic sans ms', sans-serif; font-size: 12pt; color: #000000;\">As atividades desenvolvidas pelo Projeto GAMA s\u00e3o direcionadas a todos alunos da UFPEL que cursam disciplinas de Matem\u00e1tica e a alunos e professores da rede p\u00fablica de ensino. Durante o semestre letivo os nossos bolsistas atuam nas monitorias de \u00a0C\u00e1lculo e ALGA, auxiliando os alunos das turmas monitoradas a refor\u00e7arem conte\u00fados de Matem\u00e1tica B\u00e1sica e da disciplina cursada. Com estas a\u00e7\u00f5es, busca-se a diminui\u00e7\u00e3o dos altos \u00edndices de reprova\u00e7\u00e3o em disciplinas de Matem\u00e1tica da UFPEL<\/span><\/p>\n<p style=\"text-align: justify;\"><span style=\"font-family: 'comic sans ms', sans-serif; font-size: 12pt; color: #000000;\">Informem-se no site sobre os hor\u00e1rios de atendimento dos bolsistas e outras atividades desenvolvidas pelo Projeto:<\/span><\/p>\n<p><span style=\"font-family: 'comic sans ms', sans-serif; font-size: 12pt;\"><a href=\"https:\/\/wp.ufpel.edu.br\/projetogama\/\" target=\"_blank\" rel=\"noopener noreferrer\">https:\/\/wp.ufpel.edu.br\/projetogama\/<\/a><\/span><\/p>\n<p>&nbsp;<\/p>\n<p><a href=\"https:\/\/wp.ufpel.edu.br\/lucianachimendes\/files\/2014\/10\/maqnova-1878.jpg\"><img class=\"aligncenter size-medium wp-image-63\" src=\"https:\/\/wp.ufpel.edu.br\/lucianachimendes\/files\/2014\/10\/maqnova-1878-424x238.jpg\" alt=\"maqnova 1878\" width=\"424\" height=\"238\" srcset=\"https:\/\/wp.ufpel.edu.br\/lucianachimendes\/files\/2014\/10\/maqnova-1878-424x238.jpg 424w, https:\/\/wp.ufpel.edu.br\/lucianachimendes\/files\/2014\/10\/maqnova-1878-212x119.jpg 212w, https:\/\/wp.ufpel.edu.br\/lucianachimendes\/files\/2014\/10\/maqnova-1878.jpg 1024w\" sizes=\"(max-width: 424px) 100vw, 424px\" \/><\/a><\/p>\n","protected":false},"excerpt":{"rendered":"<p>\u00a0 \u00a0 Projeto GAMA &#8211; Grupo de Apoio em Matem\u00e1tica As atividades desenvolvidas pelo Projeto GAMA s\u00e3o direcionadas a todos alunos da UFPEL que cursam disciplinas de Matem\u00e1tica e a alunos e professores da rede p\u00fablica de ensino. Durante o semestre letivo os nossos bolsistas atuam nas monitorias de \u00a0C\u00e1lculo e ALGA, auxiliando os alunos [&hellip;]<\/p>\n","protected":false},"author":344,"featured_media":0,"parent":0,"menu_order":6,"comment_status":"closed","ping_status":"closed","template":"","meta":{"footnotes":""},"class_list":["post-119","page","type-page","status-publish","hentry"],"jetpack_sharing_enabled":true,"_links":{"self":[{"href":"https:\/\/wp.ufpel.edu.br\/lucianachimendes\/wp-json\/wp\/v2\/pages\/119","targetHints":{"allow":["GET"]}}],"collection":[{"href":"https:\/\/wp.ufpel.edu.br\/lucianachimendes\/wp-json\/wp\/v2\/pages"}],"about":[{"href":"https:\/\/wp.ufpel.edu.br\/lucianachimendes\/wp-json\/wp\/v2\/types\/page"}],"author":[{"embeddable":true,"href":"https:\/\/wp.ufpel.edu.br\/lucianachimendes\/wp-json\/wp\/v2\/users\/344"}],"replies":[{"embeddable":true,"href":"https:\/\/wp.ufpel.edu.br\/lucianachimendes\/wp-json\/wp\/v2\/comments?post=119"}],"version-history":[{"count":15,"href":"https:\/\/wp.ufpel.edu.br\/lucianachimendes\/wp-json\/wp\/v2\/pages\/119\/revisions"}],"predecessor-version":[{"id":1667,"href":"https:\/\/wp.ufpel.edu.br\/lucianachimendes\/wp-json\/wp\/v2\/pages\/119\/revisions\/1667"}],"wp:attachment":[{"href":"https:\/\/wp.ufpel.edu.br\/lucianachimendes\/wp-json\/wp\/v2\/media?parent=119"}],"curies":[{"name":"wp","href":"https:\/\/api.w.org\/{rel}","templated":true}]}}