{"id":99,"date":"2024-03-19T16:51:35","date_gmt":"2024-03-19T19:51:35","guid":{"rendered":"https:\/\/wp.ufpel.edu.br\/lua\/?page_id=99"},"modified":"2025-05-05T09:01:41","modified_gmt":"2025-05-05T12:01:41","slug":"acoes-de-extensao","status":"publish","type":"page","link":"https:\/\/wp.ufpel.edu.br\/lua\/acoes-de-extensao\/","title":{"rendered":"A\u00e7\u00f5es de Extens\u00e3o"},"content":{"rendered":"<hr \/>\n<p><img data-recalc-dims=\"1\" loading=\"lazy\" decoding=\"async\" class=\"alignnone size-medium wp-image-209\" src=\"https:\/\/i0.wp.com\/wp.ufpel.edu.br\/lua\/files\/2025\/05\/WhatsApp-Image-2025-05-02-at-19.49.29-1.jpeg?resize=400%2C400&#038;ssl=1\" alt=\"\" width=\"400\" height=\"400\" srcset=\"https:\/\/i0.wp.com\/wp.ufpel.edu.br\/lua\/files\/2025\/05\/WhatsApp-Image-2025-05-02-at-19.49.29-1.jpeg?resize=400%2C400&amp;ssl=1 400w, https:\/\/i0.wp.com\/wp.ufpel.edu.br\/lua\/files\/2025\/05\/WhatsApp-Image-2025-05-02-at-19.49.29-1.jpeg?resize=1024%2C1024&amp;ssl=1 1024w, https:\/\/i0.wp.com\/wp.ufpel.edu.br\/lua\/files\/2025\/05\/WhatsApp-Image-2025-05-02-at-19.49.29-1.jpeg?resize=200%2C200&amp;ssl=1 200w, https:\/\/i0.wp.com\/wp.ufpel.edu.br\/lua\/files\/2025\/05\/WhatsApp-Image-2025-05-02-at-19.49.29-1.jpeg?resize=768%2C768&amp;ssl=1 768w, https:\/\/i0.wp.com\/wp.ufpel.edu.br\/lua\/files\/2025\/05\/WhatsApp-Image-2025-05-02-at-19.49.29-1.jpeg?w=1080&amp;ssl=1 1080w\" sizes=\"auto, (max-width: 400px) 100vw, 400px\" \/> <img data-recalc-dims=\"1\" loading=\"lazy\" decoding=\"async\" class=\"alignnone size-medium wp-image-210\" src=\"https:\/\/i0.wp.com\/wp.ufpel.edu.br\/lua\/files\/2025\/05\/WhatsApp-Image-2025-05-02-at-19.49.29.jpeg?resize=400%2C400&#038;ssl=1\" alt=\"\" width=\"400\" height=\"400\" srcset=\"https:\/\/i0.wp.com\/wp.ufpel.edu.br\/lua\/files\/2025\/05\/WhatsApp-Image-2025-05-02-at-19.49.29.jpeg?resize=400%2C400&amp;ssl=1 400w, https:\/\/i0.wp.com\/wp.ufpel.edu.br\/lua\/files\/2025\/05\/WhatsApp-Image-2025-05-02-at-19.49.29.jpeg?resize=1024%2C1024&amp;ssl=1 1024w, https:\/\/i0.wp.com\/wp.ufpel.edu.br\/lua\/files\/2025\/05\/WhatsApp-Image-2025-05-02-at-19.49.29.jpeg?resize=200%2C200&amp;ssl=1 200w, https:\/\/i0.wp.com\/wp.ufpel.edu.br\/lua\/files\/2025\/05\/WhatsApp-Image-2025-05-02-at-19.49.29.jpeg?resize=768%2C768&amp;ssl=1 768w, https:\/\/i0.wp.com\/wp.ufpel.edu.br\/lua\/files\/2025\/05\/WhatsApp-Image-2025-05-02-at-19.49.29.jpeg?w=1080&amp;ssl=1 1080w\" sizes=\"auto, (max-width: 400px) 100vw, 400px\" \/><\/p>\n<ul>\n<li style=\"list-style-type: none;\">\n<ul>\n<li><span style=\"color: #0000ff;\">Em andamento<\/span><\/li>\n<li><strong>Laborat\u00f3rio Eclipse<\/strong><br \/>\n18h45min as 19h30min<br \/>\nS\u00f3 chegar, aberto para toda COMUNIDADE PELOTAS (discentes da UFPel e pelotenses dan\u00e7antes) a partir de 15 anosSe \u00e9 discente UFPEL conta horas de extens\u00e3o, fa\u00e7a sua inscri\u00e7\u00e3o com as bolsistas do Projeto<\/p>\n<p>Cada aula uma t\u00e9cnica de dan\u00e7a diferente E um(a) professor(a) diferente!<\/li>\n<\/ul>\n<\/li>\n<\/ul>\n<hr \/>\n<p>&nbsp;<\/p>\n<p><img data-recalc-dims=\"1\" loading=\"lazy\" decoding=\"async\" class=\"alignnone size-medium wp-image-205\" src=\"https:\/\/i0.wp.com\/wp.ufpel.edu.br\/lua\/files\/2025\/03\/Captura-de-Tela-2025-03-07-as-10.34.24.png?resize=400%2C400&#038;ssl=1\" alt=\"\" width=\"400\" height=\"400\" srcset=\"https:\/\/i0.wp.com\/wp.ufpel.edu.br\/lua\/files\/2025\/03\/Captura-de-Tela-2025-03-07-as-10.34.24.png?resize=400%2C400&amp;ssl=1 400w, https:\/\/i0.wp.com\/wp.ufpel.edu.br\/lua\/files\/2025\/03\/Captura-de-Tela-2025-03-07-as-10.34.24.png?resize=200%2C200&amp;ssl=1 200w, https:\/\/i0.wp.com\/wp.ufpel.edu.br\/lua\/files\/2025\/03\/Captura-de-Tela-2025-03-07-as-10.34.24.png?w=553&amp;ssl=1 553w\" sizes=\"auto, (max-width: 400px) 100vw, 400px\" \/><\/p>\n<ul>\n<li><span style=\"color: #0000ff;\">Em andamento<\/span><\/li>\n<li><strong>BALLROOM <a href=\"https:\/\/www.instagram.com\/ballroomsatolep\/\">https:\/\/www.instagram.com\/ballroomsatolep\/<\/a><\/strong><\/li>\n<\/ul>\n<p>Encontros aos s\u00e1bados das 14h as 16h na sala 67 do Bloco 3 Pr\u00e9dio da Dan\u00e7a. Largo do Bola<br \/>\nDiretores: Matar Coume e Diego Hartwig<\/p>\n<p>Reconhecimento, valoriza\u00e7\u00e3o e amplifica\u00e7\u00e3o da cultura Ball LGBTQI+.<br \/>\nAo criar um espa\u00e7o seguro e aberto para a forma\u00e7\u00e3o e express\u00e3o, o projeto possibilita que as pessoas interessadas possam se engajar ativamente na comunidade Ballroom, trocar experi\u00eancias, aprender e se desenvolver nesse universo cultural.<br \/>\nAl\u00e9m disso, ao amplificar a cultura Ball LGBTQI+ em Pelotas, o projeto contribui para promover inclus\u00e3o, combater a discrimina\u00e7\u00e3o e fortalecer a diversidade de express\u00f5es de g\u00eanero e sexualidade na cidade. Dessa forma, a relev\u00e2ncia se d\u00e1 pela constru\u00e7\u00e3o de um ambiente que valoriza e d\u00e1 visibilidade para a cultura Ballroom, proporcionando um espa\u00e7o de pertencimento, empoderamento e aprendizado para a comunidade Ballroom Pelotense.<\/p>\n<hr \/>\n<ul>\n<li><span style=\"color: #0000ff;\">Em andamento<\/span><\/li>\n<li><strong>ENSAIOS K-Pop<\/strong><br \/>\ngrupos formados por estudantes da UFPel e comunidade<br \/>\nensaios na sala do projeto LUA<\/li>\n<\/ul>\n<p>&nbsp;<\/p>\n<hr \/>\n<ul>\n<li><span style=\"color: #ff0000;\">Finalizada<\/span><\/li>\n<li><strong>TREM DO SUL &#8211; <a href=\"https:\/\/www.instagram.com\/tremdosul_\/\">instagram<\/a><br \/>\n<\/strong>Quinta-feira das 18:30 \u00e0s 19:30h. Local: sede do gruo Trem do Sul, bairro Navegantes<br \/>\naulas para crian\u00e7as, de 5 e 6 anos.<br \/>\nconte\u00fados: estilos de dan\u00e7a (Breaking, Popping, Locking, entre outros), as m\u00fasicas caracter\u00edsticas, a hist\u00f3ria da Cultura Hip Hop e seus valores, como a busca pela igualdade, a liberdade de express\u00e3o e o respeito ao pr\u00f3ximo.<strong><br \/>\n<\/strong><\/li>\n<\/ul>\n<hr \/>\n<ul>\n<li><span style=\"color: #ff0000;\">Finalizada<\/span><\/li>\n<li><strong>KRUMP<\/strong><\/li>\n<\/ul>\n<p class=\"p1\">LIVE 26\/04\/2024<br \/>\n<em>Krump na universidade: o que a pesquisa acad\u00eamica tem a contribuir para o Movimento?<\/em><br \/>\nPalestrantes: Ta\u00eds Ferreira Rodrigues e Bianca Ferreira Loureiro<\/p>\n<p><iframe loading=\"lazy\" title=\"Krump na universidade: o que a pesquisa acad\u00eamica tem a contribuir para o Movimento?\" width=\"720\" height=\"405\" src=\"https:\/\/www.youtube.com\/embed\/o9pMDqUMcOQ?start=16&#038;feature=oembed\" frameborder=\"0\" allow=\"accelerometer; autoplay; clipboard-write; encrypted-media; gyroscope; picture-in-picture; web-share\" referrerpolicy=\"strict-origin-when-cross-origin\" allowfullscreen><\/iframe><\/p>\n<p>&nbsp;<\/p>\n<p>&#8211; Divulgar as contribui\u00e7\u00f5es da pesquisa acad\u00eamica para o desenvolvimento do Movimento Krump no Brasil;<br \/>\n&#8211; Conectar diferentes estudantes que pesquisam Krump na universidade, formando uma rede de apoio, visto que a pesquisa acad\u00eamica \u00e9 um trabalho muitas vezes solit\u00e1rio.<br \/>\n&#8211; Incentivar atividades como rodas de conversa no Movimento Krump, a fim de construir um ambiente saud\u00e1vel de debate, visto que a maioria das trocas coletivas s\u00e3o aulas pr\u00e1ticas e competi\u00e7\u00f5es.<\/p>\n","protected":false},"excerpt":{"rendered":"<p>Em andamento Laborat\u00f3rio Eclipse 18h45min as 19h30min S\u00f3 chegar, aberto para toda COMUNIDADE PELOTAS (discentes da UFPel e pelotenses dan\u00e7antes) a partir de 15 anosSe \u00e9 discente UFPEL conta horas de extens\u00e3o, fa\u00e7a sua inscri\u00e7\u00e3o com as bolsistas do Projeto Cada aula uma t\u00e9cnica de dan\u00e7a diferente E um(a) professor(a) diferente! &nbsp; Em andamento BALLROOM [&hellip;]<\/p>\n","protected":false},"author":1283,"featured_media":0,"parent":0,"menu_order":0,"comment_status":"closed","ping_status":"closed","template":"","meta":{"jetpack_post_was_ever_published":false,"footnotes":""},"class_list":["post-99","page","type-page","status-publish","hentry","post"],"jetpack-related-posts":[],"jetpack_sharing_enabled":true,"jetpack_likes_enabled":true,"_links":{"self":[{"href":"https:\/\/wp.ufpel.edu.br\/lua\/wp-json\/wp\/v2\/pages\/99","targetHints":{"allow":["GET"]}}],"collection":[{"href":"https:\/\/wp.ufpel.edu.br\/lua\/wp-json\/wp\/v2\/pages"}],"about":[{"href":"https:\/\/wp.ufpel.edu.br\/lua\/wp-json\/wp\/v2\/types\/page"}],"author":[{"embeddable":true,"href":"https:\/\/wp.ufpel.edu.br\/lua\/wp-json\/wp\/v2\/users\/1283"}],"replies":[{"embeddable":true,"href":"https:\/\/wp.ufpel.edu.br\/lua\/wp-json\/wp\/v2\/comments?post=99"}],"version-history":[{"count":9,"href":"https:\/\/wp.ufpel.edu.br\/lua\/wp-json\/wp\/v2\/pages\/99\/revisions"}],"predecessor-version":[{"id":211,"href":"https:\/\/wp.ufpel.edu.br\/lua\/wp-json\/wp\/v2\/pages\/99\/revisions\/211"}],"wp:attachment":[{"href":"https:\/\/wp.ufpel.edu.br\/lua\/wp-json\/wp\/v2\/media?parent=99"}],"curies":[{"name":"wp","href":"https:\/\/api.w.org\/{rel}","templated":true}]}}