{"id":224,"date":"2025-06-29T12:33:28","date_gmt":"2025-06-29T15:33:28","guid":{"rendered":"https:\/\/wp.ufpel.edu.br\/lua\/?page_id=224"},"modified":"2025-06-29T12:34:21","modified_gmt":"2025-06-29T15:34:21","slug":"mestrado","status":"publish","type":"page","link":"https:\/\/wp.ufpel.edu.br\/lua\/pesquisas\/mestrado\/","title":{"rendered":"Mestrados"},"content":{"rendered":"<p>Ta\u00eds Ferreira Rodrigues. <strong>PERFORMANCE E IMPROVISA\u00c7\u00c3O NO KRUMP: UMA ETNOGRAFIA.<\/strong> 2024. Disserta\u00e7\u00e3o (Mestrado em Artes C\u00eanicas) &#8211; Universidade Federal de Uberl\u00e2ndia, . Co-orientadora: Ana Cristina Ribeiro Silva.<br \/>\n<a href=\"https:\/\/repositorio.ufu.br\/handle\/123456789\/45255\">https:\/\/repositorio.ufu.br\/handle\/123456789\/45255<\/a><\/p>\n","protected":false},"excerpt":{"rendered":"<p>Ta\u00eds Ferreira Rodrigues. PERFORMANCE E IMPROVISA\u00c7\u00c3O NO KRUMP: UMA ETNOGRAFIA. 2024. Disserta\u00e7\u00e3o (Mestrado em Artes C\u00eanicas) &#8211; Universidade Federal de Uberl\u00e2ndia, . Co-orientadora: Ana Cristina Ribeiro Silva. https:\/\/repositorio.ufu.br\/handle\/123456789\/45255<\/p>\n","protected":false},"author":1283,"featured_media":0,"parent":96,"menu_order":0,"comment_status":"closed","ping_status":"closed","template":"","meta":{"jetpack_post_was_ever_published":false,"footnotes":""},"class_list":["post-224","page","type-page","status-publish","hentry","post"],"jetpack-related-posts":[],"jetpack_sharing_enabled":true,"jetpack_likes_enabled":true,"_links":{"self":[{"href":"https:\/\/wp.ufpel.edu.br\/lua\/wp-json\/wp\/v2\/pages\/224","targetHints":{"allow":["GET"]}}],"collection":[{"href":"https:\/\/wp.ufpel.edu.br\/lua\/wp-json\/wp\/v2\/pages"}],"about":[{"href":"https:\/\/wp.ufpel.edu.br\/lua\/wp-json\/wp\/v2\/types\/page"}],"author":[{"embeddable":true,"href":"https:\/\/wp.ufpel.edu.br\/lua\/wp-json\/wp\/v2\/users\/1283"}],"replies":[{"embeddable":true,"href":"https:\/\/wp.ufpel.edu.br\/lua\/wp-json\/wp\/v2\/comments?post=224"}],"version-history":[{"count":2,"href":"https:\/\/wp.ufpel.edu.br\/lua\/wp-json\/wp\/v2\/pages\/224\/revisions"}],"predecessor-version":[{"id":227,"href":"https:\/\/wp.ufpel.edu.br\/lua\/wp-json\/wp\/v2\/pages\/224\/revisions\/227"}],"up":[{"embeddable":true,"href":"https:\/\/wp.ufpel.edu.br\/lua\/wp-json\/wp\/v2\/pages\/96"}],"wp:attachment":[{"href":"https:\/\/wp.ufpel.edu.br\/lua\/wp-json\/wp\/v2\/media?parent=224"}],"curies":[{"name":"wp","href":"https:\/\/api.w.org\/{rel}","templated":true}]}}