{"id":126,"date":"2024-03-19T17:11:05","date_gmt":"2024-03-19T20:11:05","guid":{"rendered":"https:\/\/wp.ufpel.edu.br\/lua\/?page_id=126"},"modified":"2025-06-29T12:50:43","modified_gmt":"2025-06-29T15:50:43","slug":"monografias","status":"publish","type":"page","link":"https:\/\/wp.ufpel.edu.br\/lua\/pesquisas\/monografias\/","title":{"rendered":"Monografias"},"content":{"rendered":"<p><strong>Trabalhos de Conclus\u00e3o de Curso\u00a0<\/strong><\/p>\n<p>&nbsp;<\/p>\n<p><img data-recalc-dims=\"1\" loading=\"lazy\" decoding=\"async\" class=\"alignnone size-medium wp-image-229\" src=\"https:\/\/i0.wp.com\/wp.ufpel.edu.br\/lua\/files\/2025\/06\/Captura-de-Tela-2025-06-29-as-12.38.59.png?resize=400%2C383&#038;ssl=1\" alt=\"\" width=\"400\" height=\"383\" srcset=\"https:\/\/i0.wp.com\/wp.ufpel.edu.br\/lua\/files\/2025\/06\/Captura-de-Tela-2025-06-29-as-12.38.59.png?resize=400%2C383&amp;ssl=1 400w, https:\/\/i0.wp.com\/wp.ufpel.edu.br\/lua\/files\/2025\/06\/Captura-de-Tela-2025-06-29-as-12.38.59.png?w=526&amp;ssl=1 526w\" sizes=\"auto, (max-width: 400px) 100vw, 400px\" \/>Carla Gisele Corr\u00eaa Silveira. <strong>Cultura Hip-hop potencializadora do ensino das Artes Visuais.<\/strong> 2025. Trabalho de Conclus\u00e3o de Curso. (Gradua\u00e7\u00e3o em Artes Visuais) &#8211; Universidade Federal de Pelotas. Co-Orientadora: Ana Cristina Ribeiro Silva.<\/p>\n<p><!--more--><\/p>\n<p><img data-recalc-dims=\"1\" loading=\"lazy\" decoding=\"async\" class=\"alignnone size-medium wp-image-230\" src=\"https:\/\/i0.wp.com\/wp.ufpel.edu.br\/lua\/files\/2025\/06\/WhatsApp-Image-2025-06-29-at-12.45.18.jpeg?resize=300%2C400&#038;ssl=1\" alt=\"\" width=\"300\" height=\"400\" srcset=\"https:\/\/i0.wp.com\/wp.ufpel.edu.br\/lua\/files\/2025\/06\/WhatsApp-Image-2025-06-29-at-12.45.18.jpeg?resize=300%2C400&amp;ssl=1 300w, https:\/\/i0.wp.com\/wp.ufpel.edu.br\/lua\/files\/2025\/06\/WhatsApp-Image-2025-06-29-at-12.45.18.jpeg?resize=768%2C1024&amp;ssl=1 768w, https:\/\/i0.wp.com\/wp.ufpel.edu.br\/lua\/files\/2025\/06\/WhatsApp-Image-2025-06-29-at-12.45.18.jpeg?w=960&amp;ssl=1 960w\" sizes=\"auto, (max-width: 300px) 100vw, 300px\" \/>Matheus Ibanez Mello. <strong>Corpos dan\u00e7antes e a psicologia da dan\u00e7a: os desafios do\/a professor\/a na sa\u00fade integral do\/as artistas.<\/strong> 2024. Trabalho de Conclus\u00e3o de Curso. (Gradua\u00e7\u00e3o em Dan\u00e7a) &#8211; Universidade Federal de Pelotas. Orientador: Ana Cristina Ribeiro Silva.<\/p>\n<p><!--more--><\/p>\n<div class=\"layout-cell layout-cell-11\"><span class=\"transform\"><img data-recalc-dims=\"1\" loading=\"lazy\" decoding=\"async\" class=\"alignnone size-medium wp-image-231\" src=\"https:\/\/i0.wp.com\/wp.ufpel.edu.br\/lua\/files\/2025\/06\/Captura-de-Tela-2025-06-29-as-12.50.09.png?resize=400%2C340&#038;ssl=1\" alt=\"\" width=\"400\" height=\"340\" srcset=\"https:\/\/i0.wp.com\/wp.ufpel.edu.br\/lua\/files\/2025\/06\/Captura-de-Tela-2025-06-29-as-12.50.09.png?resize=400%2C340&amp;ssl=1 400w, https:\/\/i0.wp.com\/wp.ufpel.edu.br\/lua\/files\/2025\/06\/Captura-de-Tela-2025-06-29-as-12.50.09.png?w=437&amp;ssl=1 437w\" sizes=\"auto, (max-width: 400px) 100vw, 400px\" \/>Marilia Grasiela Trentin Piovesan. <strong>M\u00fasica e maternidade: um recorte da m\u00e3e musicista<\/strong>. 2024. Trabalho de Conclus\u00e3o de Curso. (Gradua\u00e7\u00e3o em M\u00fasica) &#8211; Universidade Federal de Pelotas. Orientador: Ana Cristina Ribeiro Silva.<br \/>\n<a href=\"https:\/\/pergamum.ufpel.edu.br\/acervo\/129930\">https:\/\/pergamum.ufpel.edu.br\/acervo\/129930<\/a><br \/>\n<\/span><\/div>\n<p><!--more--><\/p>\n<p><img data-recalc-dims=\"1\" loading=\"lazy\" decoding=\"async\" class=\"alignnone size-medium wp-image-169\" src=\"https:\/\/i0.wp.com\/wp.ufpel.edu.br\/lua\/files\/2024\/03\/Captura-de-Tela-2024-03-20-as-08.18.33.png?resize=400%2C398&#038;ssl=1\" alt=\"\" width=\"400\" height=\"398\" srcset=\"https:\/\/i0.wp.com\/wp.ufpel.edu.br\/lua\/files\/2024\/03\/Captura-de-Tela-2024-03-20-as-08.18.33.png?resize=400%2C398&amp;ssl=1 400w, https:\/\/i0.wp.com\/wp.ufpel.edu.br\/lua\/files\/2024\/03\/Captura-de-Tela-2024-03-20-as-08.18.33.png?resize=200%2C200&amp;ssl=1 200w, https:\/\/i0.wp.com\/wp.ufpel.edu.br\/lua\/files\/2024\/03\/Captura-de-Tela-2024-03-20-as-08.18.33.png?w=581&amp;ssl=1 581w\" sizes=\"auto, (max-width: 400px) 100vw, 400px\" \/> <strong>Francine Lemos<\/strong><br \/>\n\u2022Hip Hop Freestyle<br \/>\n\u2022Tribo Uantpi<br \/>\n\u2022Idealizadora @cenamulheresna<br \/>\n\u2022 Dan\u00e7arina Profissional (DRT 0018218\/RS)<\/p>\n<p><a href=\"https:\/\/www.instagram.com\/reel\/C4OLFRKgvBn\/?utm_source=ig_web_copy_link&amp;igsh=MzRlODBiNWFlZA==\">Apresenta\u00e7\u00e3o &#8211; v\u00eddeo 2023<\/a><\/p>\n<p><strong><span class=\"f500 false\">2024<br \/>\nA mulher no <em>hip-hop dance<\/em><\/span><em><span class=\"f500 l5\">: <\/span><\/em><\/strong><span class=\"f500 l5\"><strong>resist\u00eancia e empoderamento<\/strong> \/ <\/span><span class=\"f500 l5\">Francine da Silva Lemos ; orientadora Ana Cristina Ribeiro Silva<\/span><br \/>\n<a href=\"https:\/\/pergamum.ufpel.edu.br\/acervo\/127420\">https:\/\/pergamum.ufpel.edu.br\/acervo\/127420<\/a><\/p>\n<p><!--more--><\/p>\n<p><img data-recalc-dims=\"1\" loading=\"lazy\" decoding=\"async\" class=\"alignnone size-medium wp-image-168\" src=\"https:\/\/i0.wp.com\/wp.ufpel.edu.br\/lua\/files\/2024\/03\/Captura-de-Tela-2024-03-20-as-08.18.20.png?resize=400%2C398&#038;ssl=1\" alt=\"\" width=\"400\" height=\"398\" srcset=\"https:\/\/i0.wp.com\/wp.ufpel.edu.br\/lua\/files\/2024\/03\/Captura-de-Tela-2024-03-20-as-08.18.20.png?resize=400%2C398&amp;ssl=1 400w, https:\/\/i0.wp.com\/wp.ufpel.edu.br\/lua\/files\/2024\/03\/Captura-de-Tela-2024-03-20-as-08.18.20.png?resize=200%2C200&amp;ssl=1 200w, https:\/\/i0.wp.com\/wp.ufpel.edu.br\/lua\/files\/2024\/03\/Captura-de-Tela-2024-03-20-as-08.18.20.png?w=584&amp;ssl=1 584w\" sizes=\"auto, (max-width: 400px) 100vw, 400px\" \/>\u00a0<strong>Victor Fran\u00e7a<br \/>\n<\/strong>Bailarino de dan\u00e7a contempor\u00e2nea, Victor Julio Martins de Fran\u00e7a tamb\u00e9m \u00e9\u00a0acad\u00eamico do curso de Dan\u00e7a Licenciatura. Pesquisador e professor em\u00a0forma\u00e7\u00e3o, tamb\u00e9m busca se aproximar de outras \u00e1reas da dan\u00e7a como a\u00a0dan\u00e7a de sal\u00e3o e a dan\u00e7a Popping, esta \u00faltima vertente das dan\u00e7as Urbanas.<br \/>\nDan\u00e7arino desde os 7 anos de idade, criou um grupo de dan\u00e7as urbanas aos\u00a017 anos que perdurou at\u00e9 os 19. Formado no curso de figurino pela Sala de\u00a0Figurinos da UFPEL, participou do projeto Resid\u00eancias art\u00edsticas (em 2019)\u00a0como monitor e Bailar: N\u00facleo de Dan\u00e7a na Maturidade tamb\u00e9m como\u00a0monitor no ano de 2021 e agora inicia suas pesquisas do corpo nas dan\u00e7as\u00a0Urbanas junto ao projeto L.U.A. neste presente ano.<\/p>\n<p><strong>\u200b2023<\/strong><br \/>\n<strong>Dan\u00e7a contempor\u00e2nea negra: identidade e express\u00e3o no corpo negro<\/strong> \/ Victor Julio Martins de Fran\u00e7a ; orientadora Ana Cristina Ribeiro Silva<br \/>\n<a href=\"https:\/\/pergamum.ufpel.edu.br\/acervo\/126183\">https:\/\/pergamum.ufpel.edu.br\/acervo\/126183<\/a><\/p>\n<p><!--more--><\/p>\n<p><img data-recalc-dims=\"1\" loading=\"lazy\" decoding=\"async\" class=\"alignnone size-medium wp-image-167\" src=\"https:\/\/i0.wp.com\/wp.ufpel.edu.br\/lua\/files\/2024\/03\/Captura-de-Tela-2024-03-20-as-08.18.03.png?resize=400%2C400&#038;ssl=1\" alt=\"\" width=\"400\" height=\"400\" srcset=\"https:\/\/i0.wp.com\/wp.ufpel.edu.br\/lua\/files\/2024\/03\/Captura-de-Tela-2024-03-20-as-08.18.03.png?resize=400%2C400&amp;ssl=1 400w, https:\/\/i0.wp.com\/wp.ufpel.edu.br\/lua\/files\/2024\/03\/Captura-de-Tela-2024-03-20-as-08.18.03.png?resize=200%2C200&amp;ssl=1 200w, https:\/\/i0.wp.com\/wp.ufpel.edu.br\/lua\/files\/2024\/03\/Captura-de-Tela-2024-03-20-as-08.18.03.png?w=585&amp;ssl=1 585w\" sizes=\"auto, (max-width: 400px) 100vw, 400px\" \/>\u00a0<strong>Jo\u00e3o Reis<\/strong><br \/>\n21 anos, \u00e9 Hip Hopper, Professor, Artista, MC, Compositor, Produtor Musical, Dan\u00e7arino, Pesquisador e Estudioso das Dan\u00e7as: Popping, Hip-Hop Dance, Funk Brasileiro e tamb\u00e9m o Krump. Graduando em Dan\u00e7a &#8211; Licenciatura pela UFPel.<\/p>\n<p><strong>2023<br \/>\nPercursos de um professor-artista-pesquisador da dan\u00e7a: a\/r\/tografia de um homem negro Hip Hopper \/ <\/strong>Jo\u00e3o Vitor da Costa Reis ; orientadora Ana Cristina Ribeiro Silva ; coorientador Marco Aur\u00e9lio da Cruz Souza<strong><br \/>\n<\/strong><a href=\"https:\/\/pergamum.ufpel.edu.br\/acervo\/127421\">https:\/\/pergamum.ufpel.edu.br\/acervo\/127421<\/a><strong><br \/>\n<\/strong><\/p>\n<p><!--more--><\/p>\n<p><img data-recalc-dims=\"1\" loading=\"lazy\" decoding=\"async\" class=\"alignnone size-medium wp-image-166\" src=\"https:\/\/i0.wp.com\/wp.ufpel.edu.br\/lua\/files\/2024\/03\/Captura-de-Tela-2024-03-20-as-08.17.48.png?resize=400%2C400&#038;ssl=1\" alt=\"\" width=\"400\" height=\"400\" srcset=\"https:\/\/i0.wp.com\/wp.ufpel.edu.br\/lua\/files\/2024\/03\/Captura-de-Tela-2024-03-20-as-08.17.48.png?resize=400%2C400&amp;ssl=1 400w, https:\/\/i0.wp.com\/wp.ufpel.edu.br\/lua\/files\/2024\/03\/Captura-de-Tela-2024-03-20-as-08.17.48.png?resize=200%2C200&amp;ssl=1 200w, https:\/\/i0.wp.com\/wp.ufpel.edu.br\/lua\/files\/2024\/03\/Captura-de-Tela-2024-03-20-as-08.17.48.png?w=588&amp;ssl=1 588w\" sizes=\"auto, (max-width: 400px) 100vw, 400px\" \/>\u00a0<strong>Jefferson Cabral<br \/>\n<\/strong>Integrante e Diretor do Grupo Coletivo De Dan\u00e7a de Pelotas<br \/>\nEstudante do Curso de Dan\u00e7a Licenciatura<br \/>\n<em>Dancer Hip Hop Dance, Funk, Tutting e Waacking<\/em>.<br \/>\nTaurino 26 anos<strong><br \/>\n<\/strong><\/p>\n<p><strong>2023<br \/>\nBatalhas da vida: um estudo das batalhas de dan\u00e7a e a prepara\u00e7\u00e3o dos\/as artistas de Hip Hop Dance<\/strong> \/ Jeferson Leonardo Manfroni Cabral ; orientadora Ana Cristina Ribeiro Silva<br \/>\n<a href=\"https:\/\/pergamum.ufpel.edu.br\/acervo\/125726\">https:\/\/pergamum.ufpel.edu.br\/acervo\/125726<\/a><\/p>\n<p><strong>2024<\/strong><br \/>\n<strong>Revista da Fundarte<\/strong><br \/>\n<strong>A CULTURA HIP-HOP NA PRIMEIRA INF\u00c2NCIA<\/strong><br \/>\n<strong>RELATO DE UMA PR\u00c1TICA DE EST\u00c1GIO NA EDUCA\u00c7\u00c3O INFANTIL<\/strong><br \/>\nJeferson Leonardo Manfroni Cabral, Andrisa Kemel Zanella, Ana Cristina Ribeiro Silva<br \/>\n<a href=\"https:\/\/seer.fundarte.rs.gov.br\/index.php\/RevistadaFundarte\/article\/view\/1519\/1542\">https:\/\/seer.fundarte.rs.gov.br\/index.php\/RevistadaFundarte\/article\/view\/1519\/1542<\/a><\/p>\n<p><!--more--><\/p>\n<p><img data-recalc-dims=\"1\" loading=\"lazy\" decoding=\"async\" class=\"alignnone size-medium wp-image-118\" src=\"https:\/\/i0.wp.com\/wp.ufpel.edu.br\/lua\/files\/2024\/03\/175660116_674288317465095_622220176006195452_n.jpeg?resize=400%2C400&#038;ssl=1\" alt=\"\" width=\"400\" height=\"400\" srcset=\"https:\/\/i0.wp.com\/wp.ufpel.edu.br\/lua\/files\/2024\/03\/175660116_674288317465095_622220176006195452_n.jpeg?resize=400%2C400&amp;ssl=1 400w, https:\/\/i0.wp.com\/wp.ufpel.edu.br\/lua\/files\/2024\/03\/175660116_674288317465095_622220176006195452_n.jpeg?resize=200%2C200&amp;ssl=1 200w, https:\/\/i0.wp.com\/wp.ufpel.edu.br\/lua\/files\/2024\/03\/175660116_674288317465095_622220176006195452_n.jpeg?w=562&amp;ssl=1 562w\" sizes=\"auto, (max-width: 400px) 100vw, 400px\" \/> <strong>Bruno Lemos<br \/>\n<\/strong>Tamb\u00e9m conhecido como \u201cBino\u201d, praticante de\u00a0<em>Breakin<\/em>g e Capoeira e\u00a0<em>Hip Hop dance<\/em>.<strong><br \/>\n<\/strong><\/p>\n<p><strong>2022<br \/>\nDan\u00e7as urbanas: a consci\u00eancia das ruas<\/strong> \/ Bruno Lemos Britto; orientadora Ana Cristina Ribeiro Silva; Coorientadora Daniela Llopart Castro.<br \/>\n<a href=\"https:\/\/pergamum.ufpel.edu.br\/acervo\/123113\">https:\/\/pergamum.ufpel.edu.br\/acervo\/123113<\/a><\/p>\n","protected":false},"excerpt":{"rendered":"<p>Trabalhos de Conclus\u00e3o de Curso\u00a0 &nbsp; Carla Gisele Corr\u00eaa Silveira. Cultura Hip-hop potencializadora do ensino das Artes Visuais. 2025. Trabalho de Conclus\u00e3o de Curso. (Gradua\u00e7\u00e3o em Artes Visuais) &#8211; Universidade Federal de Pelotas. Co-Orientadora: Ana Cristina Ribeiro Silva.<\/p>\n","protected":false},"author":1283,"featured_media":0,"parent":96,"menu_order":0,"comment_status":"closed","ping_status":"closed","template":"","meta":{"jetpack_post_was_ever_published":false,"footnotes":""},"class_list":["post-126","page","type-page","status-publish","hentry","post"],"jetpack-related-posts":[],"jetpack_sharing_enabled":true,"jetpack_likes_enabled":true,"_links":{"self":[{"href":"https:\/\/wp.ufpel.edu.br\/lua\/wp-json\/wp\/v2\/pages\/126","targetHints":{"allow":["GET"]}}],"collection":[{"href":"https:\/\/wp.ufpel.edu.br\/lua\/wp-json\/wp\/v2\/pages"}],"about":[{"href":"https:\/\/wp.ufpel.edu.br\/lua\/wp-json\/wp\/v2\/types\/page"}],"author":[{"embeddable":true,"href":"https:\/\/wp.ufpel.edu.br\/lua\/wp-json\/wp\/v2\/users\/1283"}],"replies":[{"embeddable":true,"href":"https:\/\/wp.ufpel.edu.br\/lua\/wp-json\/wp\/v2\/comments?post=126"}],"version-history":[{"count":10,"href":"https:\/\/wp.ufpel.edu.br\/lua\/wp-json\/wp\/v2\/pages\/126\/revisions"}],"predecessor-version":[{"id":232,"href":"https:\/\/wp.ufpel.edu.br\/lua\/wp-json\/wp\/v2\/pages\/126\/revisions\/232"}],"up":[{"embeddable":true,"href":"https:\/\/wp.ufpel.edu.br\/lua\/wp-json\/wp\/v2\/pages\/96"}],"wp:attachment":[{"href":"https:\/\/wp.ufpel.edu.br\/lua\/wp-json\/wp\/v2\/media?parent=126"}],"curies":[{"name":"wp","href":"https:\/\/api.w.org\/{rel}","templated":true}]}}