{"id":115,"date":"2024-03-19T17:01:59","date_gmt":"2024-03-19T20:01:59","guid":{"rendered":"https:\/\/wp.ufpel.edu.br\/lua\/?page_id=115"},"modified":"2025-05-05T09:08:58","modified_gmt":"2025-05-05T12:08:58","slug":"bolsistas","status":"publish","type":"page","link":"https:\/\/wp.ufpel.edu.br\/lua\/pesquisas\/bolsistas\/","title":{"rendered":"Bolsistas"},"content":{"rendered":"<p><strong>Bolsistas e Produ\u00e7\u00f5es<\/strong><\/p>\n<p><img data-recalc-dims=\"1\" loading=\"lazy\" decoding=\"async\" class=\"alignnone  wp-image-212\" src=\"https:\/\/i0.wp.com\/wp.ufpel.edu.br\/lua\/files\/2025\/05\/WhatsApp-Image-2025-05-05-at-09.04.01.jpeg?resize=242%2C320&#038;ssl=1\" alt=\"\" width=\"242\" height=\"320\" srcset=\"https:\/\/i0.wp.com\/wp.ufpel.edu.br\/lua\/files\/2025\/05\/WhatsApp-Image-2025-05-05-at-09.04.01.jpeg?resize=303%2C400&amp;ssl=1 303w, https:\/\/i0.wp.com\/wp.ufpel.edu.br\/lua\/files\/2025\/05\/WhatsApp-Image-2025-05-05-at-09.04.01.jpeg?w=658&amp;ssl=1 658w\" sizes=\"auto, (max-width: 242px) 100vw, 242px\" \/><strong>Renata de Souza<\/strong><\/p>\n<p>Graduando licenciatura em Dan\u00e7a UFPel<br \/>\nDan\u00e7arina-interprete-criadora com corporifica\u00e7\u00e3o e trabalhos com Hip-hop Dance, Afro Dance, Dan\u00e7a dos orix\u00e1s e dan\u00e7a afro contempor\u00e2nea<br \/>\nArtista da Cia Eclipse Pelotas<br \/>\n@renatinha_brs\/<\/p>\n<p><img data-recalc-dims=\"1\" loading=\"lazy\" decoding=\"async\" class=\"alignnone size-full wp-image-131\" src=\"https:\/\/i0.wp.com\/wp.ufpel.edu.br\/lua\/files\/2024\/03\/Captura-de-Tela-2024-03-19-as-17.25.31.png?resize=240%2C263&#038;ssl=1\" alt=\"\" width=\"240\" height=\"263\" \/><strong>Gisele Correa<\/strong><br \/>\nArte educadora<br \/>\nGrafiteira, Ilustra\u00e7\u00e3o-Design, Artes Visuais-UFPel<br \/>\n@ateliedacarlagisele<\/p>\n<p>Anais SIEPE 2024 \u2013 Congresso de Inicia\u00e7\u00e3o Cient\u00edfica<br \/>\n<strong>TEA e arte educa\u00e7\u00e3o um olhar Cultura Hip-hop<br \/>\n<\/strong>Carla Gisele Corr\u00eaa Silveira; Ana Cristina Ribeiro Silva<br \/>\n<a href=\"https:\/\/cti.ufpel.edu.br\/siepe\/arquivos\/2024\/CH_05119.pdf\">https:\/\/cti.ufpel.edu.br\/siepe\/arquivos\/2024\/CH_05119.pdf<\/a><\/p>\n<p><!--more--><\/p>\n<p>&nbsp;<\/p>\n<p><img data-recalc-dims=\"1\" loading=\"lazy\" decoding=\"async\" class=\"alignnone size-medium wp-image-120\" src=\"https:\/\/i0.wp.com\/wp.ufpel.edu.br\/lua\/files\/2024\/03\/WhatsApp-Image-2023-02-23-at-12.31.39.jpeg?resize=213%2C400&#038;ssl=1\" alt=\"\" width=\"213\" height=\"400\" srcset=\"https:\/\/i0.wp.com\/wp.ufpel.edu.br\/lua\/files\/2024\/03\/WhatsApp-Image-2023-02-23-at-12.31.39.jpeg?resize=213%2C400&amp;ssl=1 213w, https:\/\/i0.wp.com\/wp.ufpel.edu.br\/lua\/files\/2024\/03\/WhatsApp-Image-2023-02-23-at-12.31.39.jpeg?resize=545%2C1024&amp;ssl=1 545w, https:\/\/i0.wp.com\/wp.ufpel.edu.br\/lua\/files\/2024\/03\/WhatsApp-Image-2023-02-23-at-12.31.39.jpeg?resize=768%2C1442&amp;ssl=1 768w, https:\/\/i0.wp.com\/wp.ufpel.edu.br\/lua\/files\/2024\/03\/WhatsApp-Image-2023-02-23-at-12.31.39.jpeg?resize=818%2C1536&amp;ssl=1 818w, https:\/\/i0.wp.com\/wp.ufpel.edu.br\/lua\/files\/2024\/03\/WhatsApp-Image-2023-02-23-at-12.31.39.jpeg?w=852&amp;ssl=1 852w\" sizes=\"auto, (max-width: 213px) 100vw, 213px\" \/><strong>Francine Lemos<\/strong><br \/>\n\u2022Hip Hop Freestyle<br \/>\n\u2022Tribo Uantpi<br \/>\n\u2022Idealizadora @cenamulheresna<br \/>\n\u2022 Dan\u00e7arina Profissional (DRT 0018218\/RS)<\/p>\n<p>Anais UNIFICA 2023<br \/>\n<strong>Reflex\u00f5es, empoderamento e protagonismo da mulher no <em>graffiti<\/em> e <em>hip hop dance<\/em><\/strong><br \/>\nFrancine da Silva Lemos; Carla Gisele Corr\u00eaa Silveira; Ana Cristina Ribeiro Silva<br \/>\n<a href=\"https:\/\/guaiaca.ufpel.edu.br\/bitstream\/handle\/prefix\/11987\/ANAIS%20Unifica%20pronto.pdf?sequence=1&amp;isAllowed=y\">https:\/\/guaiaca.ufpel.edu.br\/bitstream\/handle\/prefix\/11987\/ANAIS%20Unifica%20pronto.pdf?sequence=1&amp;isAllowed=y<\/a><\/p>\n<p>Anais SIEPE 2023 &#8211; Congresso de Inicia\u00e7\u00e3o Cient\u00edfica<br \/>\n<strong>DESMONTAGEM DA PERFORMANCE: EMPODERAMENTO E PROTAGONISMO DA MULHER NO <em>GRAFFITI<\/em> E <em>HIP-HOP DANCE<\/em><br \/>\n<\/strong>Francine da Silva Lemos; Carla Gisele Corr\u00eaa Silveira; Ana Cristina Ribeiro Silva<br \/>\n<a href=\"https:\/\/cti.ufpel.edu.br\/siepe\/arquivos\/2023\/LA_03063.pdf\">https:\/\/cti.ufpel.edu.br\/siepe\/arquivos\/2023\/LA_03063.pdf<\/a><\/p>\n<p><!--more--><\/p>\n<p><img data-recalc-dims=\"1\" loading=\"lazy\" decoding=\"async\" class=\"alignnone size-medium wp-image-118\" src=\"https:\/\/i0.wp.com\/wp.ufpel.edu.br\/lua\/files\/2024\/03\/175660116_674288317465095_622220176006195452_n.jpeg?resize=400%2C400&#038;ssl=1\" alt=\"\" width=\"400\" height=\"400\" srcset=\"https:\/\/i0.wp.com\/wp.ufpel.edu.br\/lua\/files\/2024\/03\/175660116_674288317465095_622220176006195452_n.jpeg?resize=400%2C400&amp;ssl=1 400w, https:\/\/i0.wp.com\/wp.ufpel.edu.br\/lua\/files\/2024\/03\/175660116_674288317465095_622220176006195452_n.jpeg?resize=200%2C200&amp;ssl=1 200w, https:\/\/i0.wp.com\/wp.ufpel.edu.br\/lua\/files\/2024\/03\/175660116_674288317465095_622220176006195452_n.jpeg?w=562&amp;ssl=1 562w\" sizes=\"auto, (max-width: 400px) 100vw, 400px\" \/><strong>Bruno Lemos<\/strong><br \/>\nTamb\u00e9m conhecido como &#8220;Bino&#8221;, praticante de <em>Breakin<\/em>g e Capoeira e <em>Hip Hop dance<\/em>.<\/p>\n<p>Anais UNIFICA 2023<br \/>\n<strong>Conex\u00f5es diasp\u00f3ricas entre a dan\u00e7a breaking e a capoeira<\/strong><br \/>\nBruno Lemos Brito; Theles Cardoso Rodrigues; Ana Cristina Ribeiro Silva<br \/>\n<a href=\"https:\/\/guaiaca.ufpel.edu.br\/bitstream\/handle\/prefix\/11987\/ANAIS%20Unifica%20pronto.pdf?sequence=1&amp;isAllowed=y\">https:\/\/guaiaca.ufpel.edu.br\/bitstream\/handle\/prefix\/11987\/ANAIS%20Unifica%20pronto.pdf?sequence=1&amp;isAllowed=y<\/a><\/p>\n<p>Anais SIEPE 2023 &#8211; Congresso de Inicia\u00e7\u00e3o Cient\u00edfica<br \/>\n<strong>DESMONTAGEM DA PERFORMANCE: CONEX\u00d5ES DIASP\u00d3RICAS ENTRE A DAN\u00c7A BREAKING E A CAPOEIRA<br \/>\n<\/strong>Bruno Lemos Brito; Theles Cardoso Rodrigues; Ana Cristina Ribeiro Silva<strong><br \/>\n<\/strong><a href=\"https:\/\/cti.ufpel.edu.br\/siepe\/arquivos\/2023\/LA_03361.pdf\">https:\/\/cti.ufpel.edu.br\/siepe\/arquivos\/2023\/LA_03361.pdf<\/a><\/p>\n<p>&nbsp;<\/p>\n<p>&nbsp;<\/p>\n","protected":false},"excerpt":{"rendered":"<p>Bolsistas e Produ\u00e7\u00f5es Renata de Souza Graduando licenciatura em Dan\u00e7a UFPel Dan\u00e7arina-interprete-criadora com corporifica\u00e7\u00e3o e trabalhos com Hip-hop Dance, Afro Dance, Dan\u00e7a dos orix\u00e1s e dan\u00e7a afro contempor\u00e2nea Artista da Cia Eclipse Pelotas @renatinha_brs\/ Gisele Correa Arte educadora Grafiteira, Ilustra\u00e7\u00e3o-Design, Artes Visuais-UFPel @ateliedacarlagisele Anais SIEPE 2024 \u2013 Congresso de Inicia\u00e7\u00e3o Cient\u00edfica TEA e arte educa\u00e7\u00e3o [&hellip;]<\/p>\n","protected":false},"author":1283,"featured_media":0,"parent":96,"menu_order":0,"comment_status":"closed","ping_status":"closed","template":"","meta":{"jetpack_post_was_ever_published":false,"footnotes":""},"class_list":["post-115","page","type-page","status-publish","hentry","post"],"jetpack-related-posts":[],"jetpack_sharing_enabled":true,"jetpack_likes_enabled":true,"_links":{"self":[{"href":"https:\/\/wp.ufpel.edu.br\/lua\/wp-json\/wp\/v2\/pages\/115","targetHints":{"allow":["GET"]}}],"collection":[{"href":"https:\/\/wp.ufpel.edu.br\/lua\/wp-json\/wp\/v2\/pages"}],"about":[{"href":"https:\/\/wp.ufpel.edu.br\/lua\/wp-json\/wp\/v2\/types\/page"}],"author":[{"embeddable":true,"href":"https:\/\/wp.ufpel.edu.br\/lua\/wp-json\/wp\/v2\/users\/1283"}],"replies":[{"embeddable":true,"href":"https:\/\/wp.ufpel.edu.br\/lua\/wp-json\/wp\/v2\/comments?post=115"}],"version-history":[{"count":9,"href":"https:\/\/wp.ufpel.edu.br\/lua\/wp-json\/wp\/v2\/pages\/115\/revisions"}],"predecessor-version":[{"id":213,"href":"https:\/\/wp.ufpel.edu.br\/lua\/wp-json\/wp\/v2\/pages\/115\/revisions\/213"}],"up":[{"embeddable":true,"href":"https:\/\/wp.ufpel.edu.br\/lua\/wp-json\/wp\/v2\/pages\/96"}],"wp:attachment":[{"href":"https:\/\/wp.ufpel.edu.br\/lua\/wp-json\/wp\/v2\/media?parent=115"}],"curies":[{"name":"wp","href":"https:\/\/api.w.org\/{rel}","templated":true}]}}