{"id":28,"date":"2016-09-26T19:43:27","date_gmt":"2016-09-26T22:43:27","guid":{"rendered":"https:\/\/wp.ufpel.edu.br\/lapem\/?page_id=28"},"modified":"2016-09-26T20:04:50","modified_gmt":"2016-09-26T23:04:50","slug":"patentes","status":"publish","type":"page","link":"https:\/\/wp.ufpel.edu.br\/lpm\/producao-cientifica-e-tecnologica\/patentes\/","title":{"rendered":"Patentes"},"content":{"rendered":"<p><span style=\"font-family: arial, helvetica, sans-serif\"><strong>&#8211; RANGEL, E. M. ; MACHADO, F. M. ; OSORIO, A. G.<\/strong> . ESPUMAS V\u00cdTREAS OBTIDAS A PARTIR DE RES\u00cdDUOS DE L\u00c2MPADAS FLUORESCENTES E CASCA DE OVO. 2016, Brasil. <\/span><br \/>\n<span style=\"font-family: arial, helvetica, sans-serif\">Patente: Privil\u00e9gio de Inova\u00e7\u00e3o. N\u00famero do registro: BR10201601860, t\u00edtulo: &#8220;ESPUMAS V\u00cdTREAS OBTIDAS A PARTIR DE RES\u00cdDUOS DE L\u00c2MPADAS FLUORESCENTES E CASCA DE OVO&#8221; , Institui\u00e7\u00e3o de registro: INPI &#8211; Instituto Nacional da Propriedade Industrial. Dep\u00f3sito: 15\/08\/2016<\/span><\/p>\n","protected":false},"excerpt":{"rendered":"<p>&#8211; RANGEL, E. M. ; MACHADO, F. M. ; OSORIO, A. G. . ESPUMAS V\u00cdTREAS OBTIDAS A PARTIR DE RES\u00cdDUOS DE L\u00c2MPADAS FLUORESCENTES E CASCA DE OVO. 2016, Brasil. Patente: Privil\u00e9gio de Inova\u00e7\u00e3o. N\u00famero do registro: BR10201601860, t\u00edtulo: &#8220;ESPUMAS V\u00cdTREAS &hellip; <a href=\"https:\/\/wp.ufpel.edu.br\/lpm\/producao-cientifica-e-tecnologica\/patentes\/\">Continue lendo <span class=\"meta-nav\">&rarr;<\/span><\/a><\/p>\n","protected":false},"author":697,"featured_media":0,"parent":22,"menu_order":1,"comment_status":"closed","ping_status":"closed","template":"","meta":{"footnotes":""},"class_list":["post-28","page","type-page","status-publish","hentry"],"_links":{"self":[{"href":"https:\/\/wp.ufpel.edu.br\/lpm\/wp-json\/wp\/v2\/pages\/28","targetHints":{"allow":["GET"]}}],"collection":[{"href":"https:\/\/wp.ufpel.edu.br\/lpm\/wp-json\/wp\/v2\/pages"}],"about":[{"href":"https:\/\/wp.ufpel.edu.br\/lpm\/wp-json\/wp\/v2\/types\/page"}],"author":[{"embeddable":true,"href":"https:\/\/wp.ufpel.edu.br\/lpm\/wp-json\/wp\/v2\/users\/697"}],"replies":[{"embeddable":true,"href":"https:\/\/wp.ufpel.edu.br\/lpm\/wp-json\/wp\/v2\/comments?post=28"}],"version-history":[{"count":2,"href":"https:\/\/wp.ufpel.edu.br\/lpm\/wp-json\/wp\/v2\/pages\/28\/revisions"}],"predecessor-version":[{"id":44,"href":"https:\/\/wp.ufpel.edu.br\/lpm\/wp-json\/wp\/v2\/pages\/28\/revisions\/44"}],"up":[{"embeddable":true,"href":"https:\/\/wp.ufpel.edu.br\/lpm\/wp-json\/wp\/v2\/pages\/22"}],"wp:attachment":[{"href":"https:\/\/wp.ufpel.edu.br\/lpm\/wp-json\/wp\/v2\/media?parent=28"}],"curies":[{"name":"wp","href":"https:\/\/api.w.org\/{rel}","templated":true}]}}