{"id":25,"date":"2016-09-26T19:42:56","date_gmt":"2016-09-26T22:42:56","guid":{"rendered":"https:\/\/wp.ufpel.edu.br\/lapem\/?page_id=25"},"modified":"2018-09-25T10:24:01","modified_gmt":"2018-09-25T13:24:01","slug":"artigos","status":"publish","type":"page","link":"https:\/\/wp.ufpel.edu.br\/lpm\/producao-cientifica-e-tecnologica\/artigos\/","title":{"rendered":"Artigos"},"content":{"rendered":"<p style=\"text-align: justify\"><span style=\"font-size: 14pt\"><strong>2<span style=\"font-family: arial, helvetica, sans-serif\">018:<\/span><\/strong><\/span><\/p>\n<p style=\"text-align: justify\">&#8211; Melo, C. C. N.; Beatrice, C. A. G.; Pessan, L. A.; Oliveira, A. D.; Machado, M. F. Analysis of nonisothermal crystallization kinetics of graphene oxide &#8211; reinforced polyamide 6 nanocomposites. Thermochimica Acta, v. 667, p. 111-121, 2018. <a href=\"https:\/\/doi.org\/10.1016\/j.tca.2018.07.014\">https:\/\/doi.org\/10.1016\/j.tca.2018.07.014<\/a><\/p>\n<p style=\"text-align: justify\">&#8211; Rangel, Eduarda Medran, Melo, Caio Cesar Nogueira de, Carvalho, Caroline de Oliveira, Osorio, Alice Gon\u00e7alves, &amp; Machado, Fernando Machado. (2018). Espumas v\u00edtreas produzidas a partir de res\u00edduos s\u00f3lidos.\u00a0<i>Mat\u00e9ria (Rio de Janeiro)<\/i>,\u00a0<i>23<\/i>(1), e-11967. Epub March 05, 2018.<a href=\"https:\/\/dx.doi.org\/10.1590\/s1517-707620170001.0303\">https:\/\/dx.doi.org\/10.1590\/s1517-707620170001.0303<\/a><\/p>\n<p style=\"text-align: justify\">\n<p style=\"text-align: justify\"><span style=\"font-size: 14pt\"><strong>2<span style=\"font-family: arial, helvetica, sans-serif\">017:<\/span><\/strong><\/span><\/p>\n<p style=\"text-align: justify\"><span style=\"font-family: arial, helvetica, sans-serif\">&#8211; Melo, C. C. N.; Machado, Fernando; Oliveira, A. D.; Aliva, E. S.; Rangel, E. M.; Carvalho, C. O.; Rodrigues, D. L. C. Nanocomp\u00f3sito pol\u00edmerico de poliamida 6 refor\u00e7ado com \u00f3xido de grafeno: processamento via mistura em solu\u00e7\u00e3o. Revista Brasileira de Engenharia e Sustentabilidade, v. 3, p. 33-39, 2017.<\/span><\/p>\n<p style=\"text-align: justify\"><span style=\"font-family: arial, helvetica, sans-serif\">&#8211; Rangel, E. M.; Melo, C. C. N.; Carvalho, C. O.; Rodrigues, D. L. C.; Osorio, A. G.; Machado, Fernando. Produ\u00e7\u00e3o de espumas v\u00edtreas de baixo impacto ambiental. Revista Brasileira De Engenharia E Sustentabilidade, V. 3, P. 1-6, 2017.<\/span><\/p>\n<p style=\"text-align: justify\"><span style=\"font-family: arial, helvetica, sans-serif\">&#8211; Carvalho, C. O.; Arsand, D. R.; Machado, Fernando M.; Rangel, E. M.; Melo, C. C. N.. Degrada\u00e7\u00e3o fotocatal\u00edtica de ciprofloxacina usando \u00f3xido de zinco em espuma v\u00edtrea. Revista Brasileira de Engenharia e Sustentabilidade, v. 3, p. 13-17, 2017.<\/span><\/p>\n<p style=\"text-align: justify\"><span style=\"font-family: arial, helvetica, sans-serif\">&#8211; Aliva, E. S.; Melo, C. C. N.; Sampaio, T. P.; Machado, F. M.. S\u00edntese e caracteriza\u00e7\u00e3o de \u00f3xido de grafeno e \u00f3xido de grafeno reduzido. Revista Brasileira de Engenharia e Sustentabilidade, v. 3, p. 19-24, 2017.<\/span><\/p>\n<p style=\"text-align: justify\"><span style=\"font-family: arial, helvetica, sans-serif\">&#8211; Jauris, I.; De Matos, C. F.; Zarbin, A. J. G.; Umpierres, C. S.; Saucier, C.; Lima, E. C.; Fagan, S. B.; Zanella, I.; Machado, F. M.. Adsorption of Anti-Inflammatory Nimesulide by Graphene Materials: a Combined Theoretical and Experimental Study. Physical Chemistry Chemical Physics, v. 19, p. 22099-22110, 2017.<\/span><\/p>\n<p style=\"text-align: justify\"><span style=\"font-family: arial, helvetica, sans-serif\">&#8211; Carreno, N. L. V.; Silva, R. M. E.; Osorio, A. G.; Noremberg, B.; Thesing, A.; Marins, N. H.; Orlandi, M. O.; Nascimento, R.; Motta, F.; Deon, V. G.. Flexible composite via rapid titania coating by microwave-assisted hydrothermal synthesis. Bulletin of Materials Science, v 40, p. 499\u2013504, 2017.<\/span><\/p>\n<p style=\"text-align: justify\"><span style=\"font-family: arial, helvetica, sans-serif\">&#8211; Neves, E. B.; Osorio, A. G.; Goncalves, M. R. F.; Pollnow, E. N.. An\u00e1lise comparativa entre radia\u00e7\u00e3o micro-ondas e aquecimento resistivo para sinteriza\u00e7\u00e3o de a\u00e7o inoxid\u00e1vel refor\u00e7ado com B4C. Revista Brasileira de Engenharia e Sustentabilidade, v. 3, p. 7-12, 2017.<\/span><\/p>\n<p style=\"text-align: justify\"><span style=\"font-family: arial, helvetica, sans-serif\">&#8211; Rodrigues, M. R.; Osorio, A. G.; Bergmann, C. P.. Filmes finos de nanotubos de carbono de parede m\u00faltipla preparados via spray. Revista Brasileira de Engenharia e Sustentabilidade, v. 3, p. 41-43, 2017.<\/span><\/p>\n<p style=\"text-align: justify\">\n<p style=\"text-align: justify\"><span style=\"font-size: 14pt;font-family: arial, helvetica, sans-serif\"><strong>2016:<\/strong><\/span><\/p>\n<div style=\"text-align: justify\"><span style=\"font-size: 12pt;font-family: arial, helvetica, sans-serif\">&#8211; Neves, E. B. ; Biehl, L. V. ; Osorio, A.G. ; Schneider, T. H.. Estudo da sinteriza\u00e7\u00e3o de uma liga Fe-22,5Cr-5,5Ni obtida pela mistura de p\u00f3s elementares. Mat\u00e9ria (UFRJ), v. 21, p. 185-195, 2016.<\/span><\/div>\n<div style=\"text-align: justify\">\n<p><span style=\"font-size: 12pt;font-family: arial, helvetica, sans-serif\">&#8211; Osorio, A.G.; Souza, D. ; Araujo, D. B. ; Fernandes, K. B. ; Salomao, L. ; Mumbach, E.. Estudo da transfer\u00eancia de elementos qu\u00edmicos do fluxo para o metal fundido na soldagem a Arco Submerso. Mat\u00e9ria (UFRJ), v. 21, p. 510-524, 2016.<\/span><\/p>\n<p><span style=\"font-size: 12pt;font-family: arial, helvetica, sans-serif\">&#8211; Osorio, A. G.; Machado, G. B.; Pereira, M. B.; Benvenutti, E. V.; Pereira, L. G.; Bergmann, C. P.; Oliveira, A. H.; Costa, T. M. H.. Synthesis and characterization of magnetic carbon nanotubes\/silsesquioxane nanocomposite thin films. Applied Surface Science, v. 371, p. 9-15, 2016.<\/span><\/p>\n<\/div>\n<div class=\"artigo-completo\" style=\"text-align: justify\">\n<div class=\"layout-cell layout-cell-1 text-align-right\">\n<div class=\"layout-cell-pad-5 text-align-right\" style=\"text-align: justify\"><span style=\"font-size: 12pt;font-family: arial, helvetica, sans-serif\"><b>&#8211;\u00a0<\/b>JAURIS, I. M. ; MATOS, C. F. ; SAUCIER, C. ; LIMA, E. C. ; ZARBIN, A. J. G. ; FAGAN, S. B. ; MACHADO, F. M<b>.<\/b> ; ZANELLA, I. . <a href=\"http:\/\/pubs.rsc.org\/en\/Content\/ArticleLanding\/2016\/CP\/C5CP05940B\">Adsorption of <\/a><a href=\"http:\/\/pubs.rsc.org\/en\/Content\/ArticleLanding\/2016\/CP\/C5CP05940B\">sodium diclofenac on graphene: a combined experimental and theoretical study<\/a>. PCCP. Physical Chemistry Chemical Physics, v. 18, p. 1526-1536, 2016.<\/span><\/div>\n<div><\/div>\n<\/div>\n<div class=\"layout-cell layout-cell-11\" style=\"text-align: justify\">\n<div class=\"layout-cell-pad-5\">\n<div class=\"citado\"><span style=\"font-size: 12pt;font-family: arial, helvetica, sans-serif\"><b>\u00a0<\/b>&#8211; PUCHANA-ROSERO, MAYERLY J. ; ADEBAYO, MATTHEW A. ; LIMA, E. C. ; MACHADO, F. M. ; THUE, P. S. ; VAGHETTI, J. C. P. ; UMPIERRES, CIBELE S. ; SOARES, M. G. . <a href=\"http:\/\/www.sciencedirect.com\/science\/article\/pii\/S0927775716303843\">Microwave-assisted activated carbon obtained from the sludge of tannery-treatment effluent plant for removal of leather dyes<\/a>. Colloids and Surfaces. A, Physicochemical and Engineering Aspects,\u00a0v. 504, p. 105-115, 2016.<\/span><\/div>\n<div><\/div>\n<\/div>\n<\/div>\n<\/div>\n<div class=\"artigo-completo\" style=\"text-align: justify\">\n<div class=\"layout-cell layout-cell-11\">\n<div class=\"layout-cell-pad-5\">\n<div class=\"citado\"><span style=\"font-size: 12pt;font-family: arial, helvetica, sans-serif\">\u00a0<b>&#8211;\u00a0<\/b>Machado, Fernando M.; CARMALIN, SOPHIA A. ; Lima, Eder C. ; DIAS, SILVIO L. P. ; PROLA, LIZIE D. T. ; SAUCIER, CAROLINE ; JAURIS, IURI M. ; ZANELLA, IVANA ; Fagan, Solange B. . <a href=\"http:\/\/pubs.acs.org\/doi\/abs\/10.1021\/acs.jpcc.6b03884\">Adsorption of Alizarin Red S Dye by Carbon Nanotubes: An Experimental and Theoretical Investigation<\/a>. Journal of Physical Chemistry. C., v. 120, p. 18296 &#8211; 18306, 2016.<\/span><\/div>\n<div><\/div>\n<\/div>\n<\/div>\n<\/div>\n<div class=\"artigo-completo\" style=\"text-align: justify\">\n<div class=\"layout-cell layout-cell-11\"><span style=\"font-size: 12pt;font-family: arial, helvetica, sans-serif\">\u00a0&#8211; JAURIS, IURI M. ; Fagan, Solange B. ; ADEBAYO, MATTHEW A. ; Machado, Fernando M. . <a href=\"http:\/\/www.sciencedirect.com\/science\/article\/pii\/S2210271X15004703\">Adsorption of acridine orange and methylene blue synthetic dyes and anthracene on single wall carbon nanotubes: A first principle approach<\/a>. Computational and Theoretical Chemistry,\u00a0v. 1076, p. 42-50, 2016.<\/span><\/div>\n<div><\/div>\n<\/div>\n<div class=\"artigo-completo\">\n<div class=\"layout-cell layout-cell-11\">\n<div class=\"layout-cell-pad-5\" style=\"text-align: justify\"><span style=\"font-size: 12pt;font-family: arial, helvetica, sans-serif\">\u00a0&#8211;\u00a0THUE, PASCAL S. ; <a class=\"tooltip\" href=\"http:\/\/lattes.cnpq.br\/9610150196387516\" target=\"_blank\" rel=\"noopener\">ADEBAYO, MATTHEW A.<\/a> ; <a class=\"tooltip\" title=\"Clique para visualizar o curr\u00edculo\" href=\"http:\/\/lattes.cnpq.br\/0470538503135332\" target=\"_blank\" rel=\"noopener\">Lima, Eder C.<\/a> ; SIELIECHI, JOSEPH M. ; Machado, Fernando M<b>.<\/b> ; <a class=\"tooltip\" title=\"Clique para visualizar o curr\u00edculo\" href=\"http:\/\/lattes.cnpq.br\/5412544199323879\" target=\"_blank\" rel=\"noopener\">DOTTO, G.L.<\/a> ; VAGHETTI, JULIO C.P. ; <a class=\"tooltip\" title=\"Clique para visualizar o curr\u00edculo\" href=\"http:\/\/lattes.cnpq.br\/4876920529585464\" target=\"_blank\" rel=\"noopener\">DIAS, SILVIO L.P.<\/a> . Preparation, characterization and application of microwave-assisted activated carbons from wood chips for removal of phenol from aqueous solution. Journal of Molecular Liquids (Print), v. 223, p. 1067-1080, 2016.<\/span><\/div>\n<\/div>\n<\/div>\n","protected":false},"excerpt":{"rendered":"<p>2018: &#8211; Melo, C. C. N.; Beatrice, C. A. G.; Pessan, L. A.; Oliveira, A. D.; Machado, M. F. Analysis of nonisothermal crystallization kinetics of graphene oxide &#8211; reinforced polyamide 6 nanocomposites. Thermochimica Acta, v. 667, p. 111-121, 2018. https:\/\/doi.org\/10.1016\/j.tca.2018.07.014 &hellip; <a href=\"https:\/\/wp.ufpel.edu.br\/lpm\/producao-cientifica-e-tecnologica\/artigos\/\">Continue lendo <span class=\"meta-nav\">&rarr;<\/span><\/a><\/p>\n","protected":false},"author":697,"featured_media":0,"parent":22,"menu_order":0,"comment_status":"closed","ping_status":"closed","template":"","meta":{"footnotes":""},"class_list":["post-25","page","type-page","status-publish","hentry"],"_links":{"self":[{"href":"https:\/\/wp.ufpel.edu.br\/lpm\/wp-json\/wp\/v2\/pages\/25","targetHints":{"allow":["GET"]}}],"collection":[{"href":"https:\/\/wp.ufpel.edu.br\/lpm\/wp-json\/wp\/v2\/pages"}],"about":[{"href":"https:\/\/wp.ufpel.edu.br\/lpm\/wp-json\/wp\/v2\/types\/page"}],"author":[{"embeddable":true,"href":"https:\/\/wp.ufpel.edu.br\/lpm\/wp-json\/wp\/v2\/users\/697"}],"replies":[{"embeddable":true,"href":"https:\/\/wp.ufpel.edu.br\/lpm\/wp-json\/wp\/v2\/comments?post=25"}],"version-history":[{"count":9,"href":"https:\/\/wp.ufpel.edu.br\/lpm\/wp-json\/wp\/v2\/pages\/25\/revisions"}],"predecessor-version":[{"id":160,"href":"https:\/\/wp.ufpel.edu.br\/lpm\/wp-json\/wp\/v2\/pages\/25\/revisions\/160"}],"up":[{"embeddable":true,"href":"https:\/\/wp.ufpel.edu.br\/lpm\/wp-json\/wp\/v2\/pages\/22"}],"wp:attachment":[{"href":"https:\/\/wp.ufpel.edu.br\/lpm\/wp-json\/wp\/v2\/media?parent=25"}],"curies":[{"name":"wp","href":"https:\/\/api.w.org\/{rel}","templated":true}]}}