{"id":22,"date":"2016-09-26T19:42:21","date_gmt":"2016-09-26T22:42:21","guid":{"rendered":"https:\/\/wp.ufpel.edu.br\/lapem\/?page_id=22"},"modified":"2016-09-26T20:13:56","modified_gmt":"2016-09-26T23:13:56","slug":"producao-cientifica-e-tecnologica","status":"publish","type":"page","link":"https:\/\/wp.ufpel.edu.br\/lpm\/producao-cientifica-e-tecnologica\/","title":{"rendered":"Produ\u00e7\u00e3o Cient\u00edfica e Tecnol\u00f3gica"},"content":{"rendered":"","protected":false},"excerpt":{"rendered":"","protected":false},"author":697,"featured_media":0,"parent":0,"menu_order":3,"comment_status":"closed","ping_status":"closed","template":"","meta":{"footnotes":""},"class_list":["post-22","page","type-page","status-publish","hentry"],"_links":{"self":[{"href":"https:\/\/wp.ufpel.edu.br\/lpm\/wp-json\/wp\/v2\/pages\/22","targetHints":{"allow":["GET"]}}],"collection":[{"href":"https:\/\/wp.ufpel.edu.br\/lpm\/wp-json\/wp\/v2\/pages"}],"about":[{"href":"https:\/\/wp.ufpel.edu.br\/lpm\/wp-json\/wp\/v2\/types\/page"}],"author":[{"embeddable":true,"href":"https:\/\/wp.ufpel.edu.br\/lpm\/wp-json\/wp\/v2\/users\/697"}],"replies":[{"embeddable":true,"href":"https:\/\/wp.ufpel.edu.br\/lpm\/wp-json\/wp\/v2\/comments?post=22"}],"version-history":[{"count":2,"href":"https:\/\/wp.ufpel.edu.br\/lpm\/wp-json\/wp\/v2\/pages\/22\/revisions"}],"predecessor-version":[{"id":49,"href":"https:\/\/wp.ufpel.edu.br\/lpm\/wp-json\/wp\/v2\/pages\/22\/revisions\/49"}],"wp:attachment":[{"href":"https:\/\/wp.ufpel.edu.br\/lpm\/wp-json\/wp\/v2\/media?parent=22"}],"curies":[{"name":"wp","href":"https:\/\/api.w.org\/{rel}","templated":true}]}}