{"id":19,"date":"2016-09-26T19:41:16","date_gmt":"2016-09-26T22:41:16","guid":{"rendered":"https:\/\/wp.ufpel.edu.br\/lapem\/?page_id=19"},"modified":"2017-08-29T18:05:30","modified_gmt":"2017-08-29T21:05:30","slug":"linhas-de-pesquisa","status":"publish","type":"page","link":"https:\/\/wp.ufpel.edu.br\/lpm\/linhas-de-pesquisa\/","title":{"rendered":"Linhas de Pesquisa"},"content":{"rendered":"<p><span style=\"font-size: 12pt\"><strong>Desenvolvimento de Produtos Met\u00e1licos para Aplica\u00e7\u00f5es Tecnol\u00f3gicos<\/strong><\/span><\/p>\n<p><span style=\"font-size: 12pt\"><strong>Produ\u00e7\u00e3o de C\u00e9lulas de Solares Sensibilizadas por Corantes (DSSC)<\/strong><\/span><\/p>\n<p><span style=\"font-size: 12pt\"><strong>Reciclagem de Materiais<\/strong><\/span><\/p>\n<p><span style=\"font-size: 12pt\"><strong>S\u00edntese, Caracteriza\u00e7\u00e3o e Aplica\u00e7\u00e3o de Nanomateriais<\/strong><\/span><\/p>\n","protected":false},"excerpt":{"rendered":"<p>Desenvolvimento de Produtos Met\u00e1licos para Aplica\u00e7\u00f5es Tecnol\u00f3gicos Produ\u00e7\u00e3o de C\u00e9lulas de Solares Sensibilizadas por Corantes (DSSC) Reciclagem de Materiais S\u00edntese, Caracteriza\u00e7\u00e3o e Aplica\u00e7\u00e3o de Nanomateriais<\/p>\n","protected":false},"author":697,"featured_media":0,"parent":0,"menu_order":2,"comment_status":"closed","ping_status":"closed","template":"","meta":{"footnotes":""},"class_list":["post-19","page","type-page","status-publish","hentry"],"_links":{"self":[{"href":"https:\/\/wp.ufpel.edu.br\/lpm\/wp-json\/wp\/v2\/pages\/19","targetHints":{"allow":["GET"]}}],"collection":[{"href":"https:\/\/wp.ufpel.edu.br\/lpm\/wp-json\/wp\/v2\/pages"}],"about":[{"href":"https:\/\/wp.ufpel.edu.br\/lpm\/wp-json\/wp\/v2\/types\/page"}],"author":[{"embeddable":true,"href":"https:\/\/wp.ufpel.edu.br\/lpm\/wp-json\/wp\/v2\/users\/697"}],"replies":[{"embeddable":true,"href":"https:\/\/wp.ufpel.edu.br\/lpm\/wp-json\/wp\/v2\/comments?post=19"}],"version-history":[{"count":3,"href":"https:\/\/wp.ufpel.edu.br\/lpm\/wp-json\/wp\/v2\/pages\/19\/revisions"}],"predecessor-version":[{"id":119,"href":"https:\/\/wp.ufpel.edu.br\/lpm\/wp-json\/wp\/v2\/pages\/19\/revisions\/119"}],"wp:attachment":[{"href":"https:\/\/wp.ufpel.edu.br\/lpm\/wp-json\/wp\/v2\/media?parent=19"}],"curies":[{"name":"wp","href":"https:\/\/api.w.org\/{rel}","templated":true}]}}