{"id":51,"date":"2022-10-27T10:56:15","date_gmt":"2022-10-27T13:56:15","guid":{"rendered":"https:\/\/wp.ufpel.edu.br\/lna\/?page_id=51"},"modified":"2023-03-13T15:22:58","modified_gmt":"2023-03-13T18:22:58","slug":"precos","status":"publish","type":"page","link":"https:\/\/wp.ufpel.edu.br\/lna\/precos\/","title":{"rendered":"Pre\u00e7os"},"content":{"rendered":"<p>Pre\u00e7os das an\u00e1lises externas:<\/p>\n<p>&nbsp;<\/p>\n<p><img class=\"alignnone size-medium wp-image-69\" src=\"https:\/\/wp.ufpel.edu.br\/lna\/files\/2022\/10\/IMG-20230313-WA0031-400x295.jpg\" alt=\"\" width=\"400\" height=\"295\" srcset=\"https:\/\/wp.ufpel.edu.br\/lna\/files\/2022\/10\/IMG-20230313-WA0031-400x295.jpg 400w, https:\/\/wp.ufpel.edu.br\/lna\/files\/2022\/10\/IMG-20230313-WA0031-1024x756.jpg 1024w, https:\/\/wp.ufpel.edu.br\/lna\/files\/2022\/10\/IMG-20230313-WA0031-768x567.jpg 768w, https:\/\/wp.ufpel.edu.br\/lna\/files\/2022\/10\/IMG-20230313-WA0031.jpg 1280w\" sizes=\"(max-width: 400px) 100vw, 400px\" \/>Em caso de d\u00favidas ou para or\u00e7amentos de an\u00e1lises para alunos da gradua\u00e7\u00e3o e p\u00f3s-gradua\u00e7\u00e3o da UFPEL, ou an\u00e1lises de um grande volume de amostras, consulte-nos pelo seguinte e-mail: lna.ufpel@gmail.com<\/p>\n<p>&nbsp;<\/p>\n","protected":false},"excerpt":{"rendered":"<p>Pre\u00e7os das an\u00e1lises externas: &nbsp; Em caso de d\u00favidas ou para or\u00e7amentos de an\u00e1lises para alunos da gradua\u00e7\u00e3o e p\u00f3s-gradua\u00e7\u00e3o da UFPEL, ou an\u00e1lises de um grande volume de amostras, consulte-nos pelo seguinte e-mail: lna.ufpel@gmail.com &nbsp;<\/p>\n","protected":false},"author":1262,"featured_media":0,"parent":0,"menu_order":0,"comment_status":"closed","ping_status":"closed","template":"","meta":{"footnotes":""},"class_list":["post-51","page","type-page","status-publish","hentry"],"_links":{"self":[{"href":"https:\/\/wp.ufpel.edu.br\/lna\/wp-json\/wp\/v2\/pages\/51","targetHints":{"allow":["GET"]}}],"collection":[{"href":"https:\/\/wp.ufpel.edu.br\/lna\/wp-json\/wp\/v2\/pages"}],"about":[{"href":"https:\/\/wp.ufpel.edu.br\/lna\/wp-json\/wp\/v2\/types\/page"}],"author":[{"embeddable":true,"href":"https:\/\/wp.ufpel.edu.br\/lna\/wp-json\/wp\/v2\/users\/1262"}],"replies":[{"embeddable":true,"href":"https:\/\/wp.ufpel.edu.br\/lna\/wp-json\/wp\/v2\/comments?post=51"}],"version-history":[{"count":3,"href":"https:\/\/wp.ufpel.edu.br\/lna\/wp-json\/wp\/v2\/pages\/51\/revisions"}],"predecessor-version":[{"id":71,"href":"https:\/\/wp.ufpel.edu.br\/lna\/wp-json\/wp\/v2\/pages\/51\/revisions\/71"}],"wp:attachment":[{"href":"https:\/\/wp.ufpel.edu.br\/lna\/wp-json\/wp\/v2\/media?parent=51"}],"curies":[{"name":"wp","href":"https:\/\/api.w.org\/{rel}","templated":true}]}}