{"id":48,"date":"2022-10-27T10:46:37","date_gmt":"2022-10-27T13:46:37","guid":{"rendered":"https:\/\/wp.ufpel.edu.br\/lna\/?page_id=48"},"modified":"2022-10-27T10:46:37","modified_gmt":"2022-10-27T13:46:37","slug":"analises","status":"publish","type":"page","link":"https:\/\/wp.ufpel.edu.br\/lna\/analises\/","title":{"rendered":"An\u00e1lises"},"content":{"rendered":"<p>&#8211; An\u00e1lise com m\u00e9todo de Weende<\/p>\n<p>Umidade<\/p>\n<p>Mat\u00e9ria seca<\/p>\n<p>Cinzas<\/p>\n<p>Prote\u00edna bruta<\/p>\n<p>Fibra bruta<\/p>\n<p>Extrato Et\u00e9reo<\/p>\n<p>Extrativo n\u00e3o nitrogenado<\/p>\n<p>&nbsp;<\/p>\n<p>&#8211; An\u00e1lise com m\u00e9todo de Van Soest<\/p>\n<p>Fibra em detergente Neutro<\/p>\n<p>Nitrog\u00eanio insol\u00favel em detergente neutro (NIDN)<\/p>\n<p>Fibra em detergente \u00e1cido<\/p>\n<p>Nitrog\u00eanio insol\u00favel em detergente \u00e1cido (NIDA)<\/p>\n<p>Celulose<\/p>\n<p>Hemicelulose<\/p>\n<p>Lignina<\/p>\n<p>&nbsp;<\/p>\n<p>&#8211; Digestibilidade <em>in vitro<\/em> convencional<\/p>\n<p>Digestibilidade da mat\u00e9ria org\u00e2nica ou da mat\u00e9ria seca<\/p>\n<p>Nutrientes digest\u00edveis totais (NDT)<\/p>\n","protected":false},"excerpt":{"rendered":"<p>&#8211; An\u00e1lise com m\u00e9todo de Weende Umidade Mat\u00e9ria seca Cinzas Prote\u00edna bruta Fibra bruta Extrato Et\u00e9reo Extrativo n\u00e3o nitrogenado &nbsp; &#8211; An\u00e1lise com m\u00e9todo de Van Soest Fibra em detergente Neutro Nitrog\u00eanio insol\u00favel em detergente neutro (NIDN) Fibra em detergente \u00e1cido Nitrog\u00eanio insol\u00favel em detergente \u00e1cido (NIDA) Celulose Hemicelulose Lignina &nbsp; &#8211; Digestibilidade in vitro [&hellip;]<\/p>\n","protected":false},"author":1262,"featured_media":0,"parent":0,"menu_order":0,"comment_status":"closed","ping_status":"closed","template":"","meta":{"footnotes":""},"class_list":["post-48","page","type-page","status-publish","hentry"],"_links":{"self":[{"href":"https:\/\/wp.ufpel.edu.br\/lna\/wp-json\/wp\/v2\/pages\/48","targetHints":{"allow":["GET"]}}],"collection":[{"href":"https:\/\/wp.ufpel.edu.br\/lna\/wp-json\/wp\/v2\/pages"}],"about":[{"href":"https:\/\/wp.ufpel.edu.br\/lna\/wp-json\/wp\/v2\/types\/page"}],"author":[{"embeddable":true,"href":"https:\/\/wp.ufpel.edu.br\/lna\/wp-json\/wp\/v2\/users\/1262"}],"replies":[{"embeddable":true,"href":"https:\/\/wp.ufpel.edu.br\/lna\/wp-json\/wp\/v2\/comments?post=48"}],"version-history":[{"count":1,"href":"https:\/\/wp.ufpel.edu.br\/lna\/wp-json\/wp\/v2\/pages\/48\/revisions"}],"predecessor-version":[{"id":50,"href":"https:\/\/wp.ufpel.edu.br\/lna\/wp-json\/wp\/v2\/pages\/48\/revisions\/50"}],"wp:attachment":[{"href":"https:\/\/wp.ufpel.edu.br\/lna\/wp-json\/wp\/v2\/media?parent=48"}],"curies":[{"name":"wp","href":"https:\/\/api.w.org\/{rel}","templated":true}]}}